{"id":1295,"date":"2025-06-25T16:42:16","date_gmt":"2025-06-25T14:42:16","guid":{"rendered":"https:\/\/www.kongresiti.cz\/2025\/?page_id=1295"},"modified":"2025-07-21T16:40:06","modified_gmt":"2025-07-21T14:40:06","slug":"france-lambert","status":"publish","type":"page","link":"https:\/\/www.kongresiti.cz\/2025\/prednasejici\/france-lambert\/","title":{"rendered":"France Lambert"},"content":{"rendered":"<div  data-label=\"Content\" data-id=\"content--1\" data-export-id=\"content-12\" data-category=\"content\" class=\"content-12 content-section content-section-spacing\" id=\"content-1\" style=\"background-color: rgb(255, 255, 255);\"><div  class=\"gridContainer\"> <div  class=\"row text-center\"><div  class=\"section-title-col\" data-type=\"column\"> <h2  class=\"\">France Lambert<\/h2> <p  class=\"lead\" style=\"text-align: left;\">France Lambert vystudovala stomatologii a postgradu\u00e1ln\u00ed studium v oboru parodontologie absolvovala na Univerzit\u011b v Lutychu. D\u00edky stipendiu ITI na Harvard School of Dental Medicine si d\u00e1le roz\u0161\u00ed\u0159ila vzd\u011bl\u00e1n\u00ed v oblasti implantologie. Jako vedouc\u00ed kliniky na Univerzit\u011b v Lutychu obh\u00e1jila doktorskou pr\u00e1ci zam\u011b\u0159enou na regenerativn\u00ed biomateri\u00e1ly. Na t\u00e9\u017ee univerzit\u011b rovn\u011b\u017e vede \u00dastav parodontologie, or\u00e1ln\u011b-chirurgick\u00e9 stomatologie a implantologick\u00e9 chirurgie.<br >\nP\u016fsob\u00ed tak\u00e9 jako \u0159editelka postgradu\u00e1ln\u00edho programu v oboru parodontologie a implantologick\u00e9 stomatologie, akreditovan\u00e9ho Evropskou federac\u00ed pro parodontologii, a zast\u00e1v\u00e1 pozici spoluvedouc\u00ed v\u00fdzkumn\u00e9ho projektu The Dental Biomaterials Research Unit.<br >\nJej\u00ed v\u00fdzkum se zam\u011b\u0159uje na hodnocen\u00ed inovativn\u00edch protokol\u016f v implantologii, regeneraci tvrd\u00fdch a m\u011bkk\u00fdch tk\u00e1n\u00ed a v\u00fdvoj inteligentn\u00edch regenera\u010dn\u00edch materi\u00e1l\u016f. Je deleg\u00e1tkou Evropsk\u00e9 federace pro parodontologii, p\u0159edsedkyn\u00ed sekce ITI Belux, \u010dlenkou Evropsk\u00e9 akademie estetick\u00e9 stomatologie a \u010dlenkou V\u00fdzkumn\u00e9ho v\u00fdboru ITI.<\/p><img  decoding=\"async\" class=\"custom-image\" src=\"https:\/\/www.kongresiti.cz\/2025\/wp-content\/uploads\/2025\/03\/cropped-cropped-France-Lambert-web.jpg\" title=\"cropped-cropped-France-Lambert-web.jpg\" alt=\"\"><\/div> <\/div> <div  class=\"row center-xs middle-xs\"> <div  class=\"col-sm-9\" data-type=\"column\"><div  data-editable=\"true\" data-name=\"ope-widgets-area\" data-content-shortcode=\"mesmerize_display_widgets_area id=&quot;mesmerize_users_custom_widgets_areas_5&quot; \" class=\"\"><div data-name=\"mesmerize-widgets-area\"><div id=\"block-14\" class=\"widget widget_block\"><style>\n.mesmerize-language-switcher, #wpadminbar {display: none !important}\n.site>.page-content.landing {justify-content: start;}\nbody.custom-background {background-image: none;}\n.site {min-height: auto;}\nhtml {margin-top: 0 !important}\n\n<\/style><\/div><\/div><\/div> <\/div> <\/div><\/div> <\/div>","protected":false},"excerpt":{"rendered":"<p>France Lambert France Lambert vystudovala stomatologii a postgradu\u00e1ln\u00ed studium v oboru parodontologie absolvovala na Univerzit\u011b v Lutychu. D\u00edky stipendiu ITI na Harvard School of Dental Medicine si d\u00e1le roz\u0161\u00ed\u0159ila vzd\u011bl\u00e1n\u00ed v oblasti implantologie. Jako vedouc\u00ed kliniky na Univerzit\u011b v Lutychu obh\u00e1jila doktorskou pr\u00e1ci zam\u011b\u0159enou na regenerativn\u00ed biomateri\u00e1ly. Na t\u00e9\u017ee univerzit\u011b rovn\u011b\u017e vede \u00dastav parodontologie, or\u00e1ln\u011b-chirurgick\u00e9&hellip; <br \/> <a class=\"read-more\" href=\"https:\/\/www.kongresiti.cz\/2025\/prednasejici\/france-lambert\/\">Read more<\/a><\/p>\n","protected":false},"author":1,"featured_media":0,"parent":38,"menu_order":0,"comment_status":"closed","ping_status":"closed","template":"pro\/page-templates\/landing-page.php","meta":{"footnotes":""},"class_list":["post-1295","page","type-page","status-publish","hentry"],"yoast_head":"<!-- This site is optimized with the Yoast SEO plugin v26.1.1 - https:\/\/yoast.com\/wordpress\/plugins\/seo\/ -->\n<title>France Lambert - ITI kongres Bratislava 2025<\/title>\n<meta name=\"robots\" content=\"index, follow, max-snippet:-1, max-image-preview:large, max-video-preview:-1\" \/>\n<link rel=\"canonical\" href=\"https:\/\/www.kongresiti.cz\/2025\/prednasejici\/france-lambert\/\" \/>\n<meta property=\"og:locale\" content=\"cs_CZ\" \/>\n<meta property=\"og:type\" content=\"article\" \/>\n<meta property=\"og:title\" content=\"France Lambert - ITI kongres Bratislava 2025\" \/>\n<meta property=\"og:description\" content=\"France Lambert France Lambert vystudovala stomatologii a postgradu\u00e1ln\u00ed studium v oboru parodontologie absolvovala na Univerzit\u011b v Lutychu. D\u00edky stipendiu ITI na Harvard School of Dental Medicine si d\u00e1le roz\u0161\u00ed\u0159ila vzd\u011bl\u00e1n\u00ed v oblasti implantologie. Jako vedouc\u00ed kliniky na Univerzit\u011b v Lutychu obh\u00e1jila doktorskou pr\u00e1ci zam\u011b\u0159enou na regenerativn\u00ed biomateri\u00e1ly. Na t\u00e9\u017ee univerzit\u011b rovn\u011b\u017e vede \u00dastav parodontologie, or\u00e1ln\u011b-chirurgick\u00e9&hellip; Read more\" \/>\n<meta property=\"og:url\" content=\"https:\/\/www.kongresiti.cz\/2025\/prednasejici\/france-lambert\/\" \/>\n<meta property=\"og:site_name\" content=\"ITI kongres Bratislava 2025\" \/>\n<meta property=\"article:modified_time\" content=\"2025-07-21T14:40:06+00:00\" \/>\n<meta property=\"og:image\" content=\"https:\/\/www.kongresiti.cz\/2025\/wp-content\/uploads\/2025\/03\/cropped-cropped-France-Lambert-web.jpg\" \/>\n<meta name=\"twitter:card\" content=\"summary_large_image\" \/>\n<meta name=\"twitter:label1\" content=\"Odhadovan\u00e1 doba \u010dten\u00ed\" \/>\n\t<meta name=\"twitter:data1\" content=\"1 minuta\" \/>\n<script type=\"application\/ld+json\" class=\"yoast-schema-graph\">{\"@context\":\"https:\/\/schema.org\",\"@graph\":[{\"@type\":\"WebPage\",\"@id\":\"https:\/\/www.kongresiti.cz\/2025\/prednasejici\/france-lambert\/\",\"url\":\"https:\/\/www.kongresiti.cz\/2025\/prednasejici\/france-lambert\/\",\"name\":\"France Lambert - ITI kongres Bratislava 2025\",\"isPartOf\":{\"@id\":\"https:\/\/www.kongresiti.cz\/2025\/#website\"},\"primaryImageOfPage\":{\"@id\":\"https:\/\/www.kongresiti.cz\/2025\/prednasejici\/france-lambert\/#primaryimage\"},\"image\":{\"@id\":\"https:\/\/www.kongresiti.cz\/2025\/prednasejici\/france-lambert\/#primaryimage\"},\"thumbnailUrl\":\"https:\/\/www.kongresiti.cz\/2025\/wp-content\/uploads\/2025\/03\/cropped-cropped-France-Lambert-web.jpg\",\"datePublished\":\"2025-06-25T14:42:16+00:00\",\"dateModified\":\"2025-07-21T14:40:06+00:00\",\"breadcrumb\":{\"@id\":\"https:\/\/www.kongresiti.cz\/2025\/prednasejici\/france-lambert\/#breadcrumb\"},\"inLanguage\":\"cs\",\"potentialAction\":[{\"@type\":\"ReadAction\",\"target\":[\"https:\/\/www.kongresiti.cz\/2025\/prednasejici\/france-lambert\/\"]}]},{\"@type\":\"ImageObject\",\"inLanguage\":\"cs\",\"@id\":\"https:\/\/www.kongresiti.cz\/2025\/prednasejici\/france-lambert\/#primaryimage\",\"url\":\"https:\/\/www.kongresiti.cz\/2025\/wp-content\/uploads\/2025\/03\/cropped-cropped-France-Lambert-web.jpg\",\"contentUrl\":\"https:\/\/www.kongresiti.cz\/2025\/wp-content\/uploads\/2025\/03\/cropped-cropped-France-Lambert-web.jpg\",\"width\":593,\"height\":593},{\"@type\":\"BreadcrumbList\",\"@id\":\"https:\/\/www.kongresiti.cz\/2025\/prednasejici\/france-lambert\/#breadcrumb\",\"itemListElement\":[{\"@type\":\"ListItem\",\"position\":1,\"name\":\"Dom\u016f\",\"item\":\"https:\/\/www.kongresiti.cz\/2025\/\"},{\"@type\":\"ListItem\",\"position\":2,\"name\":\"P\u0159edn\u00e1\u0161ej\u00edc\u00ed\",\"item\":\"https:\/\/www.kongresiti.cz\/2025\/prednasejici\/\"},{\"@type\":\"ListItem\",\"position\":3,\"name\":\"France Lambert\"}]},{\"@type\":\"WebSite\",\"@id\":\"https:\/\/www.kongresiti.cz\/2025\/#website\",\"url\":\"https:\/\/www.kongresiti.cz\/2025\/\",\"name\":\"ITI kongres Bratislava 2025\",\"description\":\"Prvn\u00ed ITI kongres v \u010cesk\u00e9 a Slovensk\u00e9 republice\",\"publisher\":{\"@id\":\"https:\/\/www.kongresiti.cz\/2025\/#organization\"},\"potentialAction\":[{\"@type\":\"SearchAction\",\"target\":{\"@type\":\"EntryPoint\",\"urlTemplate\":\"https:\/\/www.kongresiti.cz\/2025\/?s={search_term_string}\"},\"query-input\":{\"@type\":\"PropertyValueSpecification\",\"valueRequired\":true,\"valueName\":\"search_term_string\"}}],\"inLanguage\":\"cs\"},{\"@type\":\"Organization\",\"@id\":\"https:\/\/www.kongresiti.cz\/2025\/#organization\",\"name\":\"ITI kongres Bratislava 2025\",\"url\":\"https:\/\/www.kongresiti.cz\/2025\/\",\"logo\":{\"@type\":\"ImageObject\",\"inLanguage\":\"cs\",\"@id\":\"https:\/\/www.kongresiti.cz\/2025\/#\/schema\/logo\/image\/\",\"url\":\"https:\/\/www.kongresiti.cz\/2025\/wp-content\/uploads\/2025\/06\/logo-ITI-Section-Czech-web.png\",\"contentUrl\":\"https:\/\/www.kongresiti.cz\/2025\/wp-content\/uploads\/2025\/06\/logo-ITI-Section-Czech-web.png\",\"width\":262,\"height\":111,\"caption\":\"ITI kongres Bratislava 2025\"},\"image\":{\"@id\":\"https:\/\/www.kongresiti.cz\/2025\/#\/schema\/logo\/image\/\"}}]}<\/script>\n<!-- \/ Yoast SEO plugin. -->","yoast_head_json":{"title":"France Lambert - ITI kongres Bratislava 2025","robots":{"index":"index","follow":"follow","max-snippet":"max-snippet:-1","max-image-preview":"max-image-preview:large","max-video-preview":"max-video-preview:-1"},"canonical":"https:\/\/www.kongresiti.cz\/2025\/prednasejici\/france-lambert\/","og_locale":"cs_CZ","og_type":"article","og_title":"France Lambert - ITI kongres Bratislava 2025","og_description":"France Lambert France Lambert vystudovala stomatologii a postgradu\u00e1ln\u00ed studium v oboru parodontologie absolvovala na Univerzit\u011b v Lutychu. D\u00edky stipendiu ITI na Harvard School of Dental Medicine si d\u00e1le roz\u0161\u00ed\u0159ila vzd\u011bl\u00e1n\u00ed v oblasti implantologie. Jako vedouc\u00ed kliniky na Univerzit\u011b v Lutychu obh\u00e1jila doktorskou pr\u00e1ci zam\u011b\u0159enou na regenerativn\u00ed biomateri\u00e1ly. Na t\u00e9\u017ee univerzit\u011b rovn\u011b\u017e vede \u00dastav parodontologie, or\u00e1ln\u011b-chirurgick\u00e9&hellip; Read more","og_url":"https:\/\/www.kongresiti.cz\/2025\/prednasejici\/france-lambert\/","og_site_name":"ITI kongres Bratislava 2025","article_modified_time":"2025-07-21T14:40:06+00:00","og_image":[{"url":"https:\/\/www.kongresiti.cz\/2025\/wp-content\/uploads\/2025\/03\/cropped-cropped-France-Lambert-web.jpg","type":"","width":"","height":""}],"twitter_card":"summary_large_image","twitter_misc":{"Odhadovan\u00e1 doba \u010dten\u00ed":"1 minuta"},"schema":{"@context":"https:\/\/schema.org","@graph":[{"@type":"WebPage","@id":"https:\/\/www.kongresiti.cz\/2025\/prednasejici\/france-lambert\/","url":"https:\/\/www.kongresiti.cz\/2025\/prednasejici\/france-lambert\/","name":"France Lambert - ITI kongres Bratislava 2025","isPartOf":{"@id":"https:\/\/www.kongresiti.cz\/2025\/#website"},"primaryImageOfPage":{"@id":"https:\/\/www.kongresiti.cz\/2025\/prednasejici\/france-lambert\/#primaryimage"},"image":{"@id":"https:\/\/www.kongresiti.cz\/2025\/prednasejici\/france-lambert\/#primaryimage"},"thumbnailUrl":"https:\/\/www.kongresiti.cz\/2025\/wp-content\/uploads\/2025\/03\/cropped-cropped-France-Lambert-web.jpg","datePublished":"2025-06-25T14:42:16+00:00","dateModified":"2025-07-21T14:40:06+00:00","breadcrumb":{"@id":"https:\/\/www.kongresiti.cz\/2025\/prednasejici\/france-lambert\/#breadcrumb"},"inLanguage":"cs","potentialAction":[{"@type":"ReadAction","target":["https:\/\/www.kongresiti.cz\/2025\/prednasejici\/france-lambert\/"]}]},{"@type":"ImageObject","inLanguage":"cs","@id":"https:\/\/www.kongresiti.cz\/2025\/prednasejici\/france-lambert\/#primaryimage","url":"https:\/\/www.kongresiti.cz\/2025\/wp-content\/uploads\/2025\/03\/cropped-cropped-France-Lambert-web.jpg","contentUrl":"https:\/\/www.kongresiti.cz\/2025\/wp-content\/uploads\/2025\/03\/cropped-cropped-France-Lambert-web.jpg","width":593,"height":593},{"@type":"BreadcrumbList","@id":"https:\/\/www.kongresiti.cz\/2025\/prednasejici\/france-lambert\/#breadcrumb","itemListElement":[{"@type":"ListItem","position":1,"name":"Dom\u016f","item":"https:\/\/www.kongresiti.cz\/2025\/"},{"@type":"ListItem","position":2,"name":"P\u0159edn\u00e1\u0161ej\u00edc\u00ed","item":"https:\/\/www.kongresiti.cz\/2025\/prednasejici\/"},{"@type":"ListItem","position":3,"name":"France Lambert"}]},{"@type":"WebSite","@id":"https:\/\/www.kongresiti.cz\/2025\/#website","url":"https:\/\/www.kongresiti.cz\/2025\/","name":"ITI kongres Bratislava 2025","description":"Prvn\u00ed ITI kongres v \u010cesk\u00e9 a Slovensk\u00e9 republice","publisher":{"@id":"https:\/\/www.kongresiti.cz\/2025\/#organization"},"potentialAction":[{"@type":"SearchAction","target":{"@type":"EntryPoint","urlTemplate":"https:\/\/www.kongresiti.cz\/2025\/?s={search_term_string}"},"query-input":{"@type":"PropertyValueSpecification","valueRequired":true,"valueName":"search_term_string"}}],"inLanguage":"cs"},{"@type":"Organization","@id":"https:\/\/www.kongresiti.cz\/2025\/#organization","name":"ITI kongres Bratislava 2025","url":"https:\/\/www.kongresiti.cz\/2025\/","logo":{"@type":"ImageObject","inLanguage":"cs","@id":"https:\/\/www.kongresiti.cz\/2025\/#\/schema\/logo\/image\/","url":"https:\/\/www.kongresiti.cz\/2025\/wp-content\/uploads\/2025\/06\/logo-ITI-Section-Czech-web.png","contentUrl":"https:\/\/www.kongresiti.cz\/2025\/wp-content\/uploads\/2025\/06\/logo-ITI-Section-Czech-web.png","width":262,"height":111,"caption":"ITI kongres Bratislava 2025"},"image":{"@id":"https:\/\/www.kongresiti.cz\/2025\/#\/schema\/logo\/image\/"}}]}},"_links":{"self":[{"href":"https:\/\/www.kongresiti.cz\/2025\/wp-json\/wp\/v2\/pages\/1295","targetHints":{"allow":["GET"]}}],"collection":[{"href":"https:\/\/www.kongresiti.cz\/2025\/wp-json\/wp\/v2\/pages"}],"about":[{"href":"https:\/\/www.kongresiti.cz\/2025\/wp-json\/wp\/v2\/types\/page"}],"author":[{"embeddable":true,"href":"https:\/\/www.kongresiti.cz\/2025\/wp-json\/wp\/v2\/users\/1"}],"replies":[{"embeddable":true,"href":"https:\/\/www.kongresiti.cz\/2025\/wp-json\/wp\/v2\/comments?post=1295"}],"version-history":[{"count":1,"href":"https:\/\/www.kongresiti.cz\/2025\/wp-json\/wp\/v2\/pages\/1295\/revisions"}],"predecessor-version":[{"id":1747,"href":"https:\/\/www.kongresiti.cz\/2025\/wp-json\/wp\/v2\/pages\/1295\/revisions\/1747"}],"up":[{"embeddable":true,"href":"https:\/\/www.kongresiti.cz\/2025\/wp-json\/wp\/v2\/pages\/38"}],"wp:attachment":[{"href":"https:\/\/www.kongresiti.cz\/2025\/wp-json\/wp\/v2\/media?parent=1295"}],"curies":[{"name":"wp","href":"https:\/\/api.w.org\/{rel}","templated":true}]}}