{"id":1297,"date":"2025-06-25T16:43:05","date_gmt":"2025-06-25T14:43:05","guid":{"rendered":"https:\/\/www.kongresiti.cz\/2025\/?page_id=1297"},"modified":"2025-07-21T16:42:21","modified_gmt":"2025-07-21T14:42:21","slug":"gary-finelle","status":"publish","type":"page","link":"https:\/\/www.kongresiti.cz\/2025\/prednasejici\/gary-finelle\/","title":{"rendered":"Gary Finelle"},"content":{"rendered":"<div  data-label=\"Content\" data-id=\"content--1\" data-export-id=\"content-12\" data-category=\"content\" class=\"content-12 content-section content-section-spacing\" id=\"content-1\" style=\"background-color: rgb(255, 255, 255);\"><div  class=\"gridContainer\"> <div  class=\"row text-center\"><div  class=\"section-title-col\" data-type=\"column\"> <h2  class=\"\">Gary Finelle<\/h2> <p  class=\"lead\" style=\"text-align: left;\">Gary Finelle z\u00edskal titul zubn\u00edho l\u00e9ka\u0159e na Univerzit\u011b Paris Diderot, kde se jeho doktorsk\u00e1 pr\u00e1ce zam\u011b\u0159ila na hojen\u00ed m\u011bkk\u00fdch tk\u00e1n\u00ed v okol\u00ed implant\u00e1t\u016f. Reziden\u010dn\u00ed program absolvoval v r\u00e1mci postgradu\u00e1ln\u00edho studia pokro\u010dil\u00e9 or\u00e1ln\u00ed implantologie na Harvard School of Dental Medicine v Bostonu, Massachusetts.<br >\nJeho hlavn\u00ed profesn\u00ed z\u00e1jem spo\u010d\u00edv\u00e1 v aplikaci digit\u00e1ln\u00edch technologi\u00ed na chirurgick\u00e9 a protetick\u00e9 l\u00e9\u010debn\u00e9 postupy v implantologii. Aktivn\u011b se zapojuje do v\u00fdzkumu v oblasti implantologie a v sou\u010dasnosti vykon\u00e1v\u00e1 klinickou praxi v Pa\u0159\u00ed\u017ei, kde z\u00e1rove\u0148 p\u0159edn\u00e1\u0161\u00ed na n\u00e1rodn\u00ed i mezin\u00e1rodn\u00ed \u00farovni. Dr. Finelle je \u010dlenem International Team for Implantology (ITI), aktivn\u00edm \u010dlenem American Dental Club of Paris a \u010dlenem European Association for Osseointegration (EAO). Ve sv\u00e9 soukrom\u00e9 praxi se v\u00fdhradn\u011b specializuje na chirurgickou a protetickou rehabilitaci pomoc\u00ed implant\u00e1t\u016f a na estetickou stomatologii.<\/p><img  decoding=\"async\" class=\"custom-image\" src=\"https:\/\/www.kongresiti.cz\/2025\/wp-content\/uploads\/2025\/03\/cropped-cropped-Finelle-web.jpg\" title=\"cropped-cropped-Finelle-web.jpg\" alt=\"\"><\/div> <\/div> <div  class=\"row center-xs middle-xs\"> <div  class=\"col-sm-9\" data-type=\"column\"><div  data-editable=\"true\" data-name=\"ope-widgets-area\" data-content-shortcode=\"mesmerize_display_widgets_area id=&quot;mesmerize_users_custom_widgets_areas_5&quot; \" class=\"\"><div data-name=\"mesmerize-widgets-area\"><div id=\"block-14\" class=\"widget widget_block\"><style>\n.mesmerize-language-switcher, #wpadminbar {display: none !important}\n.site>.page-content.landing {justify-content: start;}\nbody.custom-background {background-image: none;}\n.site {min-height: auto;}\nhtml {margin-top: 0 !important}\n\n<\/style><\/div><\/div><\/div> <\/div> <\/div><\/div> <\/div>","protected":false},"excerpt":{"rendered":"<p>Gary Finelle Gary Finelle z\u00edskal titul zubn\u00edho l\u00e9ka\u0159e na Univerzit\u011b Paris Diderot, kde se jeho doktorsk\u00e1 pr\u00e1ce zam\u011b\u0159ila na hojen\u00ed m\u011bkk\u00fdch tk\u00e1n\u00ed v okol\u00ed implant\u00e1t\u016f. Reziden\u010dn\u00ed program absolvoval v r\u00e1mci postgradu\u00e1ln\u00edho studia pokro\u010dil\u00e9 or\u00e1ln\u00ed implantologie na Harvard School of Dental Medicine v Bostonu, Massachusetts. Jeho hlavn\u00ed profesn\u00ed z\u00e1jem spo\u010d\u00edv\u00e1 v aplikaci digit\u00e1ln\u00edch technologi\u00ed na chirurgick\u00e9&hellip; <br \/> <a class=\"read-more\" href=\"https:\/\/www.kongresiti.cz\/2025\/prednasejici\/gary-finelle\/\">Read more<\/a><\/p>\n","protected":false},"author":1,"featured_media":0,"parent":38,"menu_order":0,"comment_status":"closed","ping_status":"closed","template":"pro\/page-templates\/landing-page.php","meta":{"footnotes":""},"class_list":["post-1297","page","type-page","status-publish","hentry"],"yoast_head":"<!-- This site is optimized with the Yoast SEO plugin v26.1.1 - https:\/\/yoast.com\/wordpress\/plugins\/seo\/ -->\n<title>Gary Finelle - ITI kongres Bratislava 2025<\/title>\n<meta name=\"robots\" content=\"index, follow, max-snippet:-1, max-image-preview:large, max-video-preview:-1\" \/>\n<link rel=\"canonical\" href=\"https:\/\/www.kongresiti.cz\/2025\/prednasejici\/gary-finelle\/\" \/>\n<meta property=\"og:locale\" content=\"cs_CZ\" \/>\n<meta property=\"og:type\" content=\"article\" \/>\n<meta property=\"og:title\" content=\"Gary Finelle - ITI kongres Bratislava 2025\" \/>\n<meta property=\"og:description\" content=\"Gary Finelle Gary Finelle z\u00edskal titul zubn\u00edho l\u00e9ka\u0159e na Univerzit\u011b Paris Diderot, kde se jeho doktorsk\u00e1 pr\u00e1ce zam\u011b\u0159ila na hojen\u00ed m\u011bkk\u00fdch tk\u00e1n\u00ed v okol\u00ed implant\u00e1t\u016f. Reziden\u010dn\u00ed program absolvoval v r\u00e1mci postgradu\u00e1ln\u00edho studia pokro\u010dil\u00e9 or\u00e1ln\u00ed implantologie na Harvard School of Dental Medicine v Bostonu, Massachusetts. Jeho hlavn\u00ed profesn\u00ed z\u00e1jem spo\u010d\u00edv\u00e1 v aplikaci digit\u00e1ln\u00edch technologi\u00ed na chirurgick\u00e9&hellip; Read more\" \/>\n<meta property=\"og:url\" content=\"https:\/\/www.kongresiti.cz\/2025\/prednasejici\/gary-finelle\/\" \/>\n<meta property=\"og:site_name\" content=\"ITI kongres Bratislava 2025\" \/>\n<meta property=\"article:modified_time\" content=\"2025-07-21T14:42:21+00:00\" \/>\n<meta property=\"og:image\" content=\"https:\/\/www.kongresiti.cz\/2025\/wp-content\/uploads\/2025\/03\/cropped-cropped-Finelle-web.jpg\" \/>\n<meta name=\"twitter:card\" content=\"summary_large_image\" \/>\n<meta name=\"twitter:label1\" content=\"Odhadovan\u00e1 doba \u010dten\u00ed\" \/>\n\t<meta name=\"twitter:data1\" content=\"1 minuta\" \/>\n<script type=\"application\/ld+json\" class=\"yoast-schema-graph\">{\"@context\":\"https:\/\/schema.org\",\"@graph\":[{\"@type\":\"WebPage\",\"@id\":\"https:\/\/www.kongresiti.cz\/2025\/prednasejici\/gary-finelle\/\",\"url\":\"https:\/\/www.kongresiti.cz\/2025\/prednasejici\/gary-finelle\/\",\"name\":\"Gary Finelle - ITI kongres Bratislava 2025\",\"isPartOf\":{\"@id\":\"https:\/\/www.kongresiti.cz\/2025\/#website\"},\"primaryImageOfPage\":{\"@id\":\"https:\/\/www.kongresiti.cz\/2025\/prednasejici\/gary-finelle\/#primaryimage\"},\"image\":{\"@id\":\"https:\/\/www.kongresiti.cz\/2025\/prednasejici\/gary-finelle\/#primaryimage\"},\"thumbnailUrl\":\"https:\/\/www.kongresiti.cz\/2025\/wp-content\/uploads\/2025\/03\/cropped-cropped-Finelle-web.jpg\",\"datePublished\":\"2025-06-25T14:43:05+00:00\",\"dateModified\":\"2025-07-21T14:42:21+00:00\",\"breadcrumb\":{\"@id\":\"https:\/\/www.kongresiti.cz\/2025\/prednasejici\/gary-finelle\/#breadcrumb\"},\"inLanguage\":\"cs\",\"potentialAction\":[{\"@type\":\"ReadAction\",\"target\":[\"https:\/\/www.kongresiti.cz\/2025\/prednasejici\/gary-finelle\/\"]}]},{\"@type\":\"ImageObject\",\"inLanguage\":\"cs\",\"@id\":\"https:\/\/www.kongresiti.cz\/2025\/prednasejici\/gary-finelle\/#primaryimage\",\"url\":\"https:\/\/www.kongresiti.cz\/2025\/wp-content\/uploads\/2025\/03\/cropped-cropped-Finelle-web.jpg\",\"contentUrl\":\"https:\/\/www.kongresiti.cz\/2025\/wp-content\/uploads\/2025\/03\/cropped-cropped-Finelle-web.jpg\",\"width\":593,\"height\":593},{\"@type\":\"BreadcrumbList\",\"@id\":\"https:\/\/www.kongresiti.cz\/2025\/prednasejici\/gary-finelle\/#breadcrumb\",\"itemListElement\":[{\"@type\":\"ListItem\",\"position\":1,\"name\":\"Dom\u016f\",\"item\":\"https:\/\/www.kongresiti.cz\/2025\/\"},{\"@type\":\"ListItem\",\"position\":2,\"name\":\"P\u0159edn\u00e1\u0161ej\u00edc\u00ed\",\"item\":\"https:\/\/www.kongresiti.cz\/2025\/prednasejici\/\"},{\"@type\":\"ListItem\",\"position\":3,\"name\":\"Gary Finelle\"}]},{\"@type\":\"WebSite\",\"@id\":\"https:\/\/www.kongresiti.cz\/2025\/#website\",\"url\":\"https:\/\/www.kongresiti.cz\/2025\/\",\"name\":\"ITI kongres Bratislava 2025\",\"description\":\"Prvn\u00ed ITI kongres v \u010cesk\u00e9 a Slovensk\u00e9 republice\",\"publisher\":{\"@id\":\"https:\/\/www.kongresiti.cz\/2025\/#organization\"},\"potentialAction\":[{\"@type\":\"SearchAction\",\"target\":{\"@type\":\"EntryPoint\",\"urlTemplate\":\"https:\/\/www.kongresiti.cz\/2025\/?s={search_term_string}\"},\"query-input\":{\"@type\":\"PropertyValueSpecification\",\"valueRequired\":true,\"valueName\":\"search_term_string\"}}],\"inLanguage\":\"cs\"},{\"@type\":\"Organization\",\"@id\":\"https:\/\/www.kongresiti.cz\/2025\/#organization\",\"name\":\"ITI kongres Bratislava 2025\",\"url\":\"https:\/\/www.kongresiti.cz\/2025\/\",\"logo\":{\"@type\":\"ImageObject\",\"inLanguage\":\"cs\",\"@id\":\"https:\/\/www.kongresiti.cz\/2025\/#\/schema\/logo\/image\/\",\"url\":\"https:\/\/www.kongresiti.cz\/2025\/wp-content\/uploads\/2025\/06\/logo-ITI-Section-Czech-web.png\",\"contentUrl\":\"https:\/\/www.kongresiti.cz\/2025\/wp-content\/uploads\/2025\/06\/logo-ITI-Section-Czech-web.png\",\"width\":262,\"height\":111,\"caption\":\"ITI kongres Bratislava 2025\"},\"image\":{\"@id\":\"https:\/\/www.kongresiti.cz\/2025\/#\/schema\/logo\/image\/\"}}]}<\/script>\n<!-- \/ Yoast SEO plugin. -->","yoast_head_json":{"title":"Gary Finelle - ITI kongres Bratislava 2025","robots":{"index":"index","follow":"follow","max-snippet":"max-snippet:-1","max-image-preview":"max-image-preview:large","max-video-preview":"max-video-preview:-1"},"canonical":"https:\/\/www.kongresiti.cz\/2025\/prednasejici\/gary-finelle\/","og_locale":"cs_CZ","og_type":"article","og_title":"Gary Finelle - ITI kongres Bratislava 2025","og_description":"Gary Finelle Gary Finelle z\u00edskal titul zubn\u00edho l\u00e9ka\u0159e na Univerzit\u011b Paris Diderot, kde se jeho doktorsk\u00e1 pr\u00e1ce zam\u011b\u0159ila na hojen\u00ed m\u011bkk\u00fdch tk\u00e1n\u00ed v okol\u00ed implant\u00e1t\u016f. Reziden\u010dn\u00ed program absolvoval v r\u00e1mci postgradu\u00e1ln\u00edho studia pokro\u010dil\u00e9 or\u00e1ln\u00ed implantologie na Harvard School of Dental Medicine v Bostonu, Massachusetts. Jeho hlavn\u00ed profesn\u00ed z\u00e1jem spo\u010d\u00edv\u00e1 v aplikaci digit\u00e1ln\u00edch technologi\u00ed na chirurgick\u00e9&hellip; Read more","og_url":"https:\/\/www.kongresiti.cz\/2025\/prednasejici\/gary-finelle\/","og_site_name":"ITI kongres Bratislava 2025","article_modified_time":"2025-07-21T14:42:21+00:00","og_image":[{"url":"https:\/\/www.kongresiti.cz\/2025\/wp-content\/uploads\/2025\/03\/cropped-cropped-Finelle-web.jpg","type":"","width":"","height":""}],"twitter_card":"summary_large_image","twitter_misc":{"Odhadovan\u00e1 doba \u010dten\u00ed":"1 minuta"},"schema":{"@context":"https:\/\/schema.org","@graph":[{"@type":"WebPage","@id":"https:\/\/www.kongresiti.cz\/2025\/prednasejici\/gary-finelle\/","url":"https:\/\/www.kongresiti.cz\/2025\/prednasejici\/gary-finelle\/","name":"Gary Finelle - ITI kongres Bratislava 2025","isPartOf":{"@id":"https:\/\/www.kongresiti.cz\/2025\/#website"},"primaryImageOfPage":{"@id":"https:\/\/www.kongresiti.cz\/2025\/prednasejici\/gary-finelle\/#primaryimage"},"image":{"@id":"https:\/\/www.kongresiti.cz\/2025\/prednasejici\/gary-finelle\/#primaryimage"},"thumbnailUrl":"https:\/\/www.kongresiti.cz\/2025\/wp-content\/uploads\/2025\/03\/cropped-cropped-Finelle-web.jpg","datePublished":"2025-06-25T14:43:05+00:00","dateModified":"2025-07-21T14:42:21+00:00","breadcrumb":{"@id":"https:\/\/www.kongresiti.cz\/2025\/prednasejici\/gary-finelle\/#breadcrumb"},"inLanguage":"cs","potentialAction":[{"@type":"ReadAction","target":["https:\/\/www.kongresiti.cz\/2025\/prednasejici\/gary-finelle\/"]}]},{"@type":"ImageObject","inLanguage":"cs","@id":"https:\/\/www.kongresiti.cz\/2025\/prednasejici\/gary-finelle\/#primaryimage","url":"https:\/\/www.kongresiti.cz\/2025\/wp-content\/uploads\/2025\/03\/cropped-cropped-Finelle-web.jpg","contentUrl":"https:\/\/www.kongresiti.cz\/2025\/wp-content\/uploads\/2025\/03\/cropped-cropped-Finelle-web.jpg","width":593,"height":593},{"@type":"BreadcrumbList","@id":"https:\/\/www.kongresiti.cz\/2025\/prednasejici\/gary-finelle\/#breadcrumb","itemListElement":[{"@type":"ListItem","position":1,"name":"Dom\u016f","item":"https:\/\/www.kongresiti.cz\/2025\/"},{"@type":"ListItem","position":2,"name":"P\u0159edn\u00e1\u0161ej\u00edc\u00ed","item":"https:\/\/www.kongresiti.cz\/2025\/prednasejici\/"},{"@type":"ListItem","position":3,"name":"Gary Finelle"}]},{"@type":"WebSite","@id":"https:\/\/www.kongresiti.cz\/2025\/#website","url":"https:\/\/www.kongresiti.cz\/2025\/","name":"ITI kongres Bratislava 2025","description":"Prvn\u00ed ITI kongres v \u010cesk\u00e9 a Slovensk\u00e9 republice","publisher":{"@id":"https:\/\/www.kongresiti.cz\/2025\/#organization"},"potentialAction":[{"@type":"SearchAction","target":{"@type":"EntryPoint","urlTemplate":"https:\/\/www.kongresiti.cz\/2025\/?s={search_term_string}"},"query-input":{"@type":"PropertyValueSpecification","valueRequired":true,"valueName":"search_term_string"}}],"inLanguage":"cs"},{"@type":"Organization","@id":"https:\/\/www.kongresiti.cz\/2025\/#organization","name":"ITI kongres Bratislava 2025","url":"https:\/\/www.kongresiti.cz\/2025\/","logo":{"@type":"ImageObject","inLanguage":"cs","@id":"https:\/\/www.kongresiti.cz\/2025\/#\/schema\/logo\/image\/","url":"https:\/\/www.kongresiti.cz\/2025\/wp-content\/uploads\/2025\/06\/logo-ITI-Section-Czech-web.png","contentUrl":"https:\/\/www.kongresiti.cz\/2025\/wp-content\/uploads\/2025\/06\/logo-ITI-Section-Czech-web.png","width":262,"height":111,"caption":"ITI kongres Bratislava 2025"},"image":{"@id":"https:\/\/www.kongresiti.cz\/2025\/#\/schema\/logo\/image\/"}}]}},"_links":{"self":[{"href":"https:\/\/www.kongresiti.cz\/2025\/wp-json\/wp\/v2\/pages\/1297","targetHints":{"allow":["GET"]}}],"collection":[{"href":"https:\/\/www.kongresiti.cz\/2025\/wp-json\/wp\/v2\/pages"}],"about":[{"href":"https:\/\/www.kongresiti.cz\/2025\/wp-json\/wp\/v2\/types\/page"}],"author":[{"embeddable":true,"href":"https:\/\/www.kongresiti.cz\/2025\/wp-json\/wp\/v2\/users\/1"}],"replies":[{"embeddable":true,"href":"https:\/\/www.kongresiti.cz\/2025\/wp-json\/wp\/v2\/comments?post=1297"}],"version-history":[{"count":1,"href":"https:\/\/www.kongresiti.cz\/2025\/wp-json\/wp\/v2\/pages\/1297\/revisions"}],"predecessor-version":[{"id":1749,"href":"https:\/\/www.kongresiti.cz\/2025\/wp-json\/wp\/v2\/pages\/1297\/revisions\/1749"}],"up":[{"embeddable":true,"href":"https:\/\/www.kongresiti.cz\/2025\/wp-json\/wp\/v2\/pages\/38"}],"wp:attachment":[{"href":"https:\/\/www.kongresiti.cz\/2025\/wp-json\/wp\/v2\/media?parent=1297"}],"curies":[{"name":"wp","href":"https:\/\/api.w.org\/{rel}","templated":true}]}}