{"id":1305,"date":"2025-06-25T16:45:45","date_gmt":"2025-06-25T14:45:45","guid":{"rendered":"https:\/\/www.kongresiti.cz\/2025\/?page_id=1305"},"modified":"2025-07-21T16:45:16","modified_gmt":"2025-07-21T14:45:16","slug":"maja-chmielewska","status":"publish","type":"page","link":"https:\/\/www.kongresiti.cz\/2025\/prednasejici\/maja-chmielewska\/","title":{"rendered":"Maja Chmielewska"},"content":{"rendered":"<div  data-label=\"Content\" data-id=\"content--1\" data-export-id=\"content-12\" data-category=\"content\" class=\"content-12 content-section content-section-spacing\" id=\"content-1\" style=\"background-color: rgb(255, 255, 255);\"><div  class=\"gridContainer\"> <div  class=\"row text-center\"><div  class=\"section-title-col\" data-type=\"column\"> <h2  class=\"\">Maja Chmielewska<\/h2> <p  class=\"lead\" style=\"text-align: left;\">Maja Chmielewska p\u016fsob\u00ed jako soukrom\u00e1 zubn\u00ed l\u00e9ka\u0159ka se specializac\u00ed na digit\u00e1ln\u00ed protokoly v implantologii, vzd\u011bl\u00e1v\u00e1n\u00ed a \u0159\u00edzen\u00ed zubn\u00ed praxe.<br >\nVystudovala L\u00e9ka\u0159skou univerzitu ve Var\u0161av\u011b, jeden rok se v\u011bnovala v\u00fdzkumu CAD\/CAM materi\u00e1l\u016f a p\u016fsobila jako asistentka ve v\u00fduce v Los Angeles. Magistersk\u00fd titul v oboru implantologie a parodontologie z\u00edskala na DTMD University v Lucembursku.<br >\nDr. Maja se aktivn\u011b v\u011bnuje vzd\u011bl\u00e1v\u00e1n\u00ed \u2013 p\u0159edn\u00e1\u0161ela ve v\u00edce ne\u017e 25 zem\u00edch a pravideln\u011b se \u00fa\u010dastn\u00ed online vzd\u011bl\u00e1vac\u00edch akc\u00ed. Je spoluautorkou knihy Guided Surgery a dr\u017eitelkou titulu ITI Fellow. V Polsku spoluvede studijn\u00ed klub Young ITI.<\/p><img  decoding=\"async\" class=\"custom-image\" src=\"https:\/\/www.kongresiti.cz\/2025\/wp-content\/uploads\/2025\/06\/cropped-cropped-Chmielewska-web-02.jpeg\" title=\"cropped-cropped-Chmielewska-web-02.jpeg\" alt=\"\"><\/div> <\/div> <div  class=\"row center-xs middle-xs\"> <div  class=\"col-sm-9\" data-type=\"column\"><div  data-editable=\"true\" data-name=\"ope-widgets-area\" data-content-shortcode=\"mesmerize_display_widgets_area id=&quot;mesmerize_users_custom_widgets_areas_5&quot; \" class=\"\"><div data-name=\"mesmerize-widgets-area\"><div id=\"block-14\" class=\"widget widget_block\"><style>\n.mesmerize-language-switcher, #wpadminbar {display: none !important}\n.site>.page-content.landing {justify-content: start;}\nbody.custom-background {background-image: none;}\n.site {min-height: auto;}\nhtml {margin-top: 0 !important}\n\n<\/style><\/div><\/div><\/div> <\/div> <\/div><\/div> <\/div>","protected":false},"excerpt":{"rendered":"<p>Maja Chmielewska Maja Chmielewska p\u016fsob\u00ed jako soukrom\u00e1 zubn\u00ed l\u00e9ka\u0159ka se specializac\u00ed na digit\u00e1ln\u00ed protokoly v implantologii, vzd\u011bl\u00e1v\u00e1n\u00ed a \u0159\u00edzen\u00ed zubn\u00ed praxe. Vystudovala L\u00e9ka\u0159skou univerzitu ve Var\u0161av\u011b, jeden rok se v\u011bnovala v\u00fdzkumu CAD\/CAM materi\u00e1l\u016f a p\u016fsobila jako asistentka ve v\u00fduce v Los Angeles. Magistersk\u00fd titul v oboru implantologie a parodontologie z\u00edskala na DTMD University v Lucembursku.&hellip; <br \/> <a class=\"read-more\" href=\"https:\/\/www.kongresiti.cz\/2025\/prednasejici\/maja-chmielewska\/\">Read more<\/a><\/p>\n","protected":false},"author":1,"featured_media":0,"parent":38,"menu_order":0,"comment_status":"closed","ping_status":"closed","template":"pro\/page-templates\/landing-page.php","meta":{"footnotes":""},"class_list":["post-1305","page","type-page","status-publish","hentry"],"yoast_head":"<!-- This site is optimized with the Yoast SEO plugin v26.1.1 - https:\/\/yoast.com\/wordpress\/plugins\/seo\/ -->\n<title>Maja Chmielewska - ITI kongres Bratislava 2025<\/title>\n<meta name=\"robots\" content=\"index, follow, max-snippet:-1, max-image-preview:large, max-video-preview:-1\" \/>\n<link rel=\"canonical\" href=\"https:\/\/www.kongresiti.cz\/2025\/prednasejici\/maja-chmielewska\/\" \/>\n<meta property=\"og:locale\" content=\"cs_CZ\" \/>\n<meta property=\"og:type\" content=\"article\" \/>\n<meta property=\"og:title\" content=\"Maja Chmielewska - ITI kongres Bratislava 2025\" \/>\n<meta property=\"og:description\" content=\"Maja Chmielewska Maja Chmielewska p\u016fsob\u00ed jako soukrom\u00e1 zubn\u00ed l\u00e9ka\u0159ka se specializac\u00ed na digit\u00e1ln\u00ed protokoly v implantologii, vzd\u011bl\u00e1v\u00e1n\u00ed a \u0159\u00edzen\u00ed zubn\u00ed praxe. Vystudovala L\u00e9ka\u0159skou univerzitu ve Var\u0161av\u011b, jeden rok se v\u011bnovala v\u00fdzkumu CAD\/CAM materi\u00e1l\u016f a p\u016fsobila jako asistentka ve v\u00fduce v Los Angeles. Magistersk\u00fd titul v oboru implantologie a parodontologie z\u00edskala na DTMD University v Lucembursku.&hellip; Read more\" \/>\n<meta property=\"og:url\" content=\"https:\/\/www.kongresiti.cz\/2025\/prednasejici\/maja-chmielewska\/\" \/>\n<meta property=\"og:site_name\" content=\"ITI kongres Bratislava 2025\" \/>\n<meta property=\"article:modified_time\" content=\"2025-07-21T14:45:16+00:00\" \/>\n<meta property=\"og:image\" content=\"https:\/\/www.kongresiti.cz\/2025\/wp-content\/uploads\/2025\/06\/cropped-cropped-Chmielewska-web-02.jpeg\" \/>\n<meta name=\"twitter:card\" content=\"summary_large_image\" \/>\n<meta name=\"twitter:label1\" content=\"Odhadovan\u00e1 doba \u010dten\u00ed\" \/>\n\t<meta name=\"twitter:data1\" content=\"1 minuta\" \/>\n<script type=\"application\/ld+json\" class=\"yoast-schema-graph\">{\"@context\":\"https:\/\/schema.org\",\"@graph\":[{\"@type\":\"WebPage\",\"@id\":\"https:\/\/www.kongresiti.cz\/2025\/prednasejici\/maja-chmielewska\/\",\"url\":\"https:\/\/www.kongresiti.cz\/2025\/prednasejici\/maja-chmielewska\/\",\"name\":\"Maja Chmielewska - ITI kongres Bratislava 2025\",\"isPartOf\":{\"@id\":\"https:\/\/www.kongresiti.cz\/2025\/#website\"},\"primaryImageOfPage\":{\"@id\":\"https:\/\/www.kongresiti.cz\/2025\/prednasejici\/maja-chmielewska\/#primaryimage\"},\"image\":{\"@id\":\"https:\/\/www.kongresiti.cz\/2025\/prednasejici\/maja-chmielewska\/#primaryimage\"},\"thumbnailUrl\":\"https:\/\/www.kongresiti.cz\/2025\/wp-content\/uploads\/2025\/06\/cropped-cropped-Chmielewska-web-02.jpeg\",\"datePublished\":\"2025-06-25T14:45:45+00:00\",\"dateModified\":\"2025-07-21T14:45:16+00:00\",\"breadcrumb\":{\"@id\":\"https:\/\/www.kongresiti.cz\/2025\/prednasejici\/maja-chmielewska\/#breadcrumb\"},\"inLanguage\":\"cs\",\"potentialAction\":[{\"@type\":\"ReadAction\",\"target\":[\"https:\/\/www.kongresiti.cz\/2025\/prednasejici\/maja-chmielewska\/\"]}]},{\"@type\":\"ImageObject\",\"inLanguage\":\"cs\",\"@id\":\"https:\/\/www.kongresiti.cz\/2025\/prednasejici\/maja-chmielewska\/#primaryimage\",\"url\":\"https:\/\/www.kongresiti.cz\/2025\/wp-content\/uploads\/2025\/06\/cropped-cropped-Chmielewska-web-02.jpeg\",\"contentUrl\":\"https:\/\/www.kongresiti.cz\/2025\/wp-content\/uploads\/2025\/06\/cropped-cropped-Chmielewska-web-02.jpeg\",\"width\":594,\"height\":594},{\"@type\":\"BreadcrumbList\",\"@id\":\"https:\/\/www.kongresiti.cz\/2025\/prednasejici\/maja-chmielewska\/#breadcrumb\",\"itemListElement\":[{\"@type\":\"ListItem\",\"position\":1,\"name\":\"Dom\u016f\",\"item\":\"https:\/\/www.kongresiti.cz\/2025\/\"},{\"@type\":\"ListItem\",\"position\":2,\"name\":\"P\u0159edn\u00e1\u0161ej\u00edc\u00ed\",\"item\":\"https:\/\/www.kongresiti.cz\/2025\/prednasejici\/\"},{\"@type\":\"ListItem\",\"position\":3,\"name\":\"Maja Chmielewska\"}]},{\"@type\":\"WebSite\",\"@id\":\"https:\/\/www.kongresiti.cz\/2025\/#website\",\"url\":\"https:\/\/www.kongresiti.cz\/2025\/\",\"name\":\"ITI kongres Bratislava 2025\",\"description\":\"Prvn\u00ed ITI kongres v \u010cesk\u00e9 a Slovensk\u00e9 republice\",\"publisher\":{\"@id\":\"https:\/\/www.kongresiti.cz\/2025\/#organization\"},\"potentialAction\":[{\"@type\":\"SearchAction\",\"target\":{\"@type\":\"EntryPoint\",\"urlTemplate\":\"https:\/\/www.kongresiti.cz\/2025\/?s={search_term_string}\"},\"query-input\":{\"@type\":\"PropertyValueSpecification\",\"valueRequired\":true,\"valueName\":\"search_term_string\"}}],\"inLanguage\":\"cs\"},{\"@type\":\"Organization\",\"@id\":\"https:\/\/www.kongresiti.cz\/2025\/#organization\",\"name\":\"ITI kongres Bratislava 2025\",\"url\":\"https:\/\/www.kongresiti.cz\/2025\/\",\"logo\":{\"@type\":\"ImageObject\",\"inLanguage\":\"cs\",\"@id\":\"https:\/\/www.kongresiti.cz\/2025\/#\/schema\/logo\/image\/\",\"url\":\"https:\/\/www.kongresiti.cz\/2025\/wp-content\/uploads\/2025\/06\/logo-ITI-Section-Czech-web.png\",\"contentUrl\":\"https:\/\/www.kongresiti.cz\/2025\/wp-content\/uploads\/2025\/06\/logo-ITI-Section-Czech-web.png\",\"width\":262,\"height\":111,\"caption\":\"ITI kongres Bratislava 2025\"},\"image\":{\"@id\":\"https:\/\/www.kongresiti.cz\/2025\/#\/schema\/logo\/image\/\"}}]}<\/script>\n<!-- \/ Yoast SEO plugin. -->","yoast_head_json":{"title":"Maja Chmielewska - ITI kongres Bratislava 2025","robots":{"index":"index","follow":"follow","max-snippet":"max-snippet:-1","max-image-preview":"max-image-preview:large","max-video-preview":"max-video-preview:-1"},"canonical":"https:\/\/www.kongresiti.cz\/2025\/prednasejici\/maja-chmielewska\/","og_locale":"cs_CZ","og_type":"article","og_title":"Maja Chmielewska - ITI kongres Bratislava 2025","og_description":"Maja Chmielewska Maja Chmielewska p\u016fsob\u00ed jako soukrom\u00e1 zubn\u00ed l\u00e9ka\u0159ka se specializac\u00ed na digit\u00e1ln\u00ed protokoly v implantologii, vzd\u011bl\u00e1v\u00e1n\u00ed a \u0159\u00edzen\u00ed zubn\u00ed praxe. Vystudovala L\u00e9ka\u0159skou univerzitu ve Var\u0161av\u011b, jeden rok se v\u011bnovala v\u00fdzkumu CAD\/CAM materi\u00e1l\u016f a p\u016fsobila jako asistentka ve v\u00fduce v Los Angeles. Magistersk\u00fd titul v oboru implantologie a parodontologie z\u00edskala na DTMD University v Lucembursku.&hellip; Read more","og_url":"https:\/\/www.kongresiti.cz\/2025\/prednasejici\/maja-chmielewska\/","og_site_name":"ITI kongres Bratislava 2025","article_modified_time":"2025-07-21T14:45:16+00:00","og_image":[{"url":"https:\/\/www.kongresiti.cz\/2025\/wp-content\/uploads\/2025\/06\/cropped-cropped-Chmielewska-web-02.jpeg","type":"","width":"","height":""}],"twitter_card":"summary_large_image","twitter_misc":{"Odhadovan\u00e1 doba \u010dten\u00ed":"1 minuta"},"schema":{"@context":"https:\/\/schema.org","@graph":[{"@type":"WebPage","@id":"https:\/\/www.kongresiti.cz\/2025\/prednasejici\/maja-chmielewska\/","url":"https:\/\/www.kongresiti.cz\/2025\/prednasejici\/maja-chmielewska\/","name":"Maja Chmielewska - ITI kongres Bratislava 2025","isPartOf":{"@id":"https:\/\/www.kongresiti.cz\/2025\/#website"},"primaryImageOfPage":{"@id":"https:\/\/www.kongresiti.cz\/2025\/prednasejici\/maja-chmielewska\/#primaryimage"},"image":{"@id":"https:\/\/www.kongresiti.cz\/2025\/prednasejici\/maja-chmielewska\/#primaryimage"},"thumbnailUrl":"https:\/\/www.kongresiti.cz\/2025\/wp-content\/uploads\/2025\/06\/cropped-cropped-Chmielewska-web-02.jpeg","datePublished":"2025-06-25T14:45:45+00:00","dateModified":"2025-07-21T14:45:16+00:00","breadcrumb":{"@id":"https:\/\/www.kongresiti.cz\/2025\/prednasejici\/maja-chmielewska\/#breadcrumb"},"inLanguage":"cs","potentialAction":[{"@type":"ReadAction","target":["https:\/\/www.kongresiti.cz\/2025\/prednasejici\/maja-chmielewska\/"]}]},{"@type":"ImageObject","inLanguage":"cs","@id":"https:\/\/www.kongresiti.cz\/2025\/prednasejici\/maja-chmielewska\/#primaryimage","url":"https:\/\/www.kongresiti.cz\/2025\/wp-content\/uploads\/2025\/06\/cropped-cropped-Chmielewska-web-02.jpeg","contentUrl":"https:\/\/www.kongresiti.cz\/2025\/wp-content\/uploads\/2025\/06\/cropped-cropped-Chmielewska-web-02.jpeg","width":594,"height":594},{"@type":"BreadcrumbList","@id":"https:\/\/www.kongresiti.cz\/2025\/prednasejici\/maja-chmielewska\/#breadcrumb","itemListElement":[{"@type":"ListItem","position":1,"name":"Dom\u016f","item":"https:\/\/www.kongresiti.cz\/2025\/"},{"@type":"ListItem","position":2,"name":"P\u0159edn\u00e1\u0161ej\u00edc\u00ed","item":"https:\/\/www.kongresiti.cz\/2025\/prednasejici\/"},{"@type":"ListItem","position":3,"name":"Maja Chmielewska"}]},{"@type":"WebSite","@id":"https:\/\/www.kongresiti.cz\/2025\/#website","url":"https:\/\/www.kongresiti.cz\/2025\/","name":"ITI kongres Bratislava 2025","description":"Prvn\u00ed ITI kongres v \u010cesk\u00e9 a Slovensk\u00e9 republice","publisher":{"@id":"https:\/\/www.kongresiti.cz\/2025\/#organization"},"potentialAction":[{"@type":"SearchAction","target":{"@type":"EntryPoint","urlTemplate":"https:\/\/www.kongresiti.cz\/2025\/?s={search_term_string}"},"query-input":{"@type":"PropertyValueSpecification","valueRequired":true,"valueName":"search_term_string"}}],"inLanguage":"cs"},{"@type":"Organization","@id":"https:\/\/www.kongresiti.cz\/2025\/#organization","name":"ITI kongres Bratislava 2025","url":"https:\/\/www.kongresiti.cz\/2025\/","logo":{"@type":"ImageObject","inLanguage":"cs","@id":"https:\/\/www.kongresiti.cz\/2025\/#\/schema\/logo\/image\/","url":"https:\/\/www.kongresiti.cz\/2025\/wp-content\/uploads\/2025\/06\/logo-ITI-Section-Czech-web.png","contentUrl":"https:\/\/www.kongresiti.cz\/2025\/wp-content\/uploads\/2025\/06\/logo-ITI-Section-Czech-web.png","width":262,"height":111,"caption":"ITI kongres Bratislava 2025"},"image":{"@id":"https:\/\/www.kongresiti.cz\/2025\/#\/schema\/logo\/image\/"}}]}},"_links":{"self":[{"href":"https:\/\/www.kongresiti.cz\/2025\/wp-json\/wp\/v2\/pages\/1305","targetHints":{"allow":["GET"]}}],"collection":[{"href":"https:\/\/www.kongresiti.cz\/2025\/wp-json\/wp\/v2\/pages"}],"about":[{"href":"https:\/\/www.kongresiti.cz\/2025\/wp-json\/wp\/v2\/types\/page"}],"author":[{"embeddable":true,"href":"https:\/\/www.kongresiti.cz\/2025\/wp-json\/wp\/v2\/users\/1"}],"replies":[{"embeddable":true,"href":"https:\/\/www.kongresiti.cz\/2025\/wp-json\/wp\/v2\/comments?post=1305"}],"version-history":[{"count":2,"href":"https:\/\/www.kongresiti.cz\/2025\/wp-json\/wp\/v2\/pages\/1305\/revisions"}],"predecessor-version":[{"id":1753,"href":"https:\/\/www.kongresiti.cz\/2025\/wp-json\/wp\/v2\/pages\/1305\/revisions\/1753"}],"up":[{"embeddable":true,"href":"https:\/\/www.kongresiti.cz\/2025\/wp-json\/wp\/v2\/pages\/38"}],"wp:attachment":[{"href":"https:\/\/www.kongresiti.cz\/2025\/wp-json\/wp\/v2\/media?parent=1305"}],"curies":[{"name":"wp","href":"https:\/\/api.w.org\/{rel}","templated":true}]}}