{"id":1307,"date":"2025-06-25T16:46:49","date_gmt":"2025-06-25T14:46:49","guid":{"rendered":"https:\/\/www.kongresiti.cz\/2025\/?page_id=1307"},"modified":"2025-07-21T17:40:38","modified_gmt":"2025-07-21T15:40:38","slug":"michal-stefanatny","status":"publish","type":"page","link":"https:\/\/www.kongresiti.cz\/2025\/prednasejici\/michal-stefanatny\/","title":{"rendered":"Michal \u0160tefanatn\u00fd"},"content":{"rendered":"<div  data-label=\"Content\" data-id=\"content--1\" data-export-id=\"content-12\" data-category=\"content\" class=\"content-12 content-section content-section-spacing\" id=\"content-1\" style=\"background-color: rgb(255, 255, 255);\"><div  class=\"gridContainer\"> <div  class=\"row text-center\"><div  class=\"section-title-col\" data-type=\"column\"> <h2  class=\"\">Michal \u0160tefanatn\u00fd<\/h2> <p  class=\"lead\" style=\"text-align: left;\">Michal \u0160tefanatn\u00fd je zubn\u00ed l\u00e9ka\u0159 se \u0161irok\u00fdm z\u00e1jmem o v\u0161echny oblasti stomatologie, s klinick\u00fdm zam\u011b\u0159en\u00edm na parodontologii, protetiku a implantologii. Doktorsk\u00e9 studium (Ph.D.) absolvoval na L\u00e9ka\u0159sk\u00e9 fakult\u011b Univerzity Palack\u00e9ho v Olomouci, kde se ve sv\u00e9m v\u00fdzkumu v\u011bnoval etiologii a konzervativn\u00ed l\u00e9\u010db\u011b periimplantitidy. Od roku 2020 p\u016fsob\u00ed tak\u00e9 jako soudn\u00ed znalec v oboru stomatologie. Jeho klinick\u00e1 filozofie spo\u010d\u00edv\u00e1 v maxim\u00e1ln\u00ed snaze o z\u00e1chranu zub\u016f \u2013 a pokud je nutn\u00e1 n\u00e1hrada, vol\u00ed biologicky \u0161etrn\u00e9 a dlouhodob\u011b udr\u017eiteln\u00e9 \u0159e\u0161en\u00ed. Aktivn\u011b p\u0159edn\u00e1\u0161\u00ed na dom\u00e1c\u00edch i zahrani\u010dn\u00edch stomatologick\u00fdch kongresech a pravideln\u011b vede praktick\u00e9 kurzy v r\u00e1mci Blanc Academy. Od roku 2023 je autorem odborn\u00e9ho newsletteru Climbing up pro zubn\u00ed l\u00e9ka\u0159e, kter\u00fd vych\u00e1z\u00ed ka\u017ed\u00e9 dva t\u00fddny.<br >\nJe \u010dlenem n\u011bkolika odborn\u00fdch spole\u010dnost\u00ed: ITI \u2013 International Team for Implantology (\u010dlen od roku 2016, od roku 2023 \u0159editel ITI Clubu, od roku 2025 ITI Fellow),<\/p><img  decoding=\"async\" class=\"custom-image\" src=\"https:\/\/www.kongresiti.cz\/2025\/wp-content\/uploads\/2025\/03\/cropped-cropped-Stefanatny-web.jpg\" title=\"cropped-cropped-Stefanatny-web.jpg\" alt=\"\"><\/div> <\/div> <div  class=\"row center-xs middle-xs\"> <div  class=\"col-sm-9\" data-type=\"column\"><div  data-editable=\"true\" data-name=\"ope-widgets-area\" data-content-shortcode=\"mesmerize_display_widgets_area id=&quot;mesmerize_users_custom_widgets_areas_5&quot; \" class=\"\"><div data-name=\"mesmerize-widgets-area\"><div id=\"block-14\" class=\"widget widget_block\"><style>\n.mesmerize-language-switcher, #wpadminbar {display: none !important}\n.site>.page-content.landing {justify-content: start;}\nbody.custom-background {background-image: none;}\n.site {min-height: auto;}\nhtml {margin-top: 0 !important}\n\n<\/style><\/div><\/div><\/div> <\/div> <\/div><\/div> <\/div>","protected":false},"excerpt":{"rendered":"<p>Michal \u0160tefanatn\u00fd Michal \u0160tefanatn\u00fd je zubn\u00ed l\u00e9ka\u0159 se \u0161irok\u00fdm z\u00e1jmem o v\u0161echny oblasti stomatologie, s klinick\u00fdm zam\u011b\u0159en\u00edm na parodontologii, protetiku a implantologii. Doktorsk\u00e9 studium (Ph.D.) absolvoval na L\u00e9ka\u0159sk\u00e9 fakult\u011b Univerzity Palack\u00e9ho v Olomouci, kde se ve sv\u00e9m v\u00fdzkumu v\u011bnoval etiologii a konzervativn\u00ed l\u00e9\u010db\u011b periimplantitidy. Od roku 2020 p\u016fsob\u00ed tak\u00e9 jako soudn\u00ed znalec v oboru stomatologie.&hellip; <br \/> <a class=\"read-more\" href=\"https:\/\/www.kongresiti.cz\/2025\/prednasejici\/michal-stefanatny\/\">Read more<\/a><\/p>\n","protected":false},"author":1,"featured_media":0,"parent":38,"menu_order":0,"comment_status":"closed","ping_status":"closed","template":"pro\/page-templates\/landing-page.php","meta":{"footnotes":""},"class_list":["post-1307","page","type-page","status-publish","hentry"],"yoast_head":"<!-- This site is optimized with the Yoast SEO plugin v26.1.1 - https:\/\/yoast.com\/wordpress\/plugins\/seo\/ -->\n<title>Michal \u0160tefanatn\u00fd - ITI kongres Bratislava 2025<\/title>\n<meta name=\"robots\" content=\"index, follow, max-snippet:-1, max-image-preview:large, max-video-preview:-1\" \/>\n<link rel=\"canonical\" href=\"https:\/\/www.kongresiti.cz\/2025\/prednasejici\/michal-stefanatny\/\" \/>\n<meta property=\"og:locale\" content=\"cs_CZ\" \/>\n<meta property=\"og:type\" content=\"article\" \/>\n<meta property=\"og:title\" content=\"Michal \u0160tefanatn\u00fd - ITI kongres Bratislava 2025\" \/>\n<meta property=\"og:description\" content=\"Michal \u0160tefanatn\u00fd Michal \u0160tefanatn\u00fd je zubn\u00ed l\u00e9ka\u0159 se \u0161irok\u00fdm z\u00e1jmem o v\u0161echny oblasti stomatologie, s klinick\u00fdm zam\u011b\u0159en\u00edm na parodontologii, protetiku a implantologii. Doktorsk\u00e9 studium (Ph.D.) absolvoval na L\u00e9ka\u0159sk\u00e9 fakult\u011b Univerzity Palack\u00e9ho v Olomouci, kde se ve sv\u00e9m v\u00fdzkumu v\u011bnoval etiologii a konzervativn\u00ed l\u00e9\u010db\u011b periimplantitidy. Od roku 2020 p\u016fsob\u00ed tak\u00e9 jako soudn\u00ed znalec v oboru stomatologie.&hellip; Read more\" \/>\n<meta property=\"og:url\" content=\"https:\/\/www.kongresiti.cz\/2025\/prednasejici\/michal-stefanatny\/\" \/>\n<meta property=\"og:site_name\" content=\"ITI kongres Bratislava 2025\" \/>\n<meta property=\"article:modified_time\" content=\"2025-07-21T15:40:38+00:00\" \/>\n<meta property=\"og:image\" content=\"https:\/\/www.kongresiti.cz\/2025\/wp-content\/uploads\/2025\/03\/cropped-cropped-Stefanatny-web.jpg\" \/>\n<meta name=\"twitter:card\" content=\"summary_large_image\" \/>\n<meta name=\"twitter:label1\" content=\"Odhadovan\u00e1 doba \u010dten\u00ed\" \/>\n\t<meta name=\"twitter:data1\" content=\"1 minuta\" \/>\n<script type=\"application\/ld+json\" class=\"yoast-schema-graph\">{\"@context\":\"https:\/\/schema.org\",\"@graph\":[{\"@type\":\"WebPage\",\"@id\":\"https:\/\/www.kongresiti.cz\/2025\/prednasejici\/michal-stefanatny\/\",\"url\":\"https:\/\/www.kongresiti.cz\/2025\/prednasejici\/michal-stefanatny\/\",\"name\":\"Michal \u0160tefanatn\u00fd - ITI kongres Bratislava 2025\",\"isPartOf\":{\"@id\":\"https:\/\/www.kongresiti.cz\/2025\/#website\"},\"primaryImageOfPage\":{\"@id\":\"https:\/\/www.kongresiti.cz\/2025\/prednasejici\/michal-stefanatny\/#primaryimage\"},\"image\":{\"@id\":\"https:\/\/www.kongresiti.cz\/2025\/prednasejici\/michal-stefanatny\/#primaryimage\"},\"thumbnailUrl\":\"https:\/\/www.kongresiti.cz\/2025\/wp-content\/uploads\/2025\/03\/cropped-cropped-Stefanatny-web.jpg\",\"datePublished\":\"2025-06-25T14:46:49+00:00\",\"dateModified\":\"2025-07-21T15:40:38+00:00\",\"breadcrumb\":{\"@id\":\"https:\/\/www.kongresiti.cz\/2025\/prednasejici\/michal-stefanatny\/#breadcrumb\"},\"inLanguage\":\"cs\",\"potentialAction\":[{\"@type\":\"ReadAction\",\"target\":[\"https:\/\/www.kongresiti.cz\/2025\/prednasejici\/michal-stefanatny\/\"]}]},{\"@type\":\"ImageObject\",\"inLanguage\":\"cs\",\"@id\":\"https:\/\/www.kongresiti.cz\/2025\/prednasejici\/michal-stefanatny\/#primaryimage\",\"url\":\"https:\/\/www.kongresiti.cz\/2025\/wp-content\/uploads\/2025\/03\/cropped-cropped-Stefanatny-web.jpg\",\"contentUrl\":\"https:\/\/www.kongresiti.cz\/2025\/wp-content\/uploads\/2025\/03\/cropped-cropped-Stefanatny-web.jpg\",\"width\":593,\"height\":593},{\"@type\":\"BreadcrumbList\",\"@id\":\"https:\/\/www.kongresiti.cz\/2025\/prednasejici\/michal-stefanatny\/#breadcrumb\",\"itemListElement\":[{\"@type\":\"ListItem\",\"position\":1,\"name\":\"Dom\u016f\",\"item\":\"https:\/\/www.kongresiti.cz\/2025\/\"},{\"@type\":\"ListItem\",\"position\":2,\"name\":\"P\u0159edn\u00e1\u0161ej\u00edc\u00ed\",\"item\":\"https:\/\/www.kongresiti.cz\/2025\/prednasejici\/\"},{\"@type\":\"ListItem\",\"position\":3,\"name\":\"Michal \u0160tefanatn\u00fd\"}]},{\"@type\":\"WebSite\",\"@id\":\"https:\/\/www.kongresiti.cz\/2025\/#website\",\"url\":\"https:\/\/www.kongresiti.cz\/2025\/\",\"name\":\"ITI kongres Bratislava 2025\",\"description\":\"Prvn\u00ed ITI kongres v \u010cesk\u00e9 a Slovensk\u00e9 republice\",\"publisher\":{\"@id\":\"https:\/\/www.kongresiti.cz\/2025\/#organization\"},\"potentialAction\":[{\"@type\":\"SearchAction\",\"target\":{\"@type\":\"EntryPoint\",\"urlTemplate\":\"https:\/\/www.kongresiti.cz\/2025\/?s={search_term_string}\"},\"query-input\":{\"@type\":\"PropertyValueSpecification\",\"valueRequired\":true,\"valueName\":\"search_term_string\"}}],\"inLanguage\":\"cs\"},{\"@type\":\"Organization\",\"@id\":\"https:\/\/www.kongresiti.cz\/2025\/#organization\",\"name\":\"ITI kongres Bratislava 2025\",\"url\":\"https:\/\/www.kongresiti.cz\/2025\/\",\"logo\":{\"@type\":\"ImageObject\",\"inLanguage\":\"cs\",\"@id\":\"https:\/\/www.kongresiti.cz\/2025\/#\/schema\/logo\/image\/\",\"url\":\"https:\/\/www.kongresiti.cz\/2025\/wp-content\/uploads\/2025\/06\/logo-ITI-Section-Czech-web.png\",\"contentUrl\":\"https:\/\/www.kongresiti.cz\/2025\/wp-content\/uploads\/2025\/06\/logo-ITI-Section-Czech-web.png\",\"width\":262,\"height\":111,\"caption\":\"ITI kongres Bratislava 2025\"},\"image\":{\"@id\":\"https:\/\/www.kongresiti.cz\/2025\/#\/schema\/logo\/image\/\"}}]}<\/script>\n<!-- \/ Yoast SEO plugin. -->","yoast_head_json":{"title":"Michal \u0160tefanatn\u00fd - ITI kongres Bratislava 2025","robots":{"index":"index","follow":"follow","max-snippet":"max-snippet:-1","max-image-preview":"max-image-preview:large","max-video-preview":"max-video-preview:-1"},"canonical":"https:\/\/www.kongresiti.cz\/2025\/prednasejici\/michal-stefanatny\/","og_locale":"cs_CZ","og_type":"article","og_title":"Michal \u0160tefanatn\u00fd - ITI kongres Bratislava 2025","og_description":"Michal \u0160tefanatn\u00fd Michal \u0160tefanatn\u00fd je zubn\u00ed l\u00e9ka\u0159 se \u0161irok\u00fdm z\u00e1jmem o v\u0161echny oblasti stomatologie, s klinick\u00fdm zam\u011b\u0159en\u00edm na parodontologii, protetiku a implantologii. Doktorsk\u00e9 studium (Ph.D.) absolvoval na L\u00e9ka\u0159sk\u00e9 fakult\u011b Univerzity Palack\u00e9ho v Olomouci, kde se ve sv\u00e9m v\u00fdzkumu v\u011bnoval etiologii a konzervativn\u00ed l\u00e9\u010db\u011b periimplantitidy. Od roku 2020 p\u016fsob\u00ed tak\u00e9 jako soudn\u00ed znalec v oboru stomatologie.&hellip; Read more","og_url":"https:\/\/www.kongresiti.cz\/2025\/prednasejici\/michal-stefanatny\/","og_site_name":"ITI kongres Bratislava 2025","article_modified_time":"2025-07-21T15:40:38+00:00","og_image":[{"url":"https:\/\/www.kongresiti.cz\/2025\/wp-content\/uploads\/2025\/03\/cropped-cropped-Stefanatny-web.jpg","type":"","width":"","height":""}],"twitter_card":"summary_large_image","twitter_misc":{"Odhadovan\u00e1 doba \u010dten\u00ed":"1 minuta"},"schema":{"@context":"https:\/\/schema.org","@graph":[{"@type":"WebPage","@id":"https:\/\/www.kongresiti.cz\/2025\/prednasejici\/michal-stefanatny\/","url":"https:\/\/www.kongresiti.cz\/2025\/prednasejici\/michal-stefanatny\/","name":"Michal \u0160tefanatn\u00fd - ITI kongres Bratislava 2025","isPartOf":{"@id":"https:\/\/www.kongresiti.cz\/2025\/#website"},"primaryImageOfPage":{"@id":"https:\/\/www.kongresiti.cz\/2025\/prednasejici\/michal-stefanatny\/#primaryimage"},"image":{"@id":"https:\/\/www.kongresiti.cz\/2025\/prednasejici\/michal-stefanatny\/#primaryimage"},"thumbnailUrl":"https:\/\/www.kongresiti.cz\/2025\/wp-content\/uploads\/2025\/03\/cropped-cropped-Stefanatny-web.jpg","datePublished":"2025-06-25T14:46:49+00:00","dateModified":"2025-07-21T15:40:38+00:00","breadcrumb":{"@id":"https:\/\/www.kongresiti.cz\/2025\/prednasejici\/michal-stefanatny\/#breadcrumb"},"inLanguage":"cs","potentialAction":[{"@type":"ReadAction","target":["https:\/\/www.kongresiti.cz\/2025\/prednasejici\/michal-stefanatny\/"]}]},{"@type":"ImageObject","inLanguage":"cs","@id":"https:\/\/www.kongresiti.cz\/2025\/prednasejici\/michal-stefanatny\/#primaryimage","url":"https:\/\/www.kongresiti.cz\/2025\/wp-content\/uploads\/2025\/03\/cropped-cropped-Stefanatny-web.jpg","contentUrl":"https:\/\/www.kongresiti.cz\/2025\/wp-content\/uploads\/2025\/03\/cropped-cropped-Stefanatny-web.jpg","width":593,"height":593},{"@type":"BreadcrumbList","@id":"https:\/\/www.kongresiti.cz\/2025\/prednasejici\/michal-stefanatny\/#breadcrumb","itemListElement":[{"@type":"ListItem","position":1,"name":"Dom\u016f","item":"https:\/\/www.kongresiti.cz\/2025\/"},{"@type":"ListItem","position":2,"name":"P\u0159edn\u00e1\u0161ej\u00edc\u00ed","item":"https:\/\/www.kongresiti.cz\/2025\/prednasejici\/"},{"@type":"ListItem","position":3,"name":"Michal \u0160tefanatn\u00fd"}]},{"@type":"WebSite","@id":"https:\/\/www.kongresiti.cz\/2025\/#website","url":"https:\/\/www.kongresiti.cz\/2025\/","name":"ITI kongres Bratislava 2025","description":"Prvn\u00ed ITI kongres v \u010cesk\u00e9 a Slovensk\u00e9 republice","publisher":{"@id":"https:\/\/www.kongresiti.cz\/2025\/#organization"},"potentialAction":[{"@type":"SearchAction","target":{"@type":"EntryPoint","urlTemplate":"https:\/\/www.kongresiti.cz\/2025\/?s={search_term_string}"},"query-input":{"@type":"PropertyValueSpecification","valueRequired":true,"valueName":"search_term_string"}}],"inLanguage":"cs"},{"@type":"Organization","@id":"https:\/\/www.kongresiti.cz\/2025\/#organization","name":"ITI kongres Bratislava 2025","url":"https:\/\/www.kongresiti.cz\/2025\/","logo":{"@type":"ImageObject","inLanguage":"cs","@id":"https:\/\/www.kongresiti.cz\/2025\/#\/schema\/logo\/image\/","url":"https:\/\/www.kongresiti.cz\/2025\/wp-content\/uploads\/2025\/06\/logo-ITI-Section-Czech-web.png","contentUrl":"https:\/\/www.kongresiti.cz\/2025\/wp-content\/uploads\/2025\/06\/logo-ITI-Section-Czech-web.png","width":262,"height":111,"caption":"ITI kongres Bratislava 2025"},"image":{"@id":"https:\/\/www.kongresiti.cz\/2025\/#\/schema\/logo\/image\/"}}]}},"_links":{"self":[{"href":"https:\/\/www.kongresiti.cz\/2025\/wp-json\/wp\/v2\/pages\/1307","targetHints":{"allow":["GET"]}}],"collection":[{"href":"https:\/\/www.kongresiti.cz\/2025\/wp-json\/wp\/v2\/pages"}],"about":[{"href":"https:\/\/www.kongresiti.cz\/2025\/wp-json\/wp\/v2\/types\/page"}],"author":[{"embeddable":true,"href":"https:\/\/www.kongresiti.cz\/2025\/wp-json\/wp\/v2\/users\/1"}],"replies":[{"embeddable":true,"href":"https:\/\/www.kongresiti.cz\/2025\/wp-json\/wp\/v2\/comments?post=1307"}],"version-history":[{"count":2,"href":"https:\/\/www.kongresiti.cz\/2025\/wp-json\/wp\/v2\/pages\/1307\/revisions"}],"predecessor-version":[{"id":1812,"href":"https:\/\/www.kongresiti.cz\/2025\/wp-json\/wp\/v2\/pages\/1307\/revisions\/1812"}],"up":[{"embeddable":true,"href":"https:\/\/www.kongresiti.cz\/2025\/wp-json\/wp\/v2\/pages\/38"}],"wp:attachment":[{"href":"https:\/\/www.kongresiti.cz\/2025\/wp-json\/wp\/v2\/media?parent=1307"}],"curies":[{"name":"wp","href":"https:\/\/api.w.org\/{rel}","templated":true}]}}