{"id":1309,"date":"2025-06-25T16:47:12","date_gmt":"2025-06-25T14:47:12","guid":{"rendered":"https:\/\/www.kongresiti.cz\/2025\/?page_id=1309"},"modified":"2025-07-21T17:25:57","modified_gmt":"2025-07-21T15:25:57","slug":"peter-kramarik","status":"publish","type":"page","link":"https:\/\/www.kongresiti.cz\/2025\/prednasejici\/peter-kramarik\/","title":{"rendered":"Peter Kram\u00e1rik"},"content":{"rendered":"<div  data-label=\"Content\" data-id=\"content--1\" data-export-id=\"content-12\" data-category=\"content\" class=\"content-12 content-section content-section-spacing\" id=\"content-1\" style=\"background-color: rgb(255, 255, 255);\"><div  class=\"gridContainer\"> <div  class=\"row text-center\"><div  class=\"section-title-col\" data-type=\"column\"> <h2  class=\"\">Peter Kram\u00e1rik<\/h2> <p  class=\"lead\" style=\"text-align: left;\">Dent\u00e1ln\u00ed hygienista s\u202f14letou prax\u00ed. Od po\u010d\u00e1tku sv\u00e9 kari\u00e9ry se intenzivn\u011b zaj\u00edm\u00e1 o l\u00e9\u010dbu parodontitidy, kter\u00e9 se v\u011bnuje dodnes. Miluje \u010dten\u00ed odborn\u00fdch studi\u00ed a neust\u00e1le usiluje o roz\u0161i\u0159ov\u00e1n\u00ed sv\u00fdch znalost\u00ed. Proto\u017ee ho stejn\u011b bav\u00ed i jejich p\u0159ed\u00e1v\u00e1n\u00ed, za\u010dal p\u0159edn\u00e1\u0161et a \u0161kolit ji\u017e b\u011bhem studi\u00ed na Pre\u0161ovsk\u00e9 univerzit\u011b. V roce 2013 z\u00edskal zlat\u00fd certifik\u00e1t iTOP od Dr. Ji\u0159\u00edho Sedelmayera. V p\u0159edn\u00e1\u0161kov\u00e9 \u010dinnosti pokra\u010doval i b\u011bhem ro\u010dn\u00edho studijn\u00edho pobytu v Kanad\u011b, kde si vym\u011b\u0148oval zku\u0161enosti s m\u00edstn\u00edmi zubn\u00edmi l\u00e9ka\u0159i a dent\u00e1ln\u00edmi hygienisty. Dnes op\u011bt p\u016fsob\u00ed na Slovensku, ve sv\u00e9 soukrom\u00e9 praxi v Trnav\u011b, a voln\u00fd \u010das tr\u00e1v\u00ed se sv\u00fdm mal\u00fdm synem \u2013 kter\u00fd mu ka\u017ed\u00fd den d\u00e1v\u00e1 nov\u00e9 \u017eivotn\u00ed lekce.<\/p><img  decoding=\"async\" class=\"custom-image\" src=\"https:\/\/www.kongresiti.cz\/2025\/wp-content\/uploads\/2025\/03\/cropped-cropped-kramarik-web.jpeg\" title=\"cropped-cropped-kramarik-web.jpeg\" alt=\"\"><\/div> <\/div> <div  class=\"row center-xs middle-xs\"> <div  class=\"col-sm-9\" data-type=\"column\"><div  data-editable=\"true\" data-name=\"ope-widgets-area\" data-content-shortcode=\"mesmerize_display_widgets_area id=&quot;mesmerize_users_custom_widgets_areas_5&quot; \" class=\"\"><div data-name=\"mesmerize-widgets-area\"><div id=\"block-14\" class=\"widget widget_block\"><style>\n.mesmerize-language-switcher, #wpadminbar {display: none !important}\n.site>.page-content.landing {justify-content: start;}\nbody.custom-background {background-image: none;}\n.site {min-height: auto;}\nhtml {margin-top: 0 !important}\n\n<\/style><\/div><\/div><\/div> <\/div> <\/div><\/div> <\/div>","protected":false},"excerpt":{"rendered":"<p>Peter Kram\u00e1rik Dent\u00e1ln\u00ed hygienista s\u202f14letou prax\u00ed. Od po\u010d\u00e1tku sv\u00e9 kari\u00e9ry se intenzivn\u011b zaj\u00edm\u00e1 o l\u00e9\u010dbu parodontitidy, kter\u00e9 se v\u011bnuje dodnes. Miluje \u010dten\u00ed odborn\u00fdch studi\u00ed a neust\u00e1le usiluje o roz\u0161i\u0159ov\u00e1n\u00ed sv\u00fdch znalost\u00ed. Proto\u017ee ho stejn\u011b bav\u00ed i jejich p\u0159ed\u00e1v\u00e1n\u00ed, za\u010dal p\u0159edn\u00e1\u0161et a \u0161kolit ji\u017e b\u011bhem studi\u00ed na Pre\u0161ovsk\u00e9 univerzit\u011b. V roce 2013 z\u00edskal zlat\u00fd certifik\u00e1t iTOP&hellip; <br \/> <a class=\"read-more\" href=\"https:\/\/www.kongresiti.cz\/2025\/prednasejici\/peter-kramarik\/\">Read more<\/a><\/p>\n","protected":false},"author":1,"featured_media":0,"parent":38,"menu_order":0,"comment_status":"closed","ping_status":"closed","template":"pro\/page-templates\/landing-page.php","meta":{"footnotes":""},"class_list":["post-1309","page","type-page","status-publish","hentry"],"yoast_head":"<!-- This site is optimized with the Yoast SEO plugin v26.1.1 - https:\/\/yoast.com\/wordpress\/plugins\/seo\/ -->\n<title>Peter Kram\u00e1rik - ITI kongres Bratislava 2025<\/title>\n<meta name=\"robots\" content=\"index, follow, max-snippet:-1, max-image-preview:large, max-video-preview:-1\" \/>\n<link rel=\"canonical\" href=\"https:\/\/www.kongresiti.cz\/2025\/prednasejici\/peter-kramarik\/\" \/>\n<meta property=\"og:locale\" content=\"cs_CZ\" \/>\n<meta property=\"og:type\" content=\"article\" \/>\n<meta property=\"og:title\" content=\"Peter Kram\u00e1rik - ITI kongres Bratislava 2025\" \/>\n<meta property=\"og:description\" content=\"Peter Kram\u00e1rik Dent\u00e1ln\u00ed hygienista s\u202f14letou prax\u00ed. Od po\u010d\u00e1tku sv\u00e9 kari\u00e9ry se intenzivn\u011b zaj\u00edm\u00e1 o l\u00e9\u010dbu parodontitidy, kter\u00e9 se v\u011bnuje dodnes. Miluje \u010dten\u00ed odborn\u00fdch studi\u00ed a neust\u00e1le usiluje o roz\u0161i\u0159ov\u00e1n\u00ed sv\u00fdch znalost\u00ed. Proto\u017ee ho stejn\u011b bav\u00ed i jejich p\u0159ed\u00e1v\u00e1n\u00ed, za\u010dal p\u0159edn\u00e1\u0161et a \u0161kolit ji\u017e b\u011bhem studi\u00ed na Pre\u0161ovsk\u00e9 univerzit\u011b. V roce 2013 z\u00edskal zlat\u00fd certifik\u00e1t iTOP&hellip; Read more\" \/>\n<meta property=\"og:url\" content=\"https:\/\/www.kongresiti.cz\/2025\/prednasejici\/peter-kramarik\/\" \/>\n<meta property=\"og:site_name\" content=\"ITI kongres Bratislava 2025\" \/>\n<meta property=\"article:modified_time\" content=\"2025-07-21T15:25:57+00:00\" \/>\n<meta property=\"og:image\" content=\"https:\/\/www.kongresiti.cz\/2025\/wp-content\/uploads\/2025\/03\/cropped-cropped-kramarik-web.jpeg\" \/>\n<meta name=\"twitter:card\" content=\"summary_large_image\" \/>\n<meta name=\"twitter:label1\" content=\"Odhadovan\u00e1 doba \u010dten\u00ed\" \/>\n\t<meta name=\"twitter:data1\" content=\"1 minuta\" \/>\n<script type=\"application\/ld+json\" class=\"yoast-schema-graph\">{\"@context\":\"https:\/\/schema.org\",\"@graph\":[{\"@type\":\"WebPage\",\"@id\":\"https:\/\/www.kongresiti.cz\/2025\/prednasejici\/peter-kramarik\/\",\"url\":\"https:\/\/www.kongresiti.cz\/2025\/prednasejici\/peter-kramarik\/\",\"name\":\"Peter Kram\u00e1rik - ITI kongres Bratislava 2025\",\"isPartOf\":{\"@id\":\"https:\/\/www.kongresiti.cz\/2025\/#website\"},\"primaryImageOfPage\":{\"@id\":\"https:\/\/www.kongresiti.cz\/2025\/prednasejici\/peter-kramarik\/#primaryimage\"},\"image\":{\"@id\":\"https:\/\/www.kongresiti.cz\/2025\/prednasejici\/peter-kramarik\/#primaryimage\"},\"thumbnailUrl\":\"https:\/\/www.kongresiti.cz\/2025\/wp-content\/uploads\/2025\/03\/cropped-cropped-kramarik-web.jpeg\",\"datePublished\":\"2025-06-25T14:47:12+00:00\",\"dateModified\":\"2025-07-21T15:25:57+00:00\",\"breadcrumb\":{\"@id\":\"https:\/\/www.kongresiti.cz\/2025\/prednasejici\/peter-kramarik\/#breadcrumb\"},\"inLanguage\":\"cs\",\"potentialAction\":[{\"@type\":\"ReadAction\",\"target\":[\"https:\/\/www.kongresiti.cz\/2025\/prednasejici\/peter-kramarik\/\"]}]},{\"@type\":\"ImageObject\",\"inLanguage\":\"cs\",\"@id\":\"https:\/\/www.kongresiti.cz\/2025\/prednasejici\/peter-kramarik\/#primaryimage\",\"url\":\"https:\/\/www.kongresiti.cz\/2025\/wp-content\/uploads\/2025\/03\/cropped-cropped-kramarik-web.jpeg\",\"contentUrl\":\"https:\/\/www.kongresiti.cz\/2025\/wp-content\/uploads\/2025\/03\/cropped-cropped-kramarik-web.jpeg\",\"width\":593,\"height\":593},{\"@type\":\"BreadcrumbList\",\"@id\":\"https:\/\/www.kongresiti.cz\/2025\/prednasejici\/peter-kramarik\/#breadcrumb\",\"itemListElement\":[{\"@type\":\"ListItem\",\"position\":1,\"name\":\"Dom\u016f\",\"item\":\"https:\/\/www.kongresiti.cz\/2025\/\"},{\"@type\":\"ListItem\",\"position\":2,\"name\":\"P\u0159edn\u00e1\u0161ej\u00edc\u00ed\",\"item\":\"https:\/\/www.kongresiti.cz\/2025\/prednasejici\/\"},{\"@type\":\"ListItem\",\"position\":3,\"name\":\"Peter Kram\u00e1rik\"}]},{\"@type\":\"WebSite\",\"@id\":\"https:\/\/www.kongresiti.cz\/2025\/#website\",\"url\":\"https:\/\/www.kongresiti.cz\/2025\/\",\"name\":\"ITI kongres Bratislava 2025\",\"description\":\"Prvn\u00ed ITI kongres v \u010cesk\u00e9 a Slovensk\u00e9 republice\",\"publisher\":{\"@id\":\"https:\/\/www.kongresiti.cz\/2025\/#organization\"},\"potentialAction\":[{\"@type\":\"SearchAction\",\"target\":{\"@type\":\"EntryPoint\",\"urlTemplate\":\"https:\/\/www.kongresiti.cz\/2025\/?s={search_term_string}\"},\"query-input\":{\"@type\":\"PropertyValueSpecification\",\"valueRequired\":true,\"valueName\":\"search_term_string\"}}],\"inLanguage\":\"cs\"},{\"@type\":\"Organization\",\"@id\":\"https:\/\/www.kongresiti.cz\/2025\/#organization\",\"name\":\"ITI kongres Bratislava 2025\",\"url\":\"https:\/\/www.kongresiti.cz\/2025\/\",\"logo\":{\"@type\":\"ImageObject\",\"inLanguage\":\"cs\",\"@id\":\"https:\/\/www.kongresiti.cz\/2025\/#\/schema\/logo\/image\/\",\"url\":\"https:\/\/www.kongresiti.cz\/2025\/wp-content\/uploads\/2025\/06\/logo-ITI-Section-Czech-web.png\",\"contentUrl\":\"https:\/\/www.kongresiti.cz\/2025\/wp-content\/uploads\/2025\/06\/logo-ITI-Section-Czech-web.png\",\"width\":262,\"height\":111,\"caption\":\"ITI kongres Bratislava 2025\"},\"image\":{\"@id\":\"https:\/\/www.kongresiti.cz\/2025\/#\/schema\/logo\/image\/\"}}]}<\/script>\n<!-- \/ Yoast SEO plugin. -->","yoast_head_json":{"title":"Peter Kram\u00e1rik - ITI kongres Bratislava 2025","robots":{"index":"index","follow":"follow","max-snippet":"max-snippet:-1","max-image-preview":"max-image-preview:large","max-video-preview":"max-video-preview:-1"},"canonical":"https:\/\/www.kongresiti.cz\/2025\/prednasejici\/peter-kramarik\/","og_locale":"cs_CZ","og_type":"article","og_title":"Peter Kram\u00e1rik - ITI kongres Bratislava 2025","og_description":"Peter Kram\u00e1rik Dent\u00e1ln\u00ed hygienista s\u202f14letou prax\u00ed. Od po\u010d\u00e1tku sv\u00e9 kari\u00e9ry se intenzivn\u011b zaj\u00edm\u00e1 o l\u00e9\u010dbu parodontitidy, kter\u00e9 se v\u011bnuje dodnes. Miluje \u010dten\u00ed odborn\u00fdch studi\u00ed a neust\u00e1le usiluje o roz\u0161i\u0159ov\u00e1n\u00ed sv\u00fdch znalost\u00ed. Proto\u017ee ho stejn\u011b bav\u00ed i jejich p\u0159ed\u00e1v\u00e1n\u00ed, za\u010dal p\u0159edn\u00e1\u0161et a \u0161kolit ji\u017e b\u011bhem studi\u00ed na Pre\u0161ovsk\u00e9 univerzit\u011b. V roce 2013 z\u00edskal zlat\u00fd certifik\u00e1t iTOP&hellip; Read more","og_url":"https:\/\/www.kongresiti.cz\/2025\/prednasejici\/peter-kramarik\/","og_site_name":"ITI kongres Bratislava 2025","article_modified_time":"2025-07-21T15:25:57+00:00","og_image":[{"url":"https:\/\/www.kongresiti.cz\/2025\/wp-content\/uploads\/2025\/03\/cropped-cropped-kramarik-web.jpeg","type":"","width":"","height":""}],"twitter_card":"summary_large_image","twitter_misc":{"Odhadovan\u00e1 doba \u010dten\u00ed":"1 minuta"},"schema":{"@context":"https:\/\/schema.org","@graph":[{"@type":"WebPage","@id":"https:\/\/www.kongresiti.cz\/2025\/prednasejici\/peter-kramarik\/","url":"https:\/\/www.kongresiti.cz\/2025\/prednasejici\/peter-kramarik\/","name":"Peter Kram\u00e1rik - ITI kongres Bratislava 2025","isPartOf":{"@id":"https:\/\/www.kongresiti.cz\/2025\/#website"},"primaryImageOfPage":{"@id":"https:\/\/www.kongresiti.cz\/2025\/prednasejici\/peter-kramarik\/#primaryimage"},"image":{"@id":"https:\/\/www.kongresiti.cz\/2025\/prednasejici\/peter-kramarik\/#primaryimage"},"thumbnailUrl":"https:\/\/www.kongresiti.cz\/2025\/wp-content\/uploads\/2025\/03\/cropped-cropped-kramarik-web.jpeg","datePublished":"2025-06-25T14:47:12+00:00","dateModified":"2025-07-21T15:25:57+00:00","breadcrumb":{"@id":"https:\/\/www.kongresiti.cz\/2025\/prednasejici\/peter-kramarik\/#breadcrumb"},"inLanguage":"cs","potentialAction":[{"@type":"ReadAction","target":["https:\/\/www.kongresiti.cz\/2025\/prednasejici\/peter-kramarik\/"]}]},{"@type":"ImageObject","inLanguage":"cs","@id":"https:\/\/www.kongresiti.cz\/2025\/prednasejici\/peter-kramarik\/#primaryimage","url":"https:\/\/www.kongresiti.cz\/2025\/wp-content\/uploads\/2025\/03\/cropped-cropped-kramarik-web.jpeg","contentUrl":"https:\/\/www.kongresiti.cz\/2025\/wp-content\/uploads\/2025\/03\/cropped-cropped-kramarik-web.jpeg","width":593,"height":593},{"@type":"BreadcrumbList","@id":"https:\/\/www.kongresiti.cz\/2025\/prednasejici\/peter-kramarik\/#breadcrumb","itemListElement":[{"@type":"ListItem","position":1,"name":"Dom\u016f","item":"https:\/\/www.kongresiti.cz\/2025\/"},{"@type":"ListItem","position":2,"name":"P\u0159edn\u00e1\u0161ej\u00edc\u00ed","item":"https:\/\/www.kongresiti.cz\/2025\/prednasejici\/"},{"@type":"ListItem","position":3,"name":"Peter Kram\u00e1rik"}]},{"@type":"WebSite","@id":"https:\/\/www.kongresiti.cz\/2025\/#website","url":"https:\/\/www.kongresiti.cz\/2025\/","name":"ITI kongres Bratislava 2025","description":"Prvn\u00ed ITI kongres v \u010cesk\u00e9 a Slovensk\u00e9 republice","publisher":{"@id":"https:\/\/www.kongresiti.cz\/2025\/#organization"},"potentialAction":[{"@type":"SearchAction","target":{"@type":"EntryPoint","urlTemplate":"https:\/\/www.kongresiti.cz\/2025\/?s={search_term_string}"},"query-input":{"@type":"PropertyValueSpecification","valueRequired":true,"valueName":"search_term_string"}}],"inLanguage":"cs"},{"@type":"Organization","@id":"https:\/\/www.kongresiti.cz\/2025\/#organization","name":"ITI kongres Bratislava 2025","url":"https:\/\/www.kongresiti.cz\/2025\/","logo":{"@type":"ImageObject","inLanguage":"cs","@id":"https:\/\/www.kongresiti.cz\/2025\/#\/schema\/logo\/image\/","url":"https:\/\/www.kongresiti.cz\/2025\/wp-content\/uploads\/2025\/06\/logo-ITI-Section-Czech-web.png","contentUrl":"https:\/\/www.kongresiti.cz\/2025\/wp-content\/uploads\/2025\/06\/logo-ITI-Section-Czech-web.png","width":262,"height":111,"caption":"ITI kongres Bratislava 2025"},"image":{"@id":"https:\/\/www.kongresiti.cz\/2025\/#\/schema\/logo\/image\/"}}]}},"_links":{"self":[{"href":"https:\/\/www.kongresiti.cz\/2025\/wp-json\/wp\/v2\/pages\/1309","targetHints":{"allow":["GET"]}}],"collection":[{"href":"https:\/\/www.kongresiti.cz\/2025\/wp-json\/wp\/v2\/pages"}],"about":[{"href":"https:\/\/www.kongresiti.cz\/2025\/wp-json\/wp\/v2\/types\/page"}],"author":[{"embeddable":true,"href":"https:\/\/www.kongresiti.cz\/2025\/wp-json\/wp\/v2\/users\/1"}],"replies":[{"embeddable":true,"href":"https:\/\/www.kongresiti.cz\/2025\/wp-json\/wp\/v2\/comments?post=1309"}],"version-history":[{"count":1,"href":"https:\/\/www.kongresiti.cz\/2025\/wp-json\/wp\/v2\/pages\/1309\/revisions"}],"predecessor-version":[{"id":1788,"href":"https:\/\/www.kongresiti.cz\/2025\/wp-json\/wp\/v2\/pages\/1309\/revisions\/1788"}],"up":[{"embeddable":true,"href":"https:\/\/www.kongresiti.cz\/2025\/wp-json\/wp\/v2\/pages\/38"}],"wp:attachment":[{"href":"https:\/\/www.kongresiti.cz\/2025\/wp-json\/wp\/v2\/media?parent=1309"}],"curies":[{"name":"wp","href":"https:\/\/api.w.org\/{rel}","templated":true}]}}