{"id":1311,"date":"2025-06-25T16:47:54","date_gmt":"2025-06-25T14:47:54","guid":{"rendered":"https:\/\/www.kongresiti.cz\/2025\/?page_id=1311"},"modified":"2025-06-25T16:55:49","modified_gmt":"2025-06-25T14:55:49","slug":"rene-foltan","status":"publish","type":"page","link":"https:\/\/www.kongresiti.cz\/2025\/prednasejici\/rene-foltan\/","title":{"rendered":"Ren\u00e9 Folt\u00e1n"},"content":{"rendered":"<div  data-label=\"Content\" data-id=\"content--1\" data-export-id=\"content-12\" data-category=\"content\" class=\"content-12 content-section content-section-spacing\" id=\"content-1\" style=\"background-color: rgb(255, 255, 255);\"><div  class=\"gridContainer\"> <div  class=\"row text-center\"><div  class=\"section-title-col\" data-type=\"column\"> <h2  class=\"\">Ren\u00e9 Folt\u00e1n<\/h2> <p  class=\"lead\" style=\"text-align: left;\">Absolvoval obor Stomatologie na LF UK v Hradci Kr\u00e1lov\u00e9 v roce 1993 a obor V\u0161eobecn\u00e9 l\u00e9ka\u0159stv\u00ed na t\u00e9\u017ee fakult\u011b v roce 1998, proto titul MUDr. et MUDr.<br >\nOd roku 1994 pracuje na pln\u00fd \u00favazek na Stomatologick\u00e9 klinice 1. LF UK a VFN v Praze, kde je p\u0159ednostou.<br >\nSoukrom\u00e9 praxi v oboru \u00fastn\u00ed, \u010delistn\u00ed a obli\u010dejov\u00e9 chirurgie se v\u011bnuje od roku 1996. Implantologii se aktivn\u011b zab\u00fdv\u00e1 od roku 1997 a zav\u00e1d\u011bn\u00ed \u0161v\u00e9dsk\u00fdch implant\u00e1t\u016f Branemark od roku 1998 \u2013 jako jeden z prvn\u00edch v \u010cR.<br >\nPracoval na Univerzitn\u00edch klinice ve \u0161v\u00fdcarsk\u00e9m Curychu a na Dep. Oral and Maxillofacial Surgery v anglick\u00e9m Guildfordu.<br >\nUsilovn\u011b se tak\u00e9 v\u011bnuje v\u00fdzkumu , \u010deho\u017e d\u016fkazem jsou \u00fasp\u011b\u0161n\u011b obh\u00e1jen\u00e9 granty na MZ \u010cR a objem a kvalita jeho publika\u010dn\u00ed \u010dinnosti s mnoha \u010dl\u00e1nky ve v\u00fdznamn\u00fdch zahrani\u010dn\u00edch \u010dasopisech. A tak\u00e9 jeho rozs\u00e1hl\u00e1 p\u0159edn\u00e1\u0161kov\u00e1 \u010dinnost nejen v \u010cech\u00e1ch , ale i v zahrani\u010d\u00ed.<br >\nAktivn\u011b se pod\u00edl\u00ed na pregradu\u00e1ln\u00ed v\u00fduce jak stomatologie tak i v\u0161eobecn\u00e9ho l\u00e9ka\u0159stv\u00ed na 1. l\u00e9ka\u0159sk\u00e9 fakult\u011b Univerzity Karlovy v Praze. Je zapojen tak\u00e9 do postgradu\u00e1ln\u00ed v\u00fduky v oboru \u00fastn\u00ed, \u010delistn\u00ed a obli\u010dejov\u00e9 chirurgie v r\u00e1mci Univerzity Karlovy a Institutu pro dal\u0161\u00ed vzd\u011bl\u00e1v\u00e1n\u00ed l\u00e9ka\u0159\u016f a farmaceut\u016f.<br >\nI p\u0159esto se st\u00e1le neust\u00e1le aktivn\u011b vzd\u011bl\u00e1v\u00e1 pro co\u017e sv\u011bd\u010d\u00ed tak\u00e9 velk\u00e9 mno\u017estv\u00ed kongres\u016f, kter\u00e9 ka\u017edoro\u010dn\u011b nav\u0161t\u011bvuje a na kter\u00fdch aktivn\u011b vystupuje.<\/p><img  decoding=\"async\" class=\"custom-image\" src=\"https:\/\/www.kongresiti.cz\/2025\/wp-content\/uploads\/2025\/06\/cropped-cropped-Rene-Foltan-web.jpg\" title=\"cropped-cropped-Rene-Foltan-web.jpg\" alt=\"\"><\/div> <\/div> <div  class=\"row center-xs middle-xs\"> <div  class=\"col-sm-9\" data-type=\"column\"><div  data-editable=\"true\" data-name=\"ope-widgets-area\" data-content-shortcode=\"mesmerize_display_widgets_area id=&quot;mesmerize_users_custom_widgets_areas_5&quot; \" class=\"\"><div data-name=\"mesmerize-widgets-area\"><div id=\"block-14\" class=\"widget widget_block\"><style>\n.mesmerize-language-switcher, #wpadminbar {display: none !important}\n.site>.page-content.landing {justify-content: start;}\nbody.custom-background {background-image: none;}\n.site {min-height: auto;}\nhtml {margin-top: 0 !important}\n\n<\/style><\/div><\/div><\/div> <\/div> <\/div><\/div> <\/div>","protected":false},"excerpt":{"rendered":"<p>Ren\u00e9 Folt\u00e1n Absolvoval obor Stomatologie na LF UK v Hradci Kr\u00e1lov\u00e9 v roce 1993 a obor V\u0161eobecn\u00e9 l\u00e9ka\u0159stv\u00ed na t\u00e9\u017ee fakult\u011b v roce 1998, proto titul MUDr. et MUDr. Od roku 1994 pracuje na pln\u00fd \u00favazek na Stomatologick\u00e9 klinice 1. LF UK a VFN v Praze, kde je p\u0159ednostou. Soukrom\u00e9 praxi v oboru \u00fastn\u00ed, \u010delistn\u00ed&hellip; <br \/> <a class=\"read-more\" href=\"https:\/\/www.kongresiti.cz\/2025\/prednasejici\/rene-foltan\/\">Read more<\/a><\/p>\n","protected":false},"author":1,"featured_media":0,"parent":38,"menu_order":0,"comment_status":"closed","ping_status":"closed","template":"pro\/page-templates\/landing-page.php","meta":{"footnotes":""},"class_list":["post-1311","page","type-page","status-publish","hentry"],"yoast_head":"<!-- This site is optimized with the Yoast SEO plugin v26.1.1 - https:\/\/yoast.com\/wordpress\/plugins\/seo\/ -->\n<title>Ren\u00e9 Folt\u00e1n - ITI kongres Bratislava 2025<\/title>\n<meta name=\"robots\" content=\"index, follow, max-snippet:-1, max-image-preview:large, max-video-preview:-1\" \/>\n<link rel=\"canonical\" href=\"https:\/\/www.kongresiti.cz\/2025\/prednasejici\/rene-foltan\/\" \/>\n<meta property=\"og:locale\" content=\"cs_CZ\" \/>\n<meta property=\"og:type\" content=\"article\" \/>\n<meta property=\"og:title\" content=\"Ren\u00e9 Folt\u00e1n - ITI kongres Bratislava 2025\" \/>\n<meta property=\"og:description\" content=\"Ren\u00e9 Folt\u00e1n Absolvoval obor Stomatologie na LF UK v Hradci Kr\u00e1lov\u00e9 v roce 1993 a obor V\u0161eobecn\u00e9 l\u00e9ka\u0159stv\u00ed na t\u00e9\u017ee fakult\u011b v roce 1998, proto titul MUDr. et MUDr. Od roku 1994 pracuje na pln\u00fd \u00favazek na Stomatologick\u00e9 klinice 1. LF UK a VFN v Praze, kde je p\u0159ednostou. Soukrom\u00e9 praxi v oboru \u00fastn\u00ed, \u010delistn\u00ed&hellip; Read more\" \/>\n<meta property=\"og:url\" content=\"https:\/\/www.kongresiti.cz\/2025\/prednasejici\/rene-foltan\/\" \/>\n<meta property=\"og:site_name\" content=\"ITI kongres Bratislava 2025\" \/>\n<meta property=\"article:modified_time\" content=\"2025-06-25T14:55:49+00:00\" \/>\n<meta property=\"og:image\" content=\"https:\/\/www.kongresiti.cz\/2025\/wp-content\/uploads\/2025\/06\/cropped-cropped-Rene-Foltan-web.jpg\" \/>\n<meta name=\"twitter:card\" content=\"summary_large_image\" \/>\n<meta name=\"twitter:label1\" content=\"Odhadovan\u00e1 doba \u010dten\u00ed\" \/>\n\t<meta name=\"twitter:data1\" content=\"1 minuta\" \/>\n<script type=\"application\/ld+json\" class=\"yoast-schema-graph\">{\"@context\":\"https:\/\/schema.org\",\"@graph\":[{\"@type\":\"WebPage\",\"@id\":\"https:\/\/www.kongresiti.cz\/2025\/prednasejici\/rene-foltan\/\",\"url\":\"https:\/\/www.kongresiti.cz\/2025\/prednasejici\/rene-foltan\/\",\"name\":\"Ren\u00e9 Folt\u00e1n - ITI kongres Bratislava 2025\",\"isPartOf\":{\"@id\":\"https:\/\/www.kongresiti.cz\/2025\/#website\"},\"primaryImageOfPage\":{\"@id\":\"https:\/\/www.kongresiti.cz\/2025\/prednasejici\/rene-foltan\/#primaryimage\"},\"image\":{\"@id\":\"https:\/\/www.kongresiti.cz\/2025\/prednasejici\/rene-foltan\/#primaryimage\"},\"thumbnailUrl\":\"https:\/\/www.kongresiti.cz\/2025\/wp-content\/uploads\/2025\/06\/cropped-cropped-Rene-Foltan-web.jpg\",\"datePublished\":\"2025-06-25T14:47:54+00:00\",\"dateModified\":\"2025-06-25T14:55:49+00:00\",\"breadcrumb\":{\"@id\":\"https:\/\/www.kongresiti.cz\/2025\/prednasejici\/rene-foltan\/#breadcrumb\"},\"inLanguage\":\"cs\",\"potentialAction\":[{\"@type\":\"ReadAction\",\"target\":[\"https:\/\/www.kongresiti.cz\/2025\/prednasejici\/rene-foltan\/\"]}]},{\"@type\":\"ImageObject\",\"inLanguage\":\"cs\",\"@id\":\"https:\/\/www.kongresiti.cz\/2025\/prednasejici\/rene-foltan\/#primaryimage\",\"url\":\"https:\/\/www.kongresiti.cz\/2025\/wp-content\/uploads\/2025\/06\/cropped-cropped-Rene-Foltan-web.jpg\",\"contentUrl\":\"https:\/\/www.kongresiti.cz\/2025\/wp-content\/uploads\/2025\/06\/cropped-cropped-Rene-Foltan-web.jpg\",\"width\":593,\"height\":593},{\"@type\":\"BreadcrumbList\",\"@id\":\"https:\/\/www.kongresiti.cz\/2025\/prednasejici\/rene-foltan\/#breadcrumb\",\"itemListElement\":[{\"@type\":\"ListItem\",\"position\":1,\"name\":\"Dom\u016f\",\"item\":\"https:\/\/www.kongresiti.cz\/2025\/\"},{\"@type\":\"ListItem\",\"position\":2,\"name\":\"P\u0159edn\u00e1\u0161ej\u00edc\u00ed\",\"item\":\"https:\/\/www.kongresiti.cz\/2025\/prednasejici\/\"},{\"@type\":\"ListItem\",\"position\":3,\"name\":\"Ren\u00e9 Folt\u00e1n\"}]},{\"@type\":\"WebSite\",\"@id\":\"https:\/\/www.kongresiti.cz\/2025\/#website\",\"url\":\"https:\/\/www.kongresiti.cz\/2025\/\",\"name\":\"ITI kongres Bratislava 2025\",\"description\":\"Prvn\u00ed ITI kongres v \u010cesk\u00e9 a Slovensk\u00e9 republice\",\"publisher\":{\"@id\":\"https:\/\/www.kongresiti.cz\/2025\/#organization\"},\"potentialAction\":[{\"@type\":\"SearchAction\",\"target\":{\"@type\":\"EntryPoint\",\"urlTemplate\":\"https:\/\/www.kongresiti.cz\/2025\/?s={search_term_string}\"},\"query-input\":{\"@type\":\"PropertyValueSpecification\",\"valueRequired\":true,\"valueName\":\"search_term_string\"}}],\"inLanguage\":\"cs\"},{\"@type\":\"Organization\",\"@id\":\"https:\/\/www.kongresiti.cz\/2025\/#organization\",\"name\":\"ITI kongres Bratislava 2025\",\"url\":\"https:\/\/www.kongresiti.cz\/2025\/\",\"logo\":{\"@type\":\"ImageObject\",\"inLanguage\":\"cs\",\"@id\":\"https:\/\/www.kongresiti.cz\/2025\/#\/schema\/logo\/image\/\",\"url\":\"https:\/\/www.kongresiti.cz\/2025\/wp-content\/uploads\/2025\/06\/logo-ITI-Section-Czech-web.png\",\"contentUrl\":\"https:\/\/www.kongresiti.cz\/2025\/wp-content\/uploads\/2025\/06\/logo-ITI-Section-Czech-web.png\",\"width\":262,\"height\":111,\"caption\":\"ITI kongres Bratislava 2025\"},\"image\":{\"@id\":\"https:\/\/www.kongresiti.cz\/2025\/#\/schema\/logo\/image\/\"}}]}<\/script>\n<!-- \/ Yoast SEO plugin. -->","yoast_head_json":{"title":"Ren\u00e9 Folt\u00e1n - ITI kongres Bratislava 2025","robots":{"index":"index","follow":"follow","max-snippet":"max-snippet:-1","max-image-preview":"max-image-preview:large","max-video-preview":"max-video-preview:-1"},"canonical":"https:\/\/www.kongresiti.cz\/2025\/prednasejici\/rene-foltan\/","og_locale":"cs_CZ","og_type":"article","og_title":"Ren\u00e9 Folt\u00e1n - ITI kongres Bratislava 2025","og_description":"Ren\u00e9 Folt\u00e1n Absolvoval obor Stomatologie na LF UK v Hradci Kr\u00e1lov\u00e9 v roce 1993 a obor V\u0161eobecn\u00e9 l\u00e9ka\u0159stv\u00ed na t\u00e9\u017ee fakult\u011b v roce 1998, proto titul MUDr. et MUDr. Od roku 1994 pracuje na pln\u00fd \u00favazek na Stomatologick\u00e9 klinice 1. LF UK a VFN v Praze, kde je p\u0159ednostou. Soukrom\u00e9 praxi v oboru \u00fastn\u00ed, \u010delistn\u00ed&hellip; Read more","og_url":"https:\/\/www.kongresiti.cz\/2025\/prednasejici\/rene-foltan\/","og_site_name":"ITI kongres Bratislava 2025","article_modified_time":"2025-06-25T14:55:49+00:00","og_image":[{"url":"https:\/\/www.kongresiti.cz\/2025\/wp-content\/uploads\/2025\/06\/cropped-cropped-Rene-Foltan-web.jpg","type":"","width":"","height":""}],"twitter_card":"summary_large_image","twitter_misc":{"Odhadovan\u00e1 doba \u010dten\u00ed":"1 minuta"},"schema":{"@context":"https:\/\/schema.org","@graph":[{"@type":"WebPage","@id":"https:\/\/www.kongresiti.cz\/2025\/prednasejici\/rene-foltan\/","url":"https:\/\/www.kongresiti.cz\/2025\/prednasejici\/rene-foltan\/","name":"Ren\u00e9 Folt\u00e1n - ITI kongres Bratislava 2025","isPartOf":{"@id":"https:\/\/www.kongresiti.cz\/2025\/#website"},"primaryImageOfPage":{"@id":"https:\/\/www.kongresiti.cz\/2025\/prednasejici\/rene-foltan\/#primaryimage"},"image":{"@id":"https:\/\/www.kongresiti.cz\/2025\/prednasejici\/rene-foltan\/#primaryimage"},"thumbnailUrl":"https:\/\/www.kongresiti.cz\/2025\/wp-content\/uploads\/2025\/06\/cropped-cropped-Rene-Foltan-web.jpg","datePublished":"2025-06-25T14:47:54+00:00","dateModified":"2025-06-25T14:55:49+00:00","breadcrumb":{"@id":"https:\/\/www.kongresiti.cz\/2025\/prednasejici\/rene-foltan\/#breadcrumb"},"inLanguage":"cs","potentialAction":[{"@type":"ReadAction","target":["https:\/\/www.kongresiti.cz\/2025\/prednasejici\/rene-foltan\/"]}]},{"@type":"ImageObject","inLanguage":"cs","@id":"https:\/\/www.kongresiti.cz\/2025\/prednasejici\/rene-foltan\/#primaryimage","url":"https:\/\/www.kongresiti.cz\/2025\/wp-content\/uploads\/2025\/06\/cropped-cropped-Rene-Foltan-web.jpg","contentUrl":"https:\/\/www.kongresiti.cz\/2025\/wp-content\/uploads\/2025\/06\/cropped-cropped-Rene-Foltan-web.jpg","width":593,"height":593},{"@type":"BreadcrumbList","@id":"https:\/\/www.kongresiti.cz\/2025\/prednasejici\/rene-foltan\/#breadcrumb","itemListElement":[{"@type":"ListItem","position":1,"name":"Dom\u016f","item":"https:\/\/www.kongresiti.cz\/2025\/"},{"@type":"ListItem","position":2,"name":"P\u0159edn\u00e1\u0161ej\u00edc\u00ed","item":"https:\/\/www.kongresiti.cz\/2025\/prednasejici\/"},{"@type":"ListItem","position":3,"name":"Ren\u00e9 Folt\u00e1n"}]},{"@type":"WebSite","@id":"https:\/\/www.kongresiti.cz\/2025\/#website","url":"https:\/\/www.kongresiti.cz\/2025\/","name":"ITI kongres Bratislava 2025","description":"Prvn\u00ed ITI kongres v \u010cesk\u00e9 a Slovensk\u00e9 republice","publisher":{"@id":"https:\/\/www.kongresiti.cz\/2025\/#organization"},"potentialAction":[{"@type":"SearchAction","target":{"@type":"EntryPoint","urlTemplate":"https:\/\/www.kongresiti.cz\/2025\/?s={search_term_string}"},"query-input":{"@type":"PropertyValueSpecification","valueRequired":true,"valueName":"search_term_string"}}],"inLanguage":"cs"},{"@type":"Organization","@id":"https:\/\/www.kongresiti.cz\/2025\/#organization","name":"ITI kongres Bratislava 2025","url":"https:\/\/www.kongresiti.cz\/2025\/","logo":{"@type":"ImageObject","inLanguage":"cs","@id":"https:\/\/www.kongresiti.cz\/2025\/#\/schema\/logo\/image\/","url":"https:\/\/www.kongresiti.cz\/2025\/wp-content\/uploads\/2025\/06\/logo-ITI-Section-Czech-web.png","contentUrl":"https:\/\/www.kongresiti.cz\/2025\/wp-content\/uploads\/2025\/06\/logo-ITI-Section-Czech-web.png","width":262,"height":111,"caption":"ITI kongres Bratislava 2025"},"image":{"@id":"https:\/\/www.kongresiti.cz\/2025\/#\/schema\/logo\/image\/"}}]}},"_links":{"self":[{"href":"https:\/\/www.kongresiti.cz\/2025\/wp-json\/wp\/v2\/pages\/1311","targetHints":{"allow":["GET"]}}],"collection":[{"href":"https:\/\/www.kongresiti.cz\/2025\/wp-json\/wp\/v2\/pages"}],"about":[{"href":"https:\/\/www.kongresiti.cz\/2025\/wp-json\/wp\/v2\/types\/page"}],"author":[{"embeddable":true,"href":"https:\/\/www.kongresiti.cz\/2025\/wp-json\/wp\/v2\/users\/1"}],"replies":[{"embeddable":true,"href":"https:\/\/www.kongresiti.cz\/2025\/wp-json\/wp\/v2\/comments?post=1311"}],"version-history":[{"count":0,"href":"https:\/\/www.kongresiti.cz\/2025\/wp-json\/wp\/v2\/pages\/1311\/revisions"}],"up":[{"embeddable":true,"href":"https:\/\/www.kongresiti.cz\/2025\/wp-json\/wp\/v2\/pages\/38"}],"wp:attachment":[{"href":"https:\/\/www.kongresiti.cz\/2025\/wp-json\/wp\/v2\/media?parent=1311"}],"curies":[{"name":"wp","href":"https:\/\/api.w.org\/{rel}","templated":true}]}}