{"id":1315,"date":"2025-06-25T16:48:40","date_gmt":"2025-06-25T14:48:40","guid":{"rendered":"https:\/\/www.kongresiti.cz\/2025\/?page_id=1315"},"modified":"2025-07-21T17:21:36","modified_gmt":"2025-07-21T15:21:36","slug":"simon-belak","status":"publish","type":"page","link":"https:\/\/www.kongresiti.cz\/2025\/prednasejici\/simon-belak\/","title":{"rendered":"\u0160imon Bel\u00e1k"},"content":{"rendered":"<div  data-label=\"Content\" data-id=\"content--1\" data-export-id=\"content-12\" data-category=\"content\" class=\"content-12 content-section content-section-spacing\" id=\"content-1\" style=\"background-color: rgb(255, 255, 255);\"><div  class=\"gridContainer\"> <div  class=\"row text-center\"><div  class=\"section-title-col\" data-type=\"column\"> <h2  class=\"\">\u0160imon Bel\u00e1k<\/h2> <p  class=\"lead\" style=\"text-align: left;\">V roce 2016 absolvoval studium zubn\u00edho l\u00e9ka\u0159stv\u00ed na L\u00e9ka\u0159sk\u00e9 fakult\u011b Univerzity Palack\u00e9ho v Olomouci, kde pozd\u011bji z\u00edskal tak\u00e9 titul Ph.D. V sou\u010dasnosti p\u016fsob\u00ed v soukrom\u00fdch prax\u00edch v \u017dilin\u011b a Olomouci a nad\u00e1le se aktivn\u011b v\u011bnuje v\u00fduce student\u016f. Jeho odborn\u00fd z\u00e1jem je zam\u011b\u0159en na mezioborovou spolupr\u00e1ci, se specializac\u00ed na parodontologii, dentoalveol\u00e1rn\u00ed chirurgii a implantologii. Je autorem \u010di spoluautorem \u0159ady odborn\u00fdch \u010dl\u00e1nk\u016f a p\u0159edn\u00e1\u0161ek. Je \u010dlenem ITI (International Team for Implantology), \u010cesk\u00e9 spole\u010dnosti parodontologie, \u010cesk\u00e9 akademie dent\u00e1ln\u00ed estetiky a aktivn\u00edm lektorem Blanc Academy.<\/p><img  decoding=\"async\" class=\"custom-image\" src=\"https:\/\/www.kongresiti.cz\/2025\/wp-content\/uploads\/2025\/03\/cropped-cropped-Belak-web.jpg\" title=\"cropped-cropped-Belak-web.jpg\" alt=\"\"><\/div> <\/div> <div  class=\"row center-xs middle-xs\"> <div  class=\"col-sm-9\" data-type=\"column\"><div  data-editable=\"true\" data-name=\"ope-widgets-area\" data-content-shortcode=\"mesmerize_display_widgets_area id=&quot;mesmerize_users_custom_widgets_areas_5&quot; \" class=\"\"><div data-name=\"mesmerize-widgets-area\"><div id=\"block-14\" class=\"widget widget_block\"><style>\n.mesmerize-language-switcher, #wpadminbar {display: none !important}\n.site>.page-content.landing {justify-content: start;}\nbody.custom-background {background-image: none;}\n.site {min-height: auto;}\nhtml {margin-top: 0 !important}\n\n<\/style><\/div><\/div><\/div> <\/div> <\/div><\/div> <\/div>","protected":false},"excerpt":{"rendered":"<p>\u0160imon Bel\u00e1k V roce 2016 absolvoval studium zubn\u00edho l\u00e9ka\u0159stv\u00ed na L\u00e9ka\u0159sk\u00e9 fakult\u011b Univerzity Palack\u00e9ho v Olomouci, kde pozd\u011bji z\u00edskal tak\u00e9 titul Ph.D. V sou\u010dasnosti p\u016fsob\u00ed v soukrom\u00fdch prax\u00edch v \u017dilin\u011b a Olomouci a nad\u00e1le se aktivn\u011b v\u011bnuje v\u00fduce student\u016f. Jeho odborn\u00fd z\u00e1jem je zam\u011b\u0159en na mezioborovou spolupr\u00e1ci, se specializac\u00ed na parodontologii, dentoalveol\u00e1rn\u00ed chirurgii a implantologii.&hellip; <br \/> <a class=\"read-more\" href=\"https:\/\/www.kongresiti.cz\/2025\/prednasejici\/simon-belak\/\">Read more<\/a><\/p>\n","protected":false},"author":1,"featured_media":0,"parent":38,"menu_order":0,"comment_status":"closed","ping_status":"closed","template":"pro\/page-templates\/landing-page.php","meta":{"footnotes":""},"class_list":["post-1315","page","type-page","status-publish","hentry"],"yoast_head":"<!-- This site is optimized with the Yoast SEO plugin v26.1.1 - https:\/\/yoast.com\/wordpress\/plugins\/seo\/ -->\n<title>\u0160imon Bel\u00e1k - ITI kongres Bratislava 2025<\/title>\n<meta name=\"robots\" content=\"index, follow, max-snippet:-1, max-image-preview:large, max-video-preview:-1\" \/>\n<link rel=\"canonical\" href=\"https:\/\/www.kongresiti.cz\/2025\/prednasejici\/simon-belak\/\" \/>\n<meta property=\"og:locale\" content=\"cs_CZ\" \/>\n<meta property=\"og:type\" content=\"article\" \/>\n<meta property=\"og:title\" content=\"\u0160imon Bel\u00e1k - ITI kongres Bratislava 2025\" \/>\n<meta property=\"og:description\" content=\"\u0160imon Bel\u00e1k V roce 2016 absolvoval studium zubn\u00edho l\u00e9ka\u0159stv\u00ed na L\u00e9ka\u0159sk\u00e9 fakult\u011b Univerzity Palack\u00e9ho v Olomouci, kde pozd\u011bji z\u00edskal tak\u00e9 titul Ph.D. V sou\u010dasnosti p\u016fsob\u00ed v soukrom\u00fdch prax\u00edch v \u017dilin\u011b a Olomouci a nad\u00e1le se aktivn\u011b v\u011bnuje v\u00fduce student\u016f. Jeho odborn\u00fd z\u00e1jem je zam\u011b\u0159en na mezioborovou spolupr\u00e1ci, se specializac\u00ed na parodontologii, dentoalveol\u00e1rn\u00ed chirurgii a implantologii.&hellip; Read more\" \/>\n<meta property=\"og:url\" content=\"https:\/\/www.kongresiti.cz\/2025\/prednasejici\/simon-belak\/\" \/>\n<meta property=\"og:site_name\" content=\"ITI kongres Bratislava 2025\" \/>\n<meta property=\"article:modified_time\" content=\"2025-07-21T15:21:36+00:00\" \/>\n<meta property=\"og:image\" content=\"https:\/\/www.kongresiti.cz\/2025\/wp-content\/uploads\/2025\/03\/cropped-cropped-Belak-web.jpg\" \/>\n<meta name=\"twitter:card\" content=\"summary_large_image\" \/>\n<meta name=\"twitter:label1\" content=\"Odhadovan\u00e1 doba \u010dten\u00ed\" \/>\n\t<meta name=\"twitter:data1\" content=\"1 minuta\" \/>\n<script type=\"application\/ld+json\" class=\"yoast-schema-graph\">{\"@context\":\"https:\/\/schema.org\",\"@graph\":[{\"@type\":\"WebPage\",\"@id\":\"https:\/\/www.kongresiti.cz\/2025\/prednasejici\/simon-belak\/\",\"url\":\"https:\/\/www.kongresiti.cz\/2025\/prednasejici\/simon-belak\/\",\"name\":\"\u0160imon Bel\u00e1k - ITI kongres Bratislava 2025\",\"isPartOf\":{\"@id\":\"https:\/\/www.kongresiti.cz\/2025\/#website\"},\"primaryImageOfPage\":{\"@id\":\"https:\/\/www.kongresiti.cz\/2025\/prednasejici\/simon-belak\/#primaryimage\"},\"image\":{\"@id\":\"https:\/\/www.kongresiti.cz\/2025\/prednasejici\/simon-belak\/#primaryimage\"},\"thumbnailUrl\":\"https:\/\/www.kongresiti.cz\/2025\/wp-content\/uploads\/2025\/03\/cropped-cropped-Belak-web.jpg\",\"datePublished\":\"2025-06-25T14:48:40+00:00\",\"dateModified\":\"2025-07-21T15:21:36+00:00\",\"breadcrumb\":{\"@id\":\"https:\/\/www.kongresiti.cz\/2025\/prednasejici\/simon-belak\/#breadcrumb\"},\"inLanguage\":\"cs\",\"potentialAction\":[{\"@type\":\"ReadAction\",\"target\":[\"https:\/\/www.kongresiti.cz\/2025\/prednasejici\/simon-belak\/\"]}]},{\"@type\":\"ImageObject\",\"inLanguage\":\"cs\",\"@id\":\"https:\/\/www.kongresiti.cz\/2025\/prednasejici\/simon-belak\/#primaryimage\",\"url\":\"https:\/\/www.kongresiti.cz\/2025\/wp-content\/uploads\/2025\/03\/cropped-cropped-Belak-web.jpg\",\"contentUrl\":\"https:\/\/www.kongresiti.cz\/2025\/wp-content\/uploads\/2025\/03\/cropped-cropped-Belak-web.jpg\",\"width\":593,\"height\":593},{\"@type\":\"BreadcrumbList\",\"@id\":\"https:\/\/www.kongresiti.cz\/2025\/prednasejici\/simon-belak\/#breadcrumb\",\"itemListElement\":[{\"@type\":\"ListItem\",\"position\":1,\"name\":\"Dom\u016f\",\"item\":\"https:\/\/www.kongresiti.cz\/2025\/\"},{\"@type\":\"ListItem\",\"position\":2,\"name\":\"P\u0159edn\u00e1\u0161ej\u00edc\u00ed\",\"item\":\"https:\/\/www.kongresiti.cz\/2025\/prednasejici\/\"},{\"@type\":\"ListItem\",\"position\":3,\"name\":\"\u0160imon Bel\u00e1k\"}]},{\"@type\":\"WebSite\",\"@id\":\"https:\/\/www.kongresiti.cz\/2025\/#website\",\"url\":\"https:\/\/www.kongresiti.cz\/2025\/\",\"name\":\"ITI kongres Bratislava 2025\",\"description\":\"Prvn\u00ed ITI kongres v \u010cesk\u00e9 a Slovensk\u00e9 republice\",\"publisher\":{\"@id\":\"https:\/\/www.kongresiti.cz\/2025\/#organization\"},\"potentialAction\":[{\"@type\":\"SearchAction\",\"target\":{\"@type\":\"EntryPoint\",\"urlTemplate\":\"https:\/\/www.kongresiti.cz\/2025\/?s={search_term_string}\"},\"query-input\":{\"@type\":\"PropertyValueSpecification\",\"valueRequired\":true,\"valueName\":\"search_term_string\"}}],\"inLanguage\":\"cs\"},{\"@type\":\"Organization\",\"@id\":\"https:\/\/www.kongresiti.cz\/2025\/#organization\",\"name\":\"ITI kongres Bratislava 2025\",\"url\":\"https:\/\/www.kongresiti.cz\/2025\/\",\"logo\":{\"@type\":\"ImageObject\",\"inLanguage\":\"cs\",\"@id\":\"https:\/\/www.kongresiti.cz\/2025\/#\/schema\/logo\/image\/\",\"url\":\"https:\/\/www.kongresiti.cz\/2025\/wp-content\/uploads\/2025\/06\/logo-ITI-Section-Czech-web.png\",\"contentUrl\":\"https:\/\/www.kongresiti.cz\/2025\/wp-content\/uploads\/2025\/06\/logo-ITI-Section-Czech-web.png\",\"width\":262,\"height\":111,\"caption\":\"ITI kongres Bratislava 2025\"},\"image\":{\"@id\":\"https:\/\/www.kongresiti.cz\/2025\/#\/schema\/logo\/image\/\"}}]}<\/script>\n<!-- \/ Yoast SEO plugin. -->","yoast_head_json":{"title":"\u0160imon Bel\u00e1k - ITI kongres Bratislava 2025","robots":{"index":"index","follow":"follow","max-snippet":"max-snippet:-1","max-image-preview":"max-image-preview:large","max-video-preview":"max-video-preview:-1"},"canonical":"https:\/\/www.kongresiti.cz\/2025\/prednasejici\/simon-belak\/","og_locale":"cs_CZ","og_type":"article","og_title":"\u0160imon Bel\u00e1k - ITI kongres Bratislava 2025","og_description":"\u0160imon Bel\u00e1k V roce 2016 absolvoval studium zubn\u00edho l\u00e9ka\u0159stv\u00ed na L\u00e9ka\u0159sk\u00e9 fakult\u011b Univerzity Palack\u00e9ho v Olomouci, kde pozd\u011bji z\u00edskal tak\u00e9 titul Ph.D. V sou\u010dasnosti p\u016fsob\u00ed v soukrom\u00fdch prax\u00edch v \u017dilin\u011b a Olomouci a nad\u00e1le se aktivn\u011b v\u011bnuje v\u00fduce student\u016f. Jeho odborn\u00fd z\u00e1jem je zam\u011b\u0159en na mezioborovou spolupr\u00e1ci, se specializac\u00ed na parodontologii, dentoalveol\u00e1rn\u00ed chirurgii a implantologii.&hellip; Read more","og_url":"https:\/\/www.kongresiti.cz\/2025\/prednasejici\/simon-belak\/","og_site_name":"ITI kongres Bratislava 2025","article_modified_time":"2025-07-21T15:21:36+00:00","og_image":[{"url":"https:\/\/www.kongresiti.cz\/2025\/wp-content\/uploads\/2025\/03\/cropped-cropped-Belak-web.jpg","type":"","width":"","height":""}],"twitter_card":"summary_large_image","twitter_misc":{"Odhadovan\u00e1 doba \u010dten\u00ed":"1 minuta"},"schema":{"@context":"https:\/\/schema.org","@graph":[{"@type":"WebPage","@id":"https:\/\/www.kongresiti.cz\/2025\/prednasejici\/simon-belak\/","url":"https:\/\/www.kongresiti.cz\/2025\/prednasejici\/simon-belak\/","name":"\u0160imon Bel\u00e1k - ITI kongres Bratislava 2025","isPartOf":{"@id":"https:\/\/www.kongresiti.cz\/2025\/#website"},"primaryImageOfPage":{"@id":"https:\/\/www.kongresiti.cz\/2025\/prednasejici\/simon-belak\/#primaryimage"},"image":{"@id":"https:\/\/www.kongresiti.cz\/2025\/prednasejici\/simon-belak\/#primaryimage"},"thumbnailUrl":"https:\/\/www.kongresiti.cz\/2025\/wp-content\/uploads\/2025\/03\/cropped-cropped-Belak-web.jpg","datePublished":"2025-06-25T14:48:40+00:00","dateModified":"2025-07-21T15:21:36+00:00","breadcrumb":{"@id":"https:\/\/www.kongresiti.cz\/2025\/prednasejici\/simon-belak\/#breadcrumb"},"inLanguage":"cs","potentialAction":[{"@type":"ReadAction","target":["https:\/\/www.kongresiti.cz\/2025\/prednasejici\/simon-belak\/"]}]},{"@type":"ImageObject","inLanguage":"cs","@id":"https:\/\/www.kongresiti.cz\/2025\/prednasejici\/simon-belak\/#primaryimage","url":"https:\/\/www.kongresiti.cz\/2025\/wp-content\/uploads\/2025\/03\/cropped-cropped-Belak-web.jpg","contentUrl":"https:\/\/www.kongresiti.cz\/2025\/wp-content\/uploads\/2025\/03\/cropped-cropped-Belak-web.jpg","width":593,"height":593},{"@type":"BreadcrumbList","@id":"https:\/\/www.kongresiti.cz\/2025\/prednasejici\/simon-belak\/#breadcrumb","itemListElement":[{"@type":"ListItem","position":1,"name":"Dom\u016f","item":"https:\/\/www.kongresiti.cz\/2025\/"},{"@type":"ListItem","position":2,"name":"P\u0159edn\u00e1\u0161ej\u00edc\u00ed","item":"https:\/\/www.kongresiti.cz\/2025\/prednasejici\/"},{"@type":"ListItem","position":3,"name":"\u0160imon Bel\u00e1k"}]},{"@type":"WebSite","@id":"https:\/\/www.kongresiti.cz\/2025\/#website","url":"https:\/\/www.kongresiti.cz\/2025\/","name":"ITI kongres Bratislava 2025","description":"Prvn\u00ed ITI kongres v \u010cesk\u00e9 a Slovensk\u00e9 republice","publisher":{"@id":"https:\/\/www.kongresiti.cz\/2025\/#organization"},"potentialAction":[{"@type":"SearchAction","target":{"@type":"EntryPoint","urlTemplate":"https:\/\/www.kongresiti.cz\/2025\/?s={search_term_string}"},"query-input":{"@type":"PropertyValueSpecification","valueRequired":true,"valueName":"search_term_string"}}],"inLanguage":"cs"},{"@type":"Organization","@id":"https:\/\/www.kongresiti.cz\/2025\/#organization","name":"ITI kongres Bratislava 2025","url":"https:\/\/www.kongresiti.cz\/2025\/","logo":{"@type":"ImageObject","inLanguage":"cs","@id":"https:\/\/www.kongresiti.cz\/2025\/#\/schema\/logo\/image\/","url":"https:\/\/www.kongresiti.cz\/2025\/wp-content\/uploads\/2025\/06\/logo-ITI-Section-Czech-web.png","contentUrl":"https:\/\/www.kongresiti.cz\/2025\/wp-content\/uploads\/2025\/06\/logo-ITI-Section-Czech-web.png","width":262,"height":111,"caption":"ITI kongres Bratislava 2025"},"image":{"@id":"https:\/\/www.kongresiti.cz\/2025\/#\/schema\/logo\/image\/"}}]}},"_links":{"self":[{"href":"https:\/\/www.kongresiti.cz\/2025\/wp-json\/wp\/v2\/pages\/1315","targetHints":{"allow":["GET"]}}],"collection":[{"href":"https:\/\/www.kongresiti.cz\/2025\/wp-json\/wp\/v2\/pages"}],"about":[{"href":"https:\/\/www.kongresiti.cz\/2025\/wp-json\/wp\/v2\/types\/page"}],"author":[{"embeddable":true,"href":"https:\/\/www.kongresiti.cz\/2025\/wp-json\/wp\/v2\/users\/1"}],"replies":[{"embeddable":true,"href":"https:\/\/www.kongresiti.cz\/2025\/wp-json\/wp\/v2\/comments?post=1315"}],"version-history":[{"count":1,"href":"https:\/\/www.kongresiti.cz\/2025\/wp-json\/wp\/v2\/pages\/1315\/revisions"}],"predecessor-version":[{"id":1782,"href":"https:\/\/www.kongresiti.cz\/2025\/wp-json\/wp\/v2\/pages\/1315\/revisions\/1782"}],"up":[{"embeddable":true,"href":"https:\/\/www.kongresiti.cz\/2025\/wp-json\/wp\/v2\/pages\/38"}],"wp:attachment":[{"href":"https:\/\/www.kongresiti.cz\/2025\/wp-json\/wp\/v2\/media?parent=1315"}],"curies":[{"name":"wp","href":"https:\/\/api.w.org\/{rel}","templated":true}]}}