{"id":1624,"date":"2025-07-11T12:29:54","date_gmt":"2025-07-11T10:29:54","guid":{"rendered":"https:\/\/www.kongresiti.cz\/2025\/?page_id=1624"},"modified":"2025-10-27T15:57:27","modified_gmt":"2025-10-27T14:57:27","slug":"istvan-urban-digitalne-rizena-regenerace-kosti-a-mekkych-tkani","status":"publish","type":"page","link":"https:\/\/www.kongresiti.cz\/2025\/program\/istvan-urban-digitalne-rizena-regenerace-kosti-a-mekkych-tkani\/","title":{"rendered":"I\u0161tv\u00e1n Urban &#8211; Digit\u00e1ln\u011b \u0159\u00edzen\u00e1 regenerace kosti a m\u011bkk\u00fdch tk\u00e1n\u00ed"},"content":{"rendered":"<div  data-label=\"Content\" data-id=\"content--1\" data-export-id=\"content-12\" data-category=\"content\" class=\"content-12 content-section content-section-spacing\" id=\"content-1\" style=\"background-color: rgb(255, 255, 255);\"><div  class=\"gridContainer\"> <div  class=\"row text-center\"><div  class=\"section-title-col\" data-type=\"column\"> <h2  class=\"\">Digit\u00e1ln\u011b \u0159\u00edzen\u00e1 regenerace kosti a m\u011bkk\u00fdch tk\u00e1n\u00ed<\/h2> <h3  class=\"\">Istv\u00e1n Urb\u00e1n<\/h3><p  class=\"lead\" style=\"text-align: left;\">Vertik\u00e1ln\u00ed augmentace p\u0159edstavuje jednu z nejv\u011bt\u0161\u00edch v\u00fdzev v dent\u00e1ln\u00ed implantologii.\u2028Hlavn\u00edm d\u016fvodem je technick\u00e1 n\u00e1ro\u010dnost chirurgick\u00e9ho v\u00fdkonu a riziko souvisej\u00edc\u00edch komplikac\u00ed.\u2028Metoda \u0159\u00edzen\u00e9 kostn\u00ed regenerace (Guided Bone Regeneration, GBR) se v posledn\u00edch desetilet\u00edch stala jednou z nejuzn\u00e1van\u011bj\u0161\u00edch a z\u00e1rove\u0148 nejm\u00e9n\u011b invazivn\u00edch chirurgick\u00fdch technik.<br >\nV sou\u010dasnosti se k o\u0161et\u0159en\u00ed dostavuj\u00ed pacienti s rozs\u00e1hlej\u0161\u00edmi defekty ne\u017e v minulosti.\u2028Tyto defekty vznikaj\u00ed v d\u016fsledku periimplantitidy, selh\u00e1n\u00ed kostn\u00edch \u0161t\u011bp\u016f, \u00faraz\u016f \u010di n\u00e1dorov\u00fdch proces\u016f.\u2028V posledn\u00ed dob\u011b p\u0159ib\u00fdv\u00e1 pacient\u016f s rozs\u00e1hl\u00fdmi defekty, kte\u0159\u00ed vyhled\u00e1vaj\u00ed regenerativn\u00ed l\u00e9\u010dbu, a to d\u00edky jej\u00edm p\u0159\u00edzniv\u011bj\u0161\u00edm v\u00fdsledk\u016fm a rostouc\u00ed akceptaci t\u00e9to terapie v odborn\u00e9 stomatologick\u00e9 komunit\u011b.<br >\nPro usnadn\u011bn\u00ed a zv\u00fd\u0161en\u00ed p\u0159edv\u00eddatelnosti procesu regenerace byly vyvinuty digit\u00e1ln\u00ed pl\u00e1novac\u00ed syst\u00e9my a specializovan\u00e9 chirurgick\u00e9 n\u00e1stroje, nap\u0159\u00edklad Master Guide. Tento syst\u00e9m napom\u00e1h\u00e1 p\u0159i fixaci lingv\u00e1ln\u00ed membr\u00e1ny, ur\u010den\u00ed optim\u00e1ln\u00edch rozm\u011br\u016f kostn\u00edho \u0161t\u011bpu a p\u0159esn\u00e9m um\u00edst\u011bn\u00ed implant\u00e1t\u016f do regenerovan\u00e9 kosti.<br >\nUveden\u00e9 postupy a jejich praktick\u00e9 vyu\u017eit\u00ed budou d\u00e1le podrobn\u011b pops\u00e1ny.<br >\nRekonstrukce vertik\u00e1ln\u00edch a horizont\u00e1ln\u00edch defekt\u016f v r\u016fzn\u00fdch oblastech bude jedn\u00edm z hlavn\u00edch t\u00e9mat prezentace.<br >\nPodrobn\u011b bude p\u0159edstavena chirurgick\u00e1 anatomie lingv\u00e1ln\u00ed oblasti doln\u00ed \u010delisti, modifikovan\u00fd lingv\u00e1ln\u00ed lalok a techniky ochrany nervus mentalis a nervus infraorbitalis.<br >\nP\u0159i pokro\u010dil\u00fdch defektech, kdy je nutn\u00e9 zajistit prim\u00e1rn\u00ed uz\u00e1v\u011br r\u00e1ny a stabilitu \u0161t\u011bpu, se \u010dasto prov\u00e1d\u00ed rozs\u00e1hl\u00e9 uvoln\u011bn\u00ed buk\u00e1ln\u00ed sliznice. Tento postup v\u0161ak m\u016f\u017ee posunout mukogingiv\u00e1ln\u00ed linii apik\u00e1ln\u011b a v\u00e9st ke ztr\u00e1t\u011b vestibula a keratinizovan\u00e9 muk\u00f3zy (KM).<br >\nPot\u0159eba pokr\u00fdt rozs\u00e1hl\u00e9 slizni\u010dn\u00ed defekty vy\u017eaduje odebr\u00e1n\u00ed autogenn\u00edho \u0161t\u011bpu dostate\u010dn\u00e9 velikosti a tlou\u0161\u0165ky, aby bylo dosa\u017eeno po\u017eadovan\u00e9ho v\u00fdsledku. Tento postup v\u0161ak m\u016f\u017ee b\u00fdt spojen s v\u00fdraznou z\u00e1t\u011b\u017e\u00ed a diskomfortem pro pacienta.\u2028Z toho d\u016fvodu vznikla pot\u0159eba vyvinout m\u00e9n\u011b invazivn\u00ed chirurgick\u00e9 techniky.<br >\nV posledn\u00ed dob\u011b byla p\u0159edstavena kombinace strip gingiv\u00e1ln\u00edho \u0161t\u011bpu s kolagenn\u00ed matrix ur\u010den\u00e1 k rekonstrukci ztracen\u00e9ho vestibula a keratinizovan\u00e9 sliznice.\u2028Dal\u0161\u00ed v\u00fdzkumy potvrdily, \u017ee takto regenerovan\u00e1 tk\u00e1\u0148 je skute\u010dn\u011b keratinizovan\u00e1.<br >\n\u0160t\u011bpy odebran\u00e9 z patra, kter\u00e9 se hoj\u00ed otev\u0159en\u011b, v\u0161ak obvykle vykazuj\u00ed odli\u0161n\u00e9 zbarven\u00ed a texturu oproti okoln\u00edm tk\u00e1n\u00edm. Proto vznikla pot\u0159eba vyvinout esteti\u010dt\u011bj\u0161\u00ed techniku \u0161t\u011bpov\u00e1n\u00ed.\u2028Ned\u00e1vn\u00e1 klinick\u00e1 studie prok\u00e1zala, \u017ee strip gingiv\u00e1ln\u00ed \u0161t\u011bp odebran\u00fd z okoln\u00ed lab\u00e1ln\u00ed gingivy poskytuje v\u00fdrazn\u011b lep\u0161\u00ed barevn\u00e9 slad\u011bn\u00ed s okoln\u00edmi m\u011bkk\u00fdmi tk\u00e1n\u011bmi.<br >\nAbsence peri- a interimplant\u00e1tov\u00fdch papil p\u0159edstavuje pro pacienta v\u00fdznamn\u00fd estetick\u00fd i funk\u010dn\u00ed probl\u00e9m.\u2028Prezentace p\u0159edstav\u00ed dv\u011b nov\u00e9 chirurgick\u00e9 techniky \u2013 Iceberg a Garage \u2013 vyu\u017e\u00edvaj\u00edc\u00ed spojivov\u00e9 tk\u00e1\u0148ov\u00e9 \u0161t\u011bpy k rekonstrukci ztracen\u00fdch papil a obnoven\u00ed p\u0159irozen\u00e9 kontury m\u011bkk\u00fdch tk\u00e1n\u00ed.<br >\nDiskutov\u00e1ny budou tak\u00e9 p\u0159\u00edstupy k rekonstrukci m\u011bkk\u00fdch tk\u00e1n\u00ed v r\u016fzn\u00fdch oblastech, zahrnuj\u00edc\u00ed front\u00e1ln\u00ed i dist\u00e1ln\u00ed \u00faseky horn\u00ed \u010delisti a mandibuly.<br >\nPopsan\u00e9 postupy jsou jednoduch\u00e9, opakovateln\u00e9 a biologicky racion\u00e1ln\u00ed.\u2028D\u00edky sv\u00e9 minim\u00e1ln\u00ed invazivit\u011b, ni\u017e\u0161\u00edmu riziku komplikac\u00ed a vysok\u00e9 p\u0159edv\u00eddatelnosti v\u00fdsledku p\u0159edstavuj\u00ed efektivn\u00ed a klinicky ov\u011b\u0159en\u00e9 terapeutick\u00e9 strategie v oblasti m\u011bkkotk\u00e1\u0148ov\u00e9 chirurgie.<\/p><\/div> <\/div> <div  class=\"row center-xs middle-xs\"> <div  class=\"col-sm-9\" data-type=\"column\"><div  data-editable=\"true\" data-name=\"ope-widgets-area\" data-content-shortcode=\"mesmerize_display_widgets_area id=&quot;mesmerize_users_custom_widgets_areas_5&quot; \" class=\"\"><div data-name=\"mesmerize-widgets-area\"><div id=\"block-14\" class=\"widget widget_block\"><style>\n.mesmerize-language-switcher, #wpadminbar {display: none !important}\n.site>.page-content.landing {justify-content: start;}\nbody.custom-background {background-image: none;}\n.site {min-height: auto;}\nhtml {margin-top: 0 !important}\n\n<\/style><\/div><\/div><\/div> <\/div> <\/div><\/div> <\/div>","protected":false},"excerpt":{"rendered":"<p>Digit\u00e1ln\u011b \u0159\u00edzen\u00e1 regenerace kosti a m\u011bkk\u00fdch tk\u00e1n\u00ed Istv\u00e1n Urb\u00e1nVertik\u00e1ln\u00ed augmentace p\u0159edstavuje jednu z nejv\u011bt\u0161\u00edch v\u00fdzev v dent\u00e1ln\u00ed implantologii.\u2028Hlavn\u00edm d\u016fvodem je technick\u00e1 n\u00e1ro\u010dnost chirurgick\u00e9ho v\u00fdkonu a riziko souvisej\u00edc\u00edch komplikac\u00ed.\u2028Metoda \u0159\u00edzen\u00e9 kostn\u00ed regenerace (Guided Bone Regeneration, GBR) se v posledn\u00edch desetilet\u00edch stala jednou z nejuzn\u00e1van\u011bj\u0161\u00edch a z\u00e1rove\u0148 nejm\u00e9n\u011b invazivn\u00edch chirurgick\u00fdch technik. V sou\u010dasnosti se k o\u0161et\u0159en\u00ed dostavuj\u00ed&hellip; <br \/> <a class=\"read-more\" href=\"https:\/\/www.kongresiti.cz\/2025\/program\/istvan-urban-digitalne-rizena-regenerace-kosti-a-mekkych-tkani\/\">Read more<\/a><\/p>\n","protected":false},"author":1,"featured_media":0,"parent":37,"menu_order":0,"comment_status":"closed","ping_status":"closed","template":"pro\/page-templates\/landing-page.php","meta":{"footnotes":""},"class_list":["post-1624","page","type-page","status-publish","hentry"],"yoast_head":"<!-- This site is optimized with the Yoast SEO plugin v26.1.1 - https:\/\/yoast.com\/wordpress\/plugins\/seo\/ -->\n<title>I\u0161tv\u00e1n Urban - Digit\u00e1ln\u011b \u0159\u00edzen\u00e1 regenerace kosti a m\u011bkk\u00fdch tk\u00e1n\u00ed - ITI kongres Bratislava 2025<\/title>\n<meta name=\"robots\" content=\"index, follow, max-snippet:-1, max-image-preview:large, max-video-preview:-1\" \/>\n<link rel=\"canonical\" href=\"https:\/\/www.kongresiti.cz\/2025\/program\/istvan-urban-digitalne-rizena-regenerace-kosti-a-mekkych-tkani\/\" \/>\n<meta property=\"og:locale\" content=\"cs_CZ\" \/>\n<meta property=\"og:type\" content=\"article\" \/>\n<meta property=\"og:title\" content=\"I\u0161tv\u00e1n Urban - Digit\u00e1ln\u011b \u0159\u00edzen\u00e1 regenerace kosti a m\u011bkk\u00fdch tk\u00e1n\u00ed - ITI kongres Bratislava 2025\" \/>\n<meta property=\"og:description\" content=\"Digit\u00e1ln\u011b \u0159\u00edzen\u00e1 regenerace kosti a m\u011bkk\u00fdch tk\u00e1n\u00ed Istv\u00e1n Urb\u00e1nVertik\u00e1ln\u00ed augmentace p\u0159edstavuje jednu z nejv\u011bt\u0161\u00edch v\u00fdzev v dent\u00e1ln\u00ed implantologii.\u2028Hlavn\u00edm d\u016fvodem je technick\u00e1 n\u00e1ro\u010dnost chirurgick\u00e9ho v\u00fdkonu a riziko souvisej\u00edc\u00edch komplikac\u00ed.\u2028Metoda \u0159\u00edzen\u00e9 kostn\u00ed regenerace (Guided Bone Regeneration, GBR) se v posledn\u00edch desetilet\u00edch stala jednou z nejuzn\u00e1van\u011bj\u0161\u00edch a z\u00e1rove\u0148 nejm\u00e9n\u011b invazivn\u00edch chirurgick\u00fdch technik. V sou\u010dasnosti se k o\u0161et\u0159en\u00ed dostavuj\u00ed&hellip; Read more\" \/>\n<meta property=\"og:url\" content=\"https:\/\/www.kongresiti.cz\/2025\/program\/istvan-urban-digitalne-rizena-regenerace-kosti-a-mekkych-tkani\/\" \/>\n<meta property=\"og:site_name\" content=\"ITI kongres Bratislava 2025\" \/>\n<meta property=\"article:modified_time\" content=\"2025-10-27T14:57:27+00:00\" \/>\n<meta name=\"twitter:card\" content=\"summary_large_image\" \/>\n<script type=\"application\/ld+json\" class=\"yoast-schema-graph\">{\"@context\":\"https:\/\/schema.org\",\"@graph\":[{\"@type\":\"WebPage\",\"@id\":\"https:\/\/www.kongresiti.cz\/2025\/program\/istvan-urban-digitalne-rizena-regenerace-kosti-a-mekkych-tkani\/\",\"url\":\"https:\/\/www.kongresiti.cz\/2025\/program\/istvan-urban-digitalne-rizena-regenerace-kosti-a-mekkych-tkani\/\",\"name\":\"I\u0161tv\u00e1n Urban - Digit\u00e1ln\u011b \u0159\u00edzen\u00e1 regenerace kosti a m\u011bkk\u00fdch tk\u00e1n\u00ed - ITI kongres Bratislava 2025\",\"isPartOf\":{\"@id\":\"https:\/\/www.kongresiti.cz\/2025\/#website\"},\"datePublished\":\"2025-07-11T10:29:54+00:00\",\"dateModified\":\"2025-10-27T14:57:27+00:00\",\"breadcrumb\":{\"@id\":\"https:\/\/www.kongresiti.cz\/2025\/program\/istvan-urban-digitalne-rizena-regenerace-kosti-a-mekkych-tkani\/#breadcrumb\"},\"inLanguage\":\"cs\",\"potentialAction\":[{\"@type\":\"ReadAction\",\"target\":[\"https:\/\/www.kongresiti.cz\/2025\/program\/istvan-urban-digitalne-rizena-regenerace-kosti-a-mekkych-tkani\/\"]}]},{\"@type\":\"BreadcrumbList\",\"@id\":\"https:\/\/www.kongresiti.cz\/2025\/program\/istvan-urban-digitalne-rizena-regenerace-kosti-a-mekkych-tkani\/#breadcrumb\",\"itemListElement\":[{\"@type\":\"ListItem\",\"position\":1,\"name\":\"Dom\u016f\",\"item\":\"https:\/\/www.kongresiti.cz\/2025\/\"},{\"@type\":\"ListItem\",\"position\":2,\"name\":\"Program\",\"item\":\"https:\/\/www.kongresiti.cz\/2025\/program\/\"},{\"@type\":\"ListItem\",\"position\":3,\"name\":\"I\u0161tv\u00e1n Urban &#8211; Digit\u00e1ln\u011b \u0159\u00edzen\u00e1 regenerace kosti a m\u011bkk\u00fdch tk\u00e1n\u00ed\"}]},{\"@type\":\"WebSite\",\"@id\":\"https:\/\/www.kongresiti.cz\/2025\/#website\",\"url\":\"https:\/\/www.kongresiti.cz\/2025\/\",\"name\":\"ITI kongres Bratislava 2025\",\"description\":\"Prvn\u00ed ITI kongres v \u010cesk\u00e9 a Slovensk\u00e9 republice\",\"publisher\":{\"@id\":\"https:\/\/www.kongresiti.cz\/2025\/#organization\"},\"potentialAction\":[{\"@type\":\"SearchAction\",\"target\":{\"@type\":\"EntryPoint\",\"urlTemplate\":\"https:\/\/www.kongresiti.cz\/2025\/?s={search_term_string}\"},\"query-input\":{\"@type\":\"PropertyValueSpecification\",\"valueRequired\":true,\"valueName\":\"search_term_string\"}}],\"inLanguage\":\"cs\"},{\"@type\":\"Organization\",\"@id\":\"https:\/\/www.kongresiti.cz\/2025\/#organization\",\"name\":\"ITI kongres Bratislava 2025\",\"url\":\"https:\/\/www.kongresiti.cz\/2025\/\",\"logo\":{\"@type\":\"ImageObject\",\"inLanguage\":\"cs\",\"@id\":\"https:\/\/www.kongresiti.cz\/2025\/#\/schema\/logo\/image\/\",\"url\":\"https:\/\/www.kongresiti.cz\/2025\/wp-content\/uploads\/2025\/06\/logo-ITI-Section-Czech-web.png\",\"contentUrl\":\"https:\/\/www.kongresiti.cz\/2025\/wp-content\/uploads\/2025\/06\/logo-ITI-Section-Czech-web.png\",\"width\":262,\"height\":111,\"caption\":\"ITI kongres Bratislava 2025\"},\"image\":{\"@id\":\"https:\/\/www.kongresiti.cz\/2025\/#\/schema\/logo\/image\/\"}}]}<\/script>\n<!-- \/ Yoast SEO plugin. -->","yoast_head_json":{"title":"I\u0161tv\u00e1n Urban - Digit\u00e1ln\u011b \u0159\u00edzen\u00e1 regenerace kosti a m\u011bkk\u00fdch tk\u00e1n\u00ed - ITI kongres Bratislava 2025","robots":{"index":"index","follow":"follow","max-snippet":"max-snippet:-1","max-image-preview":"max-image-preview:large","max-video-preview":"max-video-preview:-1"},"canonical":"https:\/\/www.kongresiti.cz\/2025\/program\/istvan-urban-digitalne-rizena-regenerace-kosti-a-mekkych-tkani\/","og_locale":"cs_CZ","og_type":"article","og_title":"I\u0161tv\u00e1n Urban - Digit\u00e1ln\u011b \u0159\u00edzen\u00e1 regenerace kosti a m\u011bkk\u00fdch tk\u00e1n\u00ed - ITI kongres Bratislava 2025","og_description":"Digit\u00e1ln\u011b \u0159\u00edzen\u00e1 regenerace kosti a m\u011bkk\u00fdch tk\u00e1n\u00ed Istv\u00e1n Urb\u00e1nVertik\u00e1ln\u00ed augmentace p\u0159edstavuje jednu z nejv\u011bt\u0161\u00edch v\u00fdzev v dent\u00e1ln\u00ed implantologii.\u2028Hlavn\u00edm d\u016fvodem je technick\u00e1 n\u00e1ro\u010dnost chirurgick\u00e9ho v\u00fdkonu a riziko souvisej\u00edc\u00edch komplikac\u00ed.\u2028Metoda \u0159\u00edzen\u00e9 kostn\u00ed regenerace (Guided Bone Regeneration, GBR) se v posledn\u00edch desetilet\u00edch stala jednou z nejuzn\u00e1van\u011bj\u0161\u00edch a z\u00e1rove\u0148 nejm\u00e9n\u011b invazivn\u00edch chirurgick\u00fdch technik. V sou\u010dasnosti se k o\u0161et\u0159en\u00ed dostavuj\u00ed&hellip; Read more","og_url":"https:\/\/www.kongresiti.cz\/2025\/program\/istvan-urban-digitalne-rizena-regenerace-kosti-a-mekkych-tkani\/","og_site_name":"ITI kongres Bratislava 2025","article_modified_time":"2025-10-27T14:57:27+00:00","twitter_card":"summary_large_image","schema":{"@context":"https:\/\/schema.org","@graph":[{"@type":"WebPage","@id":"https:\/\/www.kongresiti.cz\/2025\/program\/istvan-urban-digitalne-rizena-regenerace-kosti-a-mekkych-tkani\/","url":"https:\/\/www.kongresiti.cz\/2025\/program\/istvan-urban-digitalne-rizena-regenerace-kosti-a-mekkych-tkani\/","name":"I\u0161tv\u00e1n Urban - Digit\u00e1ln\u011b \u0159\u00edzen\u00e1 regenerace kosti a m\u011bkk\u00fdch tk\u00e1n\u00ed - ITI kongres Bratislava 2025","isPartOf":{"@id":"https:\/\/www.kongresiti.cz\/2025\/#website"},"datePublished":"2025-07-11T10:29:54+00:00","dateModified":"2025-10-27T14:57:27+00:00","breadcrumb":{"@id":"https:\/\/www.kongresiti.cz\/2025\/program\/istvan-urban-digitalne-rizena-regenerace-kosti-a-mekkych-tkani\/#breadcrumb"},"inLanguage":"cs","potentialAction":[{"@type":"ReadAction","target":["https:\/\/www.kongresiti.cz\/2025\/program\/istvan-urban-digitalne-rizena-regenerace-kosti-a-mekkych-tkani\/"]}]},{"@type":"BreadcrumbList","@id":"https:\/\/www.kongresiti.cz\/2025\/program\/istvan-urban-digitalne-rizena-regenerace-kosti-a-mekkych-tkani\/#breadcrumb","itemListElement":[{"@type":"ListItem","position":1,"name":"Dom\u016f","item":"https:\/\/www.kongresiti.cz\/2025\/"},{"@type":"ListItem","position":2,"name":"Program","item":"https:\/\/www.kongresiti.cz\/2025\/program\/"},{"@type":"ListItem","position":3,"name":"I\u0161tv\u00e1n Urban &#8211; Digit\u00e1ln\u011b \u0159\u00edzen\u00e1 regenerace kosti a m\u011bkk\u00fdch tk\u00e1n\u00ed"}]},{"@type":"WebSite","@id":"https:\/\/www.kongresiti.cz\/2025\/#website","url":"https:\/\/www.kongresiti.cz\/2025\/","name":"ITI kongres Bratislava 2025","description":"Prvn\u00ed ITI kongres v \u010cesk\u00e9 a Slovensk\u00e9 republice","publisher":{"@id":"https:\/\/www.kongresiti.cz\/2025\/#organization"},"potentialAction":[{"@type":"SearchAction","target":{"@type":"EntryPoint","urlTemplate":"https:\/\/www.kongresiti.cz\/2025\/?s={search_term_string}"},"query-input":{"@type":"PropertyValueSpecification","valueRequired":true,"valueName":"search_term_string"}}],"inLanguage":"cs"},{"@type":"Organization","@id":"https:\/\/www.kongresiti.cz\/2025\/#organization","name":"ITI kongres Bratislava 2025","url":"https:\/\/www.kongresiti.cz\/2025\/","logo":{"@type":"ImageObject","inLanguage":"cs","@id":"https:\/\/www.kongresiti.cz\/2025\/#\/schema\/logo\/image\/","url":"https:\/\/www.kongresiti.cz\/2025\/wp-content\/uploads\/2025\/06\/logo-ITI-Section-Czech-web.png","contentUrl":"https:\/\/www.kongresiti.cz\/2025\/wp-content\/uploads\/2025\/06\/logo-ITI-Section-Czech-web.png","width":262,"height":111,"caption":"ITI kongres Bratislava 2025"},"image":{"@id":"https:\/\/www.kongresiti.cz\/2025\/#\/schema\/logo\/image\/"}}]}},"_links":{"self":[{"href":"https:\/\/www.kongresiti.cz\/2025\/wp-json\/wp\/v2\/pages\/1624","targetHints":{"allow":["GET"]}}],"collection":[{"href":"https:\/\/www.kongresiti.cz\/2025\/wp-json\/wp\/v2\/pages"}],"about":[{"href":"https:\/\/www.kongresiti.cz\/2025\/wp-json\/wp\/v2\/types\/page"}],"author":[{"embeddable":true,"href":"https:\/\/www.kongresiti.cz\/2025\/wp-json\/wp\/v2\/users\/1"}],"replies":[{"embeddable":true,"href":"https:\/\/www.kongresiti.cz\/2025\/wp-json\/wp\/v2\/comments?post=1624"}],"version-history":[{"count":2,"href":"https:\/\/www.kongresiti.cz\/2025\/wp-json\/wp\/v2\/pages\/1624\/revisions"}],"predecessor-version":[{"id":1944,"href":"https:\/\/www.kongresiti.cz\/2025\/wp-json\/wp\/v2\/pages\/1624\/revisions\/1944"}],"up":[{"embeddable":true,"href":"https:\/\/www.kongresiti.cz\/2025\/wp-json\/wp\/v2\/pages\/37"}],"wp:attachment":[{"href":"https:\/\/www.kongresiti.cz\/2025\/wp-json\/wp\/v2\/media?parent=1624"}],"curies":[{"name":"wp","href":"https:\/\/api.w.org\/{rel}","templated":true}]}}