{"id":1631,"date":"2025-07-11T12:32:28","date_gmt":"2025-07-11T10:32:28","guid":{"rendered":"https:\/\/www.kongresiti.cz\/2025\/?page_id=1631"},"modified":"2025-07-17T10:12:18","modified_gmt":"2025-07-17T08:12:18","slug":"samuel-akhondi-digitalni-workflow-bezzubych-celisti-osetrenych-implantaty","status":"publish","type":"page","link":"https:\/\/www.kongresiti.cz\/2025\/program\/samuel-akhondi-digitalni-workflow-bezzubych-celisti-osetrenych-implantaty\/","title":{"rendered":"Samuel Akhondi &#8211; Digit\u00e1ln\u00ed workflow bezzub\u00fdch \u010delist\u00ed o\u0161et\u0159en\u00fdch implant\u00e1ty"},"content":{"rendered":"<div  data-label=\"Content\" data-id=\"content--1\" data-export-id=\"content-12\" data-category=\"content\" class=\"content-12 content-section content-section-spacing\" id=\"content-1\" style=\"background-color: rgb(255, 255, 255);\"><div  class=\"gridContainer\"> <div  class=\"row text-center\"><div  class=\"section-title-col\" data-type=\"column\"> <h2  class=\"\">Digit\u00e1ln\u00ed workflow bezzub\u00fdch \u010delist\u00ed o\u0161et\u0159en\u00fdch implant\u00e1ty<\/h2> <h3  class=\"\">Samuel Akhondi<\/h3><p  class=\"lead\" style=\"text-align: left;\">Full-arch implantologick\u00e1 terapie pat\u0159\u00ed k nejn\u00e1ro\u010dn\u011bj\u0161\u00edm oblastem implantologie \u2014 a to chirurgicky, biologicky a p\u0159edev\u0161\u00edm proteticky. V t\u00e9to p\u0159edn\u00e1\u0161ce v\u00e1s provedu svou osobn\u00ed cestou: jak jsem za\u010d\u00ednal, jak m\u011b formovaly \u010dasn\u00e9 komplikace a jak jsem postupn\u011b prom\u011bnil sv\u016fj pracovn\u00ed postup d\u00edky digit\u00e1ln\u00edm technologi\u00edm.<br >\nDnes u\u017e nejde jen o zav\u00e1d\u011bn\u00ed implant\u00e1t\u016f \u2014 kl\u00ed\u010dov\u00e9 je navrhovat n\u00e1hrady, kter\u00e9 jsou biorestaurativn\u011b stabiln\u00ed, funk\u010dn\u011b efektivn\u00ed a esteticky p\u0159esv\u011bd\u010div\u00e9.<br >\nPod\u00edv\u00e1me se na to, jak volba abutmentu, pontic design, emergence profil a v\u00fdroba pomoc\u00ed CAD\/CAM p\u0159isp\u00edvaj\u00ed k dlouhodob\u00e9mu \u00fasp\u011bchu full-arch rekonstrukc\u00ed.<br >\nOd digit\u00e1ln\u00edho n\u00e1vrhu \u00fasm\u011bvu p\u0159es navigovanou chirurgii a\u017e po spr\u00e1vn\u00fd n\u00e1vrh prozat\u00edmn\u00ed n\u00e1hrady \u2013 tato p\u0159edn\u00e1\u0161ka propojuje klinick\u00e9 poznatky s re\u00e1lnou prax\u00ed, aby uk\u00e1zala jednu prostou pravdu: Protetika rozhoduje.<\/p><\/div> <\/div> <div  class=\"row center-xs middle-xs\"> <div  class=\"col-sm-9\" data-type=\"column\"><div  data-editable=\"true\" data-name=\"ope-widgets-area\" data-content-shortcode=\"mesmerize_display_widgets_area id=&quot;mesmerize_users_custom_widgets_areas_5&quot; \" class=\"\"><div data-name=\"mesmerize-widgets-area\"><div id=\"block-14\" class=\"widget widget_block\"><style>\n.mesmerize-language-switcher, #wpadminbar {display: none !important}\n.site>.page-content.landing {justify-content: start;}\nbody.custom-background {background-image: none;}\n.site {min-height: auto;}\nhtml {margin-top: 0 !important}\n\n<\/style><\/div><\/div><\/div> <\/div> <\/div><\/div> <\/div>","protected":false},"excerpt":{"rendered":"<p>Digit\u00e1ln\u00ed workflow bezzub\u00fdch \u010delist\u00ed o\u0161et\u0159en\u00fdch implant\u00e1ty Samuel AkhondiFull-arch implantologick\u00e1 terapie pat\u0159\u00ed k nejn\u00e1ro\u010dn\u011bj\u0161\u00edm oblastem implantologie \u2014 a to chirurgicky, biologicky a p\u0159edev\u0161\u00edm proteticky. V t\u00e9to p\u0159edn\u00e1\u0161ce v\u00e1s provedu svou osobn\u00ed cestou: jak jsem za\u010d\u00ednal, jak m\u011b formovaly \u010dasn\u00e9 komplikace a jak jsem postupn\u011b prom\u011bnil sv\u016fj pracovn\u00ed postup d\u00edky digit\u00e1ln\u00edm technologi\u00edm. Dnes u\u017e nejde jen o&hellip; <br \/> <a class=\"read-more\" href=\"https:\/\/www.kongresiti.cz\/2025\/program\/samuel-akhondi-digitalni-workflow-bezzubych-celisti-osetrenych-implantaty\/\">Read more<\/a><\/p>\n","protected":false},"author":1,"featured_media":0,"parent":37,"menu_order":0,"comment_status":"closed","ping_status":"closed","template":"pro\/page-templates\/landing-page.php","meta":{"footnotes":""},"class_list":["post-1631","page","type-page","status-publish","hentry"],"yoast_head":"<!-- This site is optimized with the Yoast SEO plugin v26.1.1 - https:\/\/yoast.com\/wordpress\/plugins\/seo\/ -->\n<title>Samuel Akhondi - Digit\u00e1ln\u00ed workflow bezzub\u00fdch \u010delist\u00ed o\u0161et\u0159en\u00fdch implant\u00e1ty - ITI kongres Bratislava 2025<\/title>\n<meta name=\"robots\" content=\"index, follow, max-snippet:-1, max-image-preview:large, max-video-preview:-1\" \/>\n<link rel=\"canonical\" href=\"https:\/\/www.kongresiti.cz\/2025\/program\/samuel-akhondi-digitalni-workflow-bezzubych-celisti-osetrenych-implantaty\/\" \/>\n<meta property=\"og:locale\" content=\"cs_CZ\" \/>\n<meta property=\"og:type\" content=\"article\" \/>\n<meta property=\"og:title\" content=\"Samuel Akhondi - Digit\u00e1ln\u00ed workflow bezzub\u00fdch \u010delist\u00ed o\u0161et\u0159en\u00fdch implant\u00e1ty - ITI kongres Bratislava 2025\" \/>\n<meta property=\"og:description\" content=\"Digit\u00e1ln\u00ed workflow bezzub\u00fdch \u010delist\u00ed o\u0161et\u0159en\u00fdch implant\u00e1ty Samuel AkhondiFull-arch implantologick\u00e1 terapie pat\u0159\u00ed k nejn\u00e1ro\u010dn\u011bj\u0161\u00edm oblastem implantologie \u2014 a to chirurgicky, biologicky a p\u0159edev\u0161\u00edm proteticky. V t\u00e9to p\u0159edn\u00e1\u0161ce v\u00e1s provedu svou osobn\u00ed cestou: jak jsem za\u010d\u00ednal, jak m\u011b formovaly \u010dasn\u00e9 komplikace a jak jsem postupn\u011b prom\u011bnil sv\u016fj pracovn\u00ed postup d\u00edky digit\u00e1ln\u00edm technologi\u00edm. Dnes u\u017e nejde jen o&hellip; Read more\" \/>\n<meta property=\"og:url\" content=\"https:\/\/www.kongresiti.cz\/2025\/program\/samuel-akhondi-digitalni-workflow-bezzubych-celisti-osetrenych-implantaty\/\" \/>\n<meta property=\"og:site_name\" content=\"ITI kongres Bratislava 2025\" \/>\n<meta property=\"article:modified_time\" content=\"2025-07-17T08:12:18+00:00\" \/>\n<meta name=\"twitter:card\" content=\"summary_large_image\" \/>\n<script type=\"application\/ld+json\" class=\"yoast-schema-graph\">{\"@context\":\"https:\/\/schema.org\",\"@graph\":[{\"@type\":\"WebPage\",\"@id\":\"https:\/\/www.kongresiti.cz\/2025\/program\/samuel-akhondi-digitalni-workflow-bezzubych-celisti-osetrenych-implantaty\/\",\"url\":\"https:\/\/www.kongresiti.cz\/2025\/program\/samuel-akhondi-digitalni-workflow-bezzubych-celisti-osetrenych-implantaty\/\",\"name\":\"Samuel Akhondi - Digit\u00e1ln\u00ed workflow bezzub\u00fdch \u010delist\u00ed o\u0161et\u0159en\u00fdch implant\u00e1ty - ITI kongres Bratislava 2025\",\"isPartOf\":{\"@id\":\"https:\/\/www.kongresiti.cz\/2025\/#website\"},\"datePublished\":\"2025-07-11T10:32:28+00:00\",\"dateModified\":\"2025-07-17T08:12:18+00:00\",\"breadcrumb\":{\"@id\":\"https:\/\/www.kongresiti.cz\/2025\/program\/samuel-akhondi-digitalni-workflow-bezzubych-celisti-osetrenych-implantaty\/#breadcrumb\"},\"inLanguage\":\"cs\",\"potentialAction\":[{\"@type\":\"ReadAction\",\"target\":[\"https:\/\/www.kongresiti.cz\/2025\/program\/samuel-akhondi-digitalni-workflow-bezzubych-celisti-osetrenych-implantaty\/\"]}]},{\"@type\":\"BreadcrumbList\",\"@id\":\"https:\/\/www.kongresiti.cz\/2025\/program\/samuel-akhondi-digitalni-workflow-bezzubych-celisti-osetrenych-implantaty\/#breadcrumb\",\"itemListElement\":[{\"@type\":\"ListItem\",\"position\":1,\"name\":\"Dom\u016f\",\"item\":\"https:\/\/www.kongresiti.cz\/2025\/\"},{\"@type\":\"ListItem\",\"position\":2,\"name\":\"Program\",\"item\":\"https:\/\/www.kongresiti.cz\/2025\/program\/\"},{\"@type\":\"ListItem\",\"position\":3,\"name\":\"Samuel Akhondi &#8211; Digit\u00e1ln\u00ed workflow bezzub\u00fdch \u010delist\u00ed o\u0161et\u0159en\u00fdch implant\u00e1ty\"}]},{\"@type\":\"WebSite\",\"@id\":\"https:\/\/www.kongresiti.cz\/2025\/#website\",\"url\":\"https:\/\/www.kongresiti.cz\/2025\/\",\"name\":\"ITI kongres Bratislava 2025\",\"description\":\"Prvn\u00ed ITI kongres v \u010cesk\u00e9 a Slovensk\u00e9 republice\",\"publisher\":{\"@id\":\"https:\/\/www.kongresiti.cz\/2025\/#organization\"},\"potentialAction\":[{\"@type\":\"SearchAction\",\"target\":{\"@type\":\"EntryPoint\",\"urlTemplate\":\"https:\/\/www.kongresiti.cz\/2025\/?s={search_term_string}\"},\"query-input\":{\"@type\":\"PropertyValueSpecification\",\"valueRequired\":true,\"valueName\":\"search_term_string\"}}],\"inLanguage\":\"cs\"},{\"@type\":\"Organization\",\"@id\":\"https:\/\/www.kongresiti.cz\/2025\/#organization\",\"name\":\"ITI kongres Bratislava 2025\",\"url\":\"https:\/\/www.kongresiti.cz\/2025\/\",\"logo\":{\"@type\":\"ImageObject\",\"inLanguage\":\"cs\",\"@id\":\"https:\/\/www.kongresiti.cz\/2025\/#\/schema\/logo\/image\/\",\"url\":\"https:\/\/www.kongresiti.cz\/2025\/wp-content\/uploads\/2025\/06\/logo-ITI-Section-Czech-web.png\",\"contentUrl\":\"https:\/\/www.kongresiti.cz\/2025\/wp-content\/uploads\/2025\/06\/logo-ITI-Section-Czech-web.png\",\"width\":262,\"height\":111,\"caption\":\"ITI kongres Bratislava 2025\"},\"image\":{\"@id\":\"https:\/\/www.kongresiti.cz\/2025\/#\/schema\/logo\/image\/\"}}]}<\/script>\n<!-- \/ Yoast SEO plugin. -->","yoast_head_json":{"title":"Samuel Akhondi - Digit\u00e1ln\u00ed workflow bezzub\u00fdch \u010delist\u00ed o\u0161et\u0159en\u00fdch implant\u00e1ty - ITI kongres Bratislava 2025","robots":{"index":"index","follow":"follow","max-snippet":"max-snippet:-1","max-image-preview":"max-image-preview:large","max-video-preview":"max-video-preview:-1"},"canonical":"https:\/\/www.kongresiti.cz\/2025\/program\/samuel-akhondi-digitalni-workflow-bezzubych-celisti-osetrenych-implantaty\/","og_locale":"cs_CZ","og_type":"article","og_title":"Samuel Akhondi - Digit\u00e1ln\u00ed workflow bezzub\u00fdch \u010delist\u00ed o\u0161et\u0159en\u00fdch implant\u00e1ty - ITI kongres Bratislava 2025","og_description":"Digit\u00e1ln\u00ed workflow bezzub\u00fdch \u010delist\u00ed o\u0161et\u0159en\u00fdch implant\u00e1ty Samuel AkhondiFull-arch implantologick\u00e1 terapie pat\u0159\u00ed k nejn\u00e1ro\u010dn\u011bj\u0161\u00edm oblastem implantologie \u2014 a to chirurgicky, biologicky a p\u0159edev\u0161\u00edm proteticky. V t\u00e9to p\u0159edn\u00e1\u0161ce v\u00e1s provedu svou osobn\u00ed cestou: jak jsem za\u010d\u00ednal, jak m\u011b formovaly \u010dasn\u00e9 komplikace a jak jsem postupn\u011b prom\u011bnil sv\u016fj pracovn\u00ed postup d\u00edky digit\u00e1ln\u00edm technologi\u00edm. Dnes u\u017e nejde jen o&hellip; Read more","og_url":"https:\/\/www.kongresiti.cz\/2025\/program\/samuel-akhondi-digitalni-workflow-bezzubych-celisti-osetrenych-implantaty\/","og_site_name":"ITI kongres Bratislava 2025","article_modified_time":"2025-07-17T08:12:18+00:00","twitter_card":"summary_large_image","schema":{"@context":"https:\/\/schema.org","@graph":[{"@type":"WebPage","@id":"https:\/\/www.kongresiti.cz\/2025\/program\/samuel-akhondi-digitalni-workflow-bezzubych-celisti-osetrenych-implantaty\/","url":"https:\/\/www.kongresiti.cz\/2025\/program\/samuel-akhondi-digitalni-workflow-bezzubych-celisti-osetrenych-implantaty\/","name":"Samuel Akhondi - Digit\u00e1ln\u00ed workflow bezzub\u00fdch \u010delist\u00ed o\u0161et\u0159en\u00fdch implant\u00e1ty - ITI kongres Bratislava 2025","isPartOf":{"@id":"https:\/\/www.kongresiti.cz\/2025\/#website"},"datePublished":"2025-07-11T10:32:28+00:00","dateModified":"2025-07-17T08:12:18+00:00","breadcrumb":{"@id":"https:\/\/www.kongresiti.cz\/2025\/program\/samuel-akhondi-digitalni-workflow-bezzubych-celisti-osetrenych-implantaty\/#breadcrumb"},"inLanguage":"cs","potentialAction":[{"@type":"ReadAction","target":["https:\/\/www.kongresiti.cz\/2025\/program\/samuel-akhondi-digitalni-workflow-bezzubych-celisti-osetrenych-implantaty\/"]}]},{"@type":"BreadcrumbList","@id":"https:\/\/www.kongresiti.cz\/2025\/program\/samuel-akhondi-digitalni-workflow-bezzubych-celisti-osetrenych-implantaty\/#breadcrumb","itemListElement":[{"@type":"ListItem","position":1,"name":"Dom\u016f","item":"https:\/\/www.kongresiti.cz\/2025\/"},{"@type":"ListItem","position":2,"name":"Program","item":"https:\/\/www.kongresiti.cz\/2025\/program\/"},{"@type":"ListItem","position":3,"name":"Samuel Akhondi &#8211; Digit\u00e1ln\u00ed workflow bezzub\u00fdch \u010delist\u00ed o\u0161et\u0159en\u00fdch implant\u00e1ty"}]},{"@type":"WebSite","@id":"https:\/\/www.kongresiti.cz\/2025\/#website","url":"https:\/\/www.kongresiti.cz\/2025\/","name":"ITI kongres Bratislava 2025","description":"Prvn\u00ed ITI kongres v \u010cesk\u00e9 a Slovensk\u00e9 republice","publisher":{"@id":"https:\/\/www.kongresiti.cz\/2025\/#organization"},"potentialAction":[{"@type":"SearchAction","target":{"@type":"EntryPoint","urlTemplate":"https:\/\/www.kongresiti.cz\/2025\/?s={search_term_string}"},"query-input":{"@type":"PropertyValueSpecification","valueRequired":true,"valueName":"search_term_string"}}],"inLanguage":"cs"},{"@type":"Organization","@id":"https:\/\/www.kongresiti.cz\/2025\/#organization","name":"ITI kongres Bratislava 2025","url":"https:\/\/www.kongresiti.cz\/2025\/","logo":{"@type":"ImageObject","inLanguage":"cs","@id":"https:\/\/www.kongresiti.cz\/2025\/#\/schema\/logo\/image\/","url":"https:\/\/www.kongresiti.cz\/2025\/wp-content\/uploads\/2025\/06\/logo-ITI-Section-Czech-web.png","contentUrl":"https:\/\/www.kongresiti.cz\/2025\/wp-content\/uploads\/2025\/06\/logo-ITI-Section-Czech-web.png","width":262,"height":111,"caption":"ITI kongres Bratislava 2025"},"image":{"@id":"https:\/\/www.kongresiti.cz\/2025\/#\/schema\/logo\/image\/"}}]}},"_links":{"self":[{"href":"https:\/\/www.kongresiti.cz\/2025\/wp-json\/wp\/v2\/pages\/1631","targetHints":{"allow":["GET"]}}],"collection":[{"href":"https:\/\/www.kongresiti.cz\/2025\/wp-json\/wp\/v2\/pages"}],"about":[{"href":"https:\/\/www.kongresiti.cz\/2025\/wp-json\/wp\/v2\/types\/page"}],"author":[{"embeddable":true,"href":"https:\/\/www.kongresiti.cz\/2025\/wp-json\/wp\/v2\/users\/1"}],"replies":[{"embeddable":true,"href":"https:\/\/www.kongresiti.cz\/2025\/wp-json\/wp\/v2\/comments?post=1631"}],"version-history":[{"count":1,"href":"https:\/\/www.kongresiti.cz\/2025\/wp-json\/wp\/v2\/pages\/1631\/revisions"}],"predecessor-version":[{"id":1745,"href":"https:\/\/www.kongresiti.cz\/2025\/wp-json\/wp\/v2\/pages\/1631\/revisions\/1745"}],"up":[{"embeddable":true,"href":"https:\/\/www.kongresiti.cz\/2025\/wp-json\/wp\/v2\/pages\/37"}],"wp:attachment":[{"href":"https:\/\/www.kongresiti.cz\/2025\/wp-json\/wp\/v2\/media?parent=1631"}],"curies":[{"name":"wp","href":"https:\/\/api.w.org\/{rel}","templated":true}]}}