{"id":1635,"date":"2025-07-11T12:34:00","date_gmt":"2025-07-11T10:34:00","guid":{"rendered":"https:\/\/www.kongresiti.cz\/2025\/?page_id=1635"},"modified":"2025-08-11T11:41:04","modified_gmt":"2025-08-11T09:41:04","slug":"gary-finelle-strategie-okamzite-implantace-v-postrannim-useku","status":"publish","type":"page","link":"https:\/\/www.kongresiti.cz\/2025\/program\/gary-finelle-strategie-okamzite-implantace-v-postrannim-useku\/","title":{"rendered":"Gary Finelle &#8211; Strategie okam\u017eit\u00e9 implantace v postrann\u00edm \u00faseku"},"content":{"rendered":"<div  data-label=\"Content\" data-id=\"content--1\" data-export-id=\"content-12\" data-category=\"content\" class=\"content-12 content-section content-section-spacing\" id=\"content-1\" style=\"background-color: rgb(255, 255, 255);\"><div  class=\"gridContainer\"> <div  class=\"row text-center\"><div  class=\"section-title-col\" data-type=\"column\"> <h2  class=\"\">Strategie okam\u017eit\u00e9 implantace v postrann\u00edm \u00faseku<\/h2> <h3  class=\"\">Gary Finelle<\/h3><p  class=\"lead\" style=\"text-align: left;\">Imedi\u00e1tn\u00ed o\u0161et\u0159en\u00ed implant\u00e1ty se stalo revolu\u010dn\u00edm postupem v modern\u00ed implantologick\u00e9 stomatologii a nab\u00edz\u00ed jasn\u00e9 klinick\u00e9 v\u00fdhody a vysokou spokojenost pacient\u016f. Tyto akcelerovan\u00e9 protokoly jsou v\u0161ak citliv\u00e9 na techniku a vy\u017eaduj\u00ed d\u016fkladn\u00e9 pochopen\u00ed rizikov\u00fdch faktor\u016f a klinick\u00fdch v\u00fdzev, aby byly zaji\u0161t\u011bny p\u0159edv\u00eddateln\u00e9 v\u00fdsledky.<br >\nDr. France Lambert a Dr. Gary Finelle v\u00e1s provedou v\u011bdeck\u00fdmi z\u00e1klady a klinick\u00fdmi strategiemi pot\u0159ebn\u00fdmi k \u00fasp\u011b\u0161n\u00e9 integraci imedi\u00e1tn\u00ed implantace do va\u0161\u00ed ka\u017edodenn\u00ed praxe. Vzd\u011bl\u00e1vac\u00ed setk\u00e1n\u00ed se bude zab\u00fdvat p\u0159\u00edstupy zalo\u017een\u00fdmi na d\u016fkazech a podrobn\u00fdmi protokoly pro front\u00e1ln\u00ed i dist\u00e1ln\u00ed oblasti:<br >\nNejd\u016fle\u017eit\u011bj\u0161\u00ed p\u0159edn\u00e1\u0161ky:<br >\n1.                  Imedi\u00e1tn\u00ed implant\u00e1ty a koncept SSA v dist\u00e1ln\u00ed oblasti \u2013 Dr. Gary Finelle<br >\n2.                  Imedi\u00e1tn\u00ed protokoly zaveden\u00ed a zat\u00ed\u017een\u00ed implant\u00e1tu v estetick\u00e9 z\u00f3n\u011b \u2013 Dr. France Lambert<br >\nOb\u011b prezentace se zam\u011b\u0159\u00ed na biologick\u00e9, biomechanick\u00e9 a estetick\u00e9 principy, kter\u00e9 jsou rozhoduj\u00edc\u00ed pro \u00fasp\u011bch imedi\u00e1tn\u00edch protokol\u016f pro implant\u00e1ty. Ka\u017ed\u00e1 p\u0159edn\u00e1\u0161ka bude podpo\u0159ena ilustracemi kazuistik a chirurgick\u00fdmi\/protetick\u00fdmi videouk\u00e1zkami.<\/p><\/div> <\/div> <div  class=\"row center-xs middle-xs\"> <div  class=\"col-sm-9\" data-type=\"column\"><div  data-editable=\"true\" data-name=\"ope-widgets-area\" data-content-shortcode=\"mesmerize_display_widgets_area id=&quot;mesmerize_users_custom_widgets_areas_5&quot; \" class=\"\"><div data-name=\"mesmerize-widgets-area\"><div id=\"block-14\" class=\"widget widget_block\"><style>\n.mesmerize-language-switcher, #wpadminbar {display: none !important}\n.site>.page-content.landing {justify-content: start;}\nbody.custom-background {background-image: none;}\n.site {min-height: auto;}\nhtml {margin-top: 0 !important}\n\n<\/style><\/div><\/div><\/div> <\/div> <\/div><\/div> <\/div>","protected":false},"excerpt":{"rendered":"<p>Strategie okam\u017eit\u00e9 implantace v postrann\u00edm \u00faseku Gary FinelleImedi\u00e1tn\u00ed o\u0161et\u0159en\u00ed implant\u00e1ty se stalo revolu\u010dn\u00edm postupem v modern\u00ed implantologick\u00e9 stomatologii a nab\u00edz\u00ed jasn\u00e9 klinick\u00e9 v\u00fdhody a vysokou spokojenost pacient\u016f. Tyto akcelerovan\u00e9 protokoly jsou v\u0161ak citliv\u00e9 na techniku a vy\u017eaduj\u00ed d\u016fkladn\u00e9 pochopen\u00ed rizikov\u00fdch faktor\u016f a klinick\u00fdch v\u00fdzev, aby byly zaji\u0161t\u011bny p\u0159edv\u00eddateln\u00e9 v\u00fdsledky. Dr. France Lambert a Dr. Gary&hellip; <br \/> <a class=\"read-more\" href=\"https:\/\/www.kongresiti.cz\/2025\/program\/gary-finelle-strategie-okamzite-implantace-v-postrannim-useku\/\">Read more<\/a><\/p>\n","protected":false},"author":1,"featured_media":0,"parent":37,"menu_order":0,"comment_status":"closed","ping_status":"closed","template":"pro\/page-templates\/landing-page.php","meta":{"footnotes":""},"class_list":["post-1635","page","type-page","status-publish","hentry"],"yoast_head":"<!-- This site is optimized with the Yoast SEO plugin v26.1.1 - https:\/\/yoast.com\/wordpress\/plugins\/seo\/ -->\n<title>Gary Finelle - Strategie okam\u017eit\u00e9 implantace v postrann\u00edm \u00faseku - ITI kongres Bratislava 2025<\/title>\n<meta name=\"robots\" content=\"index, follow, max-snippet:-1, max-image-preview:large, max-video-preview:-1\" \/>\n<link rel=\"canonical\" href=\"https:\/\/www.kongresiti.cz\/2025\/program\/gary-finelle-strategie-okamzite-implantace-v-postrannim-useku\/\" \/>\n<meta property=\"og:locale\" content=\"cs_CZ\" \/>\n<meta property=\"og:type\" content=\"article\" \/>\n<meta property=\"og:title\" content=\"Gary Finelle - Strategie okam\u017eit\u00e9 implantace v postrann\u00edm \u00faseku - ITI kongres Bratislava 2025\" \/>\n<meta property=\"og:description\" content=\"Strategie okam\u017eit\u00e9 implantace v postrann\u00edm \u00faseku Gary FinelleImedi\u00e1tn\u00ed o\u0161et\u0159en\u00ed implant\u00e1ty se stalo revolu\u010dn\u00edm postupem v modern\u00ed implantologick\u00e9 stomatologii a nab\u00edz\u00ed jasn\u00e9 klinick\u00e9 v\u00fdhody a vysokou spokojenost pacient\u016f. Tyto akcelerovan\u00e9 protokoly jsou v\u0161ak citliv\u00e9 na techniku a vy\u017eaduj\u00ed d\u016fkladn\u00e9 pochopen\u00ed rizikov\u00fdch faktor\u016f a klinick\u00fdch v\u00fdzev, aby byly zaji\u0161t\u011bny p\u0159edv\u00eddateln\u00e9 v\u00fdsledky. Dr. France Lambert a Dr. Gary&hellip; Read more\" \/>\n<meta property=\"og:url\" content=\"https:\/\/www.kongresiti.cz\/2025\/program\/gary-finelle-strategie-okamzite-implantace-v-postrannim-useku\/\" \/>\n<meta property=\"og:site_name\" content=\"ITI kongres Bratislava 2025\" \/>\n<meta property=\"article:modified_time\" content=\"2025-08-11T09:41:04+00:00\" \/>\n<meta name=\"twitter:card\" content=\"summary_large_image\" \/>\n<script type=\"application\/ld+json\" class=\"yoast-schema-graph\">{\"@context\":\"https:\/\/schema.org\",\"@graph\":[{\"@type\":\"WebPage\",\"@id\":\"https:\/\/www.kongresiti.cz\/2025\/program\/gary-finelle-strategie-okamzite-implantace-v-postrannim-useku\/\",\"url\":\"https:\/\/www.kongresiti.cz\/2025\/program\/gary-finelle-strategie-okamzite-implantace-v-postrannim-useku\/\",\"name\":\"Gary Finelle - Strategie okam\u017eit\u00e9 implantace v postrann\u00edm \u00faseku - ITI kongres Bratislava 2025\",\"isPartOf\":{\"@id\":\"https:\/\/www.kongresiti.cz\/2025\/#website\"},\"datePublished\":\"2025-07-11T10:34:00+00:00\",\"dateModified\":\"2025-08-11T09:41:04+00:00\",\"breadcrumb\":{\"@id\":\"https:\/\/www.kongresiti.cz\/2025\/program\/gary-finelle-strategie-okamzite-implantace-v-postrannim-useku\/#breadcrumb\"},\"inLanguage\":\"cs\",\"potentialAction\":[{\"@type\":\"ReadAction\",\"target\":[\"https:\/\/www.kongresiti.cz\/2025\/program\/gary-finelle-strategie-okamzite-implantace-v-postrannim-useku\/\"]}]},{\"@type\":\"BreadcrumbList\",\"@id\":\"https:\/\/www.kongresiti.cz\/2025\/program\/gary-finelle-strategie-okamzite-implantace-v-postrannim-useku\/#breadcrumb\",\"itemListElement\":[{\"@type\":\"ListItem\",\"position\":1,\"name\":\"Dom\u016f\",\"item\":\"https:\/\/www.kongresiti.cz\/2025\/\"},{\"@type\":\"ListItem\",\"position\":2,\"name\":\"Program\",\"item\":\"https:\/\/www.kongresiti.cz\/2025\/program\/\"},{\"@type\":\"ListItem\",\"position\":3,\"name\":\"Gary Finelle &#8211; Strategie okam\u017eit\u00e9 implantace v postrann\u00edm \u00faseku\"}]},{\"@type\":\"WebSite\",\"@id\":\"https:\/\/www.kongresiti.cz\/2025\/#website\",\"url\":\"https:\/\/www.kongresiti.cz\/2025\/\",\"name\":\"ITI kongres Bratislava 2025\",\"description\":\"Prvn\u00ed ITI kongres v \u010cesk\u00e9 a Slovensk\u00e9 republice\",\"publisher\":{\"@id\":\"https:\/\/www.kongresiti.cz\/2025\/#organization\"},\"potentialAction\":[{\"@type\":\"SearchAction\",\"target\":{\"@type\":\"EntryPoint\",\"urlTemplate\":\"https:\/\/www.kongresiti.cz\/2025\/?s={search_term_string}\"},\"query-input\":{\"@type\":\"PropertyValueSpecification\",\"valueRequired\":true,\"valueName\":\"search_term_string\"}}],\"inLanguage\":\"cs\"},{\"@type\":\"Organization\",\"@id\":\"https:\/\/www.kongresiti.cz\/2025\/#organization\",\"name\":\"ITI kongres Bratislava 2025\",\"url\":\"https:\/\/www.kongresiti.cz\/2025\/\",\"logo\":{\"@type\":\"ImageObject\",\"inLanguage\":\"cs\",\"@id\":\"https:\/\/www.kongresiti.cz\/2025\/#\/schema\/logo\/image\/\",\"url\":\"https:\/\/www.kongresiti.cz\/2025\/wp-content\/uploads\/2025\/06\/logo-ITI-Section-Czech-web.png\",\"contentUrl\":\"https:\/\/www.kongresiti.cz\/2025\/wp-content\/uploads\/2025\/06\/logo-ITI-Section-Czech-web.png\",\"width\":262,\"height\":111,\"caption\":\"ITI kongres Bratislava 2025\"},\"image\":{\"@id\":\"https:\/\/www.kongresiti.cz\/2025\/#\/schema\/logo\/image\/\"}}]}<\/script>\n<!-- \/ Yoast SEO plugin. -->","yoast_head_json":{"title":"Gary Finelle - Strategie okam\u017eit\u00e9 implantace v postrann\u00edm \u00faseku - ITI kongres Bratislava 2025","robots":{"index":"index","follow":"follow","max-snippet":"max-snippet:-1","max-image-preview":"max-image-preview:large","max-video-preview":"max-video-preview:-1"},"canonical":"https:\/\/www.kongresiti.cz\/2025\/program\/gary-finelle-strategie-okamzite-implantace-v-postrannim-useku\/","og_locale":"cs_CZ","og_type":"article","og_title":"Gary Finelle - Strategie okam\u017eit\u00e9 implantace v postrann\u00edm \u00faseku - ITI kongres Bratislava 2025","og_description":"Strategie okam\u017eit\u00e9 implantace v postrann\u00edm \u00faseku Gary FinelleImedi\u00e1tn\u00ed o\u0161et\u0159en\u00ed implant\u00e1ty se stalo revolu\u010dn\u00edm postupem v modern\u00ed implantologick\u00e9 stomatologii a nab\u00edz\u00ed jasn\u00e9 klinick\u00e9 v\u00fdhody a vysokou spokojenost pacient\u016f. Tyto akcelerovan\u00e9 protokoly jsou v\u0161ak citliv\u00e9 na techniku a vy\u017eaduj\u00ed d\u016fkladn\u00e9 pochopen\u00ed rizikov\u00fdch faktor\u016f a klinick\u00fdch v\u00fdzev, aby byly zaji\u0161t\u011bny p\u0159edv\u00eddateln\u00e9 v\u00fdsledky. Dr. France Lambert a Dr. Gary&hellip; Read more","og_url":"https:\/\/www.kongresiti.cz\/2025\/program\/gary-finelle-strategie-okamzite-implantace-v-postrannim-useku\/","og_site_name":"ITI kongres Bratislava 2025","article_modified_time":"2025-08-11T09:41:04+00:00","twitter_card":"summary_large_image","schema":{"@context":"https:\/\/schema.org","@graph":[{"@type":"WebPage","@id":"https:\/\/www.kongresiti.cz\/2025\/program\/gary-finelle-strategie-okamzite-implantace-v-postrannim-useku\/","url":"https:\/\/www.kongresiti.cz\/2025\/program\/gary-finelle-strategie-okamzite-implantace-v-postrannim-useku\/","name":"Gary Finelle - Strategie okam\u017eit\u00e9 implantace v postrann\u00edm \u00faseku - ITI kongres Bratislava 2025","isPartOf":{"@id":"https:\/\/www.kongresiti.cz\/2025\/#website"},"datePublished":"2025-07-11T10:34:00+00:00","dateModified":"2025-08-11T09:41:04+00:00","breadcrumb":{"@id":"https:\/\/www.kongresiti.cz\/2025\/program\/gary-finelle-strategie-okamzite-implantace-v-postrannim-useku\/#breadcrumb"},"inLanguage":"cs","potentialAction":[{"@type":"ReadAction","target":["https:\/\/www.kongresiti.cz\/2025\/program\/gary-finelle-strategie-okamzite-implantace-v-postrannim-useku\/"]}]},{"@type":"BreadcrumbList","@id":"https:\/\/www.kongresiti.cz\/2025\/program\/gary-finelle-strategie-okamzite-implantace-v-postrannim-useku\/#breadcrumb","itemListElement":[{"@type":"ListItem","position":1,"name":"Dom\u016f","item":"https:\/\/www.kongresiti.cz\/2025\/"},{"@type":"ListItem","position":2,"name":"Program","item":"https:\/\/www.kongresiti.cz\/2025\/program\/"},{"@type":"ListItem","position":3,"name":"Gary Finelle &#8211; Strategie okam\u017eit\u00e9 implantace v postrann\u00edm \u00faseku"}]},{"@type":"WebSite","@id":"https:\/\/www.kongresiti.cz\/2025\/#website","url":"https:\/\/www.kongresiti.cz\/2025\/","name":"ITI kongres Bratislava 2025","description":"Prvn\u00ed ITI kongres v \u010cesk\u00e9 a Slovensk\u00e9 republice","publisher":{"@id":"https:\/\/www.kongresiti.cz\/2025\/#organization"},"potentialAction":[{"@type":"SearchAction","target":{"@type":"EntryPoint","urlTemplate":"https:\/\/www.kongresiti.cz\/2025\/?s={search_term_string}"},"query-input":{"@type":"PropertyValueSpecification","valueRequired":true,"valueName":"search_term_string"}}],"inLanguage":"cs"},{"@type":"Organization","@id":"https:\/\/www.kongresiti.cz\/2025\/#organization","name":"ITI kongres Bratislava 2025","url":"https:\/\/www.kongresiti.cz\/2025\/","logo":{"@type":"ImageObject","inLanguage":"cs","@id":"https:\/\/www.kongresiti.cz\/2025\/#\/schema\/logo\/image\/","url":"https:\/\/www.kongresiti.cz\/2025\/wp-content\/uploads\/2025\/06\/logo-ITI-Section-Czech-web.png","contentUrl":"https:\/\/www.kongresiti.cz\/2025\/wp-content\/uploads\/2025\/06\/logo-ITI-Section-Czech-web.png","width":262,"height":111,"caption":"ITI kongres Bratislava 2025"},"image":{"@id":"https:\/\/www.kongresiti.cz\/2025\/#\/schema\/logo\/image\/"}}]}},"_links":{"self":[{"href":"https:\/\/www.kongresiti.cz\/2025\/wp-json\/wp\/v2\/pages\/1635","targetHints":{"allow":["GET"]}}],"collection":[{"href":"https:\/\/www.kongresiti.cz\/2025\/wp-json\/wp\/v2\/pages"}],"about":[{"href":"https:\/\/www.kongresiti.cz\/2025\/wp-json\/wp\/v2\/types\/page"}],"author":[{"embeddable":true,"href":"https:\/\/www.kongresiti.cz\/2025\/wp-json\/wp\/v2\/users\/1"}],"replies":[{"embeddable":true,"href":"https:\/\/www.kongresiti.cz\/2025\/wp-json\/wp\/v2\/comments?post=1635"}],"version-history":[{"count":1,"href":"https:\/\/www.kongresiti.cz\/2025\/wp-json\/wp\/v2\/pages\/1635\/revisions"}],"predecessor-version":[{"id":1876,"href":"https:\/\/www.kongresiti.cz\/2025\/wp-json\/wp\/v2\/pages\/1635\/revisions\/1876"}],"up":[{"embeddable":true,"href":"https:\/\/www.kongresiti.cz\/2025\/wp-json\/wp\/v2\/pages\/37"}],"wp:attachment":[{"href":"https:\/\/www.kongresiti.cz\/2025\/wp-json\/wp\/v2\/media?parent=1635"}],"curies":[{"name":"wp","href":"https:\/\/api.w.org\/{rel}","templated":true}]}}