{"id":1655,"date":"2025-07-11T12:42:58","date_gmt":"2025-07-11T10:42:58","guid":{"rendered":"https:\/\/www.kongresiti.cz\/2025\/?page_id=1655"},"modified":"2025-07-21T17:28:36","modified_gmt":"2025-07-21T15:28:36","slug":"peter-kramarik-pacient-je-nemotivovatelny-je-to-pravda-nebo-jen-nevim-jak-na-to","status":"publish","type":"page","link":"https:\/\/www.kongresiti.cz\/2025\/program\/peter-kramarik-pacient-je-nemotivovatelny-je-to-pravda-nebo-jen-nevim-jak-na-to\/","title":{"rendered":"Peter Kramar\u00edk &#8211; Pacient je nemotivovateln\u00fd! Je to pravda, nebo jen nev\u00edm, jak na to?"},"content":{"rendered":"<div  data-label=\"Content\" data-id=\"content--1\" data-export-id=\"content-12\" data-category=\"content\" class=\"content-12 content-section content-section-spacing\" id=\"content-1\" style=\"background-color: rgb(255, 255, 255);\"><div  class=\"gridContainer\"> <div  class=\"row text-center\"><div  class=\"section-title-col\" data-type=\"column\"> <h2  class=\"\">Pacient je nemotivovateln\u00fd! \n<br >Je to pravda, nebo jen nev\u00edm, jak na to?<\/h2> <h3  class=\"\">Peter Kram\u00e1rik<\/h3><p  class=\"lead\" style=\"text-align: left;\">U\u017e roky sl\u00fdch\u00e1me, \u017ee n\u011bkte\u0159\u00ed pacienti nejsou motivovateln\u00ed. P\u0159esto neust\u00e1le opakujeme tyt\u00e9\u017e motiva\u010dn\u00ed strategie, indexy nebo n\u00e1stroje. Ale co kdy\u017e pacient ve skute\u010dnosti zm\u011bnu chce, jen nev\u00ed, jak p\u0159esv\u011bd\u010dit vlastn\u00ed nervov\u00fd syst\u00e9m? Co kdy\u017e pln\u011b rozum\u00ed va\u0161im slov\u016fm, ale nar\u00e1\u017e\u00ed na ze\u010f, kterou nedok\u00e1\u017ee p\u0159ekonat? A dok\u00e1\u017eete vy sami \u00fasp\u011b\u0161n\u011b zav\u00e9st v\u0161echny sv\u00e9 nov\u00e9 c\u00edle?N\u011bkdy i samotn\u00ed stomatologi\u010dt\u00ed odborn\u00edci bojuj\u00ed se zav\u00e1d\u011bn\u00edm nov\u00fdch n\u00e1vyk\u016f \u2013 a p\u0159esto krout\u00edme hlavou nad pacienty. V t\u00e9to p\u0159edn\u00e1\u0161ce se dozv\u00edte, jak, kdy a za jak\u00fdch okolnost\u00ed efektivn\u011b zav\u00e1d\u011bt nov\u00e9 n\u00e1vyky \u2013 jak u sebe, tak u sv\u00fdch pacient\u016f. Z\u00e1rove\u0148 si uk\u00e1\u017eeme, jak\u00fdm zp\u016fsobem pracovat s ne\u017e\u00e1douc\u00edmi n\u00e1vyky, kter\u00e9 se sna\u017e\u00edme odbourat. Tyto postupy m\u016f\u017eete vyu\u017e\u00edt ve sv\u00e9m osobn\u00edm \u017eivot\u011b i ka\u017edodenn\u00ed klinick\u00e9 praxi.<\/p><\/div> <\/div> <div  class=\"row center-xs middle-xs\"> <div  class=\"col-sm-9\" data-type=\"column\"><div  data-editable=\"true\" data-name=\"ope-widgets-area\" data-content-shortcode=\"mesmerize_display_widgets_area id=&quot;mesmerize_users_custom_widgets_areas_5&quot; \" class=\"\"><div data-name=\"mesmerize-widgets-area\"><div id=\"block-14\" class=\"widget widget_block\"><style>\n.mesmerize-language-switcher, #wpadminbar {display: none !important}\n.site>.page-content.landing {justify-content: start;}\nbody.custom-background {background-image: none;}\n.site {min-height: auto;}\nhtml {margin-top: 0 !important}\n\n<\/style><\/div><\/div><\/div> <\/div> <\/div><\/div> <\/div>","protected":false},"excerpt":{"rendered":"<p>Pacient je nemotivovateln\u00fd! Je to pravda, nebo jen nev\u00edm, jak na to? Peter Kram\u00e1rikU\u017e roky sl\u00fdch\u00e1me, \u017ee n\u011bkte\u0159\u00ed pacienti nejsou motivovateln\u00ed. P\u0159esto neust\u00e1le opakujeme tyt\u00e9\u017e motiva\u010dn\u00ed strategie, indexy nebo n\u00e1stroje. Ale co kdy\u017e pacient ve skute\u010dnosti zm\u011bnu chce, jen nev\u00ed, jak p\u0159esv\u011bd\u010dit vlastn\u00ed nervov\u00fd syst\u00e9m? Co kdy\u017e pln\u011b rozum\u00ed va\u0161im slov\u016fm, ale nar\u00e1\u017e\u00ed na ze\u010f,&hellip; <br \/> <a class=\"read-more\" href=\"https:\/\/www.kongresiti.cz\/2025\/program\/peter-kramarik-pacient-je-nemotivovatelny-je-to-pravda-nebo-jen-nevim-jak-na-to\/\">Read more<\/a><\/p>\n","protected":false},"author":1,"featured_media":0,"parent":37,"menu_order":0,"comment_status":"closed","ping_status":"closed","template":"pro\/page-templates\/landing-page.php","meta":{"footnotes":""},"class_list":["post-1655","page","type-page","status-publish","hentry"],"yoast_head":"<!-- This site is optimized with the Yoast SEO plugin v26.1.1 - https:\/\/yoast.com\/wordpress\/plugins\/seo\/ -->\n<title>Peter Kramar\u00edk - Pacient je nemotivovateln\u00fd! Je to pravda, nebo jen nev\u00edm, jak na to? - ITI kongres Bratislava 2025<\/title>\n<meta name=\"robots\" content=\"index, follow, max-snippet:-1, max-image-preview:large, max-video-preview:-1\" \/>\n<link rel=\"canonical\" href=\"https:\/\/www.kongresiti.cz\/2025\/program\/peter-kramarik-pacient-je-nemotivovatelny-je-to-pravda-nebo-jen-nevim-jak-na-to\/\" \/>\n<meta property=\"og:locale\" content=\"cs_CZ\" \/>\n<meta property=\"og:type\" content=\"article\" \/>\n<meta property=\"og:title\" content=\"Peter Kramar\u00edk - Pacient je nemotivovateln\u00fd! Je to pravda, nebo jen nev\u00edm, jak na to? - ITI kongres Bratislava 2025\" \/>\n<meta property=\"og:description\" content=\"Pacient je nemotivovateln\u00fd! Je to pravda, nebo jen nev\u00edm, jak na to? Peter Kram\u00e1rikU\u017e roky sl\u00fdch\u00e1me, \u017ee n\u011bkte\u0159\u00ed pacienti nejsou motivovateln\u00ed. P\u0159esto neust\u00e1le opakujeme tyt\u00e9\u017e motiva\u010dn\u00ed strategie, indexy nebo n\u00e1stroje. Ale co kdy\u017e pacient ve skute\u010dnosti zm\u011bnu chce, jen nev\u00ed, jak p\u0159esv\u011bd\u010dit vlastn\u00ed nervov\u00fd syst\u00e9m? Co kdy\u017e pln\u011b rozum\u00ed va\u0161im slov\u016fm, ale nar\u00e1\u017e\u00ed na ze\u010f,&hellip; Read more\" \/>\n<meta property=\"og:url\" content=\"https:\/\/www.kongresiti.cz\/2025\/program\/peter-kramarik-pacient-je-nemotivovatelny-je-to-pravda-nebo-jen-nevim-jak-na-to\/\" \/>\n<meta property=\"og:site_name\" content=\"ITI kongres Bratislava 2025\" \/>\n<meta property=\"article:modified_time\" content=\"2025-07-21T15:28:36+00:00\" \/>\n<meta name=\"twitter:card\" content=\"summary_large_image\" \/>\n<script type=\"application\/ld+json\" class=\"yoast-schema-graph\">{\"@context\":\"https:\/\/schema.org\",\"@graph\":[{\"@type\":\"WebPage\",\"@id\":\"https:\/\/www.kongresiti.cz\/2025\/program\/peter-kramarik-pacient-je-nemotivovatelny-je-to-pravda-nebo-jen-nevim-jak-na-to\/\",\"url\":\"https:\/\/www.kongresiti.cz\/2025\/program\/peter-kramarik-pacient-je-nemotivovatelny-je-to-pravda-nebo-jen-nevim-jak-na-to\/\",\"name\":\"Peter Kramar\u00edk - Pacient je nemotivovateln\u00fd! Je to pravda, nebo jen nev\u00edm, jak na to? - ITI kongres Bratislava 2025\",\"isPartOf\":{\"@id\":\"https:\/\/www.kongresiti.cz\/2025\/#website\"},\"datePublished\":\"2025-07-11T10:42:58+00:00\",\"dateModified\":\"2025-07-21T15:28:36+00:00\",\"breadcrumb\":{\"@id\":\"https:\/\/www.kongresiti.cz\/2025\/program\/peter-kramarik-pacient-je-nemotivovatelny-je-to-pravda-nebo-jen-nevim-jak-na-to\/#breadcrumb\"},\"inLanguage\":\"cs\",\"potentialAction\":[{\"@type\":\"ReadAction\",\"target\":[\"https:\/\/www.kongresiti.cz\/2025\/program\/peter-kramarik-pacient-je-nemotivovatelny-je-to-pravda-nebo-jen-nevim-jak-na-to\/\"]}]},{\"@type\":\"BreadcrumbList\",\"@id\":\"https:\/\/www.kongresiti.cz\/2025\/program\/peter-kramarik-pacient-je-nemotivovatelny-je-to-pravda-nebo-jen-nevim-jak-na-to\/#breadcrumb\",\"itemListElement\":[{\"@type\":\"ListItem\",\"position\":1,\"name\":\"Dom\u016f\",\"item\":\"https:\/\/www.kongresiti.cz\/2025\/\"},{\"@type\":\"ListItem\",\"position\":2,\"name\":\"Program\",\"item\":\"https:\/\/www.kongresiti.cz\/2025\/program\/\"},{\"@type\":\"ListItem\",\"position\":3,\"name\":\"Peter Kramar\u00edk &#8211; Pacient je nemotivovateln\u00fd! Je to pravda, nebo jen nev\u00edm, jak na to?\"}]},{\"@type\":\"WebSite\",\"@id\":\"https:\/\/www.kongresiti.cz\/2025\/#website\",\"url\":\"https:\/\/www.kongresiti.cz\/2025\/\",\"name\":\"ITI kongres Bratislava 2025\",\"description\":\"Prvn\u00ed ITI kongres v \u010cesk\u00e9 a Slovensk\u00e9 republice\",\"publisher\":{\"@id\":\"https:\/\/www.kongresiti.cz\/2025\/#organization\"},\"potentialAction\":[{\"@type\":\"SearchAction\",\"target\":{\"@type\":\"EntryPoint\",\"urlTemplate\":\"https:\/\/www.kongresiti.cz\/2025\/?s={search_term_string}\"},\"query-input\":{\"@type\":\"PropertyValueSpecification\",\"valueRequired\":true,\"valueName\":\"search_term_string\"}}],\"inLanguage\":\"cs\"},{\"@type\":\"Organization\",\"@id\":\"https:\/\/www.kongresiti.cz\/2025\/#organization\",\"name\":\"ITI kongres Bratislava 2025\",\"url\":\"https:\/\/www.kongresiti.cz\/2025\/\",\"logo\":{\"@type\":\"ImageObject\",\"inLanguage\":\"cs\",\"@id\":\"https:\/\/www.kongresiti.cz\/2025\/#\/schema\/logo\/image\/\",\"url\":\"https:\/\/www.kongresiti.cz\/2025\/wp-content\/uploads\/2025\/06\/logo-ITI-Section-Czech-web.png\",\"contentUrl\":\"https:\/\/www.kongresiti.cz\/2025\/wp-content\/uploads\/2025\/06\/logo-ITI-Section-Czech-web.png\",\"width\":262,\"height\":111,\"caption\":\"ITI kongres Bratislava 2025\"},\"image\":{\"@id\":\"https:\/\/www.kongresiti.cz\/2025\/#\/schema\/logo\/image\/\"}}]}<\/script>\n<!-- \/ Yoast SEO plugin. -->","yoast_head_json":{"title":"Peter Kramar\u00edk - Pacient je nemotivovateln\u00fd! Je to pravda, nebo jen nev\u00edm, jak na to? - ITI kongres Bratislava 2025","robots":{"index":"index","follow":"follow","max-snippet":"max-snippet:-1","max-image-preview":"max-image-preview:large","max-video-preview":"max-video-preview:-1"},"canonical":"https:\/\/www.kongresiti.cz\/2025\/program\/peter-kramarik-pacient-je-nemotivovatelny-je-to-pravda-nebo-jen-nevim-jak-na-to\/","og_locale":"cs_CZ","og_type":"article","og_title":"Peter Kramar\u00edk - Pacient je nemotivovateln\u00fd! Je to pravda, nebo jen nev\u00edm, jak na to? - ITI kongres Bratislava 2025","og_description":"Pacient je nemotivovateln\u00fd! Je to pravda, nebo jen nev\u00edm, jak na to? Peter Kram\u00e1rikU\u017e roky sl\u00fdch\u00e1me, \u017ee n\u011bkte\u0159\u00ed pacienti nejsou motivovateln\u00ed. P\u0159esto neust\u00e1le opakujeme tyt\u00e9\u017e motiva\u010dn\u00ed strategie, indexy nebo n\u00e1stroje. Ale co kdy\u017e pacient ve skute\u010dnosti zm\u011bnu chce, jen nev\u00ed, jak p\u0159esv\u011bd\u010dit vlastn\u00ed nervov\u00fd syst\u00e9m? Co kdy\u017e pln\u011b rozum\u00ed va\u0161im slov\u016fm, ale nar\u00e1\u017e\u00ed na ze\u010f,&hellip; Read more","og_url":"https:\/\/www.kongresiti.cz\/2025\/program\/peter-kramarik-pacient-je-nemotivovatelny-je-to-pravda-nebo-jen-nevim-jak-na-to\/","og_site_name":"ITI kongres Bratislava 2025","article_modified_time":"2025-07-21T15:28:36+00:00","twitter_card":"summary_large_image","schema":{"@context":"https:\/\/schema.org","@graph":[{"@type":"WebPage","@id":"https:\/\/www.kongresiti.cz\/2025\/program\/peter-kramarik-pacient-je-nemotivovatelny-je-to-pravda-nebo-jen-nevim-jak-na-to\/","url":"https:\/\/www.kongresiti.cz\/2025\/program\/peter-kramarik-pacient-je-nemotivovatelny-je-to-pravda-nebo-jen-nevim-jak-na-to\/","name":"Peter Kramar\u00edk - Pacient je nemotivovateln\u00fd! Je to pravda, nebo jen nev\u00edm, jak na to? - ITI kongres Bratislava 2025","isPartOf":{"@id":"https:\/\/www.kongresiti.cz\/2025\/#website"},"datePublished":"2025-07-11T10:42:58+00:00","dateModified":"2025-07-21T15:28:36+00:00","breadcrumb":{"@id":"https:\/\/www.kongresiti.cz\/2025\/program\/peter-kramarik-pacient-je-nemotivovatelny-je-to-pravda-nebo-jen-nevim-jak-na-to\/#breadcrumb"},"inLanguage":"cs","potentialAction":[{"@type":"ReadAction","target":["https:\/\/www.kongresiti.cz\/2025\/program\/peter-kramarik-pacient-je-nemotivovatelny-je-to-pravda-nebo-jen-nevim-jak-na-to\/"]}]},{"@type":"BreadcrumbList","@id":"https:\/\/www.kongresiti.cz\/2025\/program\/peter-kramarik-pacient-je-nemotivovatelny-je-to-pravda-nebo-jen-nevim-jak-na-to\/#breadcrumb","itemListElement":[{"@type":"ListItem","position":1,"name":"Dom\u016f","item":"https:\/\/www.kongresiti.cz\/2025\/"},{"@type":"ListItem","position":2,"name":"Program","item":"https:\/\/www.kongresiti.cz\/2025\/program\/"},{"@type":"ListItem","position":3,"name":"Peter Kramar\u00edk &#8211; Pacient je nemotivovateln\u00fd! Je to pravda, nebo jen nev\u00edm, jak na to?"}]},{"@type":"WebSite","@id":"https:\/\/www.kongresiti.cz\/2025\/#website","url":"https:\/\/www.kongresiti.cz\/2025\/","name":"ITI kongres Bratislava 2025","description":"Prvn\u00ed ITI kongres v \u010cesk\u00e9 a Slovensk\u00e9 republice","publisher":{"@id":"https:\/\/www.kongresiti.cz\/2025\/#organization"},"potentialAction":[{"@type":"SearchAction","target":{"@type":"EntryPoint","urlTemplate":"https:\/\/www.kongresiti.cz\/2025\/?s={search_term_string}"},"query-input":{"@type":"PropertyValueSpecification","valueRequired":true,"valueName":"search_term_string"}}],"inLanguage":"cs"},{"@type":"Organization","@id":"https:\/\/www.kongresiti.cz\/2025\/#organization","name":"ITI kongres Bratislava 2025","url":"https:\/\/www.kongresiti.cz\/2025\/","logo":{"@type":"ImageObject","inLanguage":"cs","@id":"https:\/\/www.kongresiti.cz\/2025\/#\/schema\/logo\/image\/","url":"https:\/\/www.kongresiti.cz\/2025\/wp-content\/uploads\/2025\/06\/logo-ITI-Section-Czech-web.png","contentUrl":"https:\/\/www.kongresiti.cz\/2025\/wp-content\/uploads\/2025\/06\/logo-ITI-Section-Czech-web.png","width":262,"height":111,"caption":"ITI kongres Bratislava 2025"},"image":{"@id":"https:\/\/www.kongresiti.cz\/2025\/#\/schema\/logo\/image\/"}}]}},"_links":{"self":[{"href":"https:\/\/www.kongresiti.cz\/2025\/wp-json\/wp\/v2\/pages\/1655","targetHints":{"allow":["GET"]}}],"collection":[{"href":"https:\/\/www.kongresiti.cz\/2025\/wp-json\/wp\/v2\/pages"}],"about":[{"href":"https:\/\/www.kongresiti.cz\/2025\/wp-json\/wp\/v2\/types\/page"}],"author":[{"embeddable":true,"href":"https:\/\/www.kongresiti.cz\/2025\/wp-json\/wp\/v2\/users\/1"}],"replies":[{"embeddable":true,"href":"https:\/\/www.kongresiti.cz\/2025\/wp-json\/wp\/v2\/comments?post=1655"}],"version-history":[{"count":2,"href":"https:\/\/www.kongresiti.cz\/2025\/wp-json\/wp\/v2\/pages\/1655\/revisions"}],"predecessor-version":[{"id":1794,"href":"https:\/\/www.kongresiti.cz\/2025\/wp-json\/wp\/v2\/pages\/1655\/revisions\/1794"}],"up":[{"embeddable":true,"href":"https:\/\/www.kongresiti.cz\/2025\/wp-json\/wp\/v2\/pages\/37"}],"wp:attachment":[{"href":"https:\/\/www.kongresiti.cz\/2025\/wp-json\/wp\/v2\/media?parent=1655"}],"curies":[{"name":"wp","href":"https:\/\/api.w.org\/{rel}","templated":true}]}}