{"id":1659,"date":"2025-07-11T12:44:29","date_gmt":"2025-07-11T10:44:29","guid":{"rendered":"https:\/\/www.kongresiti.cz\/2025\/?page_id=1659"},"modified":"2025-07-11T12:45:48","modified_gmt":"2025-07-11T10:45:48","slug":"jana-norkin-jak-dosahnout-dlouhodobych-vysledku-konzervativni-lecbou-parodontitidy-kazuistiky-z-praxe-dentalni-hygienistky-2","status":"publish","type":"page","link":"https:\/\/www.kongresiti.cz\/2025\/program\/jana-norkin-jak-dosahnout-dlouhodobych-vysledku-konzervativni-lecbou-parodontitidy-kazuistiky-z-praxe-dentalni-hygienistky-2\/","title":{"rendered":"Jana Norkin &#8211; Jak dos\u00e1hnout dlouhodob\u00fdch v\u00fdsledk\u016f konzervativn\u00ed l\u00e9\u010dbou parodontitidy? Kazuistiky z praxe dentalni hygienistky."},"content":{"rendered":"<div  data-label=\"Content\" data-id=\"content--1\" data-export-id=\"content-12\" data-category=\"content\" class=\"content-12 content-section content-section-spacing\" id=\"content-1\" style=\"background-color: rgb(255, 255, 255);\"><div  class=\"gridContainer\"> <div  class=\"row text-center\"><div  class=\"section-title-col\" data-type=\"column\"> <h2  class=\"\">Jak dos\u00e1hnout dlouhodob\u00fdch v\u00fdsledk\u016f konzervativn\u00ed l\u00e9\u010dbou parodontitidy? Kazuistiky z praxe dentalni hygienistky.<\/h2> <h3  class=\"\">Jana Norkin<\/h3><p  class=\"lead\">P\u0159ipravujeme\u2026<\/p><\/div> <\/div> <div  class=\"row center-xs middle-xs\"> <div  class=\"col-sm-9\" data-type=\"column\"><div  data-editable=\"true\" data-name=\"ope-widgets-area\" data-content-shortcode=\"mesmerize_display_widgets_area id=&quot;mesmerize_users_custom_widgets_areas_5&quot; \" class=\"\"><div data-name=\"mesmerize-widgets-area\"><div id=\"block-14\" class=\"widget widget_block\"><style>\n.mesmerize-language-switcher, #wpadminbar {display: none !important}\n.site>.page-content.landing {justify-content: start;}\nbody.custom-background {background-image: none;}\n.site {min-height: auto;}\nhtml {margin-top: 0 !important}\n\n<\/style><\/div><\/div><\/div> <\/div> <\/div><\/div> <\/div>","protected":false},"excerpt":{"rendered":"<p>Jak dos\u00e1hnout dlouhodob\u00fdch v\u00fdsledk\u016f konzervativn\u00ed l\u00e9\u010dbou parodontitidy? Kazuistiky z praxe dentalni hygienistky. Jana NorkinP\u0159ipravujeme\u2026<\/p>\n","protected":false},"author":1,"featured_media":0,"parent":37,"menu_order":0,"comment_status":"closed","ping_status":"closed","template":"pro\/page-templates\/landing-page.php","meta":{"footnotes":""},"class_list":["post-1659","page","type-page","status-publish","hentry"],"yoast_head":"<!-- This site is optimized with the Yoast SEO plugin v26.1.1 - https:\/\/yoast.com\/wordpress\/plugins\/seo\/ -->\n<title>Jana Norkin - Jak dos\u00e1hnout dlouhodob\u00fdch v\u00fdsledk\u016f konzervativn\u00ed l\u00e9\u010dbou parodontitidy? Kazuistiky z praxe dentalni hygienistky. - ITI kongres Bratislava 2025<\/title>\n<meta name=\"robots\" content=\"index, follow, max-snippet:-1, max-image-preview:large, max-video-preview:-1\" \/>\n<link rel=\"canonical\" href=\"https:\/\/www.kongresiti.cz\/2025\/program\/jana-norkin-jak-dosahnout-dlouhodobych-vysledku-konzervativni-lecbou-parodontitidy-kazuistiky-z-praxe-dentalni-hygienistky-2\/\" \/>\n<meta property=\"og:locale\" content=\"cs_CZ\" \/>\n<meta property=\"og:type\" content=\"article\" \/>\n<meta property=\"og:title\" content=\"Jana Norkin - Jak dos\u00e1hnout dlouhodob\u00fdch v\u00fdsledk\u016f konzervativn\u00ed l\u00e9\u010dbou parodontitidy? Kazuistiky z praxe dentalni hygienistky. - ITI kongres Bratislava 2025\" \/>\n<meta property=\"og:description\" content=\"Jak dos\u00e1hnout dlouhodob\u00fdch v\u00fdsledk\u016f konzervativn\u00ed l\u00e9\u010dbou parodontitidy? Kazuistiky z praxe dentalni hygienistky. Jana NorkinP\u0159ipravujeme\u2026\" \/>\n<meta property=\"og:url\" content=\"https:\/\/www.kongresiti.cz\/2025\/program\/jana-norkin-jak-dosahnout-dlouhodobych-vysledku-konzervativni-lecbou-parodontitidy-kazuistiky-z-praxe-dentalni-hygienistky-2\/\" \/>\n<meta property=\"og:site_name\" content=\"ITI kongres Bratislava 2025\" \/>\n<meta property=\"article:modified_time\" content=\"2025-07-11T10:45:48+00:00\" \/>\n<meta name=\"twitter:card\" content=\"summary_large_image\" \/>\n<script type=\"application\/ld+json\" class=\"yoast-schema-graph\">{\"@context\":\"https:\/\/schema.org\",\"@graph\":[{\"@type\":\"WebPage\",\"@id\":\"https:\/\/www.kongresiti.cz\/2025\/program\/jana-norkin-jak-dosahnout-dlouhodobych-vysledku-konzervativni-lecbou-parodontitidy-kazuistiky-z-praxe-dentalni-hygienistky-2\/\",\"url\":\"https:\/\/www.kongresiti.cz\/2025\/program\/jana-norkin-jak-dosahnout-dlouhodobych-vysledku-konzervativni-lecbou-parodontitidy-kazuistiky-z-praxe-dentalni-hygienistky-2\/\",\"name\":\"Jana Norkin - Jak dos\u00e1hnout dlouhodob\u00fdch v\u00fdsledk\u016f konzervativn\u00ed l\u00e9\u010dbou parodontitidy? Kazuistiky z praxe dentalni hygienistky. - ITI kongres Bratislava 2025\",\"isPartOf\":{\"@id\":\"https:\/\/www.kongresiti.cz\/2025\/#website\"},\"datePublished\":\"2025-07-11T10:44:29+00:00\",\"dateModified\":\"2025-07-11T10:45:48+00:00\",\"breadcrumb\":{\"@id\":\"https:\/\/www.kongresiti.cz\/2025\/program\/jana-norkin-jak-dosahnout-dlouhodobych-vysledku-konzervativni-lecbou-parodontitidy-kazuistiky-z-praxe-dentalni-hygienistky-2\/#breadcrumb\"},\"inLanguage\":\"cs\",\"potentialAction\":[{\"@type\":\"ReadAction\",\"target\":[\"https:\/\/www.kongresiti.cz\/2025\/program\/jana-norkin-jak-dosahnout-dlouhodobych-vysledku-konzervativni-lecbou-parodontitidy-kazuistiky-z-praxe-dentalni-hygienistky-2\/\"]}]},{\"@type\":\"BreadcrumbList\",\"@id\":\"https:\/\/www.kongresiti.cz\/2025\/program\/jana-norkin-jak-dosahnout-dlouhodobych-vysledku-konzervativni-lecbou-parodontitidy-kazuistiky-z-praxe-dentalni-hygienistky-2\/#breadcrumb\",\"itemListElement\":[{\"@type\":\"ListItem\",\"position\":1,\"name\":\"Dom\u016f\",\"item\":\"https:\/\/www.kongresiti.cz\/2025\/\"},{\"@type\":\"ListItem\",\"position\":2,\"name\":\"Program\",\"item\":\"https:\/\/www.kongresiti.cz\/2025\/program\/\"},{\"@type\":\"ListItem\",\"position\":3,\"name\":\"Jana Norkin &#8211; Jak dos\u00e1hnout dlouhodob\u00fdch v\u00fdsledk\u016f konzervativn\u00ed l\u00e9\u010dbou parodontitidy? Kazuistiky z praxe dentalni hygienistky.\"}]},{\"@type\":\"WebSite\",\"@id\":\"https:\/\/www.kongresiti.cz\/2025\/#website\",\"url\":\"https:\/\/www.kongresiti.cz\/2025\/\",\"name\":\"ITI kongres Bratislava 2025\",\"description\":\"Prvn\u00ed ITI kongres v \u010cesk\u00e9 a Slovensk\u00e9 republice\",\"publisher\":{\"@id\":\"https:\/\/www.kongresiti.cz\/2025\/#organization\"},\"potentialAction\":[{\"@type\":\"SearchAction\",\"target\":{\"@type\":\"EntryPoint\",\"urlTemplate\":\"https:\/\/www.kongresiti.cz\/2025\/?s={search_term_string}\"},\"query-input\":{\"@type\":\"PropertyValueSpecification\",\"valueRequired\":true,\"valueName\":\"search_term_string\"}}],\"inLanguage\":\"cs\"},{\"@type\":\"Organization\",\"@id\":\"https:\/\/www.kongresiti.cz\/2025\/#organization\",\"name\":\"ITI kongres Bratislava 2025\",\"url\":\"https:\/\/www.kongresiti.cz\/2025\/\",\"logo\":{\"@type\":\"ImageObject\",\"inLanguage\":\"cs\",\"@id\":\"https:\/\/www.kongresiti.cz\/2025\/#\/schema\/logo\/image\/\",\"url\":\"https:\/\/www.kongresiti.cz\/2025\/wp-content\/uploads\/2025\/06\/logo-ITI-Section-Czech-web.png\",\"contentUrl\":\"https:\/\/www.kongresiti.cz\/2025\/wp-content\/uploads\/2025\/06\/logo-ITI-Section-Czech-web.png\",\"width\":262,\"height\":111,\"caption\":\"ITI kongres Bratislava 2025\"},\"image\":{\"@id\":\"https:\/\/www.kongresiti.cz\/2025\/#\/schema\/logo\/image\/\"}}]}<\/script>\n<!-- \/ Yoast SEO plugin. -->","yoast_head_json":{"title":"Jana Norkin - Jak dos\u00e1hnout dlouhodob\u00fdch v\u00fdsledk\u016f konzervativn\u00ed l\u00e9\u010dbou parodontitidy? Kazuistiky z praxe dentalni hygienistky. - ITI kongres Bratislava 2025","robots":{"index":"index","follow":"follow","max-snippet":"max-snippet:-1","max-image-preview":"max-image-preview:large","max-video-preview":"max-video-preview:-1"},"canonical":"https:\/\/www.kongresiti.cz\/2025\/program\/jana-norkin-jak-dosahnout-dlouhodobych-vysledku-konzervativni-lecbou-parodontitidy-kazuistiky-z-praxe-dentalni-hygienistky-2\/","og_locale":"cs_CZ","og_type":"article","og_title":"Jana Norkin - Jak dos\u00e1hnout dlouhodob\u00fdch v\u00fdsledk\u016f konzervativn\u00ed l\u00e9\u010dbou parodontitidy? Kazuistiky z praxe dentalni hygienistky. - ITI kongres Bratislava 2025","og_description":"Jak dos\u00e1hnout dlouhodob\u00fdch v\u00fdsledk\u016f konzervativn\u00ed l\u00e9\u010dbou parodontitidy? Kazuistiky z praxe dentalni hygienistky. Jana NorkinP\u0159ipravujeme\u2026","og_url":"https:\/\/www.kongresiti.cz\/2025\/program\/jana-norkin-jak-dosahnout-dlouhodobych-vysledku-konzervativni-lecbou-parodontitidy-kazuistiky-z-praxe-dentalni-hygienistky-2\/","og_site_name":"ITI kongres Bratislava 2025","article_modified_time":"2025-07-11T10:45:48+00:00","twitter_card":"summary_large_image","schema":{"@context":"https:\/\/schema.org","@graph":[{"@type":"WebPage","@id":"https:\/\/www.kongresiti.cz\/2025\/program\/jana-norkin-jak-dosahnout-dlouhodobych-vysledku-konzervativni-lecbou-parodontitidy-kazuistiky-z-praxe-dentalni-hygienistky-2\/","url":"https:\/\/www.kongresiti.cz\/2025\/program\/jana-norkin-jak-dosahnout-dlouhodobych-vysledku-konzervativni-lecbou-parodontitidy-kazuistiky-z-praxe-dentalni-hygienistky-2\/","name":"Jana Norkin - Jak dos\u00e1hnout dlouhodob\u00fdch v\u00fdsledk\u016f konzervativn\u00ed l\u00e9\u010dbou parodontitidy? Kazuistiky z praxe dentalni hygienistky. - ITI kongres Bratislava 2025","isPartOf":{"@id":"https:\/\/www.kongresiti.cz\/2025\/#website"},"datePublished":"2025-07-11T10:44:29+00:00","dateModified":"2025-07-11T10:45:48+00:00","breadcrumb":{"@id":"https:\/\/www.kongresiti.cz\/2025\/program\/jana-norkin-jak-dosahnout-dlouhodobych-vysledku-konzervativni-lecbou-parodontitidy-kazuistiky-z-praxe-dentalni-hygienistky-2\/#breadcrumb"},"inLanguage":"cs","potentialAction":[{"@type":"ReadAction","target":["https:\/\/www.kongresiti.cz\/2025\/program\/jana-norkin-jak-dosahnout-dlouhodobych-vysledku-konzervativni-lecbou-parodontitidy-kazuistiky-z-praxe-dentalni-hygienistky-2\/"]}]},{"@type":"BreadcrumbList","@id":"https:\/\/www.kongresiti.cz\/2025\/program\/jana-norkin-jak-dosahnout-dlouhodobych-vysledku-konzervativni-lecbou-parodontitidy-kazuistiky-z-praxe-dentalni-hygienistky-2\/#breadcrumb","itemListElement":[{"@type":"ListItem","position":1,"name":"Dom\u016f","item":"https:\/\/www.kongresiti.cz\/2025\/"},{"@type":"ListItem","position":2,"name":"Program","item":"https:\/\/www.kongresiti.cz\/2025\/program\/"},{"@type":"ListItem","position":3,"name":"Jana Norkin &#8211; Jak dos\u00e1hnout dlouhodob\u00fdch v\u00fdsledk\u016f konzervativn\u00ed l\u00e9\u010dbou parodontitidy? Kazuistiky z praxe dentalni hygienistky."}]},{"@type":"WebSite","@id":"https:\/\/www.kongresiti.cz\/2025\/#website","url":"https:\/\/www.kongresiti.cz\/2025\/","name":"ITI kongres Bratislava 2025","description":"Prvn\u00ed ITI kongres v \u010cesk\u00e9 a Slovensk\u00e9 republice","publisher":{"@id":"https:\/\/www.kongresiti.cz\/2025\/#organization"},"potentialAction":[{"@type":"SearchAction","target":{"@type":"EntryPoint","urlTemplate":"https:\/\/www.kongresiti.cz\/2025\/?s={search_term_string}"},"query-input":{"@type":"PropertyValueSpecification","valueRequired":true,"valueName":"search_term_string"}}],"inLanguage":"cs"},{"@type":"Organization","@id":"https:\/\/www.kongresiti.cz\/2025\/#organization","name":"ITI kongres Bratislava 2025","url":"https:\/\/www.kongresiti.cz\/2025\/","logo":{"@type":"ImageObject","inLanguage":"cs","@id":"https:\/\/www.kongresiti.cz\/2025\/#\/schema\/logo\/image\/","url":"https:\/\/www.kongresiti.cz\/2025\/wp-content\/uploads\/2025\/06\/logo-ITI-Section-Czech-web.png","contentUrl":"https:\/\/www.kongresiti.cz\/2025\/wp-content\/uploads\/2025\/06\/logo-ITI-Section-Czech-web.png","width":262,"height":111,"caption":"ITI kongres Bratislava 2025"},"image":{"@id":"https:\/\/www.kongresiti.cz\/2025\/#\/schema\/logo\/image\/"}}]}},"_links":{"self":[{"href":"https:\/\/www.kongresiti.cz\/2025\/wp-json\/wp\/v2\/pages\/1659","targetHints":{"allow":["GET"]}}],"collection":[{"href":"https:\/\/www.kongresiti.cz\/2025\/wp-json\/wp\/v2\/pages"}],"about":[{"href":"https:\/\/www.kongresiti.cz\/2025\/wp-json\/wp\/v2\/types\/page"}],"author":[{"embeddable":true,"href":"https:\/\/www.kongresiti.cz\/2025\/wp-json\/wp\/v2\/users\/1"}],"replies":[{"embeddable":true,"href":"https:\/\/www.kongresiti.cz\/2025\/wp-json\/wp\/v2\/comments?post=1659"}],"version-history":[{"count":0,"href":"https:\/\/www.kongresiti.cz\/2025\/wp-json\/wp\/v2\/pages\/1659\/revisions"}],"up":[{"embeddable":true,"href":"https:\/\/www.kongresiti.cz\/2025\/wp-json\/wp\/v2\/pages\/37"}],"wp:attachment":[{"href":"https:\/\/www.kongresiti.cz\/2025\/wp-json\/wp\/v2\/media?parent=1659"}],"curies":[{"name":"wp","href":"https:\/\/api.w.org\/{rel}","templated":true}]}}