{"id":1878,"date":"2025-08-12T18:40:23","date_gmt":"2025-08-12T16:40:23","guid":{"rendered":"https:\/\/www.kongresiti.cz\/2025\/?page_id=1878"},"modified":"2025-08-12T18:41:20","modified_gmt":"2025-08-12T16:41:20","slug":"veronika-rounova","status":"publish","type":"page","link":"https:\/\/www.kongresiti.cz\/2025\/prednasejici\/veronika-rounova\/","title":{"rendered":"Veronika Rounov\u00e1"},"content":{"rendered":"<div  data-label=\"Content\" data-id=\"content--1\" data-export-id=\"content-12\" data-category=\"content\" class=\"content-12 content-section content-section-spacing\" id=\"content-1\" style=\"background-color: rgb(255, 255, 255);\"><div  class=\"gridContainer\"> <div  class=\"row text-center\"><div  class=\"section-title-col\" data-type=\"column\"> <h2  class=\"\">Veronika Rounov\u00e1<\/h2> <p  class=\"lead\" style=\"text-align: left;\">Ing. Veronika Rounov\u00e1 je absolventkou Fakulty biomedic\u00ednsk\u00e9ho in\u017een\u00fdrstv\u00ed \u010cVUT a p\u016fsob\u00ed jako digit\u00e1ln\u00ed specialista ve spole\u010dnosti Straumann. Specializuje se na intraor\u00e1ln\u00ed skenov\u00e1n\u00ed a zav\u00e1d\u011bn\u00ed digit\u00e1ln\u00edch pracovn\u00edch postup\u016f do ka\u017edodenn\u00ed stomatologick\u00e9 praxe. Dlouhodob\u011b podporuje zubn\u00ed l\u00e9ka\u0159e i techniky p\u0159i praktick\u00e9m vyu\u017eit\u00ed digit\u00e1ln\u00edch technologi\u00ed a pod\u00edl\u00ed se na odborn\u00e9m vzd\u011bl\u00e1v\u00e1n\u00ed v t\u00e9to oblasti.<\/p><img  decoding=\"async\" class=\"custom-image\" src=\"https:\/\/www.kongresiti.cz\/2025\/wp-content\/uploads\/2025\/07\/cropped-Veronika-Rounova-web.jpg\" title=\"cropped-Veronika-Rounova-web.jpg\" alt=\"\"><\/div> <\/div> <div  class=\"row center-xs middle-xs\"> <div  class=\"col-sm-9\" data-type=\"column\"><div  data-editable=\"true\" data-name=\"ope-widgets-area\" data-content-shortcode=\"mesmerize_display_widgets_area id=&quot;mesmerize_users_custom_widgets_areas_5&quot; \" class=\"\"><div data-name=\"mesmerize-widgets-area\"><div id=\"block-14\" class=\"widget widget_block\"><style>\n.mesmerize-language-switcher, #wpadminbar {display: none !important}\n.site>.page-content.landing {justify-content: start;}\nbody.custom-background {background-image: none;}\n.site {min-height: auto;}\nhtml {margin-top: 0 !important}\n\n<\/style><\/div><\/div><\/div> <\/div> <\/div><\/div> <\/div>","protected":false},"excerpt":{"rendered":"<p>Veronika Rounov\u00e1 Ing. Veronika Rounov\u00e1 je absolventkou Fakulty biomedic\u00ednsk\u00e9ho in\u017een\u00fdrstv\u00ed \u010cVUT a p\u016fsob\u00ed jako digit\u00e1ln\u00ed specialista ve spole\u010dnosti Straumann. Specializuje se na intraor\u00e1ln\u00ed skenov\u00e1n\u00ed a zav\u00e1d\u011bn\u00ed digit\u00e1ln\u00edch pracovn\u00edch postup\u016f do ka\u017edodenn\u00ed stomatologick\u00e9 praxe. Dlouhodob\u011b podporuje zubn\u00ed l\u00e9ka\u0159e i techniky p\u0159i praktick\u00e9m vyu\u017eit\u00ed digit\u00e1ln\u00edch technologi\u00ed a pod\u00edl\u00ed se na odborn\u00e9m vzd\u011bl\u00e1v\u00e1n\u00ed v t\u00e9to oblasti.<\/p>\n","protected":false},"author":1,"featured_media":0,"parent":38,"menu_order":0,"comment_status":"closed","ping_status":"closed","template":"pro\/page-templates\/landing-page.php","meta":{"footnotes":""},"class_list":["post-1878","page","type-page","status-publish","hentry"],"yoast_head":"<!-- This site is optimized with the Yoast SEO plugin v26.1.1 - https:\/\/yoast.com\/wordpress\/plugins\/seo\/ -->\n<title>Veronika Rounov\u00e1 - ITI kongres Bratislava 2025<\/title>\n<meta name=\"robots\" content=\"index, follow, max-snippet:-1, max-image-preview:large, max-video-preview:-1\" \/>\n<link rel=\"canonical\" href=\"https:\/\/www.kongresiti.cz\/2025\/prednasejici\/veronika-rounova\/\" \/>\n<meta property=\"og:locale\" content=\"cs_CZ\" \/>\n<meta property=\"og:type\" content=\"article\" \/>\n<meta property=\"og:title\" content=\"Veronika Rounov\u00e1 - ITI kongres Bratislava 2025\" \/>\n<meta property=\"og:description\" content=\"Veronika Rounov\u00e1 Ing. Veronika Rounov\u00e1 je absolventkou Fakulty biomedic\u00ednsk\u00e9ho in\u017een\u00fdrstv\u00ed \u010cVUT a p\u016fsob\u00ed jako digit\u00e1ln\u00ed specialista ve spole\u010dnosti Straumann. Specializuje se na intraor\u00e1ln\u00ed skenov\u00e1n\u00ed a zav\u00e1d\u011bn\u00ed digit\u00e1ln\u00edch pracovn\u00edch postup\u016f do ka\u017edodenn\u00ed stomatologick\u00e9 praxe. Dlouhodob\u011b podporuje zubn\u00ed l\u00e9ka\u0159e i techniky p\u0159i praktick\u00e9m vyu\u017eit\u00ed digit\u00e1ln\u00edch technologi\u00ed a pod\u00edl\u00ed se na odborn\u00e9m vzd\u011bl\u00e1v\u00e1n\u00ed v t\u00e9to oblasti.\" \/>\n<meta property=\"og:url\" content=\"https:\/\/www.kongresiti.cz\/2025\/prednasejici\/veronika-rounova\/\" \/>\n<meta property=\"og:site_name\" content=\"ITI kongres Bratislava 2025\" \/>\n<meta property=\"article:modified_time\" content=\"2025-08-12T16:41:20+00:00\" \/>\n<meta property=\"og:image\" content=\"https:\/\/www.kongresiti.cz\/2025\/wp-content\/uploads\/2025\/07\/cropped-Veronika-Rounova-web.jpg\" \/>\n<meta name=\"twitter:card\" content=\"summary_large_image\" \/>\n<script type=\"application\/ld+json\" class=\"yoast-schema-graph\">{\"@context\":\"https:\/\/schema.org\",\"@graph\":[{\"@type\":\"WebPage\",\"@id\":\"https:\/\/www.kongresiti.cz\/2025\/prednasejici\/veronika-rounova\/\",\"url\":\"https:\/\/www.kongresiti.cz\/2025\/prednasejici\/veronika-rounova\/\",\"name\":\"Veronika Rounov\u00e1 - ITI kongres Bratislava 2025\",\"isPartOf\":{\"@id\":\"https:\/\/www.kongresiti.cz\/2025\/#website\"},\"primaryImageOfPage\":{\"@id\":\"https:\/\/www.kongresiti.cz\/2025\/prednasejici\/veronika-rounova\/#primaryimage\"},\"image\":{\"@id\":\"https:\/\/www.kongresiti.cz\/2025\/prednasejici\/veronika-rounova\/#primaryimage\"},\"thumbnailUrl\":\"https:\/\/www.kongresiti.cz\/2025\/wp-content\/uploads\/2025\/07\/cropped-Veronika-Rounova-web.jpg\",\"datePublished\":\"2025-08-12T16:40:23+00:00\",\"dateModified\":\"2025-08-12T16:41:20+00:00\",\"breadcrumb\":{\"@id\":\"https:\/\/www.kongresiti.cz\/2025\/prednasejici\/veronika-rounova\/#breadcrumb\"},\"inLanguage\":\"cs\",\"potentialAction\":[{\"@type\":\"ReadAction\",\"target\":[\"https:\/\/www.kongresiti.cz\/2025\/prednasejici\/veronika-rounova\/\"]}]},{\"@type\":\"ImageObject\",\"inLanguage\":\"cs\",\"@id\":\"https:\/\/www.kongresiti.cz\/2025\/prednasejici\/veronika-rounova\/#primaryimage\",\"url\":\"https:\/\/www.kongresiti.cz\/2025\/wp-content\/uploads\/2025\/07\/cropped-Veronika-Rounova-web.jpg\",\"contentUrl\":\"https:\/\/www.kongresiti.cz\/2025\/wp-content\/uploads\/2025\/07\/cropped-Veronika-Rounova-web.jpg\",\"width\":593,\"height\":593},{\"@type\":\"BreadcrumbList\",\"@id\":\"https:\/\/www.kongresiti.cz\/2025\/prednasejici\/veronika-rounova\/#breadcrumb\",\"itemListElement\":[{\"@type\":\"ListItem\",\"position\":1,\"name\":\"Dom\u016f\",\"item\":\"https:\/\/www.kongresiti.cz\/2025\/\"},{\"@type\":\"ListItem\",\"position\":2,\"name\":\"P\u0159edn\u00e1\u0161ej\u00edc\u00ed\",\"item\":\"https:\/\/www.kongresiti.cz\/2025\/prednasejici\/\"},{\"@type\":\"ListItem\",\"position\":3,\"name\":\"Veronika Rounov\u00e1\"}]},{\"@type\":\"WebSite\",\"@id\":\"https:\/\/www.kongresiti.cz\/2025\/#website\",\"url\":\"https:\/\/www.kongresiti.cz\/2025\/\",\"name\":\"ITI kongres Bratislava 2025\",\"description\":\"Prvn\u00ed ITI kongres v \u010cesk\u00e9 a Slovensk\u00e9 republice\",\"publisher\":{\"@id\":\"https:\/\/www.kongresiti.cz\/2025\/#organization\"},\"potentialAction\":[{\"@type\":\"SearchAction\",\"target\":{\"@type\":\"EntryPoint\",\"urlTemplate\":\"https:\/\/www.kongresiti.cz\/2025\/?s={search_term_string}\"},\"query-input\":{\"@type\":\"PropertyValueSpecification\",\"valueRequired\":true,\"valueName\":\"search_term_string\"}}],\"inLanguage\":\"cs\"},{\"@type\":\"Organization\",\"@id\":\"https:\/\/www.kongresiti.cz\/2025\/#organization\",\"name\":\"ITI kongres Bratislava 2025\",\"url\":\"https:\/\/www.kongresiti.cz\/2025\/\",\"logo\":{\"@type\":\"ImageObject\",\"inLanguage\":\"cs\",\"@id\":\"https:\/\/www.kongresiti.cz\/2025\/#\/schema\/logo\/image\/\",\"url\":\"https:\/\/www.kongresiti.cz\/2025\/wp-content\/uploads\/2025\/06\/logo-ITI-Section-Czech-web.png\",\"contentUrl\":\"https:\/\/www.kongresiti.cz\/2025\/wp-content\/uploads\/2025\/06\/logo-ITI-Section-Czech-web.png\",\"width\":262,\"height\":111,\"caption\":\"ITI kongres Bratislava 2025\"},\"image\":{\"@id\":\"https:\/\/www.kongresiti.cz\/2025\/#\/schema\/logo\/image\/\"}}]}<\/script>\n<!-- \/ Yoast SEO plugin. -->","yoast_head_json":{"title":"Veronika Rounov\u00e1 - ITI kongres Bratislava 2025","robots":{"index":"index","follow":"follow","max-snippet":"max-snippet:-1","max-image-preview":"max-image-preview:large","max-video-preview":"max-video-preview:-1"},"canonical":"https:\/\/www.kongresiti.cz\/2025\/prednasejici\/veronika-rounova\/","og_locale":"cs_CZ","og_type":"article","og_title":"Veronika Rounov\u00e1 - ITI kongres Bratislava 2025","og_description":"Veronika Rounov\u00e1 Ing. Veronika Rounov\u00e1 je absolventkou Fakulty biomedic\u00ednsk\u00e9ho in\u017een\u00fdrstv\u00ed \u010cVUT a p\u016fsob\u00ed jako digit\u00e1ln\u00ed specialista ve spole\u010dnosti Straumann. Specializuje se na intraor\u00e1ln\u00ed skenov\u00e1n\u00ed a zav\u00e1d\u011bn\u00ed digit\u00e1ln\u00edch pracovn\u00edch postup\u016f do ka\u017edodenn\u00ed stomatologick\u00e9 praxe. Dlouhodob\u011b podporuje zubn\u00ed l\u00e9ka\u0159e i techniky p\u0159i praktick\u00e9m vyu\u017eit\u00ed digit\u00e1ln\u00edch technologi\u00ed a pod\u00edl\u00ed se na odborn\u00e9m vzd\u011bl\u00e1v\u00e1n\u00ed v t\u00e9to oblasti.","og_url":"https:\/\/www.kongresiti.cz\/2025\/prednasejici\/veronika-rounova\/","og_site_name":"ITI kongres Bratislava 2025","article_modified_time":"2025-08-12T16:41:20+00:00","og_image":[{"url":"https:\/\/www.kongresiti.cz\/2025\/wp-content\/uploads\/2025\/07\/cropped-Veronika-Rounova-web.jpg","type":"","width":"","height":""}],"twitter_card":"summary_large_image","schema":{"@context":"https:\/\/schema.org","@graph":[{"@type":"WebPage","@id":"https:\/\/www.kongresiti.cz\/2025\/prednasejici\/veronika-rounova\/","url":"https:\/\/www.kongresiti.cz\/2025\/prednasejici\/veronika-rounova\/","name":"Veronika Rounov\u00e1 - ITI kongres Bratislava 2025","isPartOf":{"@id":"https:\/\/www.kongresiti.cz\/2025\/#website"},"primaryImageOfPage":{"@id":"https:\/\/www.kongresiti.cz\/2025\/prednasejici\/veronika-rounova\/#primaryimage"},"image":{"@id":"https:\/\/www.kongresiti.cz\/2025\/prednasejici\/veronika-rounova\/#primaryimage"},"thumbnailUrl":"https:\/\/www.kongresiti.cz\/2025\/wp-content\/uploads\/2025\/07\/cropped-Veronika-Rounova-web.jpg","datePublished":"2025-08-12T16:40:23+00:00","dateModified":"2025-08-12T16:41:20+00:00","breadcrumb":{"@id":"https:\/\/www.kongresiti.cz\/2025\/prednasejici\/veronika-rounova\/#breadcrumb"},"inLanguage":"cs","potentialAction":[{"@type":"ReadAction","target":["https:\/\/www.kongresiti.cz\/2025\/prednasejici\/veronika-rounova\/"]}]},{"@type":"ImageObject","inLanguage":"cs","@id":"https:\/\/www.kongresiti.cz\/2025\/prednasejici\/veronika-rounova\/#primaryimage","url":"https:\/\/www.kongresiti.cz\/2025\/wp-content\/uploads\/2025\/07\/cropped-Veronika-Rounova-web.jpg","contentUrl":"https:\/\/www.kongresiti.cz\/2025\/wp-content\/uploads\/2025\/07\/cropped-Veronika-Rounova-web.jpg","width":593,"height":593},{"@type":"BreadcrumbList","@id":"https:\/\/www.kongresiti.cz\/2025\/prednasejici\/veronika-rounova\/#breadcrumb","itemListElement":[{"@type":"ListItem","position":1,"name":"Dom\u016f","item":"https:\/\/www.kongresiti.cz\/2025\/"},{"@type":"ListItem","position":2,"name":"P\u0159edn\u00e1\u0161ej\u00edc\u00ed","item":"https:\/\/www.kongresiti.cz\/2025\/prednasejici\/"},{"@type":"ListItem","position":3,"name":"Veronika Rounov\u00e1"}]},{"@type":"WebSite","@id":"https:\/\/www.kongresiti.cz\/2025\/#website","url":"https:\/\/www.kongresiti.cz\/2025\/","name":"ITI kongres Bratislava 2025","description":"Prvn\u00ed ITI kongres v \u010cesk\u00e9 a Slovensk\u00e9 republice","publisher":{"@id":"https:\/\/www.kongresiti.cz\/2025\/#organization"},"potentialAction":[{"@type":"SearchAction","target":{"@type":"EntryPoint","urlTemplate":"https:\/\/www.kongresiti.cz\/2025\/?s={search_term_string}"},"query-input":{"@type":"PropertyValueSpecification","valueRequired":true,"valueName":"search_term_string"}}],"inLanguage":"cs"},{"@type":"Organization","@id":"https:\/\/www.kongresiti.cz\/2025\/#organization","name":"ITI kongres Bratislava 2025","url":"https:\/\/www.kongresiti.cz\/2025\/","logo":{"@type":"ImageObject","inLanguage":"cs","@id":"https:\/\/www.kongresiti.cz\/2025\/#\/schema\/logo\/image\/","url":"https:\/\/www.kongresiti.cz\/2025\/wp-content\/uploads\/2025\/06\/logo-ITI-Section-Czech-web.png","contentUrl":"https:\/\/www.kongresiti.cz\/2025\/wp-content\/uploads\/2025\/06\/logo-ITI-Section-Czech-web.png","width":262,"height":111,"caption":"ITI kongres Bratislava 2025"},"image":{"@id":"https:\/\/www.kongresiti.cz\/2025\/#\/schema\/logo\/image\/"}}]}},"_links":{"self":[{"href":"https:\/\/www.kongresiti.cz\/2025\/wp-json\/wp\/v2\/pages\/1878","targetHints":{"allow":["GET"]}}],"collection":[{"href":"https:\/\/www.kongresiti.cz\/2025\/wp-json\/wp\/v2\/pages"}],"about":[{"href":"https:\/\/www.kongresiti.cz\/2025\/wp-json\/wp\/v2\/types\/page"}],"author":[{"embeddable":true,"href":"https:\/\/www.kongresiti.cz\/2025\/wp-json\/wp\/v2\/users\/1"}],"replies":[{"embeddable":true,"href":"https:\/\/www.kongresiti.cz\/2025\/wp-json\/wp\/v2\/comments?post=1878"}],"version-history":[{"count":2,"href":"https:\/\/www.kongresiti.cz\/2025\/wp-json\/wp\/v2\/pages\/1878\/revisions"}],"predecessor-version":[{"id":1881,"href":"https:\/\/www.kongresiti.cz\/2025\/wp-json\/wp\/v2\/pages\/1878\/revisions\/1881"}],"up":[{"embeddable":true,"href":"https:\/\/www.kongresiti.cz\/2025\/wp-json\/wp\/v2\/pages\/38"}],"wp:attachment":[{"href":"https:\/\/www.kongresiti.cz\/2025\/wp-json\/wp\/v2\/media?parent=1878"}],"curies":[{"name":"wp","href":"https:\/\/api.w.org\/{rel}","templated":true}]}}