{"id":1890,"date":"2025-08-12T18:48:34","date_gmt":"2025-08-12T16:48:34","guid":{"rendered":"https:\/\/www.kongresiti.cz\/2025\/?page_id=1890"},"modified":"2025-08-12T18:49:41","modified_gmt":"2025-08-12T16:49:41","slug":"veronika-rounova-jak-zvladnout-intraoralni-skenovani-preciznost-v-kazdodenni-praxi","status":"publish","type":"page","link":"https:\/\/www.kongresiti.cz\/2025\/program\/veronika-rounova-jak-zvladnout-intraoralni-skenovani-preciznost-v-kazdodenni-praxi\/","title":{"rendered":"Veronika Rounov\u00e1 &#8211; Jak zvl\u00e1dnout intraor\u00e1ln\u00ed skenov\u00e1n\u00ed: preciznost v ka\u017edodenn\u00ed praxi"},"content":{"rendered":"<div  data-label=\"Content\" data-id=\"content--1\" data-export-id=\"content-12\" data-category=\"content\" class=\"content-12 content-section content-section-spacing\" id=\"content-1\" style=\"background-color: rgb(255, 255, 255);\"><div  class=\"gridContainer\"> <div  class=\"row text-center\"><div  class=\"section-title-col\" data-type=\"column\"> <h2  class=\"\">Jak zvl\u00e1dnout intraor\u00e1ln\u00ed skenov\u00e1n\u00ed: preciznost v ka\u017edodenn\u00ed praxi<\/h2> <h3  class=\"\">Veronika Rounov\u00e1<\/h3><p  class=\"lead\" style=\"text-align: left;\">Workshop je zam\u011b\u0159en\u00fd na kl\u00ed\u010dov\u00e9 principy intraor\u00e1ln\u00edho skenov\u00e1n\u00ed a jejich praktick\u00e9 uplatn\u011bn\u00ed v ka\u017edodenn\u00ed stomatologick\u00e9 praxi. \u00da\u010dastn\u00edci se dozv\u011bd\u00ed, jak\u00e9 technologie jsou v sou\u010dasnosti dostupn\u00e9, jak postupovat p\u0159i skenov\u00e1n\u00ed zub\u016f i implant\u00e1t\u016f, jak p\u0159edch\u00e1zet nej\u010dast\u011bj\u0161\u00edm chyb\u00e1m a jak dos\u00e1hnout co nejvy\u0161\u0161\u00ed p\u0159esnosti v\u00fdsledk\u016f. Zam\u011b\u0159\u00edme se tak\u00e9 na spr\u00e1vnou p\u0159\u00edpravu pracovn\u00ed plochy, pr\u00e1ci s m\u011bkk\u00fdmi tk\u00e1n\u011bmi a efektivn\u00ed komunikaci s laborato\u0159\u00ed. Sou\u010d\u00e1st\u00ed workshopu bude mo\u017enost si r\u016fzn\u00e9 typy intraor\u00e1ln\u00edch skener\u016f osobn\u011b vyzkou\u0161et a z\u00edskat zp\u011btnou vazbu k vlastn\u00edmu postupu.<\/p><\/div> <\/div> <div  class=\"row center-xs middle-xs\"> <div  class=\"col-sm-9\" data-type=\"column\"><div  data-editable=\"true\" data-name=\"ope-widgets-area\" data-content-shortcode=\"mesmerize_display_widgets_area id=&quot;mesmerize_users_custom_widgets_areas_5&quot; \" class=\"\"><div data-name=\"mesmerize-widgets-area\"><div id=\"block-14\" class=\"widget widget_block\"><style>\n.mesmerize-language-switcher, #wpadminbar {display: none !important}\n.site>.page-content.landing {justify-content: start;}\nbody.custom-background {background-image: none;}\n.site {min-height: auto;}\nhtml {margin-top: 0 !important}\n\n<\/style><\/div><\/div><\/div> <\/div> <\/div><\/div> <\/div>","protected":false},"excerpt":{"rendered":"<p>Jak zvl\u00e1dnout intraor\u00e1ln\u00ed skenov\u00e1n\u00ed: preciznost v ka\u017edodenn\u00ed praxi Veronika Rounov\u00e1Workshop je zam\u011b\u0159en\u00fd na kl\u00ed\u010dov\u00e9 principy intraor\u00e1ln\u00edho skenov\u00e1n\u00ed a jejich praktick\u00e9 uplatn\u011bn\u00ed v ka\u017edodenn\u00ed stomatologick\u00e9 praxi. \u00da\u010dastn\u00edci se dozv\u011bd\u00ed, jak\u00e9 technologie jsou v sou\u010dasnosti dostupn\u00e9, jak postupovat p\u0159i skenov\u00e1n\u00ed zub\u016f i implant\u00e1t\u016f, jak p\u0159edch\u00e1zet nej\u010dast\u011bj\u0161\u00edm chyb\u00e1m a jak dos\u00e1hnout co nejvy\u0161\u0161\u00ed p\u0159esnosti v\u00fdsledk\u016f. Zam\u011b\u0159\u00edme se tak\u00e9&hellip; <br \/> <a class=\"read-more\" href=\"https:\/\/www.kongresiti.cz\/2025\/program\/veronika-rounova-jak-zvladnout-intraoralni-skenovani-preciznost-v-kazdodenni-praxi\/\">Read more<\/a><\/p>\n","protected":false},"author":1,"featured_media":0,"parent":37,"menu_order":0,"comment_status":"closed","ping_status":"closed","template":"pro\/page-templates\/landing-page.php","meta":{"footnotes":""},"class_list":["post-1890","page","type-page","status-publish","hentry"],"yoast_head":"<!-- This site is optimized with the Yoast SEO plugin v26.1.1 - https:\/\/yoast.com\/wordpress\/plugins\/seo\/ -->\n<title>Veronika Rounov\u00e1 - Jak zvl\u00e1dnout intraor\u00e1ln\u00ed skenov\u00e1n\u00ed: preciznost v ka\u017edodenn\u00ed praxi - ITI kongres Bratislava 2025<\/title>\n<meta name=\"robots\" content=\"index, follow, max-snippet:-1, max-image-preview:large, max-video-preview:-1\" \/>\n<link rel=\"canonical\" href=\"https:\/\/www.kongresiti.cz\/2025\/program\/veronika-rounova-jak-zvladnout-intraoralni-skenovani-preciznost-v-kazdodenni-praxi\/\" \/>\n<meta property=\"og:locale\" content=\"cs_CZ\" \/>\n<meta property=\"og:type\" content=\"article\" \/>\n<meta property=\"og:title\" content=\"Veronika Rounov\u00e1 - Jak zvl\u00e1dnout intraor\u00e1ln\u00ed skenov\u00e1n\u00ed: preciznost v ka\u017edodenn\u00ed praxi - ITI kongres Bratislava 2025\" \/>\n<meta property=\"og:description\" content=\"Jak zvl\u00e1dnout intraor\u00e1ln\u00ed skenov\u00e1n\u00ed: preciznost v ka\u017edodenn\u00ed praxi Veronika Rounov\u00e1Workshop je zam\u011b\u0159en\u00fd na kl\u00ed\u010dov\u00e9 principy intraor\u00e1ln\u00edho skenov\u00e1n\u00ed a jejich praktick\u00e9 uplatn\u011bn\u00ed v ka\u017edodenn\u00ed stomatologick\u00e9 praxi. \u00da\u010dastn\u00edci se dozv\u011bd\u00ed, jak\u00e9 technologie jsou v sou\u010dasnosti dostupn\u00e9, jak postupovat p\u0159i skenov\u00e1n\u00ed zub\u016f i implant\u00e1t\u016f, jak p\u0159edch\u00e1zet nej\u010dast\u011bj\u0161\u00edm chyb\u00e1m a jak dos\u00e1hnout co nejvy\u0161\u0161\u00ed p\u0159esnosti v\u00fdsledk\u016f. Zam\u011b\u0159\u00edme se tak\u00e9&hellip; Read more\" \/>\n<meta property=\"og:url\" content=\"https:\/\/www.kongresiti.cz\/2025\/program\/veronika-rounova-jak-zvladnout-intraoralni-skenovani-preciznost-v-kazdodenni-praxi\/\" \/>\n<meta property=\"og:site_name\" content=\"ITI kongres Bratislava 2025\" \/>\n<meta property=\"article:modified_time\" content=\"2025-08-12T16:49:41+00:00\" \/>\n<meta name=\"twitter:card\" content=\"summary_large_image\" \/>\n<script type=\"application\/ld+json\" class=\"yoast-schema-graph\">{\"@context\":\"https:\/\/schema.org\",\"@graph\":[{\"@type\":\"WebPage\",\"@id\":\"https:\/\/www.kongresiti.cz\/2025\/program\/veronika-rounova-jak-zvladnout-intraoralni-skenovani-preciznost-v-kazdodenni-praxi\/\",\"url\":\"https:\/\/www.kongresiti.cz\/2025\/program\/veronika-rounova-jak-zvladnout-intraoralni-skenovani-preciznost-v-kazdodenni-praxi\/\",\"name\":\"Veronika Rounov\u00e1 - Jak zvl\u00e1dnout intraor\u00e1ln\u00ed skenov\u00e1n\u00ed: preciznost v ka\u017edodenn\u00ed praxi - ITI kongres Bratislava 2025\",\"isPartOf\":{\"@id\":\"https:\/\/www.kongresiti.cz\/2025\/#website\"},\"datePublished\":\"2025-08-12T16:48:34+00:00\",\"dateModified\":\"2025-08-12T16:49:41+00:00\",\"breadcrumb\":{\"@id\":\"https:\/\/www.kongresiti.cz\/2025\/program\/veronika-rounova-jak-zvladnout-intraoralni-skenovani-preciznost-v-kazdodenni-praxi\/#breadcrumb\"},\"inLanguage\":\"cs\",\"potentialAction\":[{\"@type\":\"ReadAction\",\"target\":[\"https:\/\/www.kongresiti.cz\/2025\/program\/veronika-rounova-jak-zvladnout-intraoralni-skenovani-preciznost-v-kazdodenni-praxi\/\"]}]},{\"@type\":\"BreadcrumbList\",\"@id\":\"https:\/\/www.kongresiti.cz\/2025\/program\/veronika-rounova-jak-zvladnout-intraoralni-skenovani-preciznost-v-kazdodenni-praxi\/#breadcrumb\",\"itemListElement\":[{\"@type\":\"ListItem\",\"position\":1,\"name\":\"Dom\u016f\",\"item\":\"https:\/\/www.kongresiti.cz\/2025\/\"},{\"@type\":\"ListItem\",\"position\":2,\"name\":\"Program\",\"item\":\"https:\/\/www.kongresiti.cz\/2025\/program\/\"},{\"@type\":\"ListItem\",\"position\":3,\"name\":\"Veronika Rounov\u00e1 &#8211; Jak zvl\u00e1dnout intraor\u00e1ln\u00ed skenov\u00e1n\u00ed: preciznost v ka\u017edodenn\u00ed praxi\"}]},{\"@type\":\"WebSite\",\"@id\":\"https:\/\/www.kongresiti.cz\/2025\/#website\",\"url\":\"https:\/\/www.kongresiti.cz\/2025\/\",\"name\":\"ITI kongres Bratislava 2025\",\"description\":\"Prvn\u00ed ITI kongres v \u010cesk\u00e9 a Slovensk\u00e9 republice\",\"publisher\":{\"@id\":\"https:\/\/www.kongresiti.cz\/2025\/#organization\"},\"potentialAction\":[{\"@type\":\"SearchAction\",\"target\":{\"@type\":\"EntryPoint\",\"urlTemplate\":\"https:\/\/www.kongresiti.cz\/2025\/?s={search_term_string}\"},\"query-input\":{\"@type\":\"PropertyValueSpecification\",\"valueRequired\":true,\"valueName\":\"search_term_string\"}}],\"inLanguage\":\"cs\"},{\"@type\":\"Organization\",\"@id\":\"https:\/\/www.kongresiti.cz\/2025\/#organization\",\"name\":\"ITI kongres Bratislava 2025\",\"url\":\"https:\/\/www.kongresiti.cz\/2025\/\",\"logo\":{\"@type\":\"ImageObject\",\"inLanguage\":\"cs\",\"@id\":\"https:\/\/www.kongresiti.cz\/2025\/#\/schema\/logo\/image\/\",\"url\":\"https:\/\/www.kongresiti.cz\/2025\/wp-content\/uploads\/2025\/06\/logo-ITI-Section-Czech-web.png\",\"contentUrl\":\"https:\/\/www.kongresiti.cz\/2025\/wp-content\/uploads\/2025\/06\/logo-ITI-Section-Czech-web.png\",\"width\":262,\"height\":111,\"caption\":\"ITI kongres Bratislava 2025\"},\"image\":{\"@id\":\"https:\/\/www.kongresiti.cz\/2025\/#\/schema\/logo\/image\/\"}}]}<\/script>\n<!-- \/ Yoast SEO plugin. -->","yoast_head_json":{"title":"Veronika Rounov\u00e1 - Jak zvl\u00e1dnout intraor\u00e1ln\u00ed skenov\u00e1n\u00ed: preciznost v ka\u017edodenn\u00ed praxi - ITI kongres Bratislava 2025","robots":{"index":"index","follow":"follow","max-snippet":"max-snippet:-1","max-image-preview":"max-image-preview:large","max-video-preview":"max-video-preview:-1"},"canonical":"https:\/\/www.kongresiti.cz\/2025\/program\/veronika-rounova-jak-zvladnout-intraoralni-skenovani-preciznost-v-kazdodenni-praxi\/","og_locale":"cs_CZ","og_type":"article","og_title":"Veronika Rounov\u00e1 - Jak zvl\u00e1dnout intraor\u00e1ln\u00ed skenov\u00e1n\u00ed: preciznost v ka\u017edodenn\u00ed praxi - ITI kongres Bratislava 2025","og_description":"Jak zvl\u00e1dnout intraor\u00e1ln\u00ed skenov\u00e1n\u00ed: preciznost v ka\u017edodenn\u00ed praxi Veronika Rounov\u00e1Workshop je zam\u011b\u0159en\u00fd na kl\u00ed\u010dov\u00e9 principy intraor\u00e1ln\u00edho skenov\u00e1n\u00ed a jejich praktick\u00e9 uplatn\u011bn\u00ed v ka\u017edodenn\u00ed stomatologick\u00e9 praxi. \u00da\u010dastn\u00edci se dozv\u011bd\u00ed, jak\u00e9 technologie jsou v sou\u010dasnosti dostupn\u00e9, jak postupovat p\u0159i skenov\u00e1n\u00ed zub\u016f i implant\u00e1t\u016f, jak p\u0159edch\u00e1zet nej\u010dast\u011bj\u0161\u00edm chyb\u00e1m a jak dos\u00e1hnout co nejvy\u0161\u0161\u00ed p\u0159esnosti v\u00fdsledk\u016f. Zam\u011b\u0159\u00edme se tak\u00e9&hellip; Read more","og_url":"https:\/\/www.kongresiti.cz\/2025\/program\/veronika-rounova-jak-zvladnout-intraoralni-skenovani-preciznost-v-kazdodenni-praxi\/","og_site_name":"ITI kongres Bratislava 2025","article_modified_time":"2025-08-12T16:49:41+00:00","twitter_card":"summary_large_image","schema":{"@context":"https:\/\/schema.org","@graph":[{"@type":"WebPage","@id":"https:\/\/www.kongresiti.cz\/2025\/program\/veronika-rounova-jak-zvladnout-intraoralni-skenovani-preciznost-v-kazdodenni-praxi\/","url":"https:\/\/www.kongresiti.cz\/2025\/program\/veronika-rounova-jak-zvladnout-intraoralni-skenovani-preciznost-v-kazdodenni-praxi\/","name":"Veronika Rounov\u00e1 - Jak zvl\u00e1dnout intraor\u00e1ln\u00ed skenov\u00e1n\u00ed: preciznost v ka\u017edodenn\u00ed praxi - ITI kongres Bratislava 2025","isPartOf":{"@id":"https:\/\/www.kongresiti.cz\/2025\/#website"},"datePublished":"2025-08-12T16:48:34+00:00","dateModified":"2025-08-12T16:49:41+00:00","breadcrumb":{"@id":"https:\/\/www.kongresiti.cz\/2025\/program\/veronika-rounova-jak-zvladnout-intraoralni-skenovani-preciznost-v-kazdodenni-praxi\/#breadcrumb"},"inLanguage":"cs","potentialAction":[{"@type":"ReadAction","target":["https:\/\/www.kongresiti.cz\/2025\/program\/veronika-rounova-jak-zvladnout-intraoralni-skenovani-preciznost-v-kazdodenni-praxi\/"]}]},{"@type":"BreadcrumbList","@id":"https:\/\/www.kongresiti.cz\/2025\/program\/veronika-rounova-jak-zvladnout-intraoralni-skenovani-preciznost-v-kazdodenni-praxi\/#breadcrumb","itemListElement":[{"@type":"ListItem","position":1,"name":"Dom\u016f","item":"https:\/\/www.kongresiti.cz\/2025\/"},{"@type":"ListItem","position":2,"name":"Program","item":"https:\/\/www.kongresiti.cz\/2025\/program\/"},{"@type":"ListItem","position":3,"name":"Veronika Rounov\u00e1 &#8211; Jak zvl\u00e1dnout intraor\u00e1ln\u00ed skenov\u00e1n\u00ed: preciznost v ka\u017edodenn\u00ed praxi"}]},{"@type":"WebSite","@id":"https:\/\/www.kongresiti.cz\/2025\/#website","url":"https:\/\/www.kongresiti.cz\/2025\/","name":"ITI kongres Bratislava 2025","description":"Prvn\u00ed ITI kongres v \u010cesk\u00e9 a Slovensk\u00e9 republice","publisher":{"@id":"https:\/\/www.kongresiti.cz\/2025\/#organization"},"potentialAction":[{"@type":"SearchAction","target":{"@type":"EntryPoint","urlTemplate":"https:\/\/www.kongresiti.cz\/2025\/?s={search_term_string}"},"query-input":{"@type":"PropertyValueSpecification","valueRequired":true,"valueName":"search_term_string"}}],"inLanguage":"cs"},{"@type":"Organization","@id":"https:\/\/www.kongresiti.cz\/2025\/#organization","name":"ITI kongres Bratislava 2025","url":"https:\/\/www.kongresiti.cz\/2025\/","logo":{"@type":"ImageObject","inLanguage":"cs","@id":"https:\/\/www.kongresiti.cz\/2025\/#\/schema\/logo\/image\/","url":"https:\/\/www.kongresiti.cz\/2025\/wp-content\/uploads\/2025\/06\/logo-ITI-Section-Czech-web.png","contentUrl":"https:\/\/www.kongresiti.cz\/2025\/wp-content\/uploads\/2025\/06\/logo-ITI-Section-Czech-web.png","width":262,"height":111,"caption":"ITI kongres Bratislava 2025"},"image":{"@id":"https:\/\/www.kongresiti.cz\/2025\/#\/schema\/logo\/image\/"}}]}},"_links":{"self":[{"href":"https:\/\/www.kongresiti.cz\/2025\/wp-json\/wp\/v2\/pages\/1890","targetHints":{"allow":["GET"]}}],"collection":[{"href":"https:\/\/www.kongresiti.cz\/2025\/wp-json\/wp\/v2\/pages"}],"about":[{"href":"https:\/\/www.kongresiti.cz\/2025\/wp-json\/wp\/v2\/types\/page"}],"author":[{"embeddable":true,"href":"https:\/\/www.kongresiti.cz\/2025\/wp-json\/wp\/v2\/users\/1"}],"replies":[{"embeddable":true,"href":"https:\/\/www.kongresiti.cz\/2025\/wp-json\/wp\/v2\/comments?post=1890"}],"version-history":[{"count":2,"href":"https:\/\/www.kongresiti.cz\/2025\/wp-json\/wp\/v2\/pages\/1890\/revisions"}],"predecessor-version":[{"id":1893,"href":"https:\/\/www.kongresiti.cz\/2025\/wp-json\/wp\/v2\/pages\/1890\/revisions\/1893"}],"up":[{"embeddable":true,"href":"https:\/\/www.kongresiti.cz\/2025\/wp-json\/wp\/v2\/pages\/37"}],"wp:attachment":[{"href":"https:\/\/www.kongresiti.cz\/2025\/wp-json\/wp\/v2\/media?parent=1890"}],"curies":[{"name":"wp","href":"https:\/\/api.w.org\/{rel}","templated":true}]}}