{"id":261,"date":"2025-03-17T10:50:40","date_gmt":"2025-03-17T09:50:40","guid":{"rendered":"https:\/\/www.kongresiti.cz\/2025\/?page_id=261"},"modified":"2025-11-29T10:28:43","modified_gmt":"2025-11-29T09:28:43","slug":"program-3","status":"publish","type":"page","link":"https:\/\/www.kongresiti.cz\/2025\/en\/program-3\/","title":{"rendered":"Program"},"content":{"rendered":"<div  data-label=\"Program \u2013 Congress\" data-id=\"content--1\" data-export-id=\"content-12\" data-category=\"content\" class=\"content-12 content-section content-section-spacing\" id=\"program-congress\" style=\"background-color: rgb(255, 255, 255);\"><div  class=\"gridContainer\"> <div  class=\"row text-center\"><div  class=\"section-title-col\" data-type=\"column\"> <h2  class=\"\">Program \u2013 Congress<\/h2> <h3  class=\"\">Friday 5 December 2025\n<br >Meeting room: Victory by Respect<\/h3><div  data-editable=\"true\" data-name=\"ope-widgets-area\" data-content-shortcode=\"mesmerize_display_widgets_area id=&quot;mesmerize_users_custom_widgets_areas_6&quot; \" class=\"\"><div data-name=\"mesmerize-widgets-area\"><div id=\"block-20\" class=\"widget widget_block\"><div class=\"program\">\n    <div class=\"item\">\n        <div class=\"time\">07:30 - 08:30<\/div>\n        <h4>Registration<\/h4>\n    <\/div>\n    <div class=\"item\">\n        <div class=\"time\">08:30 - 08:45<\/div>\n        <h5>Welcome & ITI Update<\/h5>\n        <div class=\"subname\"><a href=\"https:\/\/www.kongresiti.cz\/2025\/en\/speakers\/rene-foltan\/\" target=\"lightbox\" data-cp-link=\"1\">Ren\u00e9 Folt\u00e1n<\/a><\/div>\n    <\/div>\n    <div class=\"item\">\n        <div class=\"time\">08:45 - 10:45<\/div>\n        <h5>Digitally Supported Guided Bone and Soft Tissue Regeneration<\/h5>\n        <div class=\"subname\"><a href=\"https:\/\/www.kongresiti.cz\/2025\/en\/speakers\/istvan-urban\/\" target=\"lightbox\" data-cp-link=\"1\">Istv\u00e1n Urb\u00e1n<\/a><br\/><a href=\"https:\/\/www.kongresiti.cz\/2025\/en\/program-3\/istvan-urban-digitally-supported-guided-bone-and-soft-tissue-regeneration\/\" target=\"lightbox\" data-cp-link=\"1\"><small>Abstract<\/small><\/a><\/div>\n    <\/div>\n    <div class=\"item break coffee\">\n        <div class=\"time\">10:45 - 11:15<\/div>\n        <h5>Coffee break<\/h5>\n    <\/div>\n    <div class=\"item\">\n        <div class=\"time\">11:15 - 12:45<\/div>\n        <h5>Immediate Implant Strategies in Esthetic Areas: Case Selection, Planning and Decision-Making<\/h5>\n        <div class=\"subname\"><a href=\"https:\/\/www.kongresiti.cz\/2025\/en\/speakers\/france-lambert\/\" target=\"lightbox\" data-cp-link=\"1\">France Lambert<\/a><br\/><a href=\"https:\/\/www.kongresiti.cz\/2025\/en\/program-3\/france-lambert-immediate-implant-strategies-in-esthetic-areas-case-selection-planning-and-decision-making\/\" target=\"lightbox\" data-cp-link=\"1\"><small>Abstract<\/small><\/a><\/div>\n    <\/div>\n    <div class=\"item break\">\n        <div class=\"time\">12:45 - 13:45<\/div>\n        <h5>Lunch<\/h5>\n    <\/div>\n    <div class=\"item\">\n        <div class=\"time\">13:45 - 15:15<\/div>\n        <h5>Immediate Implant Strategies in Esthetic Areas: Surgical and Immediate Loading Procedures<\/h5>\n        <div class=\"subname\"><a href=\"https:\/\/www.kongresiti.cz\/2025\/en\/speakers\/france-lambert\/\" target=\"lightbox\" data-cp-link=\"1\">France Lambert<\/a><br\/><a href=\"https:\/\/www.kongresiti.cz\/2025\/en\/program-3\/france-lambert-immediate-implant-strategies-in-esthetic-areas-surgical-and-immediate-loading-procedures\/\" target=\"lightbox\" data-cp-link=\"1\"><small>Abstract<\/small><\/a><\/div>\n    <\/div>\n    <div class=\"item break coffee\">\n        <div class=\"time\">15:15 - 15:45<\/div>\n        <h5>Coffee break<\/h5>\n    <\/div>\n    <div class=\"item\">\n        <div class=\"time\">15:45 - 17:15<\/div>\n        <h5>Digital Full Arches<\/h5>\n        <div class=\"subname\"><a href=\"https:\/\/www.kongresiti.cz\/2025\/en\/speakers\/samuel-akhondi\/\" target=\"lightbox\" data-cp-link=\"1\">Samuel Akhondi<\/a><br\/><a href=\"https:\/\/www.kongresiti.cz\/2025\/en\/program-3\/samuel-akhondi-digital-full-arches\/\" target=\"lightbox\" data-cp-link=\"1\"><small>Abstract<\/small><\/a><\/div>\n    <\/div>\n    <div class=\"item\">\n        <div class=\"time\">17:15 - 17:30<\/div>\n        <h5>Wrap up Day 1<\/h5>\n        <div class=\"subname\"><a href=\"hhttps:\/\/www.kongresiti.cz\/2025\/iti\/\" target=\"_blank\" data-cp-link=\"1\">Juraj Bab\u010dan<\/a><\/div>\n    <\/div>\n    <div class=\"item endDay\">\n        <div class=\"time\">19:30 - 00:00<\/div>\n        <h5>Straumann Party<\/h5>\n    <\/div>\n<\/div><\/div><\/div><\/div><h3  class=\"\">Saturday 6 December 2025<\/h3><div  data-editable=\"true\" data-name=\"ope-widgets-area\" data-content-shortcode=\"mesmerize_display_widgets_area id=&quot;mesmerize_users_custom_widgets_areas_7&quot; \" class=\"\"><div data-name=\"mesmerize-widgets-area\"><div id=\"block-16\" class=\"widget widget_block\"><div class=\"program\">\n    <div class=\"item\">\n        <div class=\"time\">09:00 - 09:15<\/div>\n        <h4>Welcome Day 2<\/h4>\n        <div class=\"subname\"><a href=\"https:\/\/www.kongresiti.cz\/2025\/iti\/\" target=\"_blank\" data-cp-link=\"1\">Ji\u0159\u00ed Krug<\/a><\/div>\n    <\/div>\n    <div class=\"item\">\n        <div class=\"time\">09:15 - 10:45<\/div>\n        <h5>Immediate Implant Strategies in the Posterior Areas: Surgical Procedures<\/h5>\n        <div class=\"subname\"><a href=\"https:\/\/www.kongresiti.cz\/2025\/en\/speakers\/gary-finelle\/\" target=\"lightbox\" data-cp-link=\"1\">Gary Finelle<\/a><br\/><a href=\"https:\/\/www.kongresiti.cz\/2025\/en\/program-3\/gary-finelle-immediate-implant-strategies-in-the-posterior-areas-surgical-procedures\/\" target=\"lightbox\" data-cp-link=\"1\"><small>Abstract<\/small><\/a><\/div>\n    <\/div>\n    <div class=\"item break coffee\">\n        <div class=\"time\">10:45 - 11:15<\/div>\n        <h5>Coffee break<\/h5>\n    <\/div>\n    <div class=\"item\">\n        <div class=\"time\">11:15 - 12:45<\/div>\n        <h5>Immediate implant Strategies in the Posterior Areas: Prosthodontics Aspects<\/h5>\n        <div class=\"subname\"><a href=\"https:\/\/www.kongresiti.cz\/2025\/en\/speakers\/gary-finelle\/\" target=\"lightbox\" data-cp-link=\"1\">Gary Finelle<\/a><br\/><a href=\"https:\/\/www.kongresiti.cz\/2025\/en\/program-3\/gary-finelle-immediate-implant-strategies-in-the-posterior-areas-prosthodontics-aspects\/\" target=\"lightbox\" data-cp-link=\"1\"><small>Abstract<\/small><\/a><\/div>\n    <\/div>\n    <div class=\"item break\">\n        <div class=\"time\">12:45 - 13:45<\/div>\n        <h5>Lunch<\/h5>\n    <\/div>\n    <div class=\"item\">\n        <div class=\"time\">13:45 - 15:45<\/div>\n        <h5>Digital protocols: Patient Benefits & Realities of Clinical Practice<\/h5>\n        <div class=\"subname\"><a href=\"https:\/\/www.kongresiti.cz\/2025\/en\/speakers\/maja-chmielewska\/\" target=\"lightbox\" data-cp-link=\"1\">Maja Chmielewska<\/a><br\/><a href=\"https:\/\/www.kongresiti.cz\/2025\/en\/program-3\/maja-chmielewska-digital-protocols-patient-benefits-realities-of-clinical-practice\/\" target=\"lightbox\" data-cp-link=\"1\"><small>Abstract<\/small><\/a><\/div>\n    <\/div>\n    <div class=\"item\">\n        <div class=\"time\">15:45 - 17:15<\/div>\n        <h5>Digital prosthetics: Efficient Collaboration Between Clinic and Laboratory<\/h5>\n        <div class=\"subname\"><a href=\"https:\/\/www.kongresiti.cz\/2025\/en\/speakers\/jakub-hosek\/\" target=\"lightbox\" data-cp-link=\"1\">Jakub Ho\u0161ek<\/a><br\/><a href=\"https:\/\/www.kongresiti.cz\/2025\/en\/program-3\/jakub-hosek-digital-prosthetics-efficient-collaboration-between-clinic-and-laboratory\/\" target=\"lightbox\" data-cp-link=\"1\"><small>Abstract<\/small><\/a><\/div>\n    <\/div>\n    <div class=\"item\">\n        <div class=\"time\">17:15 - 17:30<\/div>\n        <h5>Wrap-up & Closing Congress<\/h5>\n        <div class=\"subname\"><a href=\"https:\/\/www.kongresiti.cz\/2025\/iti\/\" target=\"_blank\" data-cp-link=\"1\">Juraj Bab\u010dan<\/a><\/div>\n    <\/div>\n<\/div><\/div><\/div><\/div><\/div> <\/div> <div  class=\"row center-xs middle-xs\"> <div  class=\"col-sm-9\" data-type=\"column\"> <\/div> <\/div><\/div> <\/div><div  data-label=\"Program \u2013 Parallel workshops\" data-id=\"content--4\" data-export-id=\"content-12\" data-category=\"content\" class=\"content-12 content-section content-section-spacing\" id=\"program-parallel-workshops\" style=\"background-color: rgb(255, 255, 255);\"><div  class=\"gridContainer\"> <div  class=\"row text-center\"><div  class=\"section-title-col\" data-type=\"column\"> <h2  class=\"\">Program \u2013 Parallel workshops<\/h2> <h3 >Friday 5 December 2025<br >\nMeeting room: Focus<\/h3><div  data-editable=\"true\" data-name=\"ope-widgets-area\" data-content-shortcode=\"mesmerize_display_widgets_area id=&quot;mesmerize_users_custom_widgets_areas_9&quot; \" class=\"\"><div data-name=\"mesmerize-widgets-area\"><div id=\"block-21\" class=\"widget widget_block\"><div class=\"program\">\n    <div class=\"item\">\n        <div class=\"time\">08:30 - 10:15<\/div>\n        <h5>Mastering Intraoral Scanning: From Practice to Precision and Clinical Success<\/h5>\n        <div class=\"subname\"><a href=\"https:\/\/www.kongresiti.cz\/2025\/en\/speakers\/veronika-rounova\/\" target=\"lightbox\" data-cp-link=\"1\">Veronika Rounov\u00e1<\/a><br\/><a href=\"https:\/\/www.kongresiti.cz\/2025\/en\/program-3\/veronika-rounova-mastering-intraoral-scanning-from-practice-to-precision-and-clinical-success\/\" target=\"lightbox\" data-cp-link=\"1\"><small>Abstract<\/small><\/a><\/div>\n    <\/div><\/div><\/div><\/div> <div  class=\"row center-xs middle-xs\"> <div  class=\"col-sm-9\" data-type=\"column\"> <\/div> <\/div><\/div> <\/div><div  data-label=\"Program \u2013 Dental Hygienists\" data-id=\"content--3\" data-export-id=\"content-12\" data-category=\"content\" class=\"content-12 content-section content-section-spacing\" id=\"program-dental-hygienists\" style=\"background-color: rgb(255, 255, 255); background-image: none;\"><div  class=\"gridContainer\"> <div  class=\"row text-center\"><div  class=\"section-title-col\" data-type=\"column\"> <h2  class=\"\">Program \u2013 Dental Hygienists<\/h2> <h3  class=\"\">Friday 5 December 2025<br >\nMeeting room: Tuli Cinema<\/h3><div  data-editable=\"true\" data-name=\"ope-widgets-area\" data-content-shortcode=\"mesmerize_display_widgets_area id=&quot;mesmerize_users_custom_widgets_areas_8&quot; \" class=\"\"><div data-name=\"mesmerize-widgets-area\"><div id=\"block-17\" class=\"widget widget_block\"><div class=\"program\">\n    <div class=\"item\">\n        <div class=\"time\">08:30 - 08:45<\/div>\n        <h4>Welcome & Introduction<\/h4>\n    <\/div>\n    <div class=\"item\">\n        <div class=\"time\">08:45 - 10:15<\/div>\n        <h5>Tissue Management Around Dental Implants<\/h5>\n        <div class=\"subname\"><a href=\"https:\/\/www.kongresiti.cz\/2025\/en\/speakers\/michal-stefanatny\/\" target=\"lightbox\" data-cp-link=\"1\">Michal \u0160tefanatn\u00fd<\/a><br\/><a href=\"https:\/\/www.kongresiti.cz\/2025\/en\/program-3\/michal-stefanatny-tissue-management-around-dental-implants\/\" target=\"lightbox\" data-cp-link=\"1\"><small>Abstract<\/small><\/a><\/div>\n    <\/div>\n    <div class=\"item break coffee\">\n        <div class=\"time\">10:15 - 10:45<\/div>\n        <h5>Coffee break<\/h5>\n    <\/div>\n    <div class=\"item\">\n        <div class=\"time\">11:00 - 12:30<\/div>\n        <h5>There Is No Deep Scaling Like Deep Scaling<\/h5>\n        <div class=\"subname\"><a href=\"https:\/\/www.kongresiti.cz\/2025\/en\/speakers\/simon-belak\/\" target=\"lightbox\" data-cp-link=\"1\">\u0160imon Bel\u00e1k<\/a><br\/><a href=\"https:\/\/www.kongresiti.cz\/2025\/en\/program-3\/simon-belak-there-is-no-deep-scaling-like-deep-scaling\/\" target=\"lightbox\" data-cp-link=\"1\"><small>Abstract<\/small><\/a><\/div>\n    <\/div>\n    <div class=\"item break\">\n        <div class=\"time\">12:30 - 13:30<\/div>\n        <h5>Lunch<\/h5>\n    <\/div>\n    <div class=\"item\">\n        <div class=\"time\">13:15 - 15:15<\/div>\n        <h5>The Patient Is Unmotivatable! Is That True or Am I Missing Knowledge?<\/h5>\n        <div class=\"subname\"><a href=\"https:\/\/www.kongresiti.cz\/2025\/en\/speakers\/peter-kramarik\/\" target=\"lightbox\" data-cp-link=\"1\">Peter Kram\u00e1rik<\/a><br\/><a href=\"https:\/\/www.kongresiti.cz\/2025\/en\/program-3\/peter-kramarik-the-patient-is-unmotivatable-is-that-true-or-amd-i-missing-knowledge\/\" target=\"lightbox\" data-cp-link=\"1\"><small>Abstract<\/small><\/a><\/div>\n    <\/div>\n    <div class=\"item break coffee\">\n        <div class=\"time\">15:15 - 15:45<\/div>\n        <h5>Coffee break<\/h5>\n    <\/div>\n    <div class=\"item\">\n        <div class=\"time\">15:45 - 17:45<\/div>\n        <h5>How to Achieve Long-Term Results Even with Conservative Treatment of Periodontitis? Case Studies from the work of a Dental Hygienist.<\/h5>\n        <div class=\"subname\"><a href=\"https:\/\/www.kongresiti.cz\/2025\/en\/speakers\/jana-norkin\/\" target=\"lightbox\" data-cp-link=\"1\">Jana Norkin<\/a><br\/><a href=\"https:\/\/www.kongresiti.cz\/2025\/en\/program-3\/jana-norkin-how-to-achieve-long-term-results-even-with-conservative-treatment-of-periodontists-case-studies-from-the-practice-of-a-dental-hygienist\/\" target=\"lightbox\" data-cp-link=\"1\"><small>Abstract<\/small><\/a><\/div>\n    <\/div>\n    <div class=\"item endDay\">\n        <div class=\"time\">17:00 - 17:15<\/div>\n        <h5>Wrap-up & Closing<\/h5>\n        <div class=\"subname\"><a href=\"https:\/\/www.kongresiti.cz\/2025\/en\/speakers\/michal-stefanatny\/\" target=\"lightbox\" data-cp-link=\"1\">Michal \u0160tefanatn\u00fd<\/a><\/div>\n    <\/div>\n<\/div><\/div><\/div><\/div><\/div> <\/div> <div  class=\"row center-xs middle-xs\"> <div  class=\"col-sm-9\" data-type=\"column\"> <\/div> <\/div><\/div> <\/div><div  data-label=\"straumann party\" data-id=\"content--5\" data-export-id=\"content-12\" data-category=\"content\" class=\"content-12 content-section content-section-spacing\" id=\"straumann-party\" style=\"background-color: rgb(0, 0, 0); background-image: none;\"><div  class=\"gridContainer\"> <div  class=\"row text-center\"><div  class=\"section-title-col\" data-type=\"column\"> <h2  class=\"\"><span  style=\"color: rgb(0, 178, 184);\">STRAUMANN PARTY<\/span><\/h2> <p  class=\"\" style=\"text-align: left;\"><span  style=\"font-weight: 700; color: rgb(255, 255, 255);\">Angelic Smile, Devilish Charm.<\/span><br ><span  style=\"color: rgb(255, 255, 255);\">\nThat evening, the lights will transform into a heavenly glow and infernal flames. On one side stand the angels, their smiles radiating purity, joy, and harmony. Opposite them are the devils, with their distinctive charm, inviting everyone to a night full of laughter, music, and surprises.\n<\/span><br ><br ><span  style=\"color: rgb(255, 255, 255);\">\nDecide whether you will join the order of light or the legion of darkness.<\/span><\/p><\/div> <\/div> <div  class=\"row center-xs middle-xs\"> <div  class=\"col-sm-9\" data-type=\"column\"> <img  decoding=\"async\" class=\"shadow-large\" src=\"https:\/\/www.kongresiti.cz\/2025\/wp-content\/uploads\/2025\/11\/straumann-party-EN-02.jpg\" title=\"straumann-party-EN-02\" alt=\"\"><\/div> <\/div><\/div> <\/div>        <\/div>        <\/div>","protected":false},"excerpt":{"rendered":"<p>Program \u2013 Congress Friday 5 December 2025 Meeting room: Victory by RespectSaturday 6 December 2025 Program \u2013 Parallel workshops Friday 5 December 2025 Meeting room: Focus Program \u2013 Dental Hygienists Friday 5 December 2025 Meeting room: Tuli Cinema STRAUMANN PARTY Angelic Smile, Devilish Charm. That evening, the lights will transform into a heavenly glow and&hellip; <br \/> <a class=\"read-more\" href=\"https:\/\/www.kongresiti.cz\/2025\/en\/program-3\/\">Read more<\/a><\/p>\n","protected":false},"author":1,"featured_media":0,"parent":0,"menu_order":0,"comment_status":"closed","ping_status":"closed","template":"pro\/page-templates\/full-width-page.php","meta":{"footnotes":""},"class_list":["post-261","page","type-page","status-publish","hentry"],"yoast_head":"<!-- This site is optimized with the Yoast SEO plugin v26.1.1 - https:\/\/yoast.com\/wordpress\/plugins\/seo\/ -->\n<title>Program - ITI kongres Bratislava 2025<\/title>\n<meta name=\"robots\" content=\"index, follow, max-snippet:-1, max-image-preview:large, max-video-preview:-1\" \/>\n<link rel=\"canonical\" href=\"https:\/\/www.kongresiti.cz\/2025\/en\/program-3\/\" \/>\n<meta property=\"og:locale\" content=\"cs_CZ\" \/>\n<meta property=\"og:type\" content=\"article\" \/>\n<meta property=\"og:title\" content=\"Program - ITI kongres Bratislava 2025\" \/>\n<meta property=\"og:description\" content=\"Program \u2013 Congress Friday 5 December 2025 Meeting room: Victory by RespectSaturday 6 December 2025 Program \u2013 Parallel workshops Friday 5 December 2025 Meeting room: Focus Program \u2013 Dental Hygienists Friday 5 December 2025 Meeting room: Tuli Cinema STRAUMANN PARTY Angelic Smile, Devilish Charm. That evening, the lights will transform into a heavenly glow and&hellip; Read more\" \/>\n<meta property=\"og:url\" content=\"https:\/\/www.kongresiti.cz\/2025\/en\/program-3\/\" \/>\n<meta property=\"og:site_name\" content=\"ITI kongres Bratislava 2025\" \/>\n<meta property=\"article:modified_time\" content=\"2025-11-29T09:28:43+00:00\" \/>\n<meta property=\"og:image\" content=\"https:\/\/www.kongresiti.cz\/2025\/wp-content\/uploads\/2025\/11\/straumann-party-EN-02.jpg\" \/>\n<meta name=\"twitter:card\" content=\"summary_large_image\" \/>\n<meta name=\"twitter:label1\" content=\"Odhadovan\u00e1 doba \u010dten\u00ed\" \/>\n\t<meta name=\"twitter:data1\" content=\"1 minuta\" \/>\n<script type=\"application\/ld+json\" class=\"yoast-schema-graph\">{\"@context\":\"https:\/\/schema.org\",\"@graph\":[{\"@type\":\"WebPage\",\"@id\":\"https:\/\/www.kongresiti.cz\/2025\/en\/program-3\/\",\"url\":\"https:\/\/www.kongresiti.cz\/2025\/en\/program-3\/\",\"name\":\"Program - ITI kongres Bratislava 2025\",\"isPartOf\":{\"@id\":\"https:\/\/www.kongresiti.cz\/2025\/#website\"},\"primaryImageOfPage\":{\"@id\":\"https:\/\/www.kongresiti.cz\/2025\/en\/program-3\/#primaryimage\"},\"image\":{\"@id\":\"https:\/\/www.kongresiti.cz\/2025\/en\/program-3\/#primaryimage\"},\"thumbnailUrl\":\"https:\/\/www.kongresiti.cz\/2025\/wp-content\/uploads\/2025\/11\/straumann-party-EN-02.jpg\",\"datePublished\":\"2025-03-17T09:50:40+00:00\",\"dateModified\":\"2025-11-29T09:28:43+00:00\",\"breadcrumb\":{\"@id\":\"https:\/\/www.kongresiti.cz\/2025\/en\/program-3\/#breadcrumb\"},\"inLanguage\":\"cs\",\"potentialAction\":[{\"@type\":\"ReadAction\",\"target\":[\"https:\/\/www.kongresiti.cz\/2025\/en\/program-3\/\"]}]},{\"@type\":\"ImageObject\",\"inLanguage\":\"cs\",\"@id\":\"https:\/\/www.kongresiti.cz\/2025\/en\/program-3\/#primaryimage\",\"url\":\"https:\/\/www.kongresiti.cz\/2025\/wp-content\/uploads\/2025\/11\/straumann-party-EN-02.jpg\",\"contentUrl\":\"https:\/\/www.kongresiti.cz\/2025\/wp-content\/uploads\/2025\/11\/straumann-party-EN-02.jpg\",\"width\":595,\"height\":1057},{\"@type\":\"BreadcrumbList\",\"@id\":\"https:\/\/www.kongresiti.cz\/2025\/en\/program-3\/#breadcrumb\",\"itemListElement\":[{\"@type\":\"ListItem\",\"position\":1,\"name\":\"Dom\u016f\",\"item\":\"https:\/\/www.kongresiti.cz\/2025\/\"},{\"@type\":\"ListItem\",\"position\":2,\"name\":\"Program\"}]},{\"@type\":\"WebSite\",\"@id\":\"https:\/\/www.kongresiti.cz\/2025\/#website\",\"url\":\"https:\/\/www.kongresiti.cz\/2025\/\",\"name\":\"ITI kongres Bratislava 2025\",\"description\":\"Prvn\u00ed ITI kongres v \u010cesk\u00e9 a Slovensk\u00e9 republice\",\"publisher\":{\"@id\":\"https:\/\/www.kongresiti.cz\/2025\/#organization\"},\"potentialAction\":[{\"@type\":\"SearchAction\",\"target\":{\"@type\":\"EntryPoint\",\"urlTemplate\":\"https:\/\/www.kongresiti.cz\/2025\/?s={search_term_string}\"},\"query-input\":{\"@type\":\"PropertyValueSpecification\",\"valueRequired\":true,\"valueName\":\"search_term_string\"}}],\"inLanguage\":\"cs\"},{\"@type\":\"Organization\",\"@id\":\"https:\/\/www.kongresiti.cz\/2025\/#organization\",\"name\":\"ITI kongres Bratislava 2025\",\"url\":\"https:\/\/www.kongresiti.cz\/2025\/\",\"logo\":{\"@type\":\"ImageObject\",\"inLanguage\":\"cs\",\"@id\":\"https:\/\/www.kongresiti.cz\/2025\/#\/schema\/logo\/image\/\",\"url\":\"https:\/\/www.kongresiti.cz\/2025\/wp-content\/uploads\/2025\/06\/logo-ITI-Section-Czech-web.png\",\"contentUrl\":\"https:\/\/www.kongresiti.cz\/2025\/wp-content\/uploads\/2025\/06\/logo-ITI-Section-Czech-web.png\",\"width\":262,\"height\":111,\"caption\":\"ITI kongres Bratislava 2025\"},\"image\":{\"@id\":\"https:\/\/www.kongresiti.cz\/2025\/#\/schema\/logo\/image\/\"}}]}<\/script>\n<!-- \/ Yoast SEO plugin. -->","yoast_head_json":{"title":"Program - ITI kongres Bratislava 2025","robots":{"index":"index","follow":"follow","max-snippet":"max-snippet:-1","max-image-preview":"max-image-preview:large","max-video-preview":"max-video-preview:-1"},"canonical":"https:\/\/www.kongresiti.cz\/2025\/en\/program-3\/","og_locale":"cs_CZ","og_type":"article","og_title":"Program - ITI kongres Bratislava 2025","og_description":"Program \u2013 Congress Friday 5 December 2025 Meeting room: Victory by RespectSaturday 6 December 2025 Program \u2013 Parallel workshops Friday 5 December 2025 Meeting room: Focus Program \u2013 Dental Hygienists Friday 5 December 2025 Meeting room: Tuli Cinema STRAUMANN PARTY Angelic Smile, Devilish Charm. That evening, the lights will transform into a heavenly glow and&hellip; Read more","og_url":"https:\/\/www.kongresiti.cz\/2025\/en\/program-3\/","og_site_name":"ITI kongres Bratislava 2025","article_modified_time":"2025-11-29T09:28:43+00:00","og_image":[{"url":"https:\/\/www.kongresiti.cz\/2025\/wp-content\/uploads\/2025\/11\/straumann-party-EN-02.jpg","type":"","width":"","height":""}],"twitter_card":"summary_large_image","twitter_misc":{"Odhadovan\u00e1 doba \u010dten\u00ed":"1 minuta"},"schema":{"@context":"https:\/\/schema.org","@graph":[{"@type":"WebPage","@id":"https:\/\/www.kongresiti.cz\/2025\/en\/program-3\/","url":"https:\/\/www.kongresiti.cz\/2025\/en\/program-3\/","name":"Program - ITI kongres Bratislava 2025","isPartOf":{"@id":"https:\/\/www.kongresiti.cz\/2025\/#website"},"primaryImageOfPage":{"@id":"https:\/\/www.kongresiti.cz\/2025\/en\/program-3\/#primaryimage"},"image":{"@id":"https:\/\/www.kongresiti.cz\/2025\/en\/program-3\/#primaryimage"},"thumbnailUrl":"https:\/\/www.kongresiti.cz\/2025\/wp-content\/uploads\/2025\/11\/straumann-party-EN-02.jpg","datePublished":"2025-03-17T09:50:40+00:00","dateModified":"2025-11-29T09:28:43+00:00","breadcrumb":{"@id":"https:\/\/www.kongresiti.cz\/2025\/en\/program-3\/#breadcrumb"},"inLanguage":"cs","potentialAction":[{"@type":"ReadAction","target":["https:\/\/www.kongresiti.cz\/2025\/en\/program-3\/"]}]},{"@type":"ImageObject","inLanguage":"cs","@id":"https:\/\/www.kongresiti.cz\/2025\/en\/program-3\/#primaryimage","url":"https:\/\/www.kongresiti.cz\/2025\/wp-content\/uploads\/2025\/11\/straumann-party-EN-02.jpg","contentUrl":"https:\/\/www.kongresiti.cz\/2025\/wp-content\/uploads\/2025\/11\/straumann-party-EN-02.jpg","width":595,"height":1057},{"@type":"BreadcrumbList","@id":"https:\/\/www.kongresiti.cz\/2025\/en\/program-3\/#breadcrumb","itemListElement":[{"@type":"ListItem","position":1,"name":"Dom\u016f","item":"https:\/\/www.kongresiti.cz\/2025\/"},{"@type":"ListItem","position":2,"name":"Program"}]},{"@type":"WebSite","@id":"https:\/\/www.kongresiti.cz\/2025\/#website","url":"https:\/\/www.kongresiti.cz\/2025\/","name":"ITI kongres Bratislava 2025","description":"Prvn\u00ed ITI kongres v \u010cesk\u00e9 a Slovensk\u00e9 republice","publisher":{"@id":"https:\/\/www.kongresiti.cz\/2025\/#organization"},"potentialAction":[{"@type":"SearchAction","target":{"@type":"EntryPoint","urlTemplate":"https:\/\/www.kongresiti.cz\/2025\/?s={search_term_string}"},"query-input":{"@type":"PropertyValueSpecification","valueRequired":true,"valueName":"search_term_string"}}],"inLanguage":"cs"},{"@type":"Organization","@id":"https:\/\/www.kongresiti.cz\/2025\/#organization","name":"ITI kongres Bratislava 2025","url":"https:\/\/www.kongresiti.cz\/2025\/","logo":{"@type":"ImageObject","inLanguage":"cs","@id":"https:\/\/www.kongresiti.cz\/2025\/#\/schema\/logo\/image\/","url":"https:\/\/www.kongresiti.cz\/2025\/wp-content\/uploads\/2025\/06\/logo-ITI-Section-Czech-web.png","contentUrl":"https:\/\/www.kongresiti.cz\/2025\/wp-content\/uploads\/2025\/06\/logo-ITI-Section-Czech-web.png","width":262,"height":111,"caption":"ITI kongres Bratislava 2025"},"image":{"@id":"https:\/\/www.kongresiti.cz\/2025\/#\/schema\/logo\/image\/"}}]}},"_links":{"self":[{"href":"https:\/\/www.kongresiti.cz\/2025\/wp-json\/wp\/v2\/pages\/261","targetHints":{"allow":["GET"]}}],"collection":[{"href":"https:\/\/www.kongresiti.cz\/2025\/wp-json\/wp\/v2\/pages"}],"about":[{"href":"https:\/\/www.kongresiti.cz\/2025\/wp-json\/wp\/v2\/types\/page"}],"author":[{"embeddable":true,"href":"https:\/\/www.kongresiti.cz\/2025\/wp-json\/wp\/v2\/users\/1"}],"replies":[{"embeddable":true,"href":"https:\/\/www.kongresiti.cz\/2025\/wp-json\/wp\/v2\/comments?post=261"}],"version-history":[{"count":2,"href":"https:\/\/www.kongresiti.cz\/2025\/wp-json\/wp\/v2\/pages\/261\/revisions"}],"predecessor-version":[{"id":2067,"href":"https:\/\/www.kongresiti.cz\/2025\/wp-json\/wp\/v2\/pages\/261\/revisions\/2067"}],"wp:attachment":[{"href":"https:\/\/www.kongresiti.cz\/2025\/wp-json\/wp\/v2\/media?parent=261"}],"curies":[{"name":"wp","href":"https:\/\/api.w.org\/{rel}","templated":true}]}}