{"id":37,"date":"2025-02-26T16:07:17","date_gmt":"2025-02-26T15:07:17","guid":{"rendered":"https:\/\/www.kongresiti.cz\/2025\/?page_id=37"},"modified":"2025-11-29T10:27:26","modified_gmt":"2025-11-29T09:27:26","slug":"program","status":"publish","type":"page","link":"https:\/\/www.kongresiti.cz\/2025\/program\/","title":{"rendered":"Program"},"content":{"rendered":"<div  data-label=\"Informace ke kongresu\" data-id=\"content--3\" data-export-id=\"content-12\" data-category=\"content\" class=\"content-12 content-section content-section-spacing\" id=\"informace-ke-kongresu\" style=\"background-color: rgb(245, 250, 253);\"><div  class=\"gridContainer\"> <div  class=\"row text-center\"><div  class=\"section-title-col\" data-type=\"column\"> <h2  class=\"\">Informace ke kongresu<\/h2> <\/div> <\/div> <div  class=\"row center-xs middle-xs\"> <div  class=\"col-sm-9\" data-type=\"column\"><p  class=\"lead\"><span  style=\"font-weight: 400;\">Kongres bude simult\u00e1nn\u011b tlumo\u010den do \u010desk\u00e9ho jazyka.<\/span><\/p> <\/div> <\/div><\/div> <\/div><div  data-label=\"Program \u2013 Kongres\" data-id=\"content--1\" data-export-id=\"content-12\" data-category=\"content\" class=\"content-12 content-section content-section-spacing\" id=\"program-kongres\" style=\"background-color: rgb(255, 255, 255); background-image: none;\"><div  class=\"gridContainer\"> <div  class=\"row text-center\"><div  class=\"section-title-col\" data-type=\"column\"> <h2  class=\"\">Program \u2013 Kongres<\/h2> <h3  class=\"\">p\u00e1tek 5. prosince 2025\n<br >Konferen\u010dn\u00ed s\u00e1l: Victory by Respect<\/h3><div  data-editable=\"true\" data-name=\"ope-widgets-area\" data-content-shortcode=\"mesmerize_display_widgets_area id=&quot;mesmerize_users_custom_widgets_areas_0&quot; \" class=\"\"><div data-name=\"mesmerize-widgets-area\"><div id=\"block-9\" class=\"widget widget_block\"><div class=\"program\">\n    <div class=\"item\">\n        <div class=\"time\">07:30 - 08:30<\/div>\n        <h4>Registrace<\/h4>\n    <\/div>\n    <div class=\"item\">\n        <div class=\"time\">08:30 - 08:45<\/div>\n        <h5>P\u0159iv\u00edt\u00e1n\u00ed & ITI aktuality<\/h5>\n        <div class=\"subname\"><a href=\"https:\/\/www.kongresiti.cz\/2025\/prednasejici\/rene-foltan\/\" target=\"lightbox\" data-cp-link=\"1\">Ren\u00e9 Folt\u00e1n<\/a><\/div>\n    <\/div>\n    <div class=\"item\">\n        <div class=\"time\">08:45 - 10:45<\/div>\n        <h5>Digit\u00e1ln\u011b \u0159\u00edzen\u00e1 regenerace kosti a m\u011bkk\u00fdch tk\u00e1n\u00ed<\/h5>\n        <div class=\"subname\"><a href=\"https:\/\/www.kongresiti.cz\/2025\/prednasejici\/istvan-urban\/\" target=\"lightbox\" data-cp-link=\"1\">Istv\u00e1n Urb\u00e1n<\/a><br\/><a href=\"https:\/\/www.kongresiti.cz\/2025\/program\/istvan-urban-digitalne-rizena-regenerace-kosti-a-mekkych-tkani\/\" target=\"lightbox\" data-cp-link=\"1\"><small>Abstrakt<\/small><\/a><\/div>\n    <\/div>\n    <div class=\"item break coffee\">\n        <div class=\"time\">10:45 - 11:15<\/div>\n        <h5>P\u0159est\u00e1vka na k\u00e1vu<\/h5>\n    <\/div>\n    <div class=\"item\">\n        <div class=\"time\">11:15 - 12:45<\/div>\n        <h5>Strategie okam\u017eit\u00e9 implantace v estetick\u00e9 oblasti: v\u00fdb\u011br indikovan\u00fdch p\u0159\u00edpad\u016f, pl\u00e1nov\u00e1n\u00ed a klinick\u00e9 rozhodov\u00e1n\u00ed<\/h5>\n        <div class=\"subname\"><a href=\"https:\/\/www.kongresiti.cz\/2025\/prednasejici\/france-lambert\/\" target=\"lightbox\" data-cp-link=\"1\">France Lambert<\/a><br\/><a href=\"https:\/\/www.kongresiti.cz\/2025\/program\/france-lambert-strategie-okamzite-implantace-v-esteticke-oblasti\/\" target=\"lightbox\" data-cp-link=\"1\"><small>Abstrakt<\/small><\/a><\/div>\n    <\/div>\n    <div class=\"item break\">\n        <div class=\"time\">12:45 - 13:45<\/div>\n        <h5>Ob\u011bd<\/h5>\n    <\/div>\n    <div class=\"item\">\n        <div class=\"time\">13:45 - 15:15<\/div>\n        <h5>Strategie okam\u017eit\u00e9 implantace v estetick\u00e9 oblasti: chirurgick\u00e9 postupy a protokoly okam\u017eit\u00e9ho zat\u00ed\u017een\u00ed<\/h5>\n        <div class=\"subname\"><a href=\"https:\/\/www.kongresiti.cz\/2025\/prednasejici\/france-lambert\/\" target=\"lightbox\" data-cp-link=\"1\">France Lambert<\/a><br\/><a href=\"https:\/\/www.kongresiti.cz\/2025\/program\/france-lambert-strategie-okamzite-implantace-v-esteticke-oblasti\/\" target=\"lightbox\" data-cp-link=\"1\"><small>Abstrakt<\/small><\/a><\/div>\n    <\/div>\n    <div class=\"item break coffee\">\n        <div class=\"time\">15:15 - 15:45<\/div>\n        <h5>P\u0159est\u00e1vka na k\u00e1vu<\/h5>\n    <\/div>\n    <div class=\"item\">\n        <div class=\"time\">15:45 - 17:15<\/div>\n        <h5>Digit\u00e1ln\u00ed workflow bezzub\u00fdch \u010delist\u00ed o\u0161et\u0159en\u00fdch implant\u00e1ty<\/h5>\n        <div class=\"subname\"><a href=\"https:\/\/www.kongresiti.cz\/2025\/prednasejici\/samuel-akhondi\/\" target=\"lightbox\" data-cp-link=\"1\">Samuel Akhondi<\/a><br\/><a href=\"https:\/\/www.kongresiti.cz\/2025\/program\/samuel-akhondi-digitalni-workflow-bezzubych-celisti-osetrenych-implantaty\/\" target=\"lightbox\" data-cp-link=\"1\"><small>Abstrakt<\/small><\/a><\/div>\n    <\/div>\n    <div class=\"item\">\n        <div class=\"time\">17:15 - 17:30<\/div>\n        <h5>Shrnut\u00ed 1. dne<\/h5>\n        <div class=\"subname\"><a href=\"https:\/\/www.kongresiti.cz\/2025\/iti\/\" target=\"_blank\" data-cp-link=\"1\">Juraj Bab\u010dan<\/a><\/div>\n    <\/div>\n    <div class=\"item endDay\">\n        <div class=\"time\">19:30 - 00:00<\/div>\n        <h5>Straumann party<\/h5>\n    <\/div>\n<\/div><\/div><\/div><\/div><h3  class=\"\"><\/h3><h3  class=\"\" style=\"margin-bottom: 16px; outline-color: rgb(204, 204, 204); outline-style: solid;\">sobota 6. prosince 2025<\/h3><div  data-editable=\"true\" data-name=\"ope-widgets-area\" data-content-shortcode=\"mesmerize_display_widgets_area id=&quot;mesmerize_users_custom_widgets_areas_1&quot; \" class=\"\"><div data-name=\"mesmerize-widgets-area\"><div id=\"block-12\" class=\"widget widget_block\"><div class=\"program\">\n    <div class=\"item\">\n        <div class=\"time\">09:00 - 09:15<\/div>\n        <h4>Zah\u00e1jen\u00ed<\/h4>\n        <div class=\"subname\"><a href=\"https:\/\/www.kongresiti.cz\/2025\/iti\/\" target=\"_blank\" data-cp-link=\"1\">Ji\u0159\u00ed Krug<\/a><\/div>\n    <\/div>\n    <div class=\"item\">\n        <div class=\"time\">09:15 - 10:45<\/div>\n        <h5>Strategie okam\u017eit\u00e9 implantace v postrann\u00edm \u00faseku: chirurgick\u00e9 postupy<\/h5>\n        <div class=\"subname\"><a href=\"https:\/\/www.kongresiti.cz\/2025\/prednasejici\/gary-finelle\/\" target=\"lightbox\" data-cp-link=\"1\">Gary Finelle<\/a><br\/><a href=\"https:\/\/www.kongresiti.cz\/2025\/program\/gary-finelle-strategie-okamzite-implantace-v-postrannim-useku\/\" target=\"lightbox\" data-cp-link=\"1\"><small>Abstrakt<\/small><\/a><\/div>\n    <\/div>\n    <div class=\"item break coffee\">\n        <div class=\"time\">10:45 - 11:15<\/div>\n        <h5>P\u0159est\u00e1vka na k\u00e1vu<\/h5>\n    <\/div>\n    <div class=\"item\">\n        <div class=\"time\">11:15 - 12:45<\/div>\n        <h5>Strategie okam\u017eit\u00e9 implantace v postrann\u00edm \u00faseku: protetick\u00e9 aspekty<\/h5>\n        <div class=\"subname\"><a href=\"https:\/\/www.kongresiti.cz\/2025\/prednasejici\/gary-finelle\/\" target=\"lightbox\" data-cp-link=\"1\">Gary Finelle<\/a><br\/><a href=\"https:\/\/www.kongresiti.cz\/2025\/program\/gary-finelle-strategie-okamzite-implantace-v-postrannim-useku\/\" target=\"lightbox\" data-cp-link=\"1\"><small>Abstrakt<\/small><\/a><\/div>\n    <\/div>\n    <div class=\"item break\">\n        <div class=\"time\">12:45 - 13:45<\/div>\n        <h5>Ob\u011bd<\/h5>\n    <\/div>\n    <div class=\"item\">\n        <div class=\"time\">13:45 - 15:45<\/div>\n        <h5>Digit\u00e1ln\u00ed protokoly: p\u0159\u00ednos pro pacienta<\/h5>\n        <div class=\"subname\"><a href=\"https:\/\/www.kongresiti.cz\/2025\/prednasejici\/maja-chmielewska\/\" target=\"lightbox\" data-cp-link=\"1\">Maja Chmielewska<\/a><br\/><a href=\"https:\/\/www.kongresiti.cz\/2025\/program\/maja-chmielewska-digitalni-protokoly-prinos-pro-pacienta\/\" target=\"lightbox\" data-cp-link=\"1\"><small>Abstrakt<\/small><\/a><\/div>\n    <\/div>\n    <div class=\"item\">\n        <div class=\"time\">15:45 - 17:15<\/div>\n        <h5>Digit\u00e1ln\u00ed postupy v protetice: efektivn\u00ed spolupr\u00e1ce ordinace a laborato\u0159e<\/h5>\n        <div class=\"subname\"><a href=\"https:\/\/www.kongresiti.cz\/2025\/prednasejici\/jakub-hosek\/\" target=\"lightbox\" data-cp-link=\"1\">Jakub Ho\u0161ek<\/a><br\/><a href=\"https:\/\/www.kongresiti.cz\/2025\/program\/jakub-hosek-digitalni-protetika-efektivni-spoluprace-ordinace-a-laboratore\/\" target=\"lightbox\" data-cp-link=\"1\"><small>Abstrakt<\/small><\/a><\/div>\n    <\/div>\n    <div class=\"item\">\n        <div class=\"time\">17:15 - 17:30<\/div>\n        <h5>Z\u00e1v\u011br kongresu<\/h5>\n        <div class=\"subname\"><a href=\"https:\/\/www.kongresiti.cz\/2025\/iti\/\" target=\"_blank\" data-cp-link=\"1\">Juraj Bab\u010dan<\/a><\/div>\n    <\/div>\n<\/div><\/div><\/div><\/div><\/div> <\/div> <div  class=\"row center-xs middle-xs\"> <div  class=\"col-sm-9\" data-type=\"column\"> <\/div> <\/div><\/div> <\/div><div  data-label=\"Program \u2013 Workshopy\" data-id=\"content--5\" data-export-id=\"content-12\" data-category=\"content\" class=\"content-12 content-section content-section-spacing\" id=\"program-workshopy\" style=\"background-color: rgb(255, 255, 255);\"><div  class=\"gridContainer\"> <div  class=\"row text-center\"><div  class=\"section-title-col\" data-type=\"column\"> <h2  class=\"\">Program \u2013 Paraleln\u00ed workshopy<\/h2> <h3 >p\u00e1tek 5. prosince 2025<br >\nKonfere\u010dn\u00ed s\u00e1l: Focus<\/h3><div  data-editable=\"true\" data-name=\"ope-widgets-area\" data-content-shortcode=\"mesmerize_display_widgets_area id=&quot;mesmerize_users_custom_widgets_areas_3&quot; \" class=\"\"><div data-name=\"mesmerize-widgets-area\"><div id=\"block-11\" class=\"widget widget_block\"><div class=\"program\">\n    <div class=\"item\">\n        <div class=\"time\">08:30 - 10:15<\/div>\n        <h5>Jak zvl\u00e1dnout intraor\u00e1ln\u00ed skenov\u00e1n\u00ed: preciznost v ka\u017edodenn\u00ed praxi <\/h5>\n        <div class=\"subname\"><a href=\"https:\/\/www.kongresiti.cz\/2025\/prednasejici\/veronika-rounova\/\" target=\"lightbox\" data-cp-link=\"1\">Veronika Rounov\u00e1<\/a><br\/><a href=\"https:\/\/www.kongresiti.cz\/2025\/program\/veronika-rounova-jak-zvladnout-intraoralni-skenovani-preciznost-v-kazdodenni-praxi\/\" target=\"lightbox\" data-cp-link=\"1\"><small>Abstrakt<\/small><\/a><\/div>\n    <\/div>\n    <\/div><\/div><\/div> <div  class=\"row center-xs middle-xs\"> <div  class=\"col-sm-9\" data-type=\"column\"> <\/div> <\/div><\/div> <\/div><div  data-label=\"Dent\u00e1ln\u00ed hygienist\u00e9\" data-id=\"content--4\" data-export-id=\"content-12\" data-category=\"content\" class=\"content-12 content-section content-section-spacing\" id=\"dentalni-hygieniste-1\" style=\"background-color: rgb(255, 255, 255); background-image: none;\"><div  class=\"gridContainer\"> <div  class=\"row text-center\"><div  class=\"section-title-col\" data-type=\"column\"> <h2  class=\"\">Program \u2013 Dent\u00e1ln\u00ed hygienistky a hygienist\u00e9<\/h2> <h3  class=\"\">p\u00e1tek 5. prosince 2025<br >\nKonfere\u010dn\u00ed s\u00e1l: Tuli cinema<\/h3><div  data-editable=\"true\" data-name=\"ope-widgets-area\" data-content-shortcode=\"mesmerize_display_widgets_area id=&quot;mesmerize_users_custom_widgets_areas_2&quot; \" class=\"\"><div data-name=\"mesmerize-widgets-area\"><div id=\"block-10\" class=\"widget widget_block\"><div class=\"program\">\n    <div class=\"item\">\n        <div class=\"time\">08:30 - 08:45<\/div>\n        <h4>\u00davod<\/h4>\n    <\/div>\n    <div class=\"item\">\n        <div class=\"time\">08:45 - 10:15<\/div>\n        <h5>Management tk\u00e1n\u00ed kolem dent\u00e1ln\u00edch implant\u00e1t\u016f<\/h5>\n        <div class=\"subname\"><a href=\"https:\/\/www.kongresiti.cz\/2025\/prednasejici\/michal-stefanatny\/\" target=\"lightbox\" data-cp-link=\"1\">Michal \u0160tefanatn\u00fd<\/a><br\/><a href=\"https:\/\/www.kongresiti.cz\/2025\/program\/michal-stefanatny-management-tkani-kolem-dentalnich-implantatu\/\" target=\"lightbox\" data-cp-link=\"1\"><small>Abstrakt<\/small><\/a><\/div>\n    <\/div>\n    <div class=\"item break coffee\">\n        <div class=\"time\">10:15 - 10:45<\/div>\n        <h5>P\u0159est\u00e1vka na k\u00e1vu<\/h5>\n    <\/div>\n    <div class=\"item\">\n        <div class=\"time\">10:45 - 12:15<\/div>\n        <h5>Nen\u00ed deep scaling jako deep scaling<\/h5>\n        <div class=\"subname\"><a href=\"https:\/\/www.kongresiti.cz\/2025\/prednasejici\/simon-belak\/\" target=\"lightbox\" data-cp-link=\"1\">\u0160imon Bel\u00e1k<\/a><br\/><a href=\"https:\/\/www.kongresiti.cz\/2025\/program\/simon-belak-neni-deep-scaling-jako-deep-scaling\/\" target=\"lightbox\" data-cp-link=\"1\"><small>Abstrakt<\/small><\/a><\/div>\n    <\/div>\n    <div class=\"item break\">\n        <div class=\"time\">12:15 - 13:15<\/div>\n        <h5>Ob\u011bd<\/h5>\n    <\/div>\n    <div class=\"item\">\n        <div class=\"time\">13:15 - 15:15<\/div>\n        <h5>Pacient je nemotivovateln\u00fd! Je to pravda, nebo jen nev\u00edm, jak na to?<\/h5>\n        <div class=\"subname\"><a href=\"https:\/\/www.kongresiti.cz\/2025\/prednasejici\/peter-kramarik\/\" target=\"lightbox\" data-cp-link=\"1\">Peter Kram\u00e1rik<\/a><br\/><a href=\"https:\/\/www.kongresiti.cz\/2025\/program\/peter-kramarik-pacient-je-nemotivovatelny-je-to-pravda-nebo-jen-nevim-jak-na-to\/\" target=\"lightbox\" data-cp-link=\"1\"><small>Abstrakt<\/small><\/a><\/div>\n    <\/div>\n    <div class=\"item break coffee\">\n        <div class=\"time\">15:15 - 15:45<\/div>\n        <h5>P\u0159est\u00e1vka na k\u00e1vu<\/h5>\n    <\/div>\n    <div class=\"item\">\n        <div class=\"time\">15:45 - 17:45<\/div>\n        <h5>Jak dos\u00e1hnout dlouhodoby\u0301ch vy\u0301sledk\u016f i konzervativn\u00ed l\u00e9\u010dbou parodontitidy? Kazuistiky z praxe dent\u00e1ln\u00ed hygienistky.<\/h5>\n        <div class=\"subname\"><a href=\"https:\/\/www.kongresiti.cz\/2025\/prednasejici\/jana-norkin\/\" target=\"lightbox\" data-cp-link=\"1\">Jana Norkin<\/a><br\/><a href=\"https:\/\/www.kongresiti.cz\/2025\/program\/jana-norkin-jak-dosahnout-dlouhodobych-vysledku-konzervativni-lecbou-parodontitidy-kazuistiky-z-praxe-dentalni-hygienistky-2\/\" target=\"lightbox\" data-cp-link=\"1\"><small>Abstrakt<\/small><\/a><\/div>\n    <\/div>\n    <div class=\"item\">\n        <div class=\"time\">17:45 - 18:00<\/div>\n        <h5>Z\u00e1v\u011br<\/h5>\n        <div class=\"subname\"><a href=\"https:\/\/www.kongresiti.cz\/2025\/prednasejici\/michal-stefanatny\/\" target=\"lightbox\" data-cp-link=\"1\">Michal \u0160tefanatn\u00fd<\/a><\/div>\n    <\/div>\n    <div class=\"item endDay\">\n        <div class=\"time\">19:30 - 00:00<\/div>\n        <h5>Straumann p\u00e1rty<\/h5> \n    <\/div>\n<\/div><\/div><\/div><\/div><\/div> <\/div> <div  class=\"row center-xs middle-xs\"> <div  class=\"col-sm-9\" data-type=\"column\"> <\/div> <\/div><\/div> <\/div><div  data-label=\"straumann party\" data-id=\"content--6\" data-export-id=\"content-12\" data-category=\"content\" class=\"content-12 content-section content-section-spacing\" id=\"straumann-party\" style=\"background-color: rgb(0, 0, 0); background-image: none;\"><div  class=\"gridContainer\"> <div  class=\"row text-center\"><div  class=\"section-title-col\" data-type=\"column\"> <h2  class=\"\"><span  style=\"color: rgb(0, 178, 184);\">STRAUMANN PARTY<\/span><\/h2> <p  class=\"\" style=\"text-align: left;\"><span  style=\"font-weight: 700; color: rgb(255, 255, 255);\">And\u011blsk\u00fd \u00fasm\u011bv, \u010f\u00e1belsk\u00fd \u0161arm.<\/span><br ><span  style=\"color: rgb(255, 255, 255);\">\nV ten ve\u010der se sv\u011btla prom\u011bn\u00ed v nebesk\u00fd svit i pekeln\u00e9 plameny. Na jedn\u00e9 stran\u011b stoj\u00ed and\u011bl\u00e9 s \u00fasm\u011bvy z\u00e1\u0159\u00edc\u00edmi dokonalost\u00ed, harmoni\u00ed a radost\u00ed. Naproti nim \u010derti s osobit\u00fdm kouzlem, kte\u0159\u00ed l\u00e1kaj\u00ed k noci pln\u00e9 vesel\u00ed, hudby a p\u0159ekvapen\u00ed.<\/span><br ><span  style=\"color: rgb(255, 255, 255);\">\n\n<br >Rozhodn\u011bte se, zda se p\u0159id\u00e1te k \u0159\u00e1du sv\u011btla, nebo dru\u017ein\u011b temnoty.<\/span><\/p><\/div> <\/div> <div  class=\"row center-xs middle-xs\"> <div  class=\"col-sm-9\" data-type=\"column\"> <img  decoding=\"async\" class=\"shadow-large\" src=\"https:\/\/www.kongresiti.cz\/2025\/wp-content\/uploads\/2025\/11\/straumann-party-CZ-02.jpg\" title=\"straumann-party-CZ-02\" alt=\"\"><\/div> <\/div><\/div> <\/div>        <\/div>        <\/div>","protected":false},"excerpt":{"rendered":"<p>Informace ke kongresu Kongres bude simult\u00e1nn\u011b tlumo\u010den do \u010desk\u00e9ho jazyka. Program \u2013 Kongres p\u00e1tek 5. prosince 2025 Konferen\u010dn\u00ed s\u00e1l: Victory by Respectsobota 6. prosince 2025 Program \u2013 Paraleln\u00ed workshopy p\u00e1tek 5. prosince 2025 Konfere\u010dn\u00ed s\u00e1l: Focus Program \u2013 Dent\u00e1ln\u00ed hygienistky a hygienist\u00e9 p\u00e1tek 5. prosince 2025 Konfere\u010dn\u00ed s\u00e1l: Tuli cinema STRAUMANN PARTY And\u011blsk\u00fd \u00fasm\u011bv, \u010f\u00e1belsk\u00fd&hellip; <br \/> <a class=\"read-more\" href=\"https:\/\/www.kongresiti.cz\/2025\/program\/\">Read more<\/a><\/p>\n","protected":false},"author":2,"featured_media":0,"parent":0,"menu_order":0,"comment_status":"closed","ping_status":"closed","template":"pro\/page-templates\/full-width-page.php","meta":{"footnotes":""},"class_list":["post-37","page","type-page","status-publish","hentry"],"yoast_head":"<!-- This site is optimized with the Yoast SEO plugin v26.1.1 - https:\/\/yoast.com\/wordpress\/plugins\/seo\/ -->\n<title>Program - ITI kongres Bratislava 2025<\/title>\n<meta name=\"robots\" content=\"index, follow, max-snippet:-1, max-image-preview:large, max-video-preview:-1\" \/>\n<link rel=\"canonical\" href=\"https:\/\/www.kongresiti.cz\/2025\/program\/\" \/>\n<meta property=\"og:locale\" content=\"cs_CZ\" \/>\n<meta property=\"og:type\" content=\"article\" \/>\n<meta property=\"og:title\" content=\"Program - ITI kongres Bratislava 2025\" \/>\n<meta property=\"og:description\" content=\"Informace ke kongresu Kongres bude simult\u00e1nn\u011b tlumo\u010den do \u010desk\u00e9ho jazyka. Program \u2013 Kongres p\u00e1tek 5. prosince 2025 Konferen\u010dn\u00ed s\u00e1l: Victory by Respectsobota 6. prosince 2025 Program \u2013 Paraleln\u00ed workshopy p\u00e1tek 5. prosince 2025 Konfere\u010dn\u00ed s\u00e1l: Focus Program \u2013 Dent\u00e1ln\u00ed hygienistky a hygienist\u00e9 p\u00e1tek 5. prosince 2025 Konfere\u010dn\u00ed s\u00e1l: Tuli cinema STRAUMANN PARTY And\u011blsk\u00fd \u00fasm\u011bv, \u010f\u00e1belsk\u00fd&hellip; Read more\" \/>\n<meta property=\"og:url\" content=\"https:\/\/www.kongresiti.cz\/2025\/program\/\" \/>\n<meta property=\"og:site_name\" content=\"ITI kongres Bratislava 2025\" \/>\n<meta property=\"article:modified_time\" content=\"2025-11-29T09:27:26+00:00\" \/>\n<meta property=\"og:image\" content=\"https:\/\/www.kongresiti.cz\/2025\/wp-content\/uploads\/2025\/11\/straumann-party-CZ-02.jpg\" \/>\n<meta name=\"twitter:card\" content=\"summary_large_image\" \/>\n<meta name=\"twitter:label1\" content=\"Odhadovan\u00e1 doba \u010dten\u00ed\" \/>\n\t<meta name=\"twitter:data1\" content=\"1 minuta\" \/>\n<script type=\"application\/ld+json\" class=\"yoast-schema-graph\">{\"@context\":\"https:\/\/schema.org\",\"@graph\":[{\"@type\":\"WebPage\",\"@id\":\"https:\/\/www.kongresiti.cz\/2025\/program\/\",\"url\":\"https:\/\/www.kongresiti.cz\/2025\/program\/\",\"name\":\"Program - ITI kongres Bratislava 2025\",\"isPartOf\":{\"@id\":\"https:\/\/www.kongresiti.cz\/2025\/#website\"},\"primaryImageOfPage\":{\"@id\":\"https:\/\/www.kongresiti.cz\/2025\/program\/#primaryimage\"},\"image\":{\"@id\":\"https:\/\/www.kongresiti.cz\/2025\/program\/#primaryimage\"},\"thumbnailUrl\":\"https:\/\/www.kongresiti.cz\/2025\/wp-content\/uploads\/2025\/11\/straumann-party-CZ-02.jpg\",\"datePublished\":\"2025-02-26T15:07:17+00:00\",\"dateModified\":\"2025-11-29T09:27:26+00:00\",\"breadcrumb\":{\"@id\":\"https:\/\/www.kongresiti.cz\/2025\/program\/#breadcrumb\"},\"inLanguage\":\"cs\",\"potentialAction\":[{\"@type\":\"ReadAction\",\"target\":[\"https:\/\/www.kongresiti.cz\/2025\/program\/\"]}]},{\"@type\":\"ImageObject\",\"inLanguage\":\"cs\",\"@id\":\"https:\/\/www.kongresiti.cz\/2025\/program\/#primaryimage\",\"url\":\"https:\/\/www.kongresiti.cz\/2025\/wp-content\/uploads\/2025\/11\/straumann-party-CZ-02.jpg\",\"contentUrl\":\"https:\/\/www.kongresiti.cz\/2025\/wp-content\/uploads\/2025\/11\/straumann-party-CZ-02.jpg\",\"width\":595,\"height\":1057},{\"@type\":\"BreadcrumbList\",\"@id\":\"https:\/\/www.kongresiti.cz\/2025\/program\/#breadcrumb\",\"itemListElement\":[{\"@type\":\"ListItem\",\"position\":1,\"name\":\"Dom\u016f\",\"item\":\"https:\/\/www.kongresiti.cz\/2025\/\"},{\"@type\":\"ListItem\",\"position\":2,\"name\":\"Program\"}]},{\"@type\":\"WebSite\",\"@id\":\"https:\/\/www.kongresiti.cz\/2025\/#website\",\"url\":\"https:\/\/www.kongresiti.cz\/2025\/\",\"name\":\"ITI kongres Bratislava 2025\",\"description\":\"Prvn\u00ed ITI kongres v \u010cesk\u00e9 a Slovensk\u00e9 republice\",\"publisher\":{\"@id\":\"https:\/\/www.kongresiti.cz\/2025\/#organization\"},\"potentialAction\":[{\"@type\":\"SearchAction\",\"target\":{\"@type\":\"EntryPoint\",\"urlTemplate\":\"https:\/\/www.kongresiti.cz\/2025\/?s={search_term_string}\"},\"query-input\":{\"@type\":\"PropertyValueSpecification\",\"valueRequired\":true,\"valueName\":\"search_term_string\"}}],\"inLanguage\":\"cs\"},{\"@type\":\"Organization\",\"@id\":\"https:\/\/www.kongresiti.cz\/2025\/#organization\",\"name\":\"ITI kongres Bratislava 2025\",\"url\":\"https:\/\/www.kongresiti.cz\/2025\/\",\"logo\":{\"@type\":\"ImageObject\",\"inLanguage\":\"cs\",\"@id\":\"https:\/\/www.kongresiti.cz\/2025\/#\/schema\/logo\/image\/\",\"url\":\"https:\/\/www.kongresiti.cz\/2025\/wp-content\/uploads\/2025\/06\/logo-ITI-Section-Czech-web.png\",\"contentUrl\":\"https:\/\/www.kongresiti.cz\/2025\/wp-content\/uploads\/2025\/06\/logo-ITI-Section-Czech-web.png\",\"width\":262,\"height\":111,\"caption\":\"ITI kongres Bratislava 2025\"},\"image\":{\"@id\":\"https:\/\/www.kongresiti.cz\/2025\/#\/schema\/logo\/image\/\"}}]}<\/script>\n<!-- \/ Yoast SEO plugin. -->","yoast_head_json":{"title":"Program - ITI kongres Bratislava 2025","robots":{"index":"index","follow":"follow","max-snippet":"max-snippet:-1","max-image-preview":"max-image-preview:large","max-video-preview":"max-video-preview:-1"},"canonical":"https:\/\/www.kongresiti.cz\/2025\/program\/","og_locale":"cs_CZ","og_type":"article","og_title":"Program - ITI kongres Bratislava 2025","og_description":"Informace ke kongresu Kongres bude simult\u00e1nn\u011b tlumo\u010den do \u010desk\u00e9ho jazyka. Program \u2013 Kongres p\u00e1tek 5. prosince 2025 Konferen\u010dn\u00ed s\u00e1l: Victory by Respectsobota 6. prosince 2025 Program \u2013 Paraleln\u00ed workshopy p\u00e1tek 5. prosince 2025 Konfere\u010dn\u00ed s\u00e1l: Focus Program \u2013 Dent\u00e1ln\u00ed hygienistky a hygienist\u00e9 p\u00e1tek 5. prosince 2025 Konfere\u010dn\u00ed s\u00e1l: Tuli cinema STRAUMANN PARTY And\u011blsk\u00fd \u00fasm\u011bv, \u010f\u00e1belsk\u00fd&hellip; Read more","og_url":"https:\/\/www.kongresiti.cz\/2025\/program\/","og_site_name":"ITI kongres Bratislava 2025","article_modified_time":"2025-11-29T09:27:26+00:00","og_image":[{"url":"https:\/\/www.kongresiti.cz\/2025\/wp-content\/uploads\/2025\/11\/straumann-party-CZ-02.jpg","type":"","width":"","height":""}],"twitter_card":"summary_large_image","twitter_misc":{"Odhadovan\u00e1 doba \u010dten\u00ed":"1 minuta"},"schema":{"@context":"https:\/\/schema.org","@graph":[{"@type":"WebPage","@id":"https:\/\/www.kongresiti.cz\/2025\/program\/","url":"https:\/\/www.kongresiti.cz\/2025\/program\/","name":"Program - ITI kongres Bratislava 2025","isPartOf":{"@id":"https:\/\/www.kongresiti.cz\/2025\/#website"},"primaryImageOfPage":{"@id":"https:\/\/www.kongresiti.cz\/2025\/program\/#primaryimage"},"image":{"@id":"https:\/\/www.kongresiti.cz\/2025\/program\/#primaryimage"},"thumbnailUrl":"https:\/\/www.kongresiti.cz\/2025\/wp-content\/uploads\/2025\/11\/straumann-party-CZ-02.jpg","datePublished":"2025-02-26T15:07:17+00:00","dateModified":"2025-11-29T09:27:26+00:00","breadcrumb":{"@id":"https:\/\/www.kongresiti.cz\/2025\/program\/#breadcrumb"},"inLanguage":"cs","potentialAction":[{"@type":"ReadAction","target":["https:\/\/www.kongresiti.cz\/2025\/program\/"]}]},{"@type":"ImageObject","inLanguage":"cs","@id":"https:\/\/www.kongresiti.cz\/2025\/program\/#primaryimage","url":"https:\/\/www.kongresiti.cz\/2025\/wp-content\/uploads\/2025\/11\/straumann-party-CZ-02.jpg","contentUrl":"https:\/\/www.kongresiti.cz\/2025\/wp-content\/uploads\/2025\/11\/straumann-party-CZ-02.jpg","width":595,"height":1057},{"@type":"BreadcrumbList","@id":"https:\/\/www.kongresiti.cz\/2025\/program\/#breadcrumb","itemListElement":[{"@type":"ListItem","position":1,"name":"Dom\u016f","item":"https:\/\/www.kongresiti.cz\/2025\/"},{"@type":"ListItem","position":2,"name":"Program"}]},{"@type":"WebSite","@id":"https:\/\/www.kongresiti.cz\/2025\/#website","url":"https:\/\/www.kongresiti.cz\/2025\/","name":"ITI kongres Bratislava 2025","description":"Prvn\u00ed ITI kongres v \u010cesk\u00e9 a Slovensk\u00e9 republice","publisher":{"@id":"https:\/\/www.kongresiti.cz\/2025\/#organization"},"potentialAction":[{"@type":"SearchAction","target":{"@type":"EntryPoint","urlTemplate":"https:\/\/www.kongresiti.cz\/2025\/?s={search_term_string}"},"query-input":{"@type":"PropertyValueSpecification","valueRequired":true,"valueName":"search_term_string"}}],"inLanguage":"cs"},{"@type":"Organization","@id":"https:\/\/www.kongresiti.cz\/2025\/#organization","name":"ITI kongres Bratislava 2025","url":"https:\/\/www.kongresiti.cz\/2025\/","logo":{"@type":"ImageObject","inLanguage":"cs","@id":"https:\/\/www.kongresiti.cz\/2025\/#\/schema\/logo\/image\/","url":"https:\/\/www.kongresiti.cz\/2025\/wp-content\/uploads\/2025\/06\/logo-ITI-Section-Czech-web.png","contentUrl":"https:\/\/www.kongresiti.cz\/2025\/wp-content\/uploads\/2025\/06\/logo-ITI-Section-Czech-web.png","width":262,"height":111,"caption":"ITI kongres Bratislava 2025"},"image":{"@id":"https:\/\/www.kongresiti.cz\/2025\/#\/schema\/logo\/image\/"}}]}},"_links":{"self":[{"href":"https:\/\/www.kongresiti.cz\/2025\/wp-json\/wp\/v2\/pages\/37","targetHints":{"allow":["GET"]}}],"collection":[{"href":"https:\/\/www.kongresiti.cz\/2025\/wp-json\/wp\/v2\/pages"}],"about":[{"href":"https:\/\/www.kongresiti.cz\/2025\/wp-json\/wp\/v2\/types\/page"}],"author":[{"embeddable":true,"href":"https:\/\/www.kongresiti.cz\/2025\/wp-json\/wp\/v2\/users\/2"}],"replies":[{"embeddable":true,"href":"https:\/\/www.kongresiti.cz\/2025\/wp-json\/wp\/v2\/comments?post=37"}],"version-history":[{"count":2,"href":"https:\/\/www.kongresiti.cz\/2025\/wp-json\/wp\/v2\/pages\/37\/revisions"}],"predecessor-version":[{"id":2065,"href":"https:\/\/www.kongresiti.cz\/2025\/wp-json\/wp\/v2\/pages\/37\/revisions\/2065"}],"wp:attachment":[{"href":"https:\/\/www.kongresiti.cz\/2025\/wp-json\/wp\/v2\/media?parent=37"}],"curies":[{"name":"wp","href":"https:\/\/api.w.org\/{rel}","templated":true}]}}