{"id":41,"date":"2025-02-26T16:07:17","date_gmt":"2025-02-26T15:07:17","guid":{"rendered":"https:\/\/www.kongresiti.cz\/2025\/?page_id=41"},"modified":"2025-12-02T22:29:43","modified_gmt":"2025-12-02T21:29:43","slug":"registrace","status":"publish","type":"page","link":"https:\/\/www.kongresiti.cz\/2025\/registrace\/","title":{"rendered":"Registrace"},"content":{"rendered":"<div  data-label=\"Features\" data-id=\"features--1\" data-export-id=\"features-16\" data-category=\"features\" class=\"features-16 content-section content-section-spacing\" id=\"features-1\" style=\"background-color: rgb(255, 255, 255);\"><div  class=\"gridContainer\"> <div  class=\"row text-center\"><div  class=\"section-title-col\" data-type=\"column\">  <p  class=\"lead\"><span  style=\"color: rgb(24, 60, 127);\">Kongres je akreditov\u00e1n u Slovensk\u00e9 komory zubn\u00edch leka\u0159\u016f pod \u010d. 125\/2025 s po\u010dtem celkem 14 kredit\u016f.<\/span><\/p><\/div> <\/div> <div  class=\"row spaced-cols\" data-type=\"row\"> <div  class=\"col-xs-12 col-sm-6 col-md-4 space-bottom\">  <div  data-type=\"column\" class=\"col-padding-small col-padding-small-xs description-container\">   <\/div> <\/div>  <\/div> <\/div><\/div><div  data-label=\"Content\" data-id=\"content--1\" data-export-id=\"content-12\" data-category=\"content\" class=\"content-12 content-section content-section-spacing\" id=\"content-1\" style=\"background-color: rgb(255, 255, 255);\"><div  class=\"gridContainer\"> <div  class=\"row text-center\"><div  class=\"section-title-col\" data-type=\"column\">  <h2  class=\"\">Registrace \u2013 D\u016fle\u017eit\u00e9 term\u00edny a Informace<\/h2><p  class=\"\" style=\"text-align: left;\"><span  style=\"color: rgb(24, 60, 127);\"><span  style=\"font-weight: 700;\">\n<br ><span  style=\"font-weight: 400;\"><span  style=\"font-weight: 700;\">\nRegistrace na kongres je uzav\u0159ena, pokud m\u00e1te z\u00e1jem o dodate\u010dnou registraci, kontaktujte info@scientifika.eu&nbsp;<br ><br >Registrace se slevou<\/span>&nbsp;(Early bird):&nbsp; do<span  style=\"font-weight: 700; color: rgb(0, 89, 155);\"> 15. 10. 2025&nbsp;<\/span><\/span><br ><span  style=\"font-weight: 400;\"><span  style=\"font-weight: 700;\">\n<br >Registrace bez slevy:<\/span>&nbsp;do <span  style=\"color: rgb(161, 23, 97);\">23. 11. 2025 (prodlou\u017eeno)<\/span><\/span><br >\n<br >Kongresov\u00e9 poplatky<\/span><span > jsou uvedeny v\u010d. 23% DPH<\/span><span ><br >\n\n<br ><b >Platby je mo\u017en\u00e9 prov\u00e1d\u011bt v EUR&nbsp;\n<\/b><span ><b >Storno podm\u00ednky:<\/b>\n<br >v\u00edce ne\u017e 90 dn\u00ed p\u0159ed prvn\u00edm dnem akce: 100% vr\u00e1cen\u00ed pen\u011bz<br >\n30 a v\u00edce dn\u00ed p\u0159ed prvn\u00edm dnem akce: 50% vr\u00e1cen\u00ed pen\u011bz<br >\nm\u00e9n\u011b ne\u017e 30 dn\u00ed p\u0159ed prvn\u00edm dnem akce: Platba nebude vr\u00e1cena\n<br ><br ><b >Ofici\u00e1ln\u00ed jazyk kongresu:<\/b>  \u010de\u0161tina\/angli\u010dtina \u2013 simult\u00e1nn\u00ed p\u0159eklad\n<br ><b ><br >Vzd\u011bl\u00e1vac\u00ed akce SKZL, \u010cSK: <\/b> akce bude registrov\u00e1na v r\u00e1mci vd\u011bl\u00e1vac\u00edch akc\u00ed SKZL, \u010cSK<br ><br >\n<\/span><\/span><a  data-mce-href=\"https:\/\/www.scientifika.eu\/assets\/obecne-narizeni-o-ochrane-osobnich-udaju.pdf\" href=\"https:\/\/www.scientifika.eu\/assets\/obecne-narizeni-o-ochrane-osobnich-udaju.pdf\" target=\"_blank\" rel=\"noopener\" data-mce-selected=\"inline-boundary\" data-cp-link=\"1\" class=\"\">Ochrana osobn\u00edch \u00fadaj\u016f<\/a>&nbsp;<\/span><\/p><\/div> <\/div> <div  class=\"row center-xs middle-xs\"> <div  class=\"col-sm-9\" data-type=\"column\"> <\/div> <\/div><\/div> <\/div><div  data-label=\"Content\" data-id=\"content--2\" data-export-id=\"content-12\" data-category=\"content\" class=\"content-12 content-section content-section-spacing\" id=\"content-2\" style=\"background-color: rgb(245, 250, 253); background-image: none;\"><div  class=\"gridContainer\"> <div  class=\"row text-center\"><div  class=\"section-title-col\" data-type=\"column\"> <h2  class=\"\">Registra\u010dn\u00ed poplatky&nbsp;<\/h2> <div  data-editable=\"true\" data-name=\"ope-widgets-area\" data-content-shortcode=\"mesmerize_display_widgets_area id=&quot;mesmerize_users_custom_widgets_areas_11&quot; \" class=\"\"><div data-name=\"mesmerize-widgets-area\"><div id=\"block-22\" class=\"widget widget_block\"><table class=\"program-table\">\n    <thead>\n        <tr>\n            <th class=\"column-header\">Kongres<\/th>\n            <th class=\"column-header\">do 15. 10. 2025<\/th>\n            <th class=\"column-header\">od 16. 10. 2025<\/th>\n        <\/tr>\n    <\/thead>\n    <tbody>\n        <tr>\n            <td>\u010clenov\u00e9 ITI<\/td>\n            <td>460 \u20ac<\/td>\n            <td>575 \u20ac<\/td>\n        <\/tr>\n        <tr>\n            <td>\u010clenov\u00e9 ITI (studenti)<\/td>\n            <td>170 \u20ac<\/td>\n            <td>285 \u20ac<\/td>\n        <\/tr>\n        <tr>\n            <td>Ne\u010dlenov\u00e9 ITI<\/td>\n            <td>575 \u20ac<\/td>\n            <td>690 \u20ac<\/td>\n        <\/tr>\n        <tr>\n            <td>Ne\u010dlenov\u00e9 ITI (Studenti)<\/td>\n            <td>230 \u20ac<\/td>\n            <td>345 \u20ac<\/td>\n        <\/tr>\n        <tr>\n            <td>Straumann p\u00e1rty<\/td>\n            <td>99 \u20ac<\/td>\n            <td>99 \u20ac<\/td>\n        <\/tr>\n    <\/tbody>\n<\/table>\n\n<br>\n\n<table class=\"program-table\">\n    <thead>\n        <tr>\n            <th class=\"column-header\">Dent\u00e1ln\u00ed hygienist\u00e9<\/th>\n            <th class=\"column-header\">do 31. 10. 2025<\/th>\n            <th class=\"column-header\">od 1. 11. 2025<\/th>\n        <\/tr>\n    <\/thead>\n    <tbody>\n        <tr>\n            <td>\u010clenov\u00e9 ITI<\/td>\n            <td>285 \u20ac<\/td>\n            <td>400 \u20ac<\/td>\n        <\/tr>\n        <tr>\n            <td>\u010clenov\u00e9 ITI (studenti)<\/td>\n            <td>115 \u20ac<\/td>\n            <td>170 \u20ac<\/td>\n        <\/tr>\n        <tr>\n            <td>Ne\u010dlenov\u00e9 ITI<\/td>\n            <td>400 \u20ac<\/td>\n            <td>460 \u20ac<\/td>\n        <\/tr>\n        <tr>\n            <td>Ne\u010dlenov\u00e9 ITI (studenti)<\/td>\n            <td>170 \u20ac<\/td>\n            <td>230 \u20ac<\/td>\n        <\/tr>\n        <tr>\n            <td>Straumann p\u00e1rty<\/td>\n            <td>99 \u20ac<\/td>\n            <td>99 \u20ac<\/td>\n        <\/tr>\n    <\/tbody>\n<\/table>\n\n<br>\n\n<table class=\"program-table\">\n    <thead>\n        <tr>\n            <th class=\"column-header\">Dent\u00e1ln\u00ed hygienist\u00e9 vstupenka sobota<\/th>\n            <th class=\"column-header\">do 30. 9. 2025<\/th>\n            <th class=\"column-header\">od 1. 10. 2025<\/th>\n        <\/tr>\n    <\/thead>\n    <tbody>\n        <tr>\n            <td>\u010clenov\u00e9 ITI<\/td>\n            <td>49 \u20ac<\/td>\n            <td>49 \u20ac<\/td>\n        <\/tr>\n        <tr>\n            <td>\u010clenov\u00e9 ITI (studenti)<\/td>\n            <td>49 \u20ac<\/td>\n            <td>49 \u20ac<\/td>\n        <\/tr>\n        <tr>\n            <td>Ne\u010dlenov\u00e9 ITI<\/td>\n            <td>99 \u20ac<\/td>\n            <td>99 \u20ac<\/td>\n        <\/tr>\n        <tr>\n            <td>Ne\u010dlenov\u00e9 ITI (studenti)<\/td>\n            <td>99 \u20ac<\/td>\n            <td>99 \u20ac<\/td>\n        <\/tr>\n    <\/tbody>\n<\/table>\n\n<br>\n\n<table class=\"program-table\">\n    <thead>\n        <tr>\n            <th class=\"column-header\"> Okam\u017eit\u00e1 implantace a okam\u017eit\u00e9 zat\u00ed\u017een\u00ed - pracovn\u00ed postup - France Lambert & Gary Finelle (Kapacita do 30 osob)<\/th>\n            <th class=\"column-header\">do 15. 10. 2025<\/th>\n            <th class=\"column-header\">od 16. 10. 2025<\/th>\n        <\/tr>\n    <\/thead>\n    <tbody>\n        <tr>\n            <td>\u010clenov\u00e9 ITI<\/td>\n            <td>899 \u20ac<\/td>\n            <td>899 \u20ac<\/td>\n        <\/tr>\n        <tr>\n            <td>Ne\u010dlenov\u00e9 ITI<\/td>\n            <td>999 \u20ac<\/td>\n            <td>999 \u20ac<\/td>\n        <\/tr>\n    <\/tbody>\n<\/table>\n\n<br>\n\n<table class=\"program-table\">\n    <thead>\n        <tr>\n            <th class=\"column-header\">Skenov\u00e1n\u00ed obli\u010deje pomoc\u00ed chytr\u00e9ho telefonu - praktick\u00e9 vyu\u017eit\u00ed v digit\u00e1ln\u00ed stomatologii - Jakub Ho\u0161ek (Kapacita do 20 osob)<\/th>\n            <th class=\"column-header\">do 15. 10. 2025<\/th>\n            <th class=\"column-header\">od 16. 10. 2025<\/th>\n        <\/tr>\n    <\/thead>\n    <tbody>\n        <tr>\n            <td>\u010clenov\u00e9 ITI<\/td>\n            <td>229 \u20ac<\/td>\n            <td>229 \u20ac<\/td>\n        <\/tr>\n        <tr>\n            <td>Ne\u010dlenov\u00e9 ITI<\/td>\n            <td>285 \u20ac<\/td>\n            <td>285 \u20ac<\/td>\n        <\/tr>\n    <\/tbody>\n<\/table>\n\n<br>\n\n<table class=\"program-table\">\n    <thead>\n        <tr>\n            <th class=\"column-header\">Jak zvl\u00e1dnout intraor\u00e1ln\u00ed skenov\u00e1n\u00ed: preciznost v ka\u017edodenn\u00ed praxi -  Veronika Rounov\u00e1 (Kapacita do 20 osob)<\/th>\n            <th class=\"column-header\">do 15. 10. 2025<\/th>\n            <th class=\"column-header\">od 16. 10. 2025<\/th>\n        <\/tr>\n    <\/thead>\n    <tbody>\n        <tr>\n            <td>\u010clenov\u00e9 ITI<\/td>\n            <td>55 \u20ac<\/td>\n            <td>55 \u20ac<\/td>\n        <\/tr>\n        <tr>\n            <td>Ne\u010dlenov\u00e9 ITI<\/td>\n            <td>115 \u20ac<\/td>\n            <td>115 \u20ac<\/td>\n        <\/tr>\n    <\/tbody>\n<\/table><\/div><\/div><\/div><\/div> <\/div> <div  class=\"row center-xs middle-xs\"> <div  class=\"col-sm-9\" data-type=\"column\"> <\/div> <\/div><\/div> <\/div>","protected":false},"excerpt":{"rendered":"<p>Kongres je akreditov\u00e1n u Slovensk\u00e9 komory zubn\u00edch leka\u0159\u016f pod \u010d. 125\/2025 s po\u010dtem celkem 14 kredit\u016f. Registrace \u2013 D\u016fle\u017eit\u00e9 term\u00edny a Informace Registrace na kongres je uzav\u0159ena, pokud m\u00e1te z\u00e1jem o dodate\u010dnou registraci, kontaktujte info@scientifika.eu&nbsp;Registrace se slevou&nbsp;(Early bird):&nbsp; do 15. 10. 2025&nbsp; Registrace bez slevy:&nbsp;do 23. 11. 2025 (prodlou\u017eeno) Kongresov\u00e9 poplatky jsou uvedeny v\u010d. 23%&hellip; <br \/> <a class=\"read-more\" href=\"https:\/\/www.kongresiti.cz\/2025\/registrace\/\">Read more<\/a><\/p>\n","protected":false},"author":2,"featured_media":0,"parent":0,"menu_order":0,"comment_status":"closed","ping_status":"closed","template":"pro\/page-templates\/full-width-page.php","meta":{"footnotes":""},"class_list":["post-41","page","type-page","status-publish","hentry"],"yoast_head":"<!-- This site is optimized with the Yoast SEO plugin v26.1.1 - https:\/\/yoast.com\/wordpress\/plugins\/seo\/ -->\n<title>Registrace - ITI kongres Bratislava 2025<\/title>\n<meta name=\"robots\" content=\"index, follow, max-snippet:-1, max-image-preview:large, max-video-preview:-1\" \/>\n<link rel=\"canonical\" href=\"https:\/\/www.kongresiti.cz\/2025\/registrace\/\" \/>\n<meta property=\"og:locale\" content=\"cs_CZ\" \/>\n<meta property=\"og:type\" content=\"article\" \/>\n<meta property=\"og:title\" content=\"Registrace - ITI kongres Bratislava 2025\" \/>\n<meta property=\"og:description\" content=\"Kongres je akreditov\u00e1n u Slovensk\u00e9 komory zubn\u00edch leka\u0159\u016f pod \u010d. 125\/2025 s po\u010dtem celkem 14 kredit\u016f. Registrace \u2013 D\u016fle\u017eit\u00e9 term\u00edny a Informace Registrace na kongres je uzav\u0159ena, pokud m\u00e1te z\u00e1jem o dodate\u010dnou registraci, kontaktujte info@scientifika.eu&nbsp;Registrace se slevou&nbsp;(Early bird):&nbsp; do 15. 10. 2025&nbsp; Registrace bez slevy:&nbsp;do 23. 11. 2025 (prodlou\u017eeno) Kongresov\u00e9 poplatky jsou uvedeny v\u010d. 23%&hellip; Read more\" \/>\n<meta property=\"og:url\" content=\"https:\/\/www.kongresiti.cz\/2025\/registrace\/\" \/>\n<meta property=\"og:site_name\" content=\"ITI kongres Bratislava 2025\" \/>\n<meta property=\"article:modified_time\" content=\"2025-12-02T21:29:43+00:00\" \/>\n<meta name=\"twitter:card\" content=\"summary_large_image\" \/>\n<meta name=\"twitter:label1\" content=\"Odhadovan\u00e1 doba \u010dten\u00ed\" \/>\n\t<meta name=\"twitter:data1\" content=\"1 minuta\" \/>\n<script type=\"application\/ld+json\" class=\"yoast-schema-graph\">{\"@context\":\"https:\/\/schema.org\",\"@graph\":[{\"@type\":\"WebPage\",\"@id\":\"https:\/\/www.kongresiti.cz\/2025\/registrace\/\",\"url\":\"https:\/\/www.kongresiti.cz\/2025\/registrace\/\",\"name\":\"Registrace - ITI kongres Bratislava 2025\",\"isPartOf\":{\"@id\":\"https:\/\/www.kongresiti.cz\/2025\/#website\"},\"datePublished\":\"2025-02-26T15:07:17+00:00\",\"dateModified\":\"2025-12-02T21:29:43+00:00\",\"breadcrumb\":{\"@id\":\"https:\/\/www.kongresiti.cz\/2025\/registrace\/#breadcrumb\"},\"inLanguage\":\"cs\",\"potentialAction\":[{\"@type\":\"ReadAction\",\"target\":[\"https:\/\/www.kongresiti.cz\/2025\/registrace\/\"]}]},{\"@type\":\"BreadcrumbList\",\"@id\":\"https:\/\/www.kongresiti.cz\/2025\/registrace\/#breadcrumb\",\"itemListElement\":[{\"@type\":\"ListItem\",\"position\":1,\"name\":\"Dom\u016f\",\"item\":\"https:\/\/www.kongresiti.cz\/2025\/\"},{\"@type\":\"ListItem\",\"position\":2,\"name\":\"Registrace\"}]},{\"@type\":\"WebSite\",\"@id\":\"https:\/\/www.kongresiti.cz\/2025\/#website\",\"url\":\"https:\/\/www.kongresiti.cz\/2025\/\",\"name\":\"ITI kongres Bratislava 2025\",\"description\":\"Prvn\u00ed ITI kongres v \u010cesk\u00e9 a Slovensk\u00e9 republice\",\"publisher\":{\"@id\":\"https:\/\/www.kongresiti.cz\/2025\/#organization\"},\"potentialAction\":[{\"@type\":\"SearchAction\",\"target\":{\"@type\":\"EntryPoint\",\"urlTemplate\":\"https:\/\/www.kongresiti.cz\/2025\/?s={search_term_string}\"},\"query-input\":{\"@type\":\"PropertyValueSpecification\",\"valueRequired\":true,\"valueName\":\"search_term_string\"}}],\"inLanguage\":\"cs\"},{\"@type\":\"Organization\",\"@id\":\"https:\/\/www.kongresiti.cz\/2025\/#organization\",\"name\":\"ITI kongres Bratislava 2025\",\"url\":\"https:\/\/www.kongresiti.cz\/2025\/\",\"logo\":{\"@type\":\"ImageObject\",\"inLanguage\":\"cs\",\"@id\":\"https:\/\/www.kongresiti.cz\/2025\/#\/schema\/logo\/image\/\",\"url\":\"https:\/\/www.kongresiti.cz\/2025\/wp-content\/uploads\/2025\/06\/logo-ITI-Section-Czech-web.png\",\"contentUrl\":\"https:\/\/www.kongresiti.cz\/2025\/wp-content\/uploads\/2025\/06\/logo-ITI-Section-Czech-web.png\",\"width\":262,\"height\":111,\"caption\":\"ITI kongres Bratislava 2025\"},\"image\":{\"@id\":\"https:\/\/www.kongresiti.cz\/2025\/#\/schema\/logo\/image\/\"}}]}<\/script>\n<!-- \/ Yoast SEO plugin. -->","yoast_head_json":{"title":"Registrace - ITI kongres Bratislava 2025","robots":{"index":"index","follow":"follow","max-snippet":"max-snippet:-1","max-image-preview":"max-image-preview:large","max-video-preview":"max-video-preview:-1"},"canonical":"https:\/\/www.kongresiti.cz\/2025\/registrace\/","og_locale":"cs_CZ","og_type":"article","og_title":"Registrace - ITI kongres Bratislava 2025","og_description":"Kongres je akreditov\u00e1n u Slovensk\u00e9 komory zubn\u00edch leka\u0159\u016f pod \u010d. 125\/2025 s po\u010dtem celkem 14 kredit\u016f. Registrace \u2013 D\u016fle\u017eit\u00e9 term\u00edny a Informace Registrace na kongres je uzav\u0159ena, pokud m\u00e1te z\u00e1jem o dodate\u010dnou registraci, kontaktujte info@scientifika.eu&nbsp;Registrace se slevou&nbsp;(Early bird):&nbsp; do 15. 10. 2025&nbsp; Registrace bez slevy:&nbsp;do 23. 11. 2025 (prodlou\u017eeno) Kongresov\u00e9 poplatky jsou uvedeny v\u010d. 23%&hellip; Read more","og_url":"https:\/\/www.kongresiti.cz\/2025\/registrace\/","og_site_name":"ITI kongres Bratislava 2025","article_modified_time":"2025-12-02T21:29:43+00:00","twitter_card":"summary_large_image","twitter_misc":{"Odhadovan\u00e1 doba \u010dten\u00ed":"1 minuta"},"schema":{"@context":"https:\/\/schema.org","@graph":[{"@type":"WebPage","@id":"https:\/\/www.kongresiti.cz\/2025\/registrace\/","url":"https:\/\/www.kongresiti.cz\/2025\/registrace\/","name":"Registrace - ITI kongres Bratislava 2025","isPartOf":{"@id":"https:\/\/www.kongresiti.cz\/2025\/#website"},"datePublished":"2025-02-26T15:07:17+00:00","dateModified":"2025-12-02T21:29:43+00:00","breadcrumb":{"@id":"https:\/\/www.kongresiti.cz\/2025\/registrace\/#breadcrumb"},"inLanguage":"cs","potentialAction":[{"@type":"ReadAction","target":["https:\/\/www.kongresiti.cz\/2025\/registrace\/"]}]},{"@type":"BreadcrumbList","@id":"https:\/\/www.kongresiti.cz\/2025\/registrace\/#breadcrumb","itemListElement":[{"@type":"ListItem","position":1,"name":"Dom\u016f","item":"https:\/\/www.kongresiti.cz\/2025\/"},{"@type":"ListItem","position":2,"name":"Registrace"}]},{"@type":"WebSite","@id":"https:\/\/www.kongresiti.cz\/2025\/#website","url":"https:\/\/www.kongresiti.cz\/2025\/","name":"ITI kongres Bratislava 2025","description":"Prvn\u00ed ITI kongres v \u010cesk\u00e9 a Slovensk\u00e9 republice","publisher":{"@id":"https:\/\/www.kongresiti.cz\/2025\/#organization"},"potentialAction":[{"@type":"SearchAction","target":{"@type":"EntryPoint","urlTemplate":"https:\/\/www.kongresiti.cz\/2025\/?s={search_term_string}"},"query-input":{"@type":"PropertyValueSpecification","valueRequired":true,"valueName":"search_term_string"}}],"inLanguage":"cs"},{"@type":"Organization","@id":"https:\/\/www.kongresiti.cz\/2025\/#organization","name":"ITI kongres Bratislava 2025","url":"https:\/\/www.kongresiti.cz\/2025\/","logo":{"@type":"ImageObject","inLanguage":"cs","@id":"https:\/\/www.kongresiti.cz\/2025\/#\/schema\/logo\/image\/","url":"https:\/\/www.kongresiti.cz\/2025\/wp-content\/uploads\/2025\/06\/logo-ITI-Section-Czech-web.png","contentUrl":"https:\/\/www.kongresiti.cz\/2025\/wp-content\/uploads\/2025\/06\/logo-ITI-Section-Czech-web.png","width":262,"height":111,"caption":"ITI kongres Bratislava 2025"},"image":{"@id":"https:\/\/www.kongresiti.cz\/2025\/#\/schema\/logo\/image\/"}}]}},"_links":{"self":[{"href":"https:\/\/www.kongresiti.cz\/2025\/wp-json\/wp\/v2\/pages\/41","targetHints":{"allow":["GET"]}}],"collection":[{"href":"https:\/\/www.kongresiti.cz\/2025\/wp-json\/wp\/v2\/pages"}],"about":[{"href":"https:\/\/www.kongresiti.cz\/2025\/wp-json\/wp\/v2\/types\/page"}],"author":[{"embeddable":true,"href":"https:\/\/www.kongresiti.cz\/2025\/wp-json\/wp\/v2\/users\/2"}],"replies":[{"embeddable":true,"href":"https:\/\/www.kongresiti.cz\/2025\/wp-json\/wp\/v2\/comments?post=41"}],"version-history":[{"count":2,"href":"https:\/\/www.kongresiti.cz\/2025\/wp-json\/wp\/v2\/pages\/41\/revisions"}],"predecessor-version":[{"id":2079,"href":"https:\/\/www.kongresiti.cz\/2025\/wp-json\/wp\/v2\/pages\/41\/revisions\/2079"}],"wp:attachment":[{"href":"https:\/\/www.kongresiti.cz\/2025\/wp-json\/wp\/v2\/media?parent=41"}],"curies":[{"name":"wp","href":"https:\/\/api.w.org\/{rel}","templated":true}]}}