{"id":43,"date":"2025-02-26T16:07:18","date_gmt":"2025-02-26T15:07:18","guid":{"rendered":"https:\/\/www.kongresiti.cz\/2025\/?page_id=43"},"modified":"2025-09-05T20:50:42","modified_gmt":"2025-09-05T18:50:42","slug":"kontakt","status":"publish","type":"page","link":"https:\/\/www.kongresiti.cz\/2025\/kontakt\/","title":{"rendered":"Kontakt"},"content":{"rendered":"<div  data-label=\"Features\" data-id=\"features--1\" data-export-id=\"features-16\" data-category=\"features\" class=\"features-16 content-section content-section-spacing\" id=\"features-1\" style=\"background-color: rgb(255, 255, 255); background-image: none;\"><div  class=\"gridContainer\"> <div  class=\"row text-center\"><div  class=\"section-title-col\" data-type=\"column\">  <\/div> <\/div> <div  class=\"row spaced-cols content-left-sm center-sm\" data-type=\"row\"> <div  class=\"col-xs-12 col-sm-6 space-bottom col-md-6 \">  <div  data-type=\"column\" class=\"col-padding-small col-padding-small-xs description-container\">  <h4  class=\"\"><span  style=\"font-weight: 700; color: rgb(73, 175, 173);\">Prezident kongresu<\/span><\/h4><p  class=\"\">MUDr. Juraj Bab\u010dan<\/p> <\/div> <\/div>  <div  class=\"col-xs-12 col-sm-6 space-bottom col-md-6 \">  <div  data-type=\"column\" class=\"col-padding-small col-padding-small-xs description-container\">  <h4  class=\"\"><span  style=\"font-weight: 700; color: rgb(73, 175, 173);\">Sekretari\u00e1t kongresu<\/span><\/h4><p  class=\"\"><b >Straumann s.r.o.<\/b><br >\nI\u010cO: 16556402<br >\nDI\u010c: CZ16556402<br >\nVoct\u00e1\u0159ova 2497\/18<br >\n180 00 Praha 8<br ><a  data-mce-href=\"mailto:info.cz@straumann.com\" href=\"mailto:info.cz@straumann.com\" target=\"_self\" data-mce-selected=\"inline-boundary\" data-cp-link=\"1\"><span  style=\"color: rgb(0, 178, 184);\">\ninfo.cz@straumann.com<\/span><\/a><br ><a  data-mce-href=\"https:\/\/www.straumann.com\/cz\/cs\/zubni-specialiste.html\" href=\"https:\/\/www.straumann.com\/cz\/cs\/zubni-specialiste.html\" target=\"_blank\" rel=\"noopener\" data-mce-selected=\"inline-boundary\" data-cp-link=\"1\" class=\"\"><span  style=\"color: rgb(0, 178, 184);\">\nwww.straumann.cz<\/span><\/a><\/p> <\/div> <\/div><div  class=\"col-xs-12 col-sm-6 space-bottom col-md-6 \">  <div  data-type=\"column\" class=\"col-padding-small col-padding-small-xs description-container\">  <h4  class=\"\"><span  style=\"font-weight: 700; color: rgb(73, 175, 173);\">Odborn\u00fd v\u00fdbor kongresu<\/span><\/h4><p  class=\"\">MUDr. et MUDr. Ji\u0159\u00ed Krug, Ph.D.<br >\nMUDr. Juraj Bab\u010dan<br >\nProf. MUDr. Ren\u00e9 Folt\u00e1n, PhD., FEBOMFS<br >\nMUDr. MDDr. Ji\u0159\u00ed Blah\u00e1k, Ph.D.<br >\nMUDr. Alena Krugov\u00e1<br >\nMUDr. Michal \u0160tefanatn\u00fd, Ph.D.<\/p> <\/div> <\/div><div  class=\"col-xs-12 col-sm-6 space-bottom col-md-6 \">  <div  data-type=\"column\" class=\"col-padding-small col-padding-small-xs description-container\">  <h4  class=\"\"><span  style=\"font-weight: 700; color: rgb(73, 175, 173);\">Organiz\u00e1tor akce<\/span><\/h4><p  class=\"\"><span  style=\"font-weight: 700;\">SCIENTIFIKA, s.r.o.<\/span><br >\nI\u010cO: 17955424<br >\nDI\u010c: CZ17955424<br >\nPurky\u0148ova 2530\/91<br >\n612 00 Brno&nbsp;<br ><a  data-mce-href=\"mailto:info@scientifika.eu\" href=\"mailto:info@scientifika.eu\" target=\"_self\" data-mce-selected=\"inline-boundary\" data-cp-link=\"1\"><span  style=\"color: rgb(0, 178, 184);\">\ninfo@scientifika.eu\n<\/span><\/a>\n<br ><a data-mce-href=\"https:\/\/www.scientifika.eu\/\" href=\"https:\/\/www.scientifika.eu\/\" target=\"_blank\" rel=\"noopener\" data-mce-selected=\"inline-boundary\"  data-cp-link=\"1\"><span style=\"color: rgb(0, 178, 184);\" >www.scientifika.eu<\/span><\/a><\/p> <\/div> <\/div><\/div> <\/div><\/div>","protected":false},"excerpt":{"rendered":"<p>Prezident kongresuMUDr. Juraj Bab\u010dan Sekretari\u00e1t kongresuStraumann s.r.o. I\u010cO: 16556402 DI\u010c: CZ16556402 Voct\u00e1\u0159ova 2497\/18 180 00 Praha 8 info.cz@straumann.com www.straumann.cz Odborn\u00fd v\u00fdbor kongresuMUDr. et MUDr. Ji\u0159\u00ed Krug, Ph.D. MUDr. Juraj Bab\u010dan Prof. MUDr. Ren\u00e9 Folt\u00e1n, PhD., FEBOMFS MUDr. MDDr. Ji\u0159\u00ed Blah\u00e1k, Ph.D. MUDr. Alena Krugov\u00e1 MUDr. Michal \u0160tefanatn\u00fd, Ph.D. Organiz\u00e1tor akceSCIENTIFIKA, s.r.o. I\u010cO: 17955424 DI\u010c: CZ17955424&hellip; <br \/> <a class=\"read-more\" href=\"https:\/\/www.kongresiti.cz\/2025\/kontakt\/\">Read more<\/a><\/p>\n","protected":false},"author":2,"featured_media":0,"parent":0,"menu_order":0,"comment_status":"closed","ping_status":"closed","template":"pro\/page-templates\/full-width-page.php","meta":{"footnotes":""},"class_list":["post-43","page","type-page","status-publish","hentry"],"yoast_head":"<!-- This site is optimized with the Yoast SEO plugin v26.1.1 - https:\/\/yoast.com\/wordpress\/plugins\/seo\/ -->\n<title>Kontakt - ITI kongres Bratislava 2025<\/title>\n<meta name=\"robots\" content=\"index, follow, max-snippet:-1, max-image-preview:large, max-video-preview:-1\" \/>\n<link rel=\"canonical\" href=\"https:\/\/www.kongresiti.cz\/2025\/kontakt\/\" \/>\n<meta property=\"og:locale\" content=\"cs_CZ\" \/>\n<meta property=\"og:type\" content=\"article\" \/>\n<meta property=\"og:title\" content=\"Kontakt - ITI kongres Bratislava 2025\" \/>\n<meta property=\"og:description\" content=\"Prezident kongresuMUDr. Juraj Bab\u010dan Sekretari\u00e1t kongresuStraumann s.r.o. I\u010cO: 16556402 DI\u010c: CZ16556402 Voct\u00e1\u0159ova 2497\/18 180 00 Praha 8 info.cz@straumann.com www.straumann.cz Odborn\u00fd v\u00fdbor kongresuMUDr. et MUDr. Ji\u0159\u00ed Krug, Ph.D. MUDr. Juraj Bab\u010dan Prof. MUDr. Ren\u00e9 Folt\u00e1n, PhD., FEBOMFS MUDr. MDDr. Ji\u0159\u00ed Blah\u00e1k, Ph.D. MUDr. Alena Krugov\u00e1 MUDr. Michal \u0160tefanatn\u00fd, Ph.D. Organiz\u00e1tor akceSCIENTIFIKA, s.r.o. I\u010cO: 17955424 DI\u010c: CZ17955424&hellip; Read more\" \/>\n<meta property=\"og:url\" content=\"https:\/\/www.kongresiti.cz\/2025\/kontakt\/\" \/>\n<meta property=\"og:site_name\" content=\"ITI kongres Bratislava 2025\" \/>\n<meta property=\"article:modified_time\" content=\"2025-09-05T18:50:42+00:00\" \/>\n<meta name=\"twitter:card\" content=\"summary_large_image\" \/>\n<script type=\"application\/ld+json\" class=\"yoast-schema-graph\">{\"@context\":\"https:\/\/schema.org\",\"@graph\":[{\"@type\":\"WebPage\",\"@id\":\"https:\/\/www.kongresiti.cz\/2025\/kontakt\/\",\"url\":\"https:\/\/www.kongresiti.cz\/2025\/kontakt\/\",\"name\":\"Kontakt - ITI kongres Bratislava 2025\",\"isPartOf\":{\"@id\":\"https:\/\/www.kongresiti.cz\/2025\/#website\"},\"datePublished\":\"2025-02-26T15:07:18+00:00\",\"dateModified\":\"2025-09-05T18:50:42+00:00\",\"breadcrumb\":{\"@id\":\"https:\/\/www.kongresiti.cz\/2025\/kontakt\/#breadcrumb\"},\"inLanguage\":\"cs\",\"potentialAction\":[{\"@type\":\"ReadAction\",\"target\":[\"https:\/\/www.kongresiti.cz\/2025\/kontakt\/\"]}]},{\"@type\":\"BreadcrumbList\",\"@id\":\"https:\/\/www.kongresiti.cz\/2025\/kontakt\/#breadcrumb\",\"itemListElement\":[{\"@type\":\"ListItem\",\"position\":1,\"name\":\"Dom\u016f\",\"item\":\"https:\/\/www.kongresiti.cz\/2025\/\"},{\"@type\":\"ListItem\",\"position\":2,\"name\":\"Kontakt\"}]},{\"@type\":\"WebSite\",\"@id\":\"https:\/\/www.kongresiti.cz\/2025\/#website\",\"url\":\"https:\/\/www.kongresiti.cz\/2025\/\",\"name\":\"ITI kongres Bratislava 2025\",\"description\":\"Prvn\u00ed ITI kongres v \u010cesk\u00e9 a Slovensk\u00e9 republice\",\"publisher\":{\"@id\":\"https:\/\/www.kongresiti.cz\/2025\/#organization\"},\"potentialAction\":[{\"@type\":\"SearchAction\",\"target\":{\"@type\":\"EntryPoint\",\"urlTemplate\":\"https:\/\/www.kongresiti.cz\/2025\/?s={search_term_string}\"},\"query-input\":{\"@type\":\"PropertyValueSpecification\",\"valueRequired\":true,\"valueName\":\"search_term_string\"}}],\"inLanguage\":\"cs\"},{\"@type\":\"Organization\",\"@id\":\"https:\/\/www.kongresiti.cz\/2025\/#organization\",\"name\":\"ITI kongres Bratislava 2025\",\"url\":\"https:\/\/www.kongresiti.cz\/2025\/\",\"logo\":{\"@type\":\"ImageObject\",\"inLanguage\":\"cs\",\"@id\":\"https:\/\/www.kongresiti.cz\/2025\/#\/schema\/logo\/image\/\",\"url\":\"https:\/\/www.kongresiti.cz\/2025\/wp-content\/uploads\/2025\/06\/logo-ITI-Section-Czech-web.png\",\"contentUrl\":\"https:\/\/www.kongresiti.cz\/2025\/wp-content\/uploads\/2025\/06\/logo-ITI-Section-Czech-web.png\",\"width\":262,\"height\":111,\"caption\":\"ITI kongres Bratislava 2025\"},\"image\":{\"@id\":\"https:\/\/www.kongresiti.cz\/2025\/#\/schema\/logo\/image\/\"}}]}<\/script>\n<!-- \/ Yoast SEO plugin. -->","yoast_head_json":{"title":"Kontakt - ITI kongres Bratislava 2025","robots":{"index":"index","follow":"follow","max-snippet":"max-snippet:-1","max-image-preview":"max-image-preview:large","max-video-preview":"max-video-preview:-1"},"canonical":"https:\/\/www.kongresiti.cz\/2025\/kontakt\/","og_locale":"cs_CZ","og_type":"article","og_title":"Kontakt - ITI kongres Bratislava 2025","og_description":"Prezident kongresuMUDr. Juraj Bab\u010dan Sekretari\u00e1t kongresuStraumann s.r.o. I\u010cO: 16556402 DI\u010c: CZ16556402 Voct\u00e1\u0159ova 2497\/18 180 00 Praha 8 info.cz@straumann.com www.straumann.cz Odborn\u00fd v\u00fdbor kongresuMUDr. et MUDr. Ji\u0159\u00ed Krug, Ph.D. MUDr. Juraj Bab\u010dan Prof. MUDr. Ren\u00e9 Folt\u00e1n, PhD., FEBOMFS MUDr. MDDr. Ji\u0159\u00ed Blah\u00e1k, Ph.D. MUDr. Alena Krugov\u00e1 MUDr. Michal \u0160tefanatn\u00fd, Ph.D. Organiz\u00e1tor akceSCIENTIFIKA, s.r.o. I\u010cO: 17955424 DI\u010c: CZ17955424&hellip; Read more","og_url":"https:\/\/www.kongresiti.cz\/2025\/kontakt\/","og_site_name":"ITI kongres Bratislava 2025","article_modified_time":"2025-09-05T18:50:42+00:00","twitter_card":"summary_large_image","schema":{"@context":"https:\/\/schema.org","@graph":[{"@type":"WebPage","@id":"https:\/\/www.kongresiti.cz\/2025\/kontakt\/","url":"https:\/\/www.kongresiti.cz\/2025\/kontakt\/","name":"Kontakt - ITI kongres Bratislava 2025","isPartOf":{"@id":"https:\/\/www.kongresiti.cz\/2025\/#website"},"datePublished":"2025-02-26T15:07:18+00:00","dateModified":"2025-09-05T18:50:42+00:00","breadcrumb":{"@id":"https:\/\/www.kongresiti.cz\/2025\/kontakt\/#breadcrumb"},"inLanguage":"cs","potentialAction":[{"@type":"ReadAction","target":["https:\/\/www.kongresiti.cz\/2025\/kontakt\/"]}]},{"@type":"BreadcrumbList","@id":"https:\/\/www.kongresiti.cz\/2025\/kontakt\/#breadcrumb","itemListElement":[{"@type":"ListItem","position":1,"name":"Dom\u016f","item":"https:\/\/www.kongresiti.cz\/2025\/"},{"@type":"ListItem","position":2,"name":"Kontakt"}]},{"@type":"WebSite","@id":"https:\/\/www.kongresiti.cz\/2025\/#website","url":"https:\/\/www.kongresiti.cz\/2025\/","name":"ITI kongres Bratislava 2025","description":"Prvn\u00ed ITI kongres v \u010cesk\u00e9 a Slovensk\u00e9 republice","publisher":{"@id":"https:\/\/www.kongresiti.cz\/2025\/#organization"},"potentialAction":[{"@type":"SearchAction","target":{"@type":"EntryPoint","urlTemplate":"https:\/\/www.kongresiti.cz\/2025\/?s={search_term_string}"},"query-input":{"@type":"PropertyValueSpecification","valueRequired":true,"valueName":"search_term_string"}}],"inLanguage":"cs"},{"@type":"Organization","@id":"https:\/\/www.kongresiti.cz\/2025\/#organization","name":"ITI kongres Bratislava 2025","url":"https:\/\/www.kongresiti.cz\/2025\/","logo":{"@type":"ImageObject","inLanguage":"cs","@id":"https:\/\/www.kongresiti.cz\/2025\/#\/schema\/logo\/image\/","url":"https:\/\/www.kongresiti.cz\/2025\/wp-content\/uploads\/2025\/06\/logo-ITI-Section-Czech-web.png","contentUrl":"https:\/\/www.kongresiti.cz\/2025\/wp-content\/uploads\/2025\/06\/logo-ITI-Section-Czech-web.png","width":262,"height":111,"caption":"ITI kongres Bratislava 2025"},"image":{"@id":"https:\/\/www.kongresiti.cz\/2025\/#\/schema\/logo\/image\/"}}]}},"_links":{"self":[{"href":"https:\/\/www.kongresiti.cz\/2025\/wp-json\/wp\/v2\/pages\/43","targetHints":{"allow":["GET"]}}],"collection":[{"href":"https:\/\/www.kongresiti.cz\/2025\/wp-json\/wp\/v2\/pages"}],"about":[{"href":"https:\/\/www.kongresiti.cz\/2025\/wp-json\/wp\/v2\/types\/page"}],"author":[{"embeddable":true,"href":"https:\/\/www.kongresiti.cz\/2025\/wp-json\/wp\/v2\/users\/2"}],"replies":[{"embeddable":true,"href":"https:\/\/www.kongresiti.cz\/2025\/wp-json\/wp\/v2\/comments?post=43"}],"version-history":[{"count":1,"href":"https:\/\/www.kongresiti.cz\/2025\/wp-json\/wp\/v2\/pages\/43\/revisions"}],"predecessor-version":[{"id":1901,"href":"https:\/\/www.kongresiti.cz\/2025\/wp-json\/wp\/v2\/pages\/43\/revisions\/1901"}],"wp:attachment":[{"href":"https:\/\/www.kongresiti.cz\/2025\/wp-json\/wp\/v2\/media?parent=43"}],"curies":[{"name":"wp","href":"https:\/\/api.w.org\/{rel}","templated":true}]}}