{"id":7,"date":"2025-02-24T17:11:46","date_gmt":"2025-02-24T16:11:46","guid":{"rendered":"https:\/\/www.kongresiti.cz\/2025\/highlight-pro\/"},"modified":"2025-12-02T10:28:49","modified_gmt":"2025-12-02T09:28:49","slug":"uvod","status":"publish","type":"page","link":"https:\/\/www.kongresiti.cz\/2025\/","title":{"rendered":"\u00davod"},"content":{"rendered":"<div  data-label=\"Content\" data-id=\"content--1\" data-export-id=\"content-12\" data-category=\"content\" class=\"content-12 content-section content-section-spacing\" id=\"content-1\" style=\"background-color: rgb(255, 255, 255); background-image: none;\"><div  class=\"gridContainer\"> <div  class=\"row text-center\"><div  class=\"section-title-col\" data-type=\"column\"> <h2  class=\"\">\u00davodn\u00ed slovo<\/h2> <p  class=\"\" style=\"text-align: left;\">Mil\u00e9 kolegyn\u011b, kolegov\u00e9, p\u0159\u00e1tel\u00e9,<br >\njm\u00e9nem organiza\u010dn\u00edho v\u00fdboru bychom V\u00e1s r\u00e1di pozvali na <span  style=\"font-weight: 600;\">ITI kongres \u010ceska a Slovenska<\/span>, kter\u00fd se uskute\u010dn\u00ed na konci tohoto roku v hotelu <span  style=\"font-weight: 600;\">X-BIONIC v \u0160amor\u00edn\u011b u Bratislavy<\/span>. Kongres nab\u00edz\u00ed velmi zaj\u00edmav\u00fd program bezpochyby toho nejlep\u0161\u00edho ze sou\u010dasn\u00e9 sv\u011btov\u00e9 digit\u00e1ln\u00ed implantologie.<br >\nMotto leto\u0161n\u00edho kongresu je \u201e<span  style=\"font-weight: 600;\">Digit\u00e1ln\u00ed synergie v implantologick\u00e9 stomatologii<\/span>\u201c a m\u016f\u017eeme se t\u011b\u0161it na p\u0159edn\u00e1\u0161ky \u0161pi\u010dkov\u00fdch osobnost\u00ed, kter\u00e9 pokryj\u00ed to hlavn\u00ed s \u010d\u00edm se dnes p\u0159i  problematice digit\u00e1ln\u00edho workflow a okam\u017eit\u00e9 implantace setk\u00e1v\u00e1me.<br >\n\n<br >Kongres zah\u00e1j\u00ed v p\u00e1tek Istv\u00e1n Urb\u00e1n sv\u011btov\u00e1 osobnost rekonstruk\u010dn\u00edch technik kostn\u00edch defekt\u016f. Ve sv\u00e9 p\u0159edn\u00e1\u0161ce bude mluvit o digit\u00e1ln\u011b \u0159\u00edzen\u00e9 tk\u00e1\u0148ov\u00e9 regeneraci. Pot\u00e9 vystoup\u00ed prof. France Lambert z University v Li\u00e8ge. Spoluautorka 14. \u010d\u00e1sti s\u00e9rie ITI Treatment Guide. Jej\u00ed p\u0159edn\u00e1\u0161ka bude o strategii okam\u017eit\u00e9 implantace a zat\u00ed\u017een\u00ed ve front\u00e1ln\u00edm \u00faseku. P\u00e1te\u010dn\u00ed den zakon\u010d\u00ed Samuel Akhondi doktorand z Harvardovy univerzity, kter\u00fd p\u0159edstav\u00ed digit\u00e1ln\u00ed workflow p\u0159i o\u0161et\u0159ov\u00e1n\u00ed bezzub\u00fdch \u010delist\u00ed implant\u00e1ty. Sobotn\u00ed dopoledne zcela zapln\u00ed Gary Finelle z Pa\u0159\u00ed\u017ee. Jeho p\u0159edn\u00e1\u0161ka \u2013 imedi\u00e1tn\u00ed implantace v later\u00e1ln\u00edch parti\u00edch \u010delist\u00ed \u2013 logicky dopln\u00ed t\u00e9ma France Lambert. Jakub Ho\u0161ek z Prahy bude rozeb\u00edrat efektivn\u00ed komunikaci mezi ordinac\u00ed a laborato\u0159\u00ed s vy\u017eit\u00edm digit\u00e1ln\u00edch technologi\u00ed. A sobotn\u00ed program zakon\u010d\u00ed Maja Chmielewska, kter\u00e1 zhodnot\u00ed r\u016fzn\u00e9 digit\u00e1ln\u00ed protokoly a jejich p\u0159\u00ednos pro zubn\u00ed praxi a v\u00fdt\u011b\u017enost pro pacienta.<br >\n\n<br >Paraleln\u011b s p\u00e1te\u010dn\u00edm programem a z\u010d\u00e1sti i pot\u00e9 se uskute\u010dn\u00ed praktick\u00fd workshop. Dopoledne to bude n\u00e1cvik intraor\u00e1ln\u00edho skenov\u00e1n\u00ed. Pot\u00e9 Jakub Ho\u0161ek p\u0159edvede skenov\u00e1n\u00ed obli\u010deje mobiln\u00edm telefonem a inkorporaci dat do celkov\u00e9ho pl\u00e1nu rekonstrukce. Odpoledne pak spole\u010dn\u011b France Lambert a Gary Finelle povedou hands-on na modelech \u2013 postup okam\u017eit\u00e9 implantace a zat\u00ed\u017een\u00ed.<br >\n\n<br >Krom\u011b hlavn\u00edho s\u00e1lu bude v p\u00e1tek prob\u00edhat celodenn\u00ed program i pro dent\u00e1ln\u00ed hygienistky. Dopoledne obsad\u00ed dva vynikaj\u00edc\u00ed parodontologov\u00e9 ze \u017diliny \u2013 Michal \u0160tefanatn\u00fd a \u0160imon Bel\u00e1k. Jejich p\u0159edn\u00e1\u0161ky objasn\u00ed dent\u00e1ln\u00edm hygienistk\u00e1m jejich n\u00e1hled na management tk\u00e1n\u00ed kolem implant\u00e1t\u016f a ot\u00e1zku kvality kyret\u00e1\u017e\u00ed. Odpoledne zapln\u00ed p\u0159edn\u00e1\u0161ky Petera Kram\u00e1rika z Trnavy a Jany Norkin z Prahy. Oba posd\u00edlej\u00ed svoje zku\u0161enosti ze sv\u00e9 praxe jak s motivac\u00ed pacient\u016f, tak s dlouhodobou \u00fasp\u011b\u0161nost\u00ed.<br >\n\n<br >P\u00e1te\u010dn\u00ed ve\u010der bude v s\u00e1lu hotelu p\u0159ipraven\u00fd spole\u010densk\u00fd ve\u010der s kapelou&nbsp;<a  data-mce-href=\"https:\/\/www.yesblues.cz\/\" href=\"https:\/\/www.yesblues.cz\" target=\"_self\" data-mce-selected=\"inline-boundary\" data-cp-link=\"1\" class=\"\"><b >Yes Blues<\/b><\/a>&nbsp;a <a  data-mce-href=\"https:\/\/www.instagram.com\/mrkrto\/?hl=en\" href=\"https:\/\/www.instagram.com\/mrkrto?hl=en\" target=\"_self\" data-mce-selected=\"inline-boundary\" data-cp-link=\"1\" class=\"\"><b >DJ Krto<\/b><\/a>. \n<br >Hotel ve sv\u00fdch s\u00e1lech nab\u00edz\u00ed vysoce kvalitn\u00ed projekci a ozvu\u010den\u00ed a je t\u0159eba p\u0159ipomenout i velmi luxusn\u00ed wellness.<br >\n\n<br ><br >Na setk\u00e1n\u00ed s V\u00e1mi se za organiza\u010dn\u00ed v\u00fdbor t\u011b\u0161\u00ed<\/p><\/div> <\/div> <div  class=\"row center-xs middle-xs\"> <div  class=\"col-sm-9\" data-type=\"column\"> <\/div> <\/div><\/div> <\/div><div  data-label=\"Team\" data-id=\"team--1\" data-export-id=\"team-5-mc\" data-category=\"team\" class=\"team-5-mc content-section content-section-spacing\" id=\"team-1\" style=\"background-color: rgb(255, 255, 255); background-image: none;\"><div  class=\"gridContainer\"> <div  class=\"row text-center\"><div  class=\"section-title-col\" data-type=\"column\">   <\/div> <\/div> <div  class=\"row spaced-cols content-center-sm start-sm\" data-type=\"row\"> <div  class=\"col-xs-12 col-sm-6 col-padding col-md-4 \"> <div  class=\"row \"> <div  data-type=\"column\" class=\"col-xs-12 col-sm-12\"> <img  decoding=\"async\" class=\"round face\" src=\"https:\/\/www.kongresiti.cz\/2025\/wp-content\/uploads\/2025\/02\/cropped-Krug-1.jpg\" title=\"cropped-Krug-1.jpg\" alt=\"\"> <h4  class=\"font-500\">Ji\u0159\u00ed Krug<\/h4> <p  class=\"italic\">Sekce ITI \u010cesko &amp; Slovensko<\/p>  <div  class=\"social-icons-group\" data-type=\"group\"> <a  href=\"#\" target=\"_self\" data-reiki-hidden=\"true\"><i  class=\"fa icon fa-facebook-square gray\"><\/i><\/a> <a  href=\"#\" target=\"_self\" data-reiki-hidden=\"true\"><i  class=\"fa icon fa-twitter-square gray\"><\/i><\/a> <a  href=\"#\" target=\"_self\" data-reiki-hidden=\"true\"><i  class=\"fa icon fa-linkedin-square gray\"><\/i><\/a> <a  href=\"#\" target=\"_self\" data-reiki-hidden=\"true\"><i  class=\"fa icon fa-google-plus-square gray\"><\/i><\/a><\/div> <\/div><\/div> <\/div> <div  class=\"col-xs-12 col-sm-6 col-padding col-md-4 \"> <div  class=\"row \"> <div  data-type=\"column\" class=\"col-xs-12 col-sm-12\"> <img  decoding=\"async\" class=\"round face\" src=\"https:\/\/www.kongresiti.cz\/2025\/wp-content\/uploads\/2025\/02\/Babcan-web.jpg\" title=\"Babcan-web\" alt=\"\"> <h4  class=\"font-500\">Juraj Bab\u010dan<\/h4> <p  class=\"italic\">Prezident ITI kongresu Bratislava<\/p>  <div  class=\"social-icons-group\" data-type=\"group\"> <a  href=\"#\" target=\"_self\" data-reiki-hidden=\"true\"><i  class=\"fa icon fa-facebook-square gray\"><\/i><\/a> <a  href=\"#\" target=\"_self\" data-reiki-hidden=\"true\"><i  class=\"fa icon fa-twitter-square gray\"><\/i><\/a> <a  href=\"#\" target=\"_self\" data-reiki-hidden=\"true\"><i  class=\"fa icon fa-linkedin-square gray\"><\/i><\/a> <a  href=\"#\" target=\"_self\" data-reiki-hidden=\"true\"><i  class=\"fa icon fa-google-plus-square gray\"><\/i><\/a><\/div> <\/div><\/div> <\/div>  <\/div> <\/div><\/div><div  data-label=\"komora\" data-id=\"features--5\" data-export-id=\"features-16\" data-category=\"features\" class=\"features-16 content-section content-section-spacing\" id=\"komora\" style=\"background-color: rgb(245, 250, 253); background-image: none;\"><div  class=\"gridContainer\"> <div  class=\"row text-center\"><div  class=\"section-title-col\" data-type=\"column\">  <\/div> <\/div> <div  class=\"row spaced-cols content-left-sm start-sm\" data-type=\"row\"> <div  class=\"col-xs-12 col-sm-6 space-bottom col-md-4 \"> <img  decoding=\"async\" class=\"face\" src=\"https:\/\/www.kongresiti.cz\/2025\/wp-content\/uploads\/2025\/11\/SK-komora-web.jpg\" title=\"SK-komora-web\" alt=\"\"> <div  data-type=\"column\" class=\"col-padding-small col-padding-small-xs description-container\">  <p  class=\"\"><span  style=\"color: rgb(24, 60, 127);\">Kongres je akreditov\u00e1n u Slovensk\u00e9 komory zubn\u00fdch lek\u00e1rov pod \u010d. 125\/2025 s po\u010dtem celkem 14 kredit\u016f.<\/span><\/p> <\/div> <\/div> <div  class=\"col-xs-12 col-sm-6 space-bottom col-md-4 \"> <img  decoding=\"async\" class=\"face\" src=\"https:\/\/www.kongresiti.cz\/2025\/wp-content\/uploads\/2025\/11\/CZ-komora.jpg\" title=\"CZ-komora\" alt=\"\"> <div  data-type=\"column\" class=\"col-padding-small col-padding-small-xs description-container\">  <p  class=\"\"><span  style=\"color: rgb(24, 60, 127);\">Kongres je akreditov\u00e1n u \u010cesk\u00e9 stomatologick\u00e9 komory jako vzd\u011bl\u00e1vac\u00ed akce s registra\u010dn\u00edm \u010d\u00edslem 2\/640\/2025 s po\u010dtem celkem 10 kredit\u016f.<\/span><\/p> <\/div> <\/div> <\/div> <\/div><\/div><div  data-label=\"Features\" data-id=\"features--2\" data-export-id=\"features-16\" data-category=\"features\" class=\"features-16 content-section content-section-spacing\" id=\"features-4\" style=\"background-color: rgb(255, 255, 255); background-image: none;\"><div  class=\"gridContainer\"> <div  class=\"row text-center\"><div  class=\"section-title-col\" data-type=\"column\"> <h2  class=\"\">Co m\u016f\u017eete o\u010dek\u00e1vat<\/h2> <\/div> <\/div> <div  class=\"row spaced-cols center-sm\" data-type=\"row\"> <div  class=\"col-xs-12 col-sm-6 space-bottom col-md-3 \"> <img  decoding=\"async\" class=\"face\" src=\"https:\/\/www.kongresiti.cz\/2025\/wp-content\/uploads\/2025\/04\/cropped-cropped-uvodni-01w.jpg\" title=\"cropped-cropped-uvodni-01w.jpg\" alt=\"\"> <div  data-type=\"column\" class=\"col-padding-small col-padding-small-xs description-container\"> <a  class=\"button big color1 round\" href=\"https:\/\/www.kongresiti.cz\/2025\/prednasejici\" target=\"_self\" data-cp-link=\"1\" data-icon=\"\">P\u0159edn\u00e1\u0161ej\u00edc\u00ed<\/a> <p  class=\"\" style=\"text-align: center;\"><span  style=\"color: rgb(24, 60, 127);\">Za\u017eijte p\u0159edn\u00e1\u0161ky renomovan\u00fdch mezin\u00e1rodn\u00edch odborn\u00edk\u016f z cel\u00e9ho sv\u011bta, kte\u0159\u00ed se pod\u011bl\u00ed o sv\u00e9 znalosti a nejnov\u011bj\u0161\u00ed poznatky v oblasti implantologie, \u010d\u00edm\u017e v\u00e1m poskytnou cenn\u00e9 vzd\u011bl\u00e1vac\u00ed p\u0159\u00edle\u017eitosti.<\/span><\/p> <\/div> <\/div>  <div  class=\"col-xs-12 col-sm-6 space-bottom col-md-3\"> <img  decoding=\"async\" class=\"face\" src=\"https:\/\/www.kongresiti.cz\/2025\/wp-content\/uploads\/2025\/04\/cropped-cropped-uvodni-02w.jpg\" title=\"cropped-cropped-uvodni-02w.jpg\" alt=\"\"> <div  data-type=\"column\" class=\"col-padding-small col-padding-small-xs description-container\"> <a  class=\"button big color1 round\" href=\"https:\/\/www.kongresiti.cz\/2025\/program\/#program-kongres\" target=\"_self\" data-cp-link=\"1\" data-icon=\"\">P\u0159edn\u00e1\u0161ky<\/a> <p  class=\"\"><span  style=\"color: rgb(24, 60, 127);\">Z\u00edskejte hlubok\u00e9 znalosti prost\u0159ednictv\u00edm p\u0159edn\u00e1\u0161ek zalo\u017een\u00fdch na v\u011bdeck\u00fdch d\u016fkazech, kde budou podrobn\u011b prozkoum\u00e1ny nejnov\u011bj\u0161\u00ed v\u00fdzkumy a ov\u011b\u0159en\u00e9 teorie, co\u017e v\u00e1m poskytne praktick\u00e9 poznatky a techniky pro va\u0161i praxi.<\/span><\/p> <\/div> <\/div><div  class=\"col-xs-12 col-sm-6 space-bottom col-md-3\"> <img  decoding=\"async\" class=\"face\" src=\"https:\/\/www.kongresiti.cz\/2025\/wp-content\/uploads\/2025\/04\/cropped-cropped-uvodni-03w.jpg\" title=\"cropped-cropped-uvodni-03w.jpg\" alt=\"\"> <div  data-type=\"column\" class=\"col-padding-small col-padding-small-xs description-container\"> <a  class=\"button big color1 round\" href=\"https:\/\/www.kongresiti.cz\/2025\/program\/#program-workshopy\" target=\"_self\" data-cp-link=\"1\" data-icon=\"\">Workshopy<\/a> <p  class=\"\"><span  style=\"color: rgb(24, 60, 127);\">Z\u00fa\u010dastn\u011bte se praktick\u00fdch workshop\u016f s hlavn\u00edmi hv\u011bzdami kongresu. Mal\u00e1 skupina \u00fa\u010dastn\u00edk\u016f, praktick\u00e9 postupy, tipy a triky.<\/span><\/p> <\/div> <\/div><div  class=\"col-xs-12 col-sm-6 space-bottom col-md-3\"> <img  decoding=\"async\" class=\"face\" src=\"https:\/\/www.kongresiti.cz\/2025\/wp-content\/uploads\/2025\/04\/cropped-cropped-uvodni-04w.jpg\" title=\"cropped-cropped-uvodni-04w.jpg\" alt=\"\"> <div  data-type=\"column\" class=\"col-padding-small col-padding-small-xs description-container\"> <a  class=\"button big color1 round\" href=\"https:\/\/www.kongresiti.cz\/2025\" target=\"_self\" data-cp-link=\"1\" data-icon=\"\">Straumann party<\/a> <p  class=\"\"><span  style=\"color: rgb(24, 60, 127);\">Nezapome\u0148te se registrovat na p\u00e1te\u010dn\u00ed Straumann Party, kde v\u00e1s \u010dek\u00e1 energick\u00fd ve\u010der pln\u00fd vynikaj\u00edc\u00edho j\u00eddla, fantastick\u00e9 hudby, \u017eiv\u00fdch diskus\u00ed a p\u0159\u00edle\u017eitosti oslavit \u00fasp\u011bchy na\u0161\u00ed komunity. Spole\u010densk\u00fd ve\u010der je ide\u00e1ln\u00ed prost\u0159ed\u00ed k n\u00e1v\u00e1z\u00e1n\u00ed nov\u00fdch kontakt\u016f. Odnesete si z\u00e1\u017eitky, kter\u00e9 s v\u00e1mi z\u016fstanou dlouho po skon\u010den\u00ed kongresu.<\/span><\/p> <\/div> <\/div><\/div> <\/div><\/div>","protected":false},"excerpt":{"rendered":"<p>\u00davodn\u00ed slovo Mil\u00e9 kolegyn\u011b, kolegov\u00e9, p\u0159\u00e1tel\u00e9, jm\u00e9nem organiza\u010dn\u00edho v\u00fdboru bychom V\u00e1s r\u00e1di pozvali na ITI kongres \u010ceska a Slovenska, kter\u00fd se uskute\u010dn\u00ed na konci tohoto roku v hotelu X-BIONIC v \u0160amor\u00edn\u011b u Bratislavy. Kongres nab\u00edz\u00ed velmi zaj\u00edmav\u00fd program bezpochyby toho nejlep\u0161\u00edho ze sou\u010dasn\u00e9 sv\u011btov\u00e9 digit\u00e1ln\u00ed implantologie. Motto leto\u0161n\u00edho kongresu je \u201eDigit\u00e1ln\u00ed synergie v implantologick\u00e9 stomatologii\u201c&hellip; <br \/> <a class=\"read-more\" href=\"https:\/\/www.kongresiti.cz\/2025\/\">Read more<\/a><\/p>\n","protected":false},"author":1,"featured_media":0,"parent":0,"menu_order":0,"comment_status":"closed","ping_status":"closed","template":"page-templates\/homepage.php","meta":{"footnotes":""},"class_list":["post-7","page","type-page","status-publish","hentry"],"yoast_head":"<!-- This site is optimized with the Yoast SEO plugin v26.1.1 - https:\/\/yoast.com\/wordpress\/plugins\/seo\/ -->\n<title>\u00davod - ITI kongres Bratislava 2025<\/title>\n<meta name=\"robots\" content=\"index, follow, max-snippet:-1, max-image-preview:large, max-video-preview:-1\" \/>\n<link rel=\"canonical\" href=\"https:\/\/www.kongresiti.cz\/2025\/\" \/>\n<meta property=\"og:locale\" content=\"cs_CZ\" \/>\n<meta property=\"og:type\" content=\"article\" \/>\n<meta property=\"og:title\" content=\"\u00davod - ITI kongres Bratislava 2025\" \/>\n<meta property=\"og:description\" content=\"\u00davodn\u00ed slovo Mil\u00e9 kolegyn\u011b, kolegov\u00e9, p\u0159\u00e1tel\u00e9, jm\u00e9nem organiza\u010dn\u00edho v\u00fdboru bychom V\u00e1s r\u00e1di pozvali na ITI kongres \u010ceska a Slovenska, kter\u00fd se uskute\u010dn\u00ed na konci tohoto roku v hotelu X-BIONIC v \u0160amor\u00edn\u011b u Bratislavy. Kongres nab\u00edz\u00ed velmi zaj\u00edmav\u00fd program bezpochyby toho nejlep\u0161\u00edho ze sou\u010dasn\u00e9 sv\u011btov\u00e9 digit\u00e1ln\u00ed implantologie. Motto leto\u0161n\u00edho kongresu je \u201eDigit\u00e1ln\u00ed synergie v implantologick\u00e9 stomatologii\u201c&hellip; Read more\" \/>\n<meta property=\"og:url\" content=\"https:\/\/www.kongresiti.cz\/2025\/\" \/>\n<meta property=\"og:site_name\" content=\"ITI kongres Bratislava 2025\" \/>\n<meta property=\"article:modified_time\" content=\"2025-12-02T09:28:49+00:00\" \/>\n<meta property=\"og:image\" content=\"https:\/\/www.kongresiti.cz\/2025\/wp-content\/uploads\/2025\/02\/cropped-Krug-1.jpg\" \/>\n<meta name=\"twitter:card\" content=\"summary_large_image\" \/>\n<meta name=\"twitter:label1\" content=\"Odhadovan\u00e1 doba \u010dten\u00ed\" \/>\n\t<meta name=\"twitter:data1\" content=\"4 minuty\" \/>\n<script type=\"application\/ld+json\" class=\"yoast-schema-graph\">{\"@context\":\"https:\/\/schema.org\",\"@graph\":[{\"@type\":\"WebPage\",\"@id\":\"https:\/\/www.kongresiti.cz\/2025\/\",\"url\":\"https:\/\/www.kongresiti.cz\/2025\/\",\"name\":\"\u00davod - ITI kongres Bratislava 2025\",\"isPartOf\":{\"@id\":\"https:\/\/www.kongresiti.cz\/2025\/#website\"},\"primaryImageOfPage\":{\"@id\":\"https:\/\/www.kongresiti.cz\/2025\/#primaryimage\"},\"image\":{\"@id\":\"https:\/\/www.kongresiti.cz\/2025\/#primaryimage\"},\"thumbnailUrl\":\"https:\/\/www.kongresiti.cz\/2025\/wp-content\/uploads\/2025\/02\/cropped-Krug-1.jpg\",\"datePublished\":\"2025-02-24T16:11:46+00:00\",\"dateModified\":\"2025-12-02T09:28:49+00:00\",\"breadcrumb\":{\"@id\":\"https:\/\/www.kongresiti.cz\/2025\/#breadcrumb\"},\"inLanguage\":\"cs\",\"potentialAction\":[{\"@type\":\"ReadAction\",\"target\":[\"https:\/\/www.kongresiti.cz\/2025\/\"]}]},{\"@type\":\"ImageObject\",\"inLanguage\":\"cs\",\"@id\":\"https:\/\/www.kongresiti.cz\/2025\/#primaryimage\",\"url\":\"https:\/\/www.kongresiti.cz\/2025\/wp-content\/uploads\/2025\/02\/cropped-Krug-1.jpg\",\"contentUrl\":\"https:\/\/www.kongresiti.cz\/2025\/wp-content\/uploads\/2025\/02\/cropped-Krug-1.jpg\",\"width\":681,\"height\":683},{\"@type\":\"BreadcrumbList\",\"@id\":\"https:\/\/www.kongresiti.cz\/2025\/#breadcrumb\",\"itemListElement\":[{\"@type\":\"ListItem\",\"position\":1,\"name\":\"Dom\u016f\",\"item\":\"https:\/\/www.kongresiti.cz\/2025\/\"},{\"@type\":\"ListItem\",\"position\":2,\"name\":\"\u00davod\"}]},{\"@type\":\"WebSite\",\"@id\":\"https:\/\/www.kongresiti.cz\/2025\/#website\",\"url\":\"https:\/\/www.kongresiti.cz\/2025\/\",\"name\":\"ITI kongres Bratislava 2025\",\"description\":\"Prvn\u00ed ITI kongres v \u010cesk\u00e9 a Slovensk\u00e9 republice\",\"publisher\":{\"@id\":\"https:\/\/www.kongresiti.cz\/2025\/#organization\"},\"potentialAction\":[{\"@type\":\"SearchAction\",\"target\":{\"@type\":\"EntryPoint\",\"urlTemplate\":\"https:\/\/www.kongresiti.cz\/2025\/?s={search_term_string}\"},\"query-input\":{\"@type\":\"PropertyValueSpecification\",\"valueRequired\":true,\"valueName\":\"search_term_string\"}}],\"inLanguage\":\"cs\"},{\"@type\":\"Organization\",\"@id\":\"https:\/\/www.kongresiti.cz\/2025\/#organization\",\"name\":\"ITI kongres Bratislava 2025\",\"url\":\"https:\/\/www.kongresiti.cz\/2025\/\",\"logo\":{\"@type\":\"ImageObject\",\"inLanguage\":\"cs\",\"@id\":\"https:\/\/www.kongresiti.cz\/2025\/#\/schema\/logo\/image\/\",\"url\":\"https:\/\/www.kongresiti.cz\/2025\/wp-content\/uploads\/2025\/06\/logo-ITI-Section-Czech-web.png\",\"contentUrl\":\"https:\/\/www.kongresiti.cz\/2025\/wp-content\/uploads\/2025\/06\/logo-ITI-Section-Czech-web.png\",\"width\":262,\"height\":111,\"caption\":\"ITI kongres Bratislava 2025\"},\"image\":{\"@id\":\"https:\/\/www.kongresiti.cz\/2025\/#\/schema\/logo\/image\/\"}}]}<\/script>\n<!-- \/ Yoast SEO plugin. -->","yoast_head_json":{"title":"\u00davod - ITI kongres Bratislava 2025","robots":{"index":"index","follow":"follow","max-snippet":"max-snippet:-1","max-image-preview":"max-image-preview:large","max-video-preview":"max-video-preview:-1"},"canonical":"https:\/\/www.kongresiti.cz\/2025\/","og_locale":"cs_CZ","og_type":"article","og_title":"\u00davod - ITI kongres Bratislava 2025","og_description":"\u00davodn\u00ed slovo Mil\u00e9 kolegyn\u011b, kolegov\u00e9, p\u0159\u00e1tel\u00e9, jm\u00e9nem organiza\u010dn\u00edho v\u00fdboru bychom V\u00e1s r\u00e1di pozvali na ITI kongres \u010ceska a Slovenska, kter\u00fd se uskute\u010dn\u00ed na konci tohoto roku v hotelu X-BIONIC v \u0160amor\u00edn\u011b u Bratislavy. Kongres nab\u00edz\u00ed velmi zaj\u00edmav\u00fd program bezpochyby toho nejlep\u0161\u00edho ze sou\u010dasn\u00e9 sv\u011btov\u00e9 digit\u00e1ln\u00ed implantologie. Motto leto\u0161n\u00edho kongresu je \u201eDigit\u00e1ln\u00ed synergie v implantologick\u00e9 stomatologii\u201c&hellip; Read more","og_url":"https:\/\/www.kongresiti.cz\/2025\/","og_site_name":"ITI kongres Bratislava 2025","article_modified_time":"2025-12-02T09:28:49+00:00","og_image":[{"url":"https:\/\/www.kongresiti.cz\/2025\/wp-content\/uploads\/2025\/02\/cropped-Krug-1.jpg","type":"","width":"","height":""}],"twitter_card":"summary_large_image","twitter_misc":{"Odhadovan\u00e1 doba \u010dten\u00ed":"4 minuty"},"schema":{"@context":"https:\/\/schema.org","@graph":[{"@type":"WebPage","@id":"https:\/\/www.kongresiti.cz\/2025\/","url":"https:\/\/www.kongresiti.cz\/2025\/","name":"\u00davod - ITI kongres Bratislava 2025","isPartOf":{"@id":"https:\/\/www.kongresiti.cz\/2025\/#website"},"primaryImageOfPage":{"@id":"https:\/\/www.kongresiti.cz\/2025\/#primaryimage"},"image":{"@id":"https:\/\/www.kongresiti.cz\/2025\/#primaryimage"},"thumbnailUrl":"https:\/\/www.kongresiti.cz\/2025\/wp-content\/uploads\/2025\/02\/cropped-Krug-1.jpg","datePublished":"2025-02-24T16:11:46+00:00","dateModified":"2025-12-02T09:28:49+00:00","breadcrumb":{"@id":"https:\/\/www.kongresiti.cz\/2025\/#breadcrumb"},"inLanguage":"cs","potentialAction":[{"@type":"ReadAction","target":["https:\/\/www.kongresiti.cz\/2025\/"]}]},{"@type":"ImageObject","inLanguage":"cs","@id":"https:\/\/www.kongresiti.cz\/2025\/#primaryimage","url":"https:\/\/www.kongresiti.cz\/2025\/wp-content\/uploads\/2025\/02\/cropped-Krug-1.jpg","contentUrl":"https:\/\/www.kongresiti.cz\/2025\/wp-content\/uploads\/2025\/02\/cropped-Krug-1.jpg","width":681,"height":683},{"@type":"BreadcrumbList","@id":"https:\/\/www.kongresiti.cz\/2025\/#breadcrumb","itemListElement":[{"@type":"ListItem","position":1,"name":"Dom\u016f","item":"https:\/\/www.kongresiti.cz\/2025\/"},{"@type":"ListItem","position":2,"name":"\u00davod"}]},{"@type":"WebSite","@id":"https:\/\/www.kongresiti.cz\/2025\/#website","url":"https:\/\/www.kongresiti.cz\/2025\/","name":"ITI kongres Bratislava 2025","description":"Prvn\u00ed ITI kongres v \u010cesk\u00e9 a Slovensk\u00e9 republice","publisher":{"@id":"https:\/\/www.kongresiti.cz\/2025\/#organization"},"potentialAction":[{"@type":"SearchAction","target":{"@type":"EntryPoint","urlTemplate":"https:\/\/www.kongresiti.cz\/2025\/?s={search_term_string}"},"query-input":{"@type":"PropertyValueSpecification","valueRequired":true,"valueName":"search_term_string"}}],"inLanguage":"cs"},{"@type":"Organization","@id":"https:\/\/www.kongresiti.cz\/2025\/#organization","name":"ITI kongres Bratislava 2025","url":"https:\/\/www.kongresiti.cz\/2025\/","logo":{"@type":"ImageObject","inLanguage":"cs","@id":"https:\/\/www.kongresiti.cz\/2025\/#\/schema\/logo\/image\/","url":"https:\/\/www.kongresiti.cz\/2025\/wp-content\/uploads\/2025\/06\/logo-ITI-Section-Czech-web.png","contentUrl":"https:\/\/www.kongresiti.cz\/2025\/wp-content\/uploads\/2025\/06\/logo-ITI-Section-Czech-web.png","width":262,"height":111,"caption":"ITI kongres Bratislava 2025"},"image":{"@id":"https:\/\/www.kongresiti.cz\/2025\/#\/schema\/logo\/image\/"}}]}},"_links":{"self":[{"href":"https:\/\/www.kongresiti.cz\/2025\/wp-json\/wp\/v2\/pages\/7","targetHints":{"allow":["GET"]}}],"collection":[{"href":"https:\/\/www.kongresiti.cz\/2025\/wp-json\/wp\/v2\/pages"}],"about":[{"href":"https:\/\/www.kongresiti.cz\/2025\/wp-json\/wp\/v2\/types\/page"}],"author":[{"embeddable":true,"href":"https:\/\/www.kongresiti.cz\/2025\/wp-json\/wp\/v2\/users\/1"}],"replies":[{"embeddable":true,"href":"https:\/\/www.kongresiti.cz\/2025\/wp-json\/wp\/v2\/comments?post=7"}],"version-history":[{"count":2,"href":"https:\/\/www.kongresiti.cz\/2025\/wp-json\/wp\/v2\/pages\/7\/revisions"}],"predecessor-version":[{"id":2077,"href":"https:\/\/www.kongresiti.cz\/2025\/wp-json\/wp\/v2\/pages\/7\/revisions\/2077"}],"wp:attachment":[{"href":"https:\/\/www.kongresiti.cz\/2025\/wp-json\/wp\/v2\/media?parent=7"}],"curies":[{"name":"wp","href":"https:\/\/api.w.org\/{rel}","templated":true}]}}