{"id":923,"date":"2025-06-18T12:29:57","date_gmt":"2025-06-18T10:29:57","guid":{"rendered":"https:\/\/www.kongresiti.cz\/2025\/?page_id=923"},"modified":"2025-10-21T19:42:40","modified_gmt":"2025-10-21T17:42:40","slug":"home","status":"publish","type":"page","link":"https:\/\/www.kongresiti.cz\/2025\/en\/home\/","title":{"rendered":"Home"},"content":{"rendered":"<div  data-label=\"Content\" data-id=\"content--1\" data-export-id=\"content-12\" data-category=\"content\" class=\"content-12 content-section content-section-spacing\" id=\"content-1\" style=\"background-color: rgb(245, 250, 253);\"><div  class=\"gridContainer\"> <div  class=\"row text-center\"><div  class=\"section-title-col\" data-type=\"column\"> <h2  class=\"\">Opening Word<\/h2> <p  class=\"\" style=\"text-align: left;\">Dear colleagues and friends,<br >\non behalf of the Organizing Committee, we would like to warmly invite you to the <span  style=\"font-weight: 600;\">ITI Congress of Czechia and Slovakia<\/span>, which will take place at the end of this year at the <span  style=\"font-weight: 600;\">X-BIONIC Hotel in \u0160amor\u00edn, near Bratislava<\/span>. The congress offers a very interesting program, undoubtedly showcasing the very best of today\u2019s global digital implantology.<br >\nThe motto of this year\u2019s congress is \u201c<span  style=\"font-weight: 600;\">Digital Synergy in Implant Dentistry<\/span>\u201d, and we can look forward to lectures by leading experts covering the main issues we currently face in the field of digital workflows and immediate implantation.<br >\n\n<br >The congress will open on Friday with Istv\u00e1n Urb\u00e1n, a world-renowned authority on bone defect reconstruction techniques. In his lecture, he will speak about digitally guided tissue regeneration. He will be followed by Professor France Lambert from the University of Li\u00e8ge, co-author of Volume 14 of the ITI Treatment Guide. Her lecture will focus on strategies for immediate implant placement and loading in esthetic areas. Friday\u2019s program will conclude with Samuel Akhondi, a PhD candidate from Harvard University, who will present the digital workflow in the treatment of edentulous jaws with implants. Saturday morning will be fully dedicated to Gary Finelle from Paris. His lecture \u2013 immediate implantation in the posterior regions of the jaws \u2013 will logically complement France Lambert\u2019s esthetic topic. Jakub Ho\u0161ek from Prague will discuss effective communication between the dental office and the laboratory using digital technologies. Saturday\u2019s program will close with Maja Chmielewska, who will evaluate various digital protocols and their benefits for dental practice and patient outcomes.<br >\n\n<br >In parallel with the Friday program and continuing partially afterwards, a practical workshop will take place. The morning session will include intraoral scanning training. Then, Jakub Ho\u0161ek will demonstrate facial scanning using a smartphone and the integration of the data into the overall reconstruction plan.<br >\nIn the afternoon, France Lambert and Gary Finelle will jointly lead a hands-on session on models, focusing on the procedure of immediate implant placement and loading.<br >\n\n<br >In addition to the main auditorium, a full-day program will take place on Friday for dental hygienists. The morning will feature two excellent periodontists from \u017dilina \u2013 Michal \u0160tefanatn\u00fd and \u0160imon Bel\u00e1k. Their lectures will offer dental hygienists their perspective on peri-implant tissue management and the effectiveness of debridement techniques.<br >\n\n<br >The afternoon will feature lectures by Peter Kram\u00e1rik from Trnava and Jana Norkin from Prague. Both will share their experience from daily practice, addressing patient motivation and long-term treatment success.<br >\nFriday evening will conclude with a social gathering accompanied by <b >Yes Blues<\/b> band and<b > DJ Krto<\/b> in the hotel\u2019s main hall. The venue offers state-of-the-art audiovisual equipment and boasts exceptional wellness facilities.<br >\n\n<br ><br >We look forward to meeting you on behalf of the Organizing Committee<\/p><\/div> <\/div> <div  class=\"row center-xs middle-xs\"> <div  class=\"col-sm-9\" data-type=\"column\"> <\/div> <\/div><\/div> <\/div><div  data-label=\"Team\" data-id=\"team--1\" data-export-id=\"team-5-mc\" data-category=\"team\" class=\"team-5-mc content-section content-section-spacing\" id=\"team-1\" style=\"background-color: rgb(245, 250, 253);\"><div  class=\"gridContainer\"> <div  class=\"row text-center\"><div  class=\"section-title-col\" data-type=\"column\">   <\/div> <\/div> <div  class=\"row spaced-cols content-center-sm start-sm\" data-type=\"row\"> <div  class=\"col-xs-12 col-sm-6 col-padding col-md-4 \"> <div  class=\"row \"> <div  data-type=\"column\" class=\"col-xs-12 col-sm-12\"> <img  decoding=\"async\" class=\"round face\" src=\"https:\/\/www.kongresiti.cz\/2025\/wp-content\/uploads\/2025\/02\/cropped-Krug-1.jpg\" title=\"cropped-Krug-1.jpg\" alt=\"\"> <h4  class=\"font-500\">Ji\u0159\u00ed Krug<\/h4> <p  class=\"italic\">ITI Section Czechia &amp; Slovakia<\/p>  <div  class=\"social-icons-group\" data-type=\"group\"> <a  href=\"#\" target=\"_self\" data-reiki-hidden=\"true\"><i  class=\"fa icon fa-facebook-square gray\"><\/i><\/a> <a  href=\"#\" target=\"_self\" data-reiki-hidden=\"true\"><i  class=\"fa icon fa-twitter-square gray\"><\/i><\/a> <a  href=\"#\" target=\"_self\" data-reiki-hidden=\"true\"><i  class=\"fa icon fa-linkedin-square gray\"><\/i><\/a> <a  href=\"#\" target=\"_self\" data-reiki-hidden=\"true\"><i  class=\"fa icon fa-google-plus-square gray\"><\/i><\/a><\/div> <\/div><\/div> <\/div> <div  class=\"col-xs-12 col-sm-6 col-padding col-md-4 \"> <div  class=\"row \"> <div  data-type=\"column\" class=\"col-xs-12 col-sm-12\"> <img  decoding=\"async\" class=\"round face\" src=\"https:\/\/www.kongresiti.cz\/2025\/wp-content\/uploads\/2025\/02\/Babcan-web.jpg\" title=\"Babcan-web\" alt=\"\"> <h4  class=\"font-500\">Juraj Bab\u010dan<\/h4> <p  class=\"italic\">President of the ITI Congress Bratislava<\/p>  <div  class=\"social-icons-group\" data-type=\"group\"> <a  href=\"#\" target=\"_self\" data-reiki-hidden=\"true\"><i  class=\"fa icon fa-facebook-square gray\"><\/i><\/a> <a  href=\"#\" target=\"_self\" data-reiki-hidden=\"true\"><i  class=\"fa icon fa-twitter-square gray\"><\/i><\/a> <a  href=\"#\" target=\"_self\" data-reiki-hidden=\"true\"><i  class=\"fa icon fa-linkedin-square gray\"><\/i><\/a> <a  href=\"#\" target=\"_self\" data-reiki-hidden=\"true\"><i  class=\"fa icon fa-google-plus-square gray\"><\/i><\/a><\/div> <\/div><\/div> <\/div> <div  class=\"col-xs-12 col-sm-6 col-padding col-md-4 \"> <div  class=\"row \"> <div  data-type=\"column\" class=\"col-xs-12 col-sm-12\">     <div  class=\"social-icons-group\" data-type=\"group\"> <a  href=\"#\" target=\"_self\" data-reiki-hidden=\"true\"><i  class=\"fa icon fa-facebook-square gray\"><\/i><\/a> <a  href=\"#\" target=\"_self\" data-reiki-hidden=\"true\"><i  class=\"fa icon fa-twitter-square gray\"><\/i><\/a> <a  href=\"#\" target=\"_self\" data-reiki-hidden=\"true\"><i  class=\"fa icon fa-linkedin-square gray\"><\/i><\/a> <a  href=\"#\" target=\"_self\" data-reiki-hidden=\"true\"><i  class=\"fa icon fa-google-plus-square gray\"><\/i><\/a><\/div> <\/div><\/div> <\/div> <\/div> <\/div><\/div><div  data-label=\"Features\" data-id=\"features--2\" data-export-id=\"features-16\" data-category=\"features\" class=\"features-16 content-section content-section-spacing\" id=\"features-2\" style=\"background-color: rgb(255, 255, 255); background-image: none;\"><div  class=\"gridContainer\"> <div  class=\"row text-center\"><div  class=\"section-title-col\" data-type=\"column\"> <h2  class=\"\">What can you expect<\/h2> <\/div> <\/div> <div  class=\"row spaced-cols center-sm\" data-type=\"row\"> <div  class=\"col-xs-12 col-sm-6 space-bottom col-md-3 \"> <img  decoding=\"async\" class=\"face\" src=\"https:\/\/www.kongresiti.cz\/2025\/wp-content\/uploads\/2025\/04\/cropped-cropped-uvodni-01w.jpg\" title=\"cropped-cropped-uvodni-01w.jpg\" alt=\"\"> <div  data-type=\"column\" class=\"col-padding-small col-padding-small-xs description-container\"> <a  class=\"button big color1 round\" href=\"https:\/\/www.kongresiti.cz\/2025\/en\/speakers\" target=\"_self\" data-cp-link=\"1\" data-icon=\"\">Speakers<\/a> <p  class=\"\"><span  style=\"color: rgb(24, 60, 127);\">Experience lectures from renowned international experts who will share their knowledge and the latest insights in implantology, offering you valuable educational opportunities.<\/span><\/p> <\/div> <\/div>  <div  class=\"col-xs-12 col-sm-6 space-bottom col-md-3\"> <img  decoding=\"async\" class=\"face\" src=\"https:\/\/www.kongresiti.cz\/2025\/wp-content\/uploads\/2025\/04\/cropped-cropped-uvodni-02w.jpg\" title=\"cropped-cropped-uvodni-02w.jpg\" alt=\"\"> <div  data-type=\"column\" class=\"col-padding-small col-padding-small-xs description-container\"> <a  class=\"button big color1 round\" href=\"https:\/\/www.kongresiti.cz\/2025\/en\/program\" target=\"_self\" data-cp-link=\"1\" data-icon=\"\">Lectures<\/a> <p  class=\"\"><span  style=\"color: rgb(24, 60, 127);\">Gain in-depth knowledge from evidence-based lectures that explore the latest research and proven theories in detail, providing you with practical insights and techniques for your practice.<\/span><\/p> <\/div> <\/div><div  class=\"col-xs-12 col-sm-6 space-bottom col-md-3\"> <img  decoding=\"async\" class=\"face\" src=\"https:\/\/www.kongresiti.cz\/2025\/wp-content\/uploads\/2025\/04\/cropped-cropped-uvodni-03w.jpg\" title=\"cropped-cropped-uvodni-03w.jpg\" alt=\"\"> <div  data-type=\"column\" class=\"col-padding-small col-padding-small-xs description-container\"> <a  class=\"button big color1 round\" href=\"https:\/\/www.kongresiti.cz\/2025\/en\/program-3\" target=\"_self\" data-cp-link=\"1\" data-icon=\"\">Parallel workshops<\/a> <p  class=\"\"><span  style=\"color: rgb(24, 60, 127);\">Join hands-on workshops with the congress\u2019s keynote speakers. Small group sizes ensure practical procedures, tips, and tricks.<\/span><\/p> <\/div> <\/div><div  class=\"col-xs-12 col-sm-6 space-bottom col-md-3\"> <img  decoding=\"async\" class=\"face\" src=\"https:\/\/www.kongresiti.cz\/2025\/wp-content\/uploads\/2025\/04\/cropped-cropped-uvodni-04w.jpg\" title=\"cropped-cropped-uvodni-04w.jpg\" alt=\"\"> <div  data-type=\"column\" class=\"col-padding-small col-padding-small-xs description-container\"> <a  class=\"button big color1 round\" href=\"https:\/\/www.kongresiti.cz\/2025\/en\/home\" target=\"_self\" data-cp-link=\"1\" data-icon=\"\">Straumann Party<\/a> <p  class=\"\"><span  style=\"color: rgb(24, 60, 127);\">Make sure you attend the Straumann Party on Friday for an energetic evening of excellent food, fantastic music, vibrant discussions, and a chance to celebrate our community\u2019s accomplishments. It\u2019s the ultimate setting to network, unwind, and forge memories that will stay with you long after the congress concludes.<\/span><\/p> <\/div> <\/div><\/div> <\/div><\/div>","protected":false},"excerpt":{"rendered":"<p>Opening Word Dear colleagues and friends, on behalf of the Organizing Committee, we would like to warmly invite you to the ITI Congress of Czechia and Slovakia, which will take place at the end of this year at the X-BIONIC Hotel in \u0160amor\u00edn, near Bratislava. The congress offers a very interesting program, undoubtedly showcasing the&hellip; <br \/> <a class=\"read-more\" href=\"https:\/\/www.kongresiti.cz\/2025\/en\/home\/\">Read more<\/a><\/p>\n","protected":false},"author":1,"featured_media":0,"parent":0,"menu_order":0,"comment_status":"closed","ping_status":"closed","template":"page-templates\/homepage.php","meta":{"footnotes":""},"class_list":["post-923","page","type-page","status-publish","hentry"],"yoast_head":"<!-- This site is optimized with the Yoast SEO plugin v26.1.1 - https:\/\/yoast.com\/wordpress\/plugins\/seo\/ -->\n<title>Home - ITI kongres Bratislava 2025<\/title>\n<meta name=\"robots\" content=\"index, follow, max-snippet:-1, max-image-preview:large, max-video-preview:-1\" \/>\n<link rel=\"canonical\" href=\"https:\/\/www.kongresiti.cz\/2025\/en\/home\/\" \/>\n<meta property=\"og:locale\" content=\"cs_CZ\" \/>\n<meta property=\"og:type\" content=\"article\" \/>\n<meta property=\"og:title\" content=\"Home - ITI kongres Bratislava 2025\" \/>\n<meta property=\"og:description\" content=\"Opening Word Dear colleagues and friends, on behalf of the Organizing Committee, we would like to warmly invite you to the ITI Congress of Czechia and Slovakia, which will take place at the end of this year at the X-BIONIC Hotel in \u0160amor\u00edn, near Bratislava. The congress offers a very interesting program, undoubtedly showcasing the&hellip; Read more\" \/>\n<meta property=\"og:url\" content=\"https:\/\/www.kongresiti.cz\/2025\/en\/home\/\" \/>\n<meta property=\"og:site_name\" content=\"ITI kongres Bratislava 2025\" \/>\n<meta property=\"article:modified_time\" content=\"2025-10-21T17:42:40+00:00\" \/>\n<meta property=\"og:image\" content=\"https:\/\/www.kongresiti.cz\/2025\/wp-content\/uploads\/2025\/02\/cropped-Krug-1.jpg\" \/>\n<meta name=\"twitter:card\" content=\"summary_large_image\" \/>\n<meta name=\"twitter:label1\" content=\"Odhadovan\u00e1 doba \u010dten\u00ed\" \/>\n\t<meta name=\"twitter:data1\" content=\"3 minuty\" \/>\n<script type=\"application\/ld+json\" class=\"yoast-schema-graph\">{\"@context\":\"https:\/\/schema.org\",\"@graph\":[{\"@type\":\"WebPage\",\"@id\":\"https:\/\/www.kongresiti.cz\/2025\/en\/home\/\",\"url\":\"https:\/\/www.kongresiti.cz\/2025\/en\/home\/\",\"name\":\"Home - ITI kongres Bratislava 2025\",\"isPartOf\":{\"@id\":\"https:\/\/www.kongresiti.cz\/2025\/#website\"},\"primaryImageOfPage\":{\"@id\":\"https:\/\/www.kongresiti.cz\/2025\/en\/home\/#primaryimage\"},\"image\":{\"@id\":\"https:\/\/www.kongresiti.cz\/2025\/en\/home\/#primaryimage\"},\"thumbnailUrl\":\"https:\/\/www.kongresiti.cz\/2025\/wp-content\/uploads\/2025\/02\/cropped-Krug-1.jpg\",\"datePublished\":\"2025-06-18T10:29:57+00:00\",\"dateModified\":\"2025-10-21T17:42:40+00:00\",\"breadcrumb\":{\"@id\":\"https:\/\/www.kongresiti.cz\/2025\/en\/home\/#breadcrumb\"},\"inLanguage\":\"cs\",\"potentialAction\":[{\"@type\":\"ReadAction\",\"target\":[\"https:\/\/www.kongresiti.cz\/2025\/en\/home\/\"]}]},{\"@type\":\"ImageObject\",\"inLanguage\":\"cs\",\"@id\":\"https:\/\/www.kongresiti.cz\/2025\/en\/home\/#primaryimage\",\"url\":\"https:\/\/www.kongresiti.cz\/2025\/wp-content\/uploads\/2025\/02\/cropped-Krug-1.jpg\",\"contentUrl\":\"https:\/\/www.kongresiti.cz\/2025\/wp-content\/uploads\/2025\/02\/cropped-Krug-1.jpg\",\"width\":681,\"height\":683},{\"@type\":\"BreadcrumbList\",\"@id\":\"https:\/\/www.kongresiti.cz\/2025\/en\/home\/#breadcrumb\",\"itemListElement\":[{\"@type\":\"ListItem\",\"position\":1,\"name\":\"Dom\u016f\",\"item\":\"https:\/\/www.kongresiti.cz\/2025\/\"},{\"@type\":\"ListItem\",\"position\":2,\"name\":\"Home\"}]},{\"@type\":\"WebSite\",\"@id\":\"https:\/\/www.kongresiti.cz\/2025\/#website\",\"url\":\"https:\/\/www.kongresiti.cz\/2025\/\",\"name\":\"ITI kongres Bratislava 2025\",\"description\":\"Prvn\u00ed ITI kongres v \u010cesk\u00e9 a Slovensk\u00e9 republice\",\"publisher\":{\"@id\":\"https:\/\/www.kongresiti.cz\/2025\/#organization\"},\"potentialAction\":[{\"@type\":\"SearchAction\",\"target\":{\"@type\":\"EntryPoint\",\"urlTemplate\":\"https:\/\/www.kongresiti.cz\/2025\/?s={search_term_string}\"},\"query-input\":{\"@type\":\"PropertyValueSpecification\",\"valueRequired\":true,\"valueName\":\"search_term_string\"}}],\"inLanguage\":\"cs\"},{\"@type\":\"Organization\",\"@id\":\"https:\/\/www.kongresiti.cz\/2025\/#organization\",\"name\":\"ITI kongres Bratislava 2025\",\"url\":\"https:\/\/www.kongresiti.cz\/2025\/\",\"logo\":{\"@type\":\"ImageObject\",\"inLanguage\":\"cs\",\"@id\":\"https:\/\/www.kongresiti.cz\/2025\/#\/schema\/logo\/image\/\",\"url\":\"https:\/\/www.kongresiti.cz\/2025\/wp-content\/uploads\/2025\/06\/logo-ITI-Section-Czech-web.png\",\"contentUrl\":\"https:\/\/www.kongresiti.cz\/2025\/wp-content\/uploads\/2025\/06\/logo-ITI-Section-Czech-web.png\",\"width\":262,\"height\":111,\"caption\":\"ITI kongres Bratislava 2025\"},\"image\":{\"@id\":\"https:\/\/www.kongresiti.cz\/2025\/#\/schema\/logo\/image\/\"}}]}<\/script>\n<!-- \/ Yoast SEO plugin. -->","yoast_head_json":{"title":"Home - ITI kongres Bratislava 2025","robots":{"index":"index","follow":"follow","max-snippet":"max-snippet:-1","max-image-preview":"max-image-preview:large","max-video-preview":"max-video-preview:-1"},"canonical":"https:\/\/www.kongresiti.cz\/2025\/en\/home\/","og_locale":"cs_CZ","og_type":"article","og_title":"Home - ITI kongres Bratislava 2025","og_description":"Opening Word Dear colleagues and friends, on behalf of the Organizing Committee, we would like to warmly invite you to the ITI Congress of Czechia and Slovakia, which will take place at the end of this year at the X-BIONIC Hotel in \u0160amor\u00edn, near Bratislava. The congress offers a very interesting program, undoubtedly showcasing the&hellip; Read more","og_url":"https:\/\/www.kongresiti.cz\/2025\/en\/home\/","og_site_name":"ITI kongres Bratislava 2025","article_modified_time":"2025-10-21T17:42:40+00:00","og_image":[{"url":"https:\/\/www.kongresiti.cz\/2025\/wp-content\/uploads\/2025\/02\/cropped-Krug-1.jpg","type":"","width":"","height":""}],"twitter_card":"summary_large_image","twitter_misc":{"Odhadovan\u00e1 doba \u010dten\u00ed":"3 minuty"},"schema":{"@context":"https:\/\/schema.org","@graph":[{"@type":"WebPage","@id":"https:\/\/www.kongresiti.cz\/2025\/en\/home\/","url":"https:\/\/www.kongresiti.cz\/2025\/en\/home\/","name":"Home - ITI kongres Bratislava 2025","isPartOf":{"@id":"https:\/\/www.kongresiti.cz\/2025\/#website"},"primaryImageOfPage":{"@id":"https:\/\/www.kongresiti.cz\/2025\/en\/home\/#primaryimage"},"image":{"@id":"https:\/\/www.kongresiti.cz\/2025\/en\/home\/#primaryimage"},"thumbnailUrl":"https:\/\/www.kongresiti.cz\/2025\/wp-content\/uploads\/2025\/02\/cropped-Krug-1.jpg","datePublished":"2025-06-18T10:29:57+00:00","dateModified":"2025-10-21T17:42:40+00:00","breadcrumb":{"@id":"https:\/\/www.kongresiti.cz\/2025\/en\/home\/#breadcrumb"},"inLanguage":"cs","potentialAction":[{"@type":"ReadAction","target":["https:\/\/www.kongresiti.cz\/2025\/en\/home\/"]}]},{"@type":"ImageObject","inLanguage":"cs","@id":"https:\/\/www.kongresiti.cz\/2025\/en\/home\/#primaryimage","url":"https:\/\/www.kongresiti.cz\/2025\/wp-content\/uploads\/2025\/02\/cropped-Krug-1.jpg","contentUrl":"https:\/\/www.kongresiti.cz\/2025\/wp-content\/uploads\/2025\/02\/cropped-Krug-1.jpg","width":681,"height":683},{"@type":"BreadcrumbList","@id":"https:\/\/www.kongresiti.cz\/2025\/en\/home\/#breadcrumb","itemListElement":[{"@type":"ListItem","position":1,"name":"Dom\u016f","item":"https:\/\/www.kongresiti.cz\/2025\/"},{"@type":"ListItem","position":2,"name":"Home"}]},{"@type":"WebSite","@id":"https:\/\/www.kongresiti.cz\/2025\/#website","url":"https:\/\/www.kongresiti.cz\/2025\/","name":"ITI kongres Bratislava 2025","description":"Prvn\u00ed ITI kongres v \u010cesk\u00e9 a Slovensk\u00e9 republice","publisher":{"@id":"https:\/\/www.kongresiti.cz\/2025\/#organization"},"potentialAction":[{"@type":"SearchAction","target":{"@type":"EntryPoint","urlTemplate":"https:\/\/www.kongresiti.cz\/2025\/?s={search_term_string}"},"query-input":{"@type":"PropertyValueSpecification","valueRequired":true,"valueName":"search_term_string"}}],"inLanguage":"cs"},{"@type":"Organization","@id":"https:\/\/www.kongresiti.cz\/2025\/#organization","name":"ITI kongres Bratislava 2025","url":"https:\/\/www.kongresiti.cz\/2025\/","logo":{"@type":"ImageObject","inLanguage":"cs","@id":"https:\/\/www.kongresiti.cz\/2025\/#\/schema\/logo\/image\/","url":"https:\/\/www.kongresiti.cz\/2025\/wp-content\/uploads\/2025\/06\/logo-ITI-Section-Czech-web.png","contentUrl":"https:\/\/www.kongresiti.cz\/2025\/wp-content\/uploads\/2025\/06\/logo-ITI-Section-Czech-web.png","width":262,"height":111,"caption":"ITI kongres Bratislava 2025"},"image":{"@id":"https:\/\/www.kongresiti.cz\/2025\/#\/schema\/logo\/image\/"}}]}},"_links":{"self":[{"href":"https:\/\/www.kongresiti.cz\/2025\/wp-json\/wp\/v2\/pages\/923","targetHints":{"allow":["GET"]}}],"collection":[{"href":"https:\/\/www.kongresiti.cz\/2025\/wp-json\/wp\/v2\/pages"}],"about":[{"href":"https:\/\/www.kongresiti.cz\/2025\/wp-json\/wp\/v2\/types\/page"}],"author":[{"embeddable":true,"href":"https:\/\/www.kongresiti.cz\/2025\/wp-json\/wp\/v2\/users\/1"}],"replies":[{"embeddable":true,"href":"https:\/\/www.kongresiti.cz\/2025\/wp-json\/wp\/v2\/comments?post=923"}],"version-history":[{"count":2,"href":"https:\/\/www.kongresiti.cz\/2025\/wp-json\/wp\/v2\/pages\/923\/revisions"}],"predecessor-version":[{"id":1927,"href":"https:\/\/www.kongresiti.cz\/2025\/wp-json\/wp\/v2\/pages\/923\/revisions\/1927"}],"wp:attachment":[{"href":"https:\/\/www.kongresiti.cz\/2025\/wp-json\/wp\/v2\/media?parent=923"}],"curies":[{"name":"wp","href":"https:\/\/api.w.org\/{rel}","templated":true}]}}